{"id":5931,"date":"2024-02-16T16:16:45","date_gmt":"2024-02-16T15:16:45","guid":{"rendered":"https:\/\/8thsociodramaconference.com\/program-dr-smaroula-pandelis\/"},"modified":"2024-05-27T17:28:18","modified_gmt":"2024-05-27T15:28:18","slug":"program-dr-smaroula-pandelis","status":"publish","type":"page","link":"https:\/\/8thsociodramaconference.com\/hu\/program-dr-smaroula-pandelis\/","title":{"rendered":"Program Dr. Smaroula Pandelis"},"content":{"rendered":"<section class=\"wpb-content-wrapper\">[mk_page_section][vc_column][mk_fancy_title tag_name=&#8221;h2&#8243; size=&#8221;40&#8243; line_height=&#8221;50&#8243; font_family=&#8221;Oswald&#8221; font_type=&#8221;google&#8221; margin_bottom=&#8221;0&#8243;]\n<h3 style=\"text-align: center;\"><b>EGY FA NEK\u00dcNK,<br \/>\nEGY FA MINDENKINEK<\/b><\/h3>\n<h5 style=\"text-align: center;\"><em>(A workshop nyelve angol)<\/em><\/h5>\n<h5 style=\"text-align: center;\"><span style=\"color: #800000;\"><strong>EL\u0150AD\u00d3:<\/strong><b> DR. SMAROULA PANDELIS<\/b><\/span><\/h5>\n[\/mk_fancy_title][vc_row_inner][vc_column_inner width=&#8221;1\/6&#8243;][mk_image_box title=&#8221;Sociodrama and power&#8221; src=&#8221;https:\/\/8thsociodramaconference.com\/wp-content\/uploads\/2024\/02\/Collective-Trauma-and-Social-Healing-2.png&#8221; media_width=&#8221;421&#8243; media_height=&#8221;294&#8243; crop=&#8221;false&#8221; image_link=&#8221;url&#8221; url=&#8221;https:\/\/8thsociodramaconference.com\/topic-sociodrama-social-healing\/&#8221; target=&#8221;_blank&#8221; align=&#8221;center&#8221; rounded_corner=&#8221;true&#8221;][\/mk_image_box][\/vc_column_inner][vc_column_inner width=&#8221;2\/3&#8243;][vc_column_text responsive_align=&#8221;left&#8221;]\n<h5 style=\"text-align: left;\"><b>ID\u0150PONT<\/b><strong>: <\/strong>J\u00fanius 29. szombat, 14:00-16:30<br \/>\n<strong>T\u00c9MA: <\/strong>Szociodr\u00e1ma \u00e9s t\u00e1rsadalmi gy\u00f3gy\u00edt\u00e1s \u2013 fel\u00e9p\u00fcl\u00e9s a kollekt\u00edv kr\u00edzisekb\u0151l \u00e9s traum\u00e1kb\u00f3l<br \/>\n<strong>PROGRAM T\u00cdPUSA: <\/strong>Workshop<br \/>\n<strong>TEREM:<\/strong><br \/>\n<strong>R\u00c9SZTVEV\u0150K SZ\u00c1MA: <\/strong>25<br \/>\n<strong>NYELV:<\/strong> Angol<br \/>\n<strong>TAGS: <\/strong><a href=\"https:\/\/8thsociodramaconference.com\/hu\/topic-sociodrama-social-healing\/\" target=\"_blank\" rel=\"noopener\">T\u00e1rsadalmi gy\u00f3gy\u00edt\u00e1s,<\/a> <a href=\"https:\/\/8thsociodramaconference.com\/hu\/workshops-jun29-afternoon\/\" target=\"_blank\" rel=\"noopener\">Programok j\u00fanius 29-\u00e9n d\u00e9lut\u00e1n<\/a><\/h5>\n[\/vc_column_text][\/vc_column_inner][vc_column_inner width=&#8221;1\/6&#8243;][\/vc_column_inner][\/vc_row_inner][\/vc_column][\/mk_page_section][mk_page_section padding=&#8221;0&#8243;][vc_column][vc_column_text responsive_align=&#8221;left&#8221;]\n<h5 style=\"text-align: center;\"><b>ABSZTRAKT:<\/b><\/h5>\n[\/vc_column_text][vc_column_text responsive_align=&#8221;left&#8221;]<span style=\"font-weight: 400;\">A f\u00e1k mindig is fontos szerepet j\u00e1tszottak t\u00e1rsadalmainkban, k\u00f6z\u00f6ss\u00e9geinkben \u00e9s \u00e9let\u00fcnkben. Mened\u00e9kk\u00e9nt, oxig\u00e9n- \u00e9s energiaforr\u00e1sk\u00e9nt, a sz\u00e9ps\u00e9g forr\u00e1sak\u00e9nt, j\u00e1tsz\u00f3helyk\u00e9nt, tal\u00e1lkoz\u00f3helyk\u00e9nt szolg\u00e1lnak. A vil\u00e1g sz\u00e1mos k\u00fcl\u00f6nb\u00f6z\u0151 hitvil\u00e1g\u00e1ban a f\u00e1k szimbolikus, allegorikus jelent\u00e9ssel b\u00edrnak. Az &#8222;\u00c9let f\u00e1ja&#8221; metafor\u00e1ban a fa az \u00e9let forr\u00e1sak\u00e9nt jelenik meg, gy\u00fcm\u00f6lcsei \u00e9letet \u00e9s gyakran halhatatlans\u00e1got k\u00edn\u00e1lnak!\u00a0<\/span><\/p>\n<p><span style=\"font-weight: 400;\">Ezen a workshopon a f\u00e1hoz, mint szimb\u00f3lumhoz vagy konkr\u00e9t entit\u00e1shoz f\u0171z\u0151d\u0151 szem\u00e9lyes kapcsolatunkat fogjuk nyomon k\u00f6vetni, \u00e9s olyan, az emberi l\u00e9tez\u00e9s\u00fcnk szempontj\u00e1b\u00f3l kih\u00edv\u00e1st jelent\u0151 k\u00e9rd\u00e9sekben fogunk elm\u00e9lyedni, mint a n\u00f6veked\u00e9s, a hovatartoz\u00e1s, a teremt\u00e9s, az idealiz\u00e1l\u00e1s, a v\u00e9delem, a puszt\u00edt\u00e1s, az \u00e1ldozathozatal, a gy\u00f3gyul\u00e1s \u00e9s a t\u00fal\u00e9l\u00e9s. A workshop szociodr\u00e1ma \u00e9s m\u0171v\u00e9szetter\u00e1pi\u00e1s gyakorlatokon alapul.\u00a0<\/span><\/p>\n<p><span style=\"font-weight: 400;\">A tanul\u00e1si c\u00e9l olyan m\u00f3dszerek felfedz\u00e9se lesz, amelyek kontroll elveszt\u00e9s\u00e9vel \u00e9s az ismeretlennel val\u00f3 szemben\u00e9z\u00e9s tapasztalat\u00e1val dolgoznak a csoport szellemis\u00e9g\u00e9nek \u00e9s kreativit\u00e1s\u00e1nak v\u00e9delme mellett. Azt tanuljuk meg, hogy mik\u00e9pp tal\u00e1ljunk \u00e9rtelmet egy \u00faj, ismeretlen helyzetben, \u00e9s hogyan b\u00edzzunk a kollekt\u00edv energi\u00e1ban a gy\u00f3gyul\u00e1s \u00e9s az alkot\u00e1s \u00e9rdek\u00e9ben.<\/span>[\/vc_column_text][mk_padding_divider size=&#8221;30&#8243;][vc_column_text responsive_align=&#8221;left&#8221;]\n<h5 style=\"text-align: center;\"><b>AZ EL\u0150AD\u00d3R\u00d3L:<\/b><\/h5>\n[\/vc_column_text][vc_row_inner][vc_column_inner width=&#8221;1\/4&#8243;][mk_image src=&#8221;https:\/\/8thsociodramaconference.com\/wp-content\/uploads\/2024\/02\/Dr.-Smaroula-Pandelis.png&#8221; image_width=&#8221;402&#8243; image_height=&#8221;275&#8243; crop=&#8221;false&#8221; hover=&#8221;false&#8221;][\/vc_column_inner][vc_column_inner width=&#8221;3\/4&#8243;][vc_column_text responsive_align=&#8221;left&#8221;]<span style=\"font-weight: 400;\">Pszichol\u00f3gus, (BA pszichol\u00f3gi\u00e1b\u00f3l a Derree College-ban &#8211; G\u00f6r\u00f6gorsz\u00e1g, MSc orvosi pszichol\u00f3gi\u00e1b\u00f3l \u00e9s PhD a University of Surrey-n &#8211; Anglia), pszichoterapeuta, \u00edr\u00f3, playback sz\u00edn\u00e9sz- \u00e9s vezet\u0151. Marcia Karpn\u00e9l \u00e9s Jinnie Jefferiesn\u00e9l k\u00e9pz\u0151d\u00f6tt (London Centre of Psychodrama; 2008). Ron Wiener \u00e9s Di Adderly voltak a szociodr\u00e1ma kik\u00e9pz\u0151i (Sociodrama and Action Methods Training; 2012). 1988 \u00f3ta foglalkozik pszichodr\u00e1m\u00e1val. 2008 \u00f3ta a pszichodr\u00e1m\u00e1t terapeutak\u00e9nt, a szociodr\u00e1m\u00e1t facilit\u00e1tork\u00e9nt haszn\u00e1lja a munk\u00e1j\u00e1ban, nyolc \u00e9ve a Pireuszi Egyetem vend\u00e9gprofesszorak\u00e9nt. Jelenleg szabad\u00fasz\u00f3 pszichol\u00f3gus \u00e9s pszichoterapeuta. A Brit Pszichodr\u00e1ma Egyes\u00fclet tagja. A Nemzetk\u00f6zi Playback Sz\u00ednh\u00e1zi H\u00e1l\u00f3zat eln\u00f6ks\u00e9gi tagja volt.<\/span>[\/vc_column_text][\/vc_column_inner][\/vc_row_inner][\/vc_column][\/mk_page_section]\n<\/section>","protected":false},"excerpt":{"rendered":"<p>[mk_page_section][vc_column][mk_fancy_title tag_name=&#8221;h2&#8243; size=&#8221;40&#8243; line_height=&#8221;50&#8243; font_family=&#8221;Oswald&#8221; font_type=&#8221;google&#8221; margin_bottom=&#8221;0&#8243;] EGY FA NEK\u00dcNK, EGY FA MINDENKINEK (A workshop nyelve angol) EL\u0150AD\u00d3: DR. SMAROULA PANDELIS [\/mk_fancy_title][vc_row_inner][vc_column_inner width=&#8221;1\/6&#8243;][mk_image_box title=&#8221;Sociodrama and power&#8221; src=&#8221;https:\/\/8thsociodramaconference.com\/wp-content\/uploads\/2024\/02\/Collective-Trauma-and-Social-Healing-2.png&#8221; media_width=&#8221;421&#8243; media_height=&#8221;294&#8243; crop=&#8221;false&#8221; image_link=&#8221;url&#8221; url=&#8221;https:\/\/8thsociodramaconference.com\/topic-sociodrama-social-healing\/&#8221; target=&#8221;_blank&#8221; align=&#8221;center&#8221; rounded_corner=&#8221;true&#8221;][\/mk_image_box][\/vc_column_inner][vc_column_inner width=&#8221;2\/3&#8243;][vc_column_text responsive_align=&#8221;left&#8221;] ID\u0150PONT: J\u00fanius 29. szombat, 14:00-16:30 T\u00c9MA: Szociodr\u00e1ma \u00e9s t\u00e1rsadalmi gy\u00f3gy\u00edt\u00e1s \u2013 fel\u00e9p\u00fcl\u00e9s a kollekt\u00edv kr\u00edzisekb\u0151l \u00e9s traum\u00e1kb\u00f3l PROGRAM [&hellip;]<\/p>\n","protected":false},"author":4,"featured_media":0,"parent":0,"menu_order":0,"comment_status":"closed","ping_status":"closed","template":"","meta":{"footnotes":""},"class_list":["post-5931","page","type-page","status-publish","hentry"],"_links":{"self":[{"href":"https:\/\/8thsociodramaconference.com\/hu\/wp-json\/wp\/v2\/pages\/5931","targetHints":{"allow":["GET"]}}],"collection":[{"href":"https:\/\/8thsociodramaconference.com\/hu\/wp-json\/wp\/v2\/pages"}],"about":[{"href":"https:\/\/8thsociodramaconference.com\/hu\/wp-json\/wp\/v2\/types\/page"}],"author":[{"embeddable":true,"href":"https:\/\/8thsociodramaconference.com\/hu\/wp-json\/wp\/v2\/users\/4"}],"replies":[{"embeddable":true,"href":"https:\/\/8thsociodramaconference.com\/hu\/wp-json\/wp\/v2\/comments?post=5931"}],"version-history":[{"count":7,"href":"https:\/\/8thsociodramaconference.com\/hu\/wp-json\/wp\/v2\/pages\/5931\/revisions"}],"predecessor-version":[{"id":7858,"href":"https:\/\/8thsociodramaconference.com\/hu\/wp-json\/wp\/v2\/pages\/5931\/revisions\/7858"}],"wp:attachment":[{"href":"https:\/\/8thsociodramaconference.com\/hu\/wp-json\/wp\/v2\/media?parent=5931"}],"curies":[{"name":"wp","href":"https:\/\/api.w.org\/{rel}","templated":true}]}}