{"id":5926,"date":"2024-02-16T16:08:22","date_gmt":"2024-02-16T15:08:22","guid":{"rendered":"https:\/\/8thsociodramaconference.com\/program-flavia-bocchino-mariolina-werner-guarino\/"},"modified":"2024-06-10T09:25:39","modified_gmt":"2024-06-10T07:25:39","slug":"program-flavia-bocchino-mariolina-werner-guarino","status":"publish","type":"page","link":"https:\/\/8thsociodramaconference.com\/hu\/program-flavia-bocchino-mariolina-werner-guarino\/","title":{"rendered":"Program Flavia Bocchino &#8211; Mariolina Werner-Guarino"},"content":{"rendered":"<section class=\"wpb-content-wrapper\">[mk_page_section][vc_column][mk_fancy_title tag_name=&#8221;h2&#8243; size=&#8221;40&#8243; line_height=&#8221;50&#8243; font_family=&#8221;Oswald&#8221; font_type=&#8221;google&#8221; margin_bottom=&#8221;0&#8243;]\n<h3 style=\"text-align: center;\"><b>\u00c1LMODJUK \u00c9S RAJZOLJUK MEG K\u00d6Z\u00d6SS\u00c9GEINK J\u00d6V\u0150J\u00c9T!<\/b><\/h3>\n<h5 style=\"text-align: center;\"><em>(A workshop nyelve angol, magyar nyelv\u0171 tolm\u00e1csol\u00e1ssal)<\/em><\/h5>\n<h5 style=\"text-align: center;\"><span style=\"color: #800000;\"><strong>EL\u0150AD\u00d3K:<\/strong><b> FLAVIA BOCCHINO &#8211; MARIOLINA WERNER-GUARINO<\/b><\/span><\/h5>\n[\/mk_fancy_title][vc_row_inner][vc_column_inner width=&#8221;1\/6&#8243;][mk_image_box title=&#8221;Sociodrama and power&#8221; src=&#8221;https:\/\/8thsociodramaconference.com\/wp-content\/uploads\/2024\/02\/Next-Generation-2.png&#8221; media_width=&#8221;421&#8243; media_height=&#8221;294&#8243; crop=&#8221;false&#8221; image_link=&#8221;url&#8221; url=&#8221;https:\/\/8thsociodramaconference.com\/topic-sociodrama-youth\/&#8221; target=&#8221;_blank&#8221; align=&#8221;center&#8221; rounded_corner=&#8221;true&#8221;][\/mk_image_box][\/vc_column_inner][vc_column_inner width=&#8221;2\/3&#8243;][vc_column_text responsive_align=&#8221;left&#8221;]\n<h5 style=\"text-align: left;\"><b>ID\u0150PONT<\/b><strong>: <\/strong>J\u00fanius 29-\u00e9n szombaton, 14:00-16:30<br \/>\n<strong>T\u00c9MA: <\/strong>Szociodr\u00e1ma \u00e9s a j\u00f6v\u0151 gener\u00e1ci\u00f3ja: gyerekek, fiatalok \u00e9s a vel\u00fck foglalkoz\u00f3 szakemberek, int\u00e9zm\u00e9nyek szociodr\u00e1m\u00e1ja<br \/>\n<strong>PROGRAM T\u00cdPUSA: <\/strong>Workshop<br \/>\n<strong>TEREM:<\/strong><br \/>\n<strong>R\u00c9SZTVEV\u0150K SZ\u00c1MA: <\/strong>20<br \/>\n<strong>NYELV:<\/strong> Angol, magyar nyelv\u0171 tolm\u00e1csol\u00e1ssal<br \/>\n<strong>C\u00cdMKE: <\/strong><a href=\"https:\/\/8thsociodramaconference.com\/hu\/topic-sociodrama-youth\/\" target=\"_blank\" rel=\"noopener\">Szociodr\u00e1ma \u00e9s fiatalok<\/a>, <a href=\"https:\/\/8thsociodramaconference.com\/hu\/workshops-jun29-afternoon\/\" target=\"_blank\" rel=\"noopener\">Programok j\u00fanius 29-\u00e9n d\u00e9lut\u00e1n<\/a><\/h5>\n[\/vc_column_text][\/vc_column_inner][vc_column_inner width=&#8221;1\/6&#8243;][\/vc_column_inner][\/vc_row_inner][\/vc_column][\/mk_page_section][mk_page_section padding=&#8221;0&#8243;][vc_column][vc_column_text responsive_align=&#8221;left&#8221;]\n<h5 style=\"text-align: center;\"><b>ABSZTRAKT:<\/b><\/h5>\n[\/vc_column_text][vc_column_text responsive_align=&#8221;left&#8221;]<span style=\"font-weight: 400;\">Az \u00e1lomrajz (Disegno Onirico) gy\u00f6kerei a sz\u00fcrrealizmusb\u00f3l, az archetipikus elm\u00e9letekb\u0151l, Goethe sz\u00ednelm\u00e9let\u00e9b\u0151l, Bermol\u00e9n \u00e9s Dal Porto csod\u00e1latos munk\u00e1ss\u00e1g\u00e1b\u00f3l erednek. Ezekb\u0151l fejl\u0151d\u00f6tt a holisztikus pszichodr\u00e1ma, \u00e9s eredm\u00e9nyesen alkalmazzuk ezt a csod\u00e1latos, sz\u00f3rakoztat\u00f3 eszk\u00f6zt a szociodr\u00e1m\u00e1ban \u00e9s a szociopszichodr\u00e1m\u00e1ban is. Itt az egy\u00e9ni munka tov\u00e1bb fejl\u0151dik \u00e9s kisz\u00e9lesedik, a szem\u00e9lyes \u00e9lm\u00e9nyek \u00f6sszekapcsol\u00f3dnak az eg\u00e9sz csoportot, a t\u00e1rsadalmat vagy ak\u00e1r az eg\u00e9sz bolyg\u00f3t foglalkoztat\u00f3 t\u00e9m\u00e1kkal.\u00a0<\/span><\/p>\n<p><span style=\"font-weight: 400;\">M\u0171helymunk\u00e1nk c\u00e9lja, hogy a csoport archetipikus nyelvezet\u00e9t \u00f6sszekapcsoljuk a szociodr\u00e1ma kollekt\u00edv jelleg\u00e9vel \u00e9s c\u00e9ljaival. Kiindul\u00f3pontk\u00e9nt, spont\u00e1n asszoci\u00e1ci\u00f3kon \u00e9s rajzokon kereszt\u00fcl azonos\u00edtjuk sz\u00fcks\u00e9gleteinket \u00e9s t\u00f6rekv\u00e9seinket, hogy ezekt\u0151l elrugaszkodva, \u00faj kollekt\u00edv j\u00f6vk\u00e9peket tal\u00e1ljunk. A sz\u00ednek \u00e9s form\u00e1k szimbolikus nyelv\u00e9t haszn\u00e1ljuk, amely a vil\u00e1g minden (emberi vagy nem emberi) l\u00e9nye sz\u00e1m\u00e1ra k\u00f6z\u00f6s adotts\u00e1g, \u00e9s egy\u00e1ltal\u00e1n nem a rajzk\u00e9szs\u00e9get tesztelj\u00fck!\u00a0<\/span><\/p>\n<p><span style=\"font-weight: 400;\">A k\u00e9t tanul\u00e1si c\u00e9l, hogy t\u00f6bbet tudjunk szociopszichodr\u00e1m\u00e1r\u00f3l \u00e9s annak elm\u00e9leti h\u00e1tter\u00e9r\u0151l, illetve l\u00e1ssuk, hogy az \u00e1lomrajz m\u00f3dszere hogyan j\u00e1rulhat hozz\u00e1 a szem\u00e9lyes, spont\u00e1n kifejez\u00e9shez, valamint a csoport koh\u00e9zi\u00f3j\u00e1hoz \u00e9s a szociodramatikus munk\u00e1hoz.<\/span>[\/vc_column_text][mk_padding_divider size=&#8221;30&#8243;][vc_column_text responsive_align=&#8221;left&#8221;]\n<h5 style=\"text-align: center;\"><b>AZ EL\u0150AD\u00d3KR\u00d3L:<\/b><\/h5>\n[\/vc_column_text][vc_row_inner][vc_column_inner width=&#8221;1\/4&#8243;][mk_image src=&#8221;https:\/\/8thsociodramaconference.com\/wp-content\/uploads\/2024\/02\/Flavia-Bocchino.png&#8221; image_width=&#8221;402&#8243; image_height=&#8221;275&#8243; crop=&#8221;false&#8221; hover=&#8221;false&#8221;][\/vc_column_inner][vc_column_inner width=&#8221;3\/4&#8243;][vc_column_text responsive_align=&#8221;left&#8221;]<span style=\"font-weight: 400;\">Flavia Bocchino: Pszichodramatista, pedag\u00f3gus, t\u00e1nc- \u00e9s m\u0171v\u00e9szetterapeuta, Firenz\u00e9ben \u00e9l. Az &#8222;Accademia di Disegno Onirico e Psicodramma Olistico Bermolen &#8211; Dal Porto&#8221; egyik alap\u00edt\u00f3ja \u00e9s kik\u00e9pz\u0151je. A Firenzei Egyetem \u00e1ltal akkredit\u00e1lt Akad\u00e9mia 8 k\u00fcl\u00f6nb\u00f6z\u0151 helysz\u00ednen m\u0171k\u00f6dik Olaszorsz\u00e1gban.<\/span>[\/vc_column_text][\/vc_column_inner][\/vc_row_inner][vc_row_inner][vc_column_inner width=&#8221;1\/4&#8243;][mk_image src=&#8221;https:\/\/8thsociodramaconference.com\/wp-content\/uploads\/2024\/02\/Mariolina-Werner-Guarino.png&#8221; image_width=&#8221;402&#8243; image_height=&#8221;275&#8243; crop=&#8221;false&#8221; hover=&#8221;false&#8221;][\/vc_column_inner][vc_column_inner width=&#8221;3\/4&#8243;][vc_column_text responsive_align=&#8221;left&#8221;]<span style=\"font-weight: 400;\">Mariolina Werner Guarino: Pszichodramatista \u00e9s szociodramatista, kik\u00e9pz\u0151 \u00e9s szupervizor, a Sv\u00e9d Pszichodr\u00e1ma Akad\u00e9mia tagja. Fiatal feln\u0151ttekkel dolgozik iskol\u00e1kban \u00e9s int\u00e9zetekben, valamint eur\u00f3pai projektek keret\u00e9ben. Nyugd\u00edjas pszichol\u00f3gia tan\u00e1rk\u00e9nt a Sv\u00e9d Fels\u0151oktat\u00e1si Hivatalnak dolgozik a Pszichol\u00f3gia Program keret\u00e9ben.<\/span>[\/vc_column_text][\/vc_column_inner][\/vc_row_inner][\/vc_column][\/mk_page_section]\n<\/section>","protected":false},"excerpt":{"rendered":"<p>[mk_page_section][vc_column][mk_fancy_title tag_name=&#8221;h2&#8243; size=&#8221;40&#8243; line_height=&#8221;50&#8243; font_family=&#8221;Oswald&#8221; font_type=&#8221;google&#8221; margin_bottom=&#8221;0&#8243;] \u00c1LMODJUK \u00c9S RAJZOLJUK MEG K\u00d6Z\u00d6SS\u00c9GEINK J\u00d6V\u0150J\u00c9T! (A workshop nyelve angol, magyar nyelv\u0171 tolm\u00e1csol\u00e1ssal) EL\u0150AD\u00d3K: FLAVIA BOCCHINO &#8211; MARIOLINA WERNER-GUARINO [\/mk_fancy_title][vc_row_inner][vc_column_inner width=&#8221;1\/6&#8243;][mk_image_box title=&#8221;Sociodrama and power&#8221; src=&#8221;https:\/\/8thsociodramaconference.com\/wp-content\/uploads\/2024\/02\/Next-Generation-2.png&#8221; media_width=&#8221;421&#8243; media_height=&#8221;294&#8243; crop=&#8221;false&#8221; image_link=&#8221;url&#8221; url=&#8221;https:\/\/8thsociodramaconference.com\/topic-sociodrama-youth\/&#8221; target=&#8221;_blank&#8221; align=&#8221;center&#8221; rounded_corner=&#8221;true&#8221;][\/mk_image_box][\/vc_column_inner][vc_column_inner width=&#8221;2\/3&#8243;][vc_column_text responsive_align=&#8221;left&#8221;] ID\u0150PONT: J\u00fanius 29-\u00e9n szombaton, 14:00-16:30 T\u00c9MA: Szociodr\u00e1ma \u00e9s a j\u00f6v\u0151 gener\u00e1ci\u00f3ja: gyerekek, fiatalok [&hellip;]<\/p>\n","protected":false},"author":4,"featured_media":0,"parent":0,"menu_order":0,"comment_status":"closed","ping_status":"closed","template":"","meta":{"footnotes":""},"class_list":["post-5926","page","type-page","status-publish","hentry"],"_links":{"self":[{"href":"https:\/\/8thsociodramaconference.com\/hu\/wp-json\/wp\/v2\/pages\/5926","targetHints":{"allow":["GET"]}}],"collection":[{"href":"https:\/\/8thsociodramaconference.com\/hu\/wp-json\/wp\/v2\/pages"}],"about":[{"href":"https:\/\/8thsociodramaconference.com\/hu\/wp-json\/wp\/v2\/types\/page"}],"author":[{"embeddable":true,"href":"https:\/\/8thsociodramaconference.com\/hu\/wp-json\/wp\/v2\/users\/4"}],"replies":[{"embeddable":true,"href":"https:\/\/8thsociodramaconference.com\/hu\/wp-json\/wp\/v2\/comments?post=5926"}],"version-history":[{"count":10,"href":"https:\/\/8thsociodramaconference.com\/hu\/wp-json\/wp\/v2\/pages\/5926\/revisions"}],"predecessor-version":[{"id":8269,"href":"https:\/\/8thsociodramaconference.com\/hu\/wp-json\/wp\/v2\/pages\/5926\/revisions\/8269"}],"wp:attachment":[{"href":"https:\/\/8thsociodramaconference.com\/hu\/wp-json\/wp\/v2\/media?parent=5926"}],"curies":[{"name":"wp","href":"https:\/\/api.w.org\/{rel}","templated":true}]}}