{"id":5920,"date":"2024-02-16T15:53:44","date_gmt":"2024-02-16T14:53:44","guid":{"rendered":"https:\/\/8thsociodramaconference.com\/program-lydia-yordanova\/"},"modified":"2024-05-27T17:23:00","modified_gmt":"2024-05-27T15:23:00","slug":"program-lydia-yordanova","status":"publish","type":"page","link":"https:\/\/8thsociodramaconference.com\/hu\/program-lydia-yordanova\/","title":{"rendered":"Program Lydia Yordanova"},"content":{"rendered":"<section class=\"wpb-content-wrapper\">[mk_page_section][vc_column][mk_fancy_title tag_name=&#8221;h2&#8243; size=&#8221;40&#8243; line_height=&#8221;50&#8243; font_family=&#8221;Oswald&#8221; font_type=&#8221;google&#8221; margin_bottom=&#8221;0&#8243;]\n<h3 style=\"text-align: center;\"><b>A SZOCIODR\u00c1MA \u00c9S A M\u0170V\u00c9SZETTER\u00c1PIA K\u00d6Z\u00d6TTI KOLLABOR\u00c1CI\u00d3<br \/>\nAZ ISKOLAI ZAKLAT\u00c1S MEGEL\u0150Z\u00c9S\u00c9BEN<\/b><\/h3>\n<h5 style=\"text-align: center;\"><em>(A workshop nyelve angol)<\/em><\/h5>\n<h5 style=\"text-align: center;\"><span style=\"color: #800000;\"><strong>EL\u0150AD\u00d3:<\/strong><b> LYDIA YORDANOVA<\/b><\/span><\/h5>\n[\/mk_fancy_title][vc_row_inner][vc_column_inner width=&#8221;1\/6&#8243;][mk_image_box title=&#8221;Sociodrama and power&#8221; src=&#8221;https:\/\/8thsociodramaconference.com\/wp-content\/uploads\/2024\/02\/Next-Generation-2.png&#8221; media_width=&#8221;421&#8243; media_height=&#8221;294&#8243; crop=&#8221;false&#8221; image_link=&#8221;url&#8221; url=&#8221;https:\/\/8thsociodramaconference.com\/topic-sociodrama-youth\/&#8221; target=&#8221;_blank&#8221; align=&#8221;center&#8221; rounded_corner=&#8221;true&#8221;][\/mk_image_box][\/vc_column_inner][vc_column_inner width=&#8221;2\/3&#8243;][vc_column_text responsive_align=&#8221;left&#8221;]\n<h5 style=\"text-align: left;\"><b>ID\u0150PONT<\/b><strong>: <\/strong>j\u00fanius 29. szombat, 14:00-16:30<br \/>\n<strong>T\u00c9MA: <\/strong>Szociodr\u00e1ma \u00e9s a j\u00f6v\u0151 gener\u00e1ci\u00f3ja: gyerekek, fiatalok \u00e9s a vel\u00fck foglalkoz\u00f3 szakemberek, int\u00e9zm\u00e9nyek szociodr\u00e1m\u00e1ja<br \/>\n<strong>PROGRAM T\u00cdPUSA: <\/strong>workshop<br \/>\n<strong>TEREM:<\/strong><br \/>\n<strong>R\u00c9SZTVEV\u0150K SZ\u00c1MA: <\/strong>kik\u00f6t\u00e9s n\u00e9lk\u00fcl<br \/>\n<strong>NYELV:<\/strong> Angol<br \/>\n<strong>C\u00cdMKE: <\/strong><a href=\"https:\/\/8thsociodramaconference.com\/hu\/topic-sociodrama-youth\/\" target=\"_blank\" rel=\"noopener\">Szociodr\u00e1ma \u00e9s fiatalok,<\/a> <a href=\"https:\/\/8thsociodramaconference.com\/hu\/workshops-jun29-afternoon\/\" target=\"_blank\" rel=\"noopener\">Programok j\u00fanius 29-\u00e9n d\u00e9lut\u00e1n<\/a><\/h5>\n[\/vc_column_text][\/vc_column_inner][vc_column_inner width=&#8221;1\/6&#8243;][\/vc_column_inner][\/vc_row_inner][\/vc_column][\/mk_page_section][mk_page_section padding=&#8221;0&#8243;][vc_column][vc_column_text responsive_align=&#8221;left&#8221;]\n<h5 style=\"text-align: center;\"><b>ABSZTRAKT:<\/b><\/h5>\n[\/vc_column_text][vc_column_text responsive_align=&#8221;left&#8221;]<span style=\"font-weight: 400;\">A zaklat\u00e1s (bullying) az er\u0151szakos viselked\u00e9s egy form\u00e1ja, amely k\u00fcl\u00f6nb\u00f6z\u0151 form\u00e1kat \u00f6lthet, bele\u00e9rtve a fizikai megf\u00e9leml\u00edt\u00e9st, mint p\u00e9ld\u00e1ul a s\u00e9r\u00fcl\u00e9s vagy azzal val\u00f3 fenyeget\u00e9s, k\u00f6pk\u00f6d\u00e9s, l\u00f6kd\u00f6s\u00e9s \u00e9s rugdos\u00e1s, valamint a nem fizikai megf\u00e9leml\u00edt\u00e9st, mint p\u00e9ld\u00e1ul a verb\u00e1lis b\u00e1ntalmaz\u00e1st, \u00edgy a cs\u00fafneveket, s\u00e9rt\u00e9seket vagy a g\u00fanyol\u00f3d\u00e1st. A rosszindulat\u00fa pletyka, a pletyk\u00e1k terjeszt\u00e9se \u00e9s a csoportb\u00f3l val\u00f3 kitasz\u00edt\u00e1s szint\u00e9n a zaklat\u00e1s l\u00e9tez\u0151 form\u00e1i az iskol\u00e1sok k\u00f6r\u00e9ben. A technol\u00f3gia rohamos fejl\u0151d\u00e9s\u00e9vel a zaklat\u00e1s hat\u00f3k\u00f6re kiterjedtebb\u00e9 v\u00e1lt, a megf\u00e9leml\u00edt\u00e9s a k\u00f6z\u00f6ss\u00e9gi m\u00e9di\u00e1n \u00e9s az elektronikus eszk\u00f6z\u00f6k\u00f6n kereszt\u00fcl is zajlik.\u00a0<\/span><\/p>\n<p><span style=\"font-weight: 400;\">A m\u0171v\u00e9szetter\u00e1pi\u00e1s beavatkoz\u00e1s hasznos megk\u00f6zel\u00edt\u00e9s, amely seg\u00edthet a zaklat\u00e1s k\u00e1ros hat\u00e1sainak tudatos\u00edt\u00e1s\u00e1ban, valamint a di\u00e1kok \u00e1ltal zaklat\u00e1snak tekintett viselked\u00e9sform\u00e1k azonos\u00edt\u00e1s\u00e1ban. Az ilyen jelleg\u0171 beavatkoz\u00e1sok k\u00f6zvetlen\u00fcl a gyermekek \u00e9rzelmi vil\u00e1g\u00e1ra hatnak, fejlesztik \u00f6nbizalmukat, eg\u00e9szs\u00e9gesebb pszichoszoci\u00e1lis k\u00f6rnyezetet teremtenek az iskol\u00e1kban, seg\u00edtenek pozit\u00edv konfliktuskezel\u00e9si k\u00e9szs\u00e9geket \u00e9s viselked\u00e9si strat\u00e9gi\u00e1kat kialak\u00edtani a zaklat\u00e1s megel\u0151z\u00e9se \u00e9rdek\u00e9ben. Tov\u00e1bb\u00e1 a szociodr\u00e1ma alkalmaz\u00e1sa az oktat\u00e1si int\u00e9zm\u00e9nyekben fokozhatja mind a tan\u00e1rok, mind a di\u00e1kok spontaneit\u00e1s\u00e1t \u00e9s kreativit\u00e1s\u00e1t, a konfliktusokat hasznos tanul\u00e1si helyzetekk\u00e9 alak\u00edthatja, felt\u00e1rhatja, hogy mik\u00e9pp \u00e9lhetn\u00e9nk jobban egy\u00fctt ezekben a terekben, \u00e9s sokkal tov\u00e1bb mehet, mint a j\u00f3l ismert \u00edr\u00f3asztal-ceruza-pap\u00edr tanul\u00e1si eszk\u00f6z\u00f6k, hozz\u00e1j\u00e1rulva az iskolai tanul\u00f3k szem\u00e9lyis\u00e9g\u00e9nek egyszerre t\u00f6bb dimenzi\u00f3ban t\u00f6rt\u00e9n\u0151 integr\u00e1ltabb fejl\u0151d\u00e9shez.\u00a0<\/span><\/p>\n<p><span style=\"font-weight: 400;\">Workshopunkon a r\u00e9sztvev\u0151k megismerhetik, hogyan m\u0171k\u00f6dik e k\u00e9t m\u00f3dszer kombin\u00e1ci\u00f3ja az iskolai zaklat\u00e1s sikeres megel\u0151z\u00e9se \u00e9rdek\u00e9ben. Ezen t\u00fal k\u00e9pess\u00e9 v\u00e1lnak legal\u00e1bb 3 bemutatott technika alkalmaz\u00e1s\u00e1ra az iskolai munk\u00e1ban.<\/span>[\/vc_column_text][mk_padding_divider size=&#8221;30&#8243;][vc_column_text responsive_align=&#8221;left&#8221;]\n<h5 style=\"text-align: center;\"><b>AZ EL\u0150AD\u00d3R\u00d3L:<\/b><\/h5>\n[\/vc_column_text][vc_row_inner][vc_column_inner width=&#8221;1\/4&#8243;][mk_image src=&#8221;https:\/\/8thsociodramaconference.com\/wp-content\/uploads\/2024\/04\/Lydia-Yordanova.png&#8221; image_width=&#8221;402&#8243; image_height=&#8221;275&#8243; crop=&#8221;false&#8221; hover=&#8221;false&#8221;][\/vc_column_inner][vc_column_inner width=&#8221;3\/4&#8243;][vc_column_text responsive_align=&#8221;left&#8221;]<span style=\"font-weight: 400;\">Alkalmazott pszichol\u00f3gia MA v\u00e9gzetts\u00e9ggel rendelkezik, pszichodr\u00e1ma terapeuta \u00e9s oktat\u00f3, a ZS CONSULT Oktat\u00e1si, Tan\u00e1csad\u00f3 \u00e9s K\u00e9pz\u00e9si K\u00f6zpont alap\u00edt\u00f3ja \u00e9s igazgat\u00f3ja (V\u00e1rna, Bulg\u00e1ria). Bulg\u00e1ri\u00e1ban a Tud\u00f3sok Sz\u00f6vets\u00e9g\u00e9nek tagja, az IAGP tagja, a Balk\u00e1n Pszichodr\u00e1ma, Szociometria \u00e9s Csoportpszichoter\u00e1pi\u00e1s Egyes\u00fclet (BAPSGPT) eln\u00f6ke. 2007 \u00f3ta dolgozik feln\u0151ttekkel \u00e9s gyermekekkel egy\u00e9ni ter\u00e1pi\u00e1ban \u00e9s csoportos form\u00e1ban.<\/span>[\/vc_column_text][\/vc_column_inner][\/vc_row_inner][\/vc_column][\/mk_page_section]\n<\/section>","protected":false},"excerpt":{"rendered":"<p>[mk_page_section][vc_column][mk_fancy_title tag_name=&#8221;h2&#8243; size=&#8221;40&#8243; line_height=&#8221;50&#8243; font_family=&#8221;Oswald&#8221; font_type=&#8221;google&#8221; margin_bottom=&#8221;0&#8243;] A SZOCIODR\u00c1MA \u00c9S A M\u0170V\u00c9SZETTER\u00c1PIA K\u00d6Z\u00d6TTI KOLLABOR\u00c1CI\u00d3 AZ ISKOLAI ZAKLAT\u00c1S MEGEL\u0150Z\u00c9S\u00c9BEN (A workshop nyelve angol) EL\u0150AD\u00d3: LYDIA YORDANOVA [\/mk_fancy_title][vc_row_inner][vc_column_inner width=&#8221;1\/6&#8243;][mk_image_box title=&#8221;Sociodrama and power&#8221; src=&#8221;https:\/\/8thsociodramaconference.com\/wp-content\/uploads\/2024\/02\/Next-Generation-2.png&#8221; media_width=&#8221;421&#8243; media_height=&#8221;294&#8243; crop=&#8221;false&#8221; image_link=&#8221;url&#8221; url=&#8221;https:\/\/8thsociodramaconference.com\/topic-sociodrama-youth\/&#8221; target=&#8221;_blank&#8221; align=&#8221;center&#8221; rounded_corner=&#8221;true&#8221;][\/mk_image_box][\/vc_column_inner][vc_column_inner width=&#8221;2\/3&#8243;][vc_column_text responsive_align=&#8221;left&#8221;] ID\u0150PONT: j\u00fanius 29. szombat, 14:00-16:30 T\u00c9MA: Szociodr\u00e1ma \u00e9s a j\u00f6v\u0151 gener\u00e1ci\u00f3ja: gyerekek, fiatalok \u00e9s [&hellip;]<\/p>\n","protected":false},"author":4,"featured_media":0,"parent":0,"menu_order":0,"comment_status":"closed","ping_status":"closed","template":"","meta":{"footnotes":""},"class_list":["post-5920","page","type-page","status-publish","hentry"],"_links":{"self":[{"href":"https:\/\/8thsociodramaconference.com\/hu\/wp-json\/wp\/v2\/pages\/5920","targetHints":{"allow":["GET"]}}],"collection":[{"href":"https:\/\/8thsociodramaconference.com\/hu\/wp-json\/wp\/v2\/pages"}],"about":[{"href":"https:\/\/8thsociodramaconference.com\/hu\/wp-json\/wp\/v2\/types\/page"}],"author":[{"embeddable":true,"href":"https:\/\/8thsociodramaconference.com\/hu\/wp-json\/wp\/v2\/users\/4"}],"replies":[{"embeddable":true,"href":"https:\/\/8thsociodramaconference.com\/hu\/wp-json\/wp\/v2\/comments?post=5920"}],"version-history":[{"count":8,"href":"https:\/\/8thsociodramaconference.com\/hu\/wp-json\/wp\/v2\/pages\/5920\/revisions"}],"predecessor-version":[{"id":7854,"href":"https:\/\/8thsociodramaconference.com\/hu\/wp-json\/wp\/v2\/pages\/5920\/revisions\/7854"}],"wp:attachment":[{"href":"https:\/\/8thsociodramaconference.com\/hu\/wp-json\/wp\/v2\/media?parent=5920"}],"curies":[{"name":"wp","href":"https:\/\/api.w.org\/{rel}","templated":true}]}}