{"id":5916,"date":"2024-02-16T11:45:55","date_gmt":"2024-02-16T10:45:55","guid":{"rendered":"https:\/\/8thsociodramaconference.com\/program-judith-teszary\/"},"modified":"2024-05-27T09:29:04","modified_gmt":"2024-05-27T07:29:04","slug":"program-judith-teszary","status":"publish","type":"page","link":"https:\/\/8thsociodramaconference.com\/hu\/program-judith-teszary\/","title":{"rendered":"Program Judith Tesz\u00e1ry"},"content":{"rendered":"<section class=\"wpb-content-wrapper\">[mk_page_section][vc_column][mk_fancy_title tag_name=&#8221;h2&#8243; size=&#8221;40&#8243; line_height=&#8221;50&#8243; font_family=&#8221;Oswald&#8221; font_type=&#8221;google&#8221; margin_bottom=&#8221;0&#8243;]\n<h3 style=\"text-align: center;\"><b>A SZALUTOG\u00c9N MEGK\u00d6ZEL\u00cdT\u00c9S HASZN\u00c1LATA<br \/>\nA H\u00c1BOR\u00daS HELYZETBEN DOLGOZ\u00d3 SEG\u00cdT\u0150K T\u00c1MOGAT\u00c1S\u00c1BAN<\/b><\/h3>\n<h5 style=\"text-align: center;\"><em>(A workshop nyelve angol \u00e9s magyar)<\/em><\/h5>\n<h5 style=\"text-align: center;\"><span style=\"color: #800000;\"><strong>EL\u0150AD\u00d3:<\/strong><b> TESZ\u00c1RY JUDITH<\/b><\/span><\/h5>\n[\/mk_fancy_title][vc_row_inner][vc_column_inner width=&#8221;1\/6&#8243;][mk_image_box title=&#8221;Sociodrama and power&#8221; src=&#8221;https:\/\/8thsociodramaconference.com\/wp-content\/uploads\/2024\/02\/Collective-Trauma-and-Social-Healing-2.png&#8221; media_width=&#8221;421&#8243; media_height=&#8221;294&#8243; crop=&#8221;false&#8221; image_link=&#8221;url&#8221; url=&#8221;https:\/\/8thsociodramaconference.com\/topic-sociodrama-social-healing\/&#8221; target=&#8221;_blank&#8221; align=&#8221;center&#8221; rounded_corner=&#8221;true&#8221;][\/mk_image_box][\/vc_column_inner][vc_column_inner width=&#8221;2\/3&#8243;][vc_column_text responsive_align=&#8221;left&#8221;]\n<h5 style=\"text-align: left;\"><b>ID\u0150PONT<\/b><strong>: <\/strong>J\u00fanius 29. szombat, 10:00-12:30<br \/>\n<strong>T\u00c9MA: <\/strong>Szociodr\u00e1ma \u00e9s t\u00e1rsadalmi gy\u00f3gy\u00edt\u00e1s \u2013 fel\u00e9p\u00fcl\u00e9s a kollekt\u00edv kr\u00edzisekb\u0151l \u00e9s traum\u00e1kb\u00f3l<br \/>\n<strong>PROGRAM T\u00cdPUSA:\u00a0 <\/strong>Workshop<br \/>\n<strong>TEREM:<\/strong><br \/>\n<strong>R\u00c9SZTVEV\u0150K SZ\u00c1MA: <\/strong>30<br \/>\n<strong>NYELV:<\/strong> Angol \u00e9s magyar<br \/>\n<strong>C\u00cdMKE: <\/strong><a href=\"https:\/\/8thsociodramaconference.com\/hu\/topic-sociodrama-social-healing\/\" target=\"_blank\" rel=\"noopener\">T\u00e1rsadalmi gy\u00f3gy\u00edt\u00e1s<\/a>, <a href=\"https:\/\/8thsociodramaconference.com\/hu\/workshops-jun29-morning\/\" target=\"_blank\" rel=\"noopener\">Programok j\u00fanius 29-\u00e9n d\u00e9lel\u0151tt<\/a><\/h5>\n[\/vc_column_text][\/vc_column_inner][vc_column_inner width=&#8221;1\/6&#8243;][\/vc_column_inner][\/vc_row_inner][\/vc_column][\/mk_page_section][mk_page_section padding=&#8221;0&#8243;][vc_column][vc_column_text responsive_align=&#8221;left&#8221;]\n<h5 style=\"text-align: center;\"><b>ABSZTRAKT:<\/b><\/h5>\n[\/vc_column_text][vc_column_text responsive_align=&#8221;left&#8221;]<span style=\"font-weight: 400;\">A szalutogenezis az eg\u00e9szs\u00e9g eredete, a patogenezis a betegs\u00e9g eredete.\u00a0<\/span><\/p>\n<p><span style=\"font-weight: 400;\">Hogyan seg\u00edthet\u00fcnk a seg\u00edt\u0151knek, akik ugyanazon k\u00f6r\u00fclm\u00e9nyek k\u00f6z\u00f6tt \u00e9lnek, mint az \u00fcgyfeleik? Hogyan tudj\u00e1k meg\u0151rizni erej\u00fcket \u00e9s magabiztoss\u00e1gukat terapeutak\u00e9nt a h\u00e1bor\u00fas vesz\u00e9lyben, amikor bomb\u00e1znak \u00e9s rak\u00e9t\u00e1k hullanak a saj\u00e1t lak\u00f3hely\u00fck\u00f6n, vagy amikor meghaladj\u00e1k \u0151ket neh\u00e9zs\u00e9gek \u00e9s szoronganak, mert \u00fagy \u00e9rzik, hogy k\u00e9ptelenek val\u00f3di seg\u00edts\u00e9get ny\u00fajtani a klienseiknek? Hogyan tudnak a hivat\u00e1sos seg\u00edt\u0151k vigy\u00e1zni magukra, hogyan tudj\u00e1k elker\u00fclni a m\u00e1sodlagos traumatiz\u00e1ci\u00f3t, amikor m\u00e9lyen beleker\u00fclnek klienseik traumatikus \u00e9lm\u00e9nyeibe? Milyen t\u00fal\u00e9l\u00e9si strat\u00e9gi\u00e1ik vannak? Hogyan \u00e9lt\u00e9k t\u00fal el\u0151deik a kor\u00e1bbi h\u00e1bor\u00fakat, amiken kereszt\u00fclmentek? Hogyan tudnak kiker\u00fclni \u00e9rz\u00e9ketlens\u00e9g vagy a t\u00fal\u00e9rz\u00e9kenys\u00e9g \u00e1llapotaib\u00f3l?\u00a0<\/span><\/p>\n<p><span style=\"font-weight: 400;\">Amikor az idegrendszer t\u00falterhel\u0151dik, \u00e9s nem b\u00edrja tov\u00e1bb a nyom\u00e1st, a rendszer le\u00e1ll, \u00e9s leb\u00e9nulunk, tehetetlenn\u00e9 v\u00e1lunk, zsibbadtak \u00e9s \u00e9rz\u00e9ketlenek lesz\u00fcnk. Ezek a reakci\u00f3k a szervezet v\u00e9dekez\u0151 mechanizmusai, \u00e9s b\u00e1r abban a pillanatban \u00e9letment\u0151ek, hossz\u00fa t\u00e1von, ha ezekben az \u00e1llapotokban maradunk, vesz\u00e9lyeztethetik az \u00e9let\u00fcnket.\u00a0<\/span><\/p>\n<p><span style=\"font-weight: 400;\">A workshop egy pszicho-szociodramatikus kutat\u00e1s lesz azzal kapcsolatban, hogy mik\u00e9pp nyerhetj\u00fck vissza egyens\u00falyunkat, mik\u00e9pp lehet \u00fajra integr\u00e1lni a racion\u00e1lis \u00e9s \u00e9rzelmi m\u0171k\u00f6d\u00e9st, \u00e9s az er\u0151forr\u00e1sokra \u00f6sszpontos\u00edtva elviselni a stresszhelyzeteket, t\u00e1g\u00edtani a \u201ct\u0171r\u0151k\u00e9pess\u00e9g ablakot\u201d, ez\u00e1ltal fejleszteni a rezilienci\u00e1t.\u00a0<\/span><\/p>\n<p>&nbsp;<\/p>\n<p><span style=\"font-weight: 400;\">Hozzuk el az eseteinket erre a workshopra, amikor trauam\u00e1kkal dolgoztunk, \u00e9s tanuljunk egym\u00e1st\u00f3l!\u00a0<\/span><\/p>\n<p><span style=\"font-weight: 400;\">A tanul\u00e1si c\u00e9lok, hogy\u00a0<\/span><\/p>\n<p><span style=\"font-weight: 400;\">(1) megtanuljuk beazonos\u00edtani testi reakci\u00f3inkat a t\u00falzott \u00e9rzelmi \u00e1t\u00e9l\u00e9sre, \u00e9s az \u00e9rz\u00e9sek lev\u00e1laszt\u00e1s\u00e1ra,\u00a0<\/span><\/p>\n<p><span style=\"font-weight: 400;\">(2) megismerj\u00fck a \u201ct\u0171r\u0151k\u00e9pess\u00e9g ablaka\u201d koncepci\u00f3t, \u00e9s hogy bel\u00e1ssuk a t\u00e1mogat\u00f3 rendszerek fontoss\u00e1g\u00e1t.<\/span>[\/vc_column_text][mk_padding_divider size=&#8221;30&#8243;][vc_column_text responsive_align=&#8221;left&#8221;]\n<h5 style=\"text-align: center;\"><b>AZ EL\u0150AD\u00d3R\u00d3L:<\/b><\/h5>\n[\/vc_column_text][vc_row_inner][vc_column_inner width=&#8221;1\/4&#8243;][mk_image src=&#8221;https:\/\/8thsociodramaconference.com\/wp-content\/uploads\/2024\/02\/Judith-Teszary.png&#8221; image_width=&#8221;402&#8243; image_height=&#8221;275&#8243; crop=&#8221;false&#8221; hover=&#8221;false&#8221;][\/vc_column_inner][vc_column_inner width=&#8221;3\/4&#8243;][vc_column_text responsive_align=&#8221;left&#8221;]<span style=\"font-weight: 400;\">Tesz\u00e1ry Judith pszichol\u00f3gus, pszichodr\u00e1ma \u00e9s szociodr\u00e1ma kik\u00e9pz\u0151 szuperv\u00edzor, nemzetk\u00f6zi el\u0151ad\u00f3. Zerka Moreno k\u00e9pezte ki a Moreno Int\u00e9zetben (Beacon, New York). A FEPTO alap\u00edt\u00f3 tagja, hat \u00e9vig (2002-2008) eln\u00f6ke is volt. Tev\u00e9kenys\u00e9g\u00e9\u00e9rt \u00e9letm\u0171d\u00edjat kapott. Tagja a Task Force for Peace and Conflict Transformation csoportnak, amely a szociodr\u00e1ma m\u00f3dszer\u00e9t haszn\u00e1lja konfliktusos ter\u00fcleteken, seg\u00edtve a seg\u00edt\u0151ket a traumatikus \u00e9lm\u00e9nyek feldolgoz\u00e1s\u00e1ban, p\u00e9ld\u00e1ul a kijevi Majdan forradalom ut\u00e1n. K\u00e9t ukrajnai t\u00e1mogat\u00f3\/ter\u00e1pi\u00e1s csoportot vezet. Dolgozott pszichoszomatikus betegekkel, pszichoszociodr\u00e1ma alkalmaz\u00e1s\u00e1val egy kutat\u00e1si \u00e9s gy\u00f3g\u00edt\u00f3 projektben a stockholmi Karolinska Int\u00e9zet Stresszkutat\u00e1si Oszt\u00e1ly\u00e1n. Stockholm v\u00e1ros szoci\u00e1lis oszt\u00e1ly\u00e1n nevel\u0151sz\u00fcl\u0151kn\u00e9l dolgozott pszichol\u00f3gusk\u00e9nt. Szoci\u00e1lis munk\u00e1sokat k\u00e9pzett szociodramatikus m\u00f3dszerekkel. A Sv\u00e9d Pszichodr\u00e1ma Egyes\u00fclet eln\u00f6ke.<\/span><\/p>\n<p><span style=\"font-weight: 400;\">Szociopszichodr\u00e1ma vezet\u0151k\u00e9nt r\u00e9szt vesz egy projektben, amely a roma n\u0151k magyarorsz\u00e1gi eg\u00e9szs\u00e9g\u00fcgyi ell\u00e1t\u00e1sban szerzett tapasztalataival foglalkozik. T\u00edz \u00e9vig alkalmazta a szociodr\u00e1m\u00e1t a sv\u00e9d ipari szakszervezeti vezet\u0151k, \u00e9s az eg\u00e9szs\u00e9g\u00fcgyi dolgoz\u00f3k konfliktuskezel\u00e9si tanfolyami k\u00e9pz\u00e9s\u00e9ben. A P.E.R.F.F.O.R.M.E.R.S, egy Erasmus+ szociodr\u00e1ma projekt szakmai vezet\u0151je \u00e9s nemzetk\u00f6zi koordin\u00e1tora volt. A Magyar Pszichodr\u00e1ma Egyes\u00fclet (MPE) keret\u00e9ben az els\u0151 magyarorsz\u00e1gi szociodr\u00e1ma pilot k\u00e9pz\u00e9sben kik\u00e9pz\u0151 szuperv\u00edzor volt. \u0150 vezette az els\u0151 szociodr\u00e1ma pilot k\u00e9pz\u00e9st Kair\u00f3ban, Egyiptomban. 2023. szeptember\u00e9ben teljes szociodr\u00e1ma k\u00e9pz\u00e9si programot ind\u00edtott a rakhawyi k\u00e9pz\u00e9si \u00e9s kutat\u00e1si int\u00e9zetben Kairoban.<\/span>[\/vc_column_text][\/vc_column_inner][\/vc_row_inner][\/vc_column][\/mk_page_section]\n<\/section>","protected":false},"excerpt":{"rendered":"<p>[mk_page_section][vc_column][mk_fancy_title tag_name=&#8221;h2&#8243; size=&#8221;40&#8243; line_height=&#8221;50&#8243; font_family=&#8221;Oswald&#8221; font_type=&#8221;google&#8221; margin_bottom=&#8221;0&#8243;] A SZALUTOG\u00c9N MEGK\u00d6ZEL\u00cdT\u00c9S HASZN\u00c1LATA A H\u00c1BOR\u00daS HELYZETBEN DOLGOZ\u00d3 SEG\u00cdT\u0150K T\u00c1MOGAT\u00c1S\u00c1BAN (A workshop nyelve angol \u00e9s magyar) EL\u0150AD\u00d3: TESZ\u00c1RY JUDITH [\/mk_fancy_title][vc_row_inner][vc_column_inner width=&#8221;1\/6&#8243;][mk_image_box title=&#8221;Sociodrama and power&#8221; src=&#8221;https:\/\/8thsociodramaconference.com\/wp-content\/uploads\/2024\/02\/Collective-Trauma-and-Social-Healing-2.png&#8221; media_width=&#8221;421&#8243; media_height=&#8221;294&#8243; crop=&#8221;false&#8221; image_link=&#8221;url&#8221; url=&#8221;https:\/\/8thsociodramaconference.com\/topic-sociodrama-social-healing\/&#8221; target=&#8221;_blank&#8221; align=&#8221;center&#8221; rounded_corner=&#8221;true&#8221;][\/mk_image_box][\/vc_column_inner][vc_column_inner width=&#8221;2\/3&#8243;][vc_column_text responsive_align=&#8221;left&#8221;] ID\u0150PONT: J\u00fanius 29. szombat, 10:00-12:30 T\u00c9MA: Szociodr\u00e1ma \u00e9s t\u00e1rsadalmi gy\u00f3gy\u00edt\u00e1s \u2013 fel\u00e9p\u00fcl\u00e9s a [&hellip;]<\/p>\n","protected":false},"author":4,"featured_media":0,"parent":0,"menu_order":0,"comment_status":"closed","ping_status":"closed","template":"","meta":{"footnotes":""},"class_list":["post-5916","page","type-page","status-publish","hentry"],"_links":{"self":[{"href":"https:\/\/8thsociodramaconference.com\/hu\/wp-json\/wp\/v2\/pages\/5916","targetHints":{"allow":["GET"]}}],"collection":[{"href":"https:\/\/8thsociodramaconference.com\/hu\/wp-json\/wp\/v2\/pages"}],"about":[{"href":"https:\/\/8thsociodramaconference.com\/hu\/wp-json\/wp\/v2\/types\/page"}],"author":[{"embeddable":true,"href":"https:\/\/8thsociodramaconference.com\/hu\/wp-json\/wp\/v2\/users\/4"}],"replies":[{"embeddable":true,"href":"https:\/\/8thsociodramaconference.com\/hu\/wp-json\/wp\/v2\/comments?post=5916"}],"version-history":[{"count":8,"href":"https:\/\/8thsociodramaconference.com\/hu\/wp-json\/wp\/v2\/pages\/5916\/revisions"}],"predecessor-version":[{"id":7834,"href":"https:\/\/8thsociodramaconference.com\/hu\/wp-json\/wp\/v2\/pages\/5916\/revisions\/7834"}],"wp:attachment":[{"href":"https:\/\/8thsociodramaconference.com\/hu\/wp-json\/wp\/v2\/media?parent=5916"}],"curies":[{"name":"wp","href":"https:\/\/api.w.org\/{rel}","templated":true}]}}