{"id":5911,"date":"2024-02-16T11:31:16","date_gmt":"2024-02-16T10:31:16","guid":{"rendered":"https:\/\/8thsociodramaconference.com\/program-marco-greco\/"},"modified":"2024-05-27T09:23:54","modified_gmt":"2024-05-27T07:23:54","slug":"program-marco-greco","status":"publish","type":"page","link":"https:\/\/8thsociodramaconference.com\/hu\/program-marco-greco\/","title":{"rendered":"Program Marco Greco"},"content":{"rendered":"<section class=\"wpb-content-wrapper\">[mk_page_section][vc_column][mk_fancy_title tag_name=&#8221;h2&#8243; size=&#8221;40&#8243; line_height=&#8221;50&#8243; font_family=&#8221;Oswald&#8221; font_type=&#8221;google&#8221; margin_bottom=&#8221;0&#8243;]\n<h3 style=\"text-align: center;\"><b>VESZ\u00c9LYBEN A DEMOKR\u00c1CIA?<br \/>\nTRAUM\u00c1K \u00c9S REM\u00c9NYEK<\/b><\/h3>\n<h5 style=\"text-align: center;\"><em>(A workshop nyelve angol, magyar nyelv\u0171 tolm\u00e1csol\u00e1ssal)<\/em><\/h5>\n<h5 style=\"text-align: center;\"><span style=\"color: #800000;\"><strong>EL\u0150AD\u00d3:<\/strong><b> MARCO GRECO<\/b><\/span><\/h5>\n[\/mk_fancy_title][vc_row_inner][vc_column_inner width=&#8221;1\/6&#8243;][mk_image_box title=&#8221;Sociodrama and power&#8221; src=&#8221;https:\/\/8thsociodramaconference.com\/wp-content\/uploads\/2024\/02\/Power-and-Democratic-1.png&#8221; media_width=&#8221;421&#8243; media_height=&#8221;294&#8243; crop=&#8221;false&#8221; image_link=&#8221;url&#8221; url=&#8221;https:\/\/8thsociodramaconference.com\/topic-sociodrama-power\/&#8221; target=&#8221;_blank&#8221; align=&#8221;center&#8221; rounded_corner=&#8221;true&#8221;][\/mk_image_box][\/vc_column_inner][vc_column_inner width=&#8221;2\/3&#8243;][vc_column_text responsive_align=&#8221;left&#8221;]\n<h5 style=\"text-align: left;\"><b>ID\u0150PONT<\/b><strong>: <\/strong>J\u00fanius 29. szombat, 10:00-12:30<br \/>\n<strong>T\u00c9MA: <\/strong>Szociodr\u00e1ma \u00e9s hatalom \u2013 a demokratikus \u00e9rt\u00e9kek j\u00f6v\u0151je<br \/>\n<strong>PROGRAM T\u00cdPUSA: W<\/strong>orkshop<br \/>\n<strong>TEREM:<\/strong><br \/>\n<strong>R\u00c9SZTVEV\u0150K SZ\u00c1MA: <\/strong>30<br \/>\n<strong>NYELV:<\/strong> Angol, magyar nyelv\u0171 tolm\u00e1csol\u00e1ssal<br \/>\n<strong>C\u00cdMKE: <\/strong><a href=\"https:\/\/8thsociodramaconference.com\/hu\/topic-sociodrama-power\/\" target=\"_blank\" rel=\"noopener\">Szociodr\u00e1ma \u00e9s hatalom,<\/a><a href=\"https:\/\/8thsociodramaconference.com\/hu\/workshops-jun29-morning\/\" target=\"_blank\" rel=\"noopener\">Programok j\u00fanius 29-\u00e9n d\u00e9lel\u0151tt<\/a><\/h5>\n[\/vc_column_text][\/vc_column_inner][vc_column_inner width=&#8221;1\/6&#8243;][\/vc_column_inner][\/vc_row_inner][\/vc_column][\/mk_page_section][mk_page_section padding=&#8221;0&#8243;][vc_column][vc_column_text responsive_align=&#8221;left&#8221;]\n<h5 style=\"text-align: center;\"><b>ABSZTRAKT:<\/b><\/h5>\n[\/vc_column_text][vc_column_text responsive_align=&#8221;left&#8221;]<span style=\"font-weight: 400;\">J. L. Moreno \u00f6sszekapcsolja az egy\u00e9n \u00e9s az emberis\u00e9g identit\u00e1s\u00e1t. Azt hangs\u00falyozza, hogy az egy\u00e9n megv\u00e1lt\u00e1sa megval\u00f3s\u00edthatatlan lenne, a &#8222;m\u00e1sik&#8221; egyidej\u0171 akt\u00edv k\u00f6z\u00e9ppontba \u00e1ll\u00edt\u00e1sa n\u00e9lk\u00fcl. Nem mindig k\u00f6nny\u0171 a figyelmet egyszerre az egy\u00e9ni \u00e9s kollekt\u00edv jelens\u00e9gekre \u00f6sszpontos\u00edtani.\u00a0<\/span><\/p>\n<p><span style=\"font-weight: 400;\">A workshopunk egy szocio &#8211; pszicho &#8211; szodiodr\u00e1ma lesz, amely h\u00e1rom szakaszra tagol\u00f3dik:<\/span><\/p>\n<p><span style=\"font-weight: 400;\">1) Szociodramatikus megk\u00f6zel\u00edt\u00e9s<\/span><\/p>\n<p><span style=\"font-weight: 400;\">\u00a02) Pszichodramatikus szakasz\u00a0<\/span><\/p>\n<p><span style=\"font-weight: 400;\">3) Visszat\u00e9r\u00e9s a szociodramatikus megk\u00f6zel\u00edt\u00e9shez.\u00a0<\/span><\/p>\n<p><span style=\"font-weight: 400;\">Ez az elj\u00e1r\u00e1s seg\u00edti annak meg\u00e9rt\u00e9s\u00e9t, hogy mik\u00e9pp lehet integr\u00e1lni a k\u00e9t m\u00f3dszertani form\u00e1t an\u00e9lk\u00fcl, hogy kock\u00e1ztatni k\u00e9ne az \u00f6sszekevered\u00e9st \u00e9s az \u00f6sszezavarod\u00e1st.\u00a0<\/span><\/p>\n<p><span style=\"font-weight: 400;\">A foglalkoz\u00e1s r\u00e9v\u00e9n a r\u00e9sztvev\u0151k k\u00e9pesek lesznek:\u00a0<\/span><\/p>\n<ul>\n<li style=\"font-weight: 400;\" aria-level=\"1\"><span style=\"font-weight: 400;\">k\u00f6rvonalazni a szociodr\u00e1ma n\u00e9h\u00e1ny alkot\u00f3elem\u00e9t;\u00a0<\/span><\/li>\n<li style=\"font-weight: 400;\" aria-level=\"1\"><span style=\"font-weight: 400;\">k\u00f6rvonalazni a pszichodr\u00e1ma n\u00e9h\u00e1ny alkot\u00f3elem\u00e9t;\u00a0<\/span><\/li>\n<li style=\"font-weight: 400;\" aria-level=\"1\"><span style=\"font-weight: 400;\">megk\u00fcl\u00f6nb\u00f6ztetni a szociodr\u00e1m\u00e1t \u00e9s a pszichodr\u00e1m\u00e1t<\/span><\/li>\n<\/ul>\n[\/vc_column_text][mk_padding_divider size=&#8221;30&#8243;][vc_column_text responsive_align=&#8221;left&#8221;]\n<h5 style=\"text-align: center;\"><b>AZ EL\u0150AD\u00d3R\u00d3L:<\/b><\/h5>\n[\/vc_column_text][vc_row_inner][vc_column_inner width=&#8221;1\/4&#8243;][mk_image src=&#8221;https:\/\/8thsociodramaconference.com\/wp-content\/uploads\/2024\/02\/marco-greco.png&#8221; image_width=&#8221;402&#8243; image_height=&#8221;275&#8243; crop=&#8221;false&#8221; hover=&#8221;false&#8221;][\/vc_column_inner][vc_column_inner width=&#8221;3\/4&#8243;][vc_column_text responsive_align=&#8221;left&#8221;]<span style=\"font-weight: 400;\">Marco Greco pszichoterapeuta, pszichodramatista, szociodramatista. A Torin\u00f3i Egyetem Pszichol\u00f3giai Tansz\u00e9k\u00e9nek &#8222;Szervezeti pszichodr\u00e1ma&#8221; kurzus\u00e1nak tan\u00e1ra.\u00a0<\/span><br \/>\n<span style=\"font-weight: 400;\">A Torin\u00f3i Pszichodr\u00e1ma Sz\u00ednh\u00e1z vezet\u0151je \u00e9s oktat\u00f3ja, amely a Dr. Giovanni Boria &amp; C. Int\u00e9zet \u201cPszichodr\u00e1ma A Dr. Giovanni Boria &amp; C. Institute FEPTO akkredit\u00e1lt pszichodr\u00e1ma k\u00e9pz\u00e9s\u00e9nek r\u00e9sze. Az AIPsiM (Olasz Moreno-i Pszichodr\u00e1ma Egyes\u00fclet) kor\u00e1bbi eln\u00f6ke (2007 \u00e9s 2012 k\u00f6z\u00f6tt). A Moreno M\u00fazeum Egyes\u00fclet eln\u00f6ke (B\u00e9cs, Ausztria; Torino, Olaszorsz\u00e1g). A FEPTO kutat\u00e1si bizotts\u00e1g\u00e1nak tagja. Tapasztalattal rendelkezik a f\u00fcgg\u0151s\u00e9gi zavarok ter\u00e9n, vezet\u0151je er\u00e1pi\u00e1s k\u00f6z\u00f6ss\u00e9geknek. A &#8222;FaberActive&#8221; (Pszichodr\u00e1ma a szervezetekben) eln\u00f6ke. Az IAGP tagja.<\/span>[\/vc_column_text][\/vc_column_inner][\/vc_row_inner][\/vc_column][\/mk_page_section]\n<\/section>","protected":false},"excerpt":{"rendered":"<p>[mk_page_section][vc_column][mk_fancy_title tag_name=&#8221;h2&#8243; size=&#8221;40&#8243; line_height=&#8221;50&#8243; font_family=&#8221;Oswald&#8221; font_type=&#8221;google&#8221; margin_bottom=&#8221;0&#8243;] VESZ\u00c9LYBEN A DEMOKR\u00c1CIA? TRAUM\u00c1K \u00c9S REM\u00c9NYEK (A workshop nyelve angol, magyar nyelv\u0171 tolm\u00e1csol\u00e1ssal) EL\u0150AD\u00d3: MARCO GRECO [\/mk_fancy_title][vc_row_inner][vc_column_inner width=&#8221;1\/6&#8243;][mk_image_box title=&#8221;Sociodrama and power&#8221; src=&#8221;https:\/\/8thsociodramaconference.com\/wp-content\/uploads\/2024\/02\/Power-and-Democratic-1.png&#8221; media_width=&#8221;421&#8243; media_height=&#8221;294&#8243; crop=&#8221;false&#8221; image_link=&#8221;url&#8221; url=&#8221;https:\/\/8thsociodramaconference.com\/topic-sociodrama-power\/&#8221; target=&#8221;_blank&#8221; align=&#8221;center&#8221; rounded_corner=&#8221;true&#8221;][\/mk_image_box][\/vc_column_inner][vc_column_inner width=&#8221;2\/3&#8243;][vc_column_text responsive_align=&#8221;left&#8221;] ID\u0150PONT: J\u00fanius 29. szombat, 10:00-12:30 T\u00c9MA: Szociodr\u00e1ma \u00e9s hatalom \u2013 a demokratikus \u00e9rt\u00e9kek j\u00f6v\u0151je PROGRAM T\u00cdPUSA: [&hellip;]<\/p>\n","protected":false},"author":4,"featured_media":0,"parent":0,"menu_order":0,"comment_status":"closed","ping_status":"closed","template":"","meta":{"footnotes":""},"class_list":["post-5911","page","type-page","status-publish","hentry"],"_links":{"self":[{"href":"https:\/\/8thsociodramaconference.com\/hu\/wp-json\/wp\/v2\/pages\/5911","targetHints":{"allow":["GET"]}}],"collection":[{"href":"https:\/\/8thsociodramaconference.com\/hu\/wp-json\/wp\/v2\/pages"}],"about":[{"href":"https:\/\/8thsociodramaconference.com\/hu\/wp-json\/wp\/v2\/types\/page"}],"author":[{"embeddable":true,"href":"https:\/\/8thsociodramaconference.com\/hu\/wp-json\/wp\/v2\/users\/4"}],"replies":[{"embeddable":true,"href":"https:\/\/8thsociodramaconference.com\/hu\/wp-json\/wp\/v2\/comments?post=5911"}],"version-history":[{"count":9,"href":"https:\/\/8thsociodramaconference.com\/hu\/wp-json\/wp\/v2\/pages\/5911\/revisions"}],"predecessor-version":[{"id":7829,"href":"https:\/\/8thsociodramaconference.com\/hu\/wp-json\/wp\/v2\/pages\/5911\/revisions\/7829"}],"wp:attachment":[{"href":"https:\/\/8thsociodramaconference.com\/hu\/wp-json\/wp\/v2\/media?parent=5911"}],"curies":[{"name":"wp","href":"https:\/\/api.w.org\/{rel}","templated":true}]}}