{"id":5907,"date":"2024-02-16T10:43:09","date_gmt":"2024-02-16T09:43:09","guid":{"rendered":"https:\/\/8thsociodramaconference.com\/program-chantal-neve-hanquet-agathe-crespel\/"},"modified":"2024-05-27T09:20:49","modified_gmt":"2024-05-27T07:20:49","slug":"program-chantal-neve-hanquet-agathe-crespel","status":"publish","type":"page","link":"https:\/\/8thsociodramaconference.com\/hu\/program-chantal-neve-hanquet-agathe-crespel\/","title":{"rendered":"Program Chantal N\u00e8ve Hanquet &#8211; Agathe Crespel"},"content":{"rendered":"<section class=\"wpb-content-wrapper\">[mk_page_section][vc_column][mk_fancy_title tag_name=&#8221;h2&#8243; size=&#8221;40&#8243; line_height=&#8221;50&#8243; font_family=&#8221;Oswald&#8221; font_type=&#8221;google&#8221; margin_bottom=&#8221;0&#8243;]\n<h3 style=\"text-align: center;\"><b>A KOLLEKT\u00cdV INTELLIGENCIA AKTIV\u00c1L\u00c1S\u00c1NAK SEG\u00cdT\u00c9SE SZOCIODR\u00c1M\u00c1VAL<\/b><\/h3>\n<h5 style=\"text-align: center;\"><em>(A workshop nyelve angol)<\/em><\/h5>\n<h5 style=\"text-align: center;\"><span style=\"color: #800000;\"><strong>EL\u0150AD\u00d3K:<\/strong><b> CHANTAL N\u00c8VE HANQUET &#8211; AGATHE CRESPEL<\/b><\/span><\/h5>\n[\/mk_fancy_title][vc_row_inner][vc_column_inner width=&#8221;1\/6&#8243;][mk_image_box title=&#8221;Sociodrama and power&#8221; src=&#8221;https:\/\/8thsociodramaconference.com\/wp-content\/uploads\/2024\/02\/Organisational-Dev-2.png&#8221; media_width=&#8221;421&#8243; media_height=&#8221;294&#8243; crop=&#8221;false&#8221; image_link=&#8221;url&#8221; url=&#8221;https:\/\/8thsociodramaconference.com\/topic-organisational-development\/&#8221; target=&#8221;_blank&#8221; align=&#8221;center&#8221; rounded_corner=&#8221;true&#8221;][\/mk_image_box][\/vc_column_inner][vc_column_inner width=&#8221;2\/3&#8243;][vc_column_text responsive_align=&#8221;left&#8221;]\n<h5 style=\"text-align: left;\"><b>ID\u0150PONT<\/b><strong>: <\/strong>J\u00fanius 29. szombat, 10:00-12:30<br \/>\n<strong>T\u00c9MA: <\/strong>Szociodr\u00e1ma a szervezetfejleszt\u00e9sben, coachingban \u00e9s tr\u00e9ningekben<br \/>\n<strong>PROGRAM T\u00cdPUSA: <\/strong>Workshop<br \/>\n<strong>TEREM:<\/strong><br \/>\n<strong>R\u00c9SZTVEV\u0150K SZ\u00c1MA: <\/strong>14<br \/>\n<strong>NYELV:<\/strong> Angol<br \/>\n<strong>C\u00cdMKE: <\/strong><a href=\"https:\/\/8thsociodramaconference.com\/hu\/topic-organisational-development\/\" target=\"_blank\" rel=\"noopener\">Szervezetfejleszt\u00e9s<\/a>, <a href=\"https:\/\/8thsociodramaconference.com\/hu\/workshops-jun29-morning\/\" target=\"_blank\" rel=\"noopener\">Programok j\u00fanius 29-\u00e9n d\u00e9lel\u0151tt<\/a><\/h5>\n[\/vc_column_text][\/vc_column_inner][vc_column_inner width=&#8221;1\/6&#8243;][\/vc_column_inner][\/vc_row_inner][\/vc_column][\/mk_page_section][mk_page_section padding=&#8221;0&#8243;][vc_column][vc_column_text responsive_align=&#8221;left&#8221;]\n<h5 style=\"text-align: center;\"><b>ABSZTRAKT:<\/b><\/h5>\n[\/vc_column_text][vc_column_text responsive_align=&#8221;left&#8221;]<span style=\"font-weight: 400;\">A workshop olyan kulcsfontoss\u00e1g\u00fa akci\u00f3technik\u00e1kat mutat be, mint a &#8222;felt\u00e1r\u00f3 sz\u00e9k&#8221;, a metafor\u00e1k, sz\u00f6vegalkot\u00e1si j\u00e1t\u00e9kok, t\u00e1rgyak vagy k\u00e9pk\u00e1rty\u00e1k haszn\u00e1lata. A workshop e technik\u00e1k alkalmaz\u00e1s\u00e1val j\u00e1rja k\u00f6r\u00fcl az akad\u00e1lyok \u00e9s seg\u00edt\u0151 er\u0151k szociodramatikus felt\u00e9rk\u00e9pez\u00e9snek lehet\u0151s\u00e9geit, annak \u00e9rdek\u00e9ben, hogy el\u0151seg\u00edts\u00fck a k\u00fcl\u00f6nb\u00f6z\u0151 k\u00f6z\u00f6ss\u00e9gek, csoportok, \u00e9s teamek sz\u00e1m\u00e1ra a v\u00e1ltoz\u00e1st \u00e9s kollekt\u00edv\u00e1juk \u00faj j\u00f6v\u0151k\u00e9p\u00e9nek megalkot\u00e1s\u00e1t. A workshop a csoportvezet\u0151k\u00a0 &#8222;Facilitating Collective Intelligence, a Handbook for Trainers, Coaches, Consultants and Leaders&#8221; (Routledge 2029) c\u00edm\u0171 k\u00f6nyv\u00e9hez kapcsol\u00f3dik.\u00a0<\/span><\/p>\n<p><span style=\"font-weight: 400;\">Az akci\u00f3technik\u00e1k mellett foglalkozni fogunk: (1) A szociodramatikus munka megk\u00f6nny\u00edt\u00e9s\u00e9hez sz\u00fcks\u00e9ges legfontosabb bels\u0151 attit\u0171d\u00f6kkel; illetve (2) azokkal a kulcsmozzanatokkal, amelyek a kollekt\u00edv intelligencia aktiv\u00e1l\u00e1s\u00e1hoz sz\u00fcks\u00e9gesek a szociodramatikus munk\u00e1ban.\u00a0<\/span><\/p>\n<p><span style=\"font-weight: 400;\">A workshop\u00a0 r\u00e9sztvev\u0151i:\u00a0<\/span><\/p>\n<ul>\n<li style=\"font-weight: 400;\" aria-level=\"1\"><span style=\"font-weight: 400;\">Elsaj\u00e1t\u00edtanak egy bels\u0151 hozz\u00e1\u00e1ll\u00e1st, ami szociodramatikus munka fecilit\u00e1l\u00e1s\u00e1hoz sz\u00fcks\u00e9ges;\u00a0<\/span><\/li>\n<li style=\"font-weight: 400;\" aria-level=\"1\"><span style=\"font-weight: 400;\">Megismerik egy kulcsk\u00e9rd\u00e9s megfogalmaz\u00e1s\u00e1nak m\u00f3dj\u00e1t, amellyel aktivi\u00e1lni lehet a k\u00f6z\u00f6s intelligenci\u00e1t a szociodramatikus munk\u00e1ban;\u00a0<\/span><\/li>\n<li style=\"font-weight: 400;\" aria-level=\"1\"><span style=\"font-weight: 400;\">Felfedezik egy-egy akci\u00f3technika haszn\u00e1lat\u00e1t a szociodramatikus munka elm\u00e9ly\u00edt\u00e9se \u00e9rdek\u00e9ben.<\/span><\/li>\n<\/ul>\n[\/vc_column_text][mk_padding_divider size=&#8221;30&#8243;][vc_column_text responsive_align=&#8221;left&#8221;]\n<h5 style=\"text-align: center;\"><b>AZ EL\u0150AD\u00d3KRL:<\/b><\/h5>\n[\/vc_column_text][vc_row_inner][vc_column_inner width=&#8221;1\/4&#8243;][mk_image src=&#8221;https:\/\/8thsociodramaconference.com\/wp-content\/uploads\/2024\/02\/AgatheChantal.png&#8221; image_width=&#8221;402&#8243; image_height=&#8221;275&#8243; crop=&#8221;false&#8221; hover=&#8221;false&#8221;][\/vc_column_inner][vc_column_inner width=&#8221;3\/4&#8243;][vc_column_text responsive_align=&#8221;left&#8221;]<span style=\"font-weight: 400;\">Chantal N\u00e8ve-Hanquet alap\u00edt\u00f3 tagja a FEPTO-nak, tagja az IAGP-nek.<\/span><br \/>\n<span style=\"font-weight: 400;\">Nemzetk\u00f6zi pszichol\u00f3giai karrierje a pszichodr\u00e1ma, a szociodr\u00e1ma, a jungi anal\u00edzis \u00e9s a csal\u00e1dter\u00e1pia ter\u00fclet\u00e9n zajlott. \u00d6tven \u00e9vnyi csoportokkal v\u00e9gzett munk\u00e1ja sor\u00e1n jelent\u0151sen hozz\u00e1j\u00e1rult az akci\u00f3m\u00f3dszerek elterjed\u00e9s\u00e9hez. <\/span><\/p>\n<p><span style=\"font-weight: 400;\">Agathe Crespel A Moreno Museo Association (Moreno M\u00fazeum Egyes\u00fclet) tagja.<\/span><br \/>\n<span style=\"font-weight: 400;\">Agathe Crespel Belgiumban \u00e9s Franciaorsz\u00e1gban tanult, pszichol\u00f3gus, pszichodramatista \u00e9s szociodramatista, akci\u00f3m\u00f3dszer vezet\u0151. Az elm\u00falt tizen\u00f6t \u00e9vben k\u00fcl\u00f6nb\u00f6z\u0151 szakmai k\u00f6rnyezetben vezetett csoportokat, sz\u00e9les k\u00f6rben alkalmazta az akci\u00f3m\u00f3dszereket a szuperv\u00edzi\u00f3ban, a coachingban \u00e9s a kreativit\u00e1s fokoz\u00e1s\u00e1ban. <\/span><\/p>\n<p><span style=\"font-weight: 400;\">Agathe Crespel \u00e9s Chantal N\u00e8ve Hanquet a szerz\u0151i a k\u00f6vetkez\u0151 k\u00f6nyvnek : &#8222;Facilitating Collective Intelligence, a Handbook for Trainers, Coaches, Consultants and Leaders&#8221; (Routledge 2019).<\/span><\/p>\n<p><span style=\"font-weight: 400;\">A szerz\u0151k a br\u00fcsszeli sz\u00e9khely\u0171 Pszichoszociol\u00f3giai K\u00e9pz\u00e9si \u00e9s Intervenci\u00f3s K\u00f6zpont (CFIP) tagjak\u00e9nt kongresszusokon \u00e9s workshopokon vezetnek csoportokat Olaszorsz\u00e1gban, Franciaorsz\u00e1gban, Bulg\u00e1ri\u00e1ban, G\u00f6r\u00f6gorsz\u00e1gban, Sv\u00e1jcban, Sv\u00e9dorsz\u00e1gban, T\u00f6r\u00f6korsz\u00e1gban, \u00e9s az Egyes\u00fclt \u00c1llamokban.<\/span>[\/vc_column_text][\/vc_column_inner][\/vc_row_inner][\/vc_column][\/mk_page_section]\n<\/section>","protected":false},"excerpt":{"rendered":"<p>[mk_page_section][vc_column][mk_fancy_title tag_name=&#8221;h2&#8243; size=&#8221;40&#8243; line_height=&#8221;50&#8243; font_family=&#8221;Oswald&#8221; font_type=&#8221;google&#8221; margin_bottom=&#8221;0&#8243;] A KOLLEKT\u00cdV INTELLIGENCIA AKTIV\u00c1L\u00c1S\u00c1NAK SEG\u00cdT\u00c9SE SZOCIODR\u00c1M\u00c1VAL (A workshop nyelve angol) EL\u0150AD\u00d3K: CHANTAL N\u00c8VE HANQUET &#8211; AGATHE CRESPEL [\/mk_fancy_title][vc_row_inner][vc_column_inner width=&#8221;1\/6&#8243;][mk_image_box title=&#8221;Sociodrama and power&#8221; src=&#8221;https:\/\/8thsociodramaconference.com\/wp-content\/uploads\/2024\/02\/Organisational-Dev-2.png&#8221; media_width=&#8221;421&#8243; media_height=&#8221;294&#8243; crop=&#8221;false&#8221; image_link=&#8221;url&#8221; url=&#8221;https:\/\/8thsociodramaconference.com\/topic-organisational-development\/&#8221; target=&#8221;_blank&#8221; align=&#8221;center&#8221; rounded_corner=&#8221;true&#8221;][\/mk_image_box][\/vc_column_inner][vc_column_inner width=&#8221;2\/3&#8243;][vc_column_text responsive_align=&#8221;left&#8221;] ID\u0150PONT: J\u00fanius 29. szombat, 10:00-12:30 T\u00c9MA: Szociodr\u00e1ma a szervezetfejleszt\u00e9sben, coachingban \u00e9s tr\u00e9ningekben PROGRAM T\u00cdPUSA: Workshop [&hellip;]<\/p>\n","protected":false},"author":4,"featured_media":0,"parent":0,"menu_order":0,"comment_status":"closed","ping_status":"closed","template":"","meta":{"footnotes":""},"class_list":["post-5907","page","type-page","status-publish","hentry"],"_links":{"self":[{"href":"https:\/\/8thsociodramaconference.com\/hu\/wp-json\/wp\/v2\/pages\/5907","targetHints":{"allow":["GET"]}}],"collection":[{"href":"https:\/\/8thsociodramaconference.com\/hu\/wp-json\/wp\/v2\/pages"}],"about":[{"href":"https:\/\/8thsociodramaconference.com\/hu\/wp-json\/wp\/v2\/types\/page"}],"author":[{"embeddable":true,"href":"https:\/\/8thsociodramaconference.com\/hu\/wp-json\/wp\/v2\/users\/4"}],"replies":[{"embeddable":true,"href":"https:\/\/8thsociodramaconference.com\/hu\/wp-json\/wp\/v2\/comments?post=5907"}],"version-history":[{"count":9,"href":"https:\/\/8thsociodramaconference.com\/hu\/wp-json\/wp\/v2\/pages\/5907\/revisions"}],"predecessor-version":[{"id":7826,"href":"https:\/\/8thsociodramaconference.com\/hu\/wp-json\/wp\/v2\/pages\/5907\/revisions\/7826"}],"wp:attachment":[{"href":"https:\/\/8thsociodramaconference.com\/hu\/wp-json\/wp\/v2\/media?parent=5907"}],"curies":[{"name":"wp","href":"https:\/\/api.w.org\/{rel}","templated":true}]}}