{"id":5901,"date":"2024-02-14T20:21:45","date_gmt":"2024-02-14T19:21:45","guid":{"rendered":"https:\/\/8thsociodramaconference.com\/program-philia-issari-georgios-chaniotis-katerina-lioliou\/"},"modified":"2024-06-01T06:11:22","modified_gmt":"2024-06-01T04:11:22","slug":"program-philia-issari-georgios-chaniotis-katerina-lioliou","status":"publish","type":"page","link":"https:\/\/8thsociodramaconference.com\/hu\/program-philia-issari-georgios-chaniotis-katerina-lioliou\/","title":{"rendered":"Program Philia Issari &#8211; Georgios Chaniotis &#8211; Katerina Lioliou"},"content":{"rendered":"<section class=\"wpb-content-wrapper\">[mk_page_section][vc_column][mk_fancy_title tag_name=&#8221;h2&#8243; size=&#8221;40&#8243; line_height=&#8221;50&#8243; font_family=&#8221;Oswald&#8221; font_type=&#8221;google&#8221; margin_bottom=&#8221;0&#8243;]\n<h3 style=\"text-align: center;\"><b>A SZOCIODR\u00c1MA ALKALMAZ\u00c1SA A T\u00c1RSADALMI K\u00c9RD\u00c9SEK<br \/>\nR\u00c9SZV\u00c9TELI, MULTIMOD\u00c1LIS, \u00c9LM\u00c9NYALAP\u00da TANULM\u00c1NYOZ\u00c1S\u00c1BAN<\/b><\/h3>\n<h5 style=\"text-align: center;\"><em>(Az el\u0151ad\u00e1s nyelve angol, magyar nyelv\u0171 tolm\u00e1csol\u00e1ssal)<\/em><\/h5>\n<h5 style=\"text-align: center;\"><span style=\"color: #800000;\"><strong>EL\u0150AD\u00d3K:<\/strong><b> PHILIA ISSARI &#8211; GEORGIOS CHANIOTIS &#8211; KATERINA LIOLIOU<\/b><\/span><\/h5>\n[\/mk_fancy_title][vc_row_inner][vc_column_inner width=&#8221;1\/6&#8243;][mk_image_box title=&#8221;Sociodrama and power&#8221; src=&#8221;https:\/\/8thsociodramaconference.com\/wp-content\/uploads\/2024\/02\/Different-Social-Groups-\u2013-the-Strengths-of-Communities-2.png&#8221; media_width=&#8221;421&#8243; media_height=&#8221;294&#8243; crop=&#8221;false&#8221; image_link=&#8221;url&#8221; url=&#8221;https:\/\/8thsociodramaconference.com\/&#8221; target=&#8221;_blank&#8221; align=&#8221;center&#8221; rounded_corner=&#8221;true&#8221;][\/mk_image_box][\/vc_column_inner][vc_column_inner width=&#8221;2\/3&#8243;][vc_column_text responsive_align=&#8221;left&#8221;]\n<h5 style=\"text-align: left;\"><b>ID\u0150PONT<\/b><strong>: <\/strong>j\u00fanius 29. szombat, 9:00-9:50<br \/>\n<strong>T\u00c9MA: <\/strong>Szociodr\u00e1ma k\u00fcl\u00f6nf\u00e9le t\u00e1rsadalmi sz\u00edntereken \u00e9s csoportokban \u2013 a k\u00f6z\u00f6ss\u00e9gek ereje<br \/>\n<strong>PROGRAM T\u00cdPUSA: <\/strong>prezent\u00e1ci\u00f3<br \/>\n<strong>TEREM:<\/strong><br \/>\n<strong>R\u00c9SZTVEV\u0150K SZ\u00c1MA: <\/strong>kik\u00f6t\u00e9s n\u00e9lk\u00fcl<br \/>\n<strong>NYELV:\u00a0<\/strong>Angol, magyar tolm\u00e1csol\u00e1ssal<br \/>\n<strong>TAGS: <\/strong><a href=\"https:\/\/8thsociodramaconference.com\/hu\/topic-different-social-groups\/\" target=\"_blank\" rel=\"noopener\">V\u00e1ltozatos csoportok, <\/a><a href=\"https:\/\/8thsociodramaconference.com\/hu\/presentations-jun29-morning\/\" target=\"_blank\" rel=\"noopener\">Prezent\u00e1ci\u00f3k j\u00fanius 29-\u00e9n d\u00e9lel\u0151tt<\/a><\/h5>\n<h5 style=\"text-align: left;\"><\/h5>\n[\/vc_column_text][\/vc_column_inner][vc_column_inner width=&#8221;1\/6&#8243;][\/vc_column_inner][\/vc_row_inner][\/vc_column][\/mk_page_section][mk_page_section padding=&#8221;0&#8243;][vc_column][vc_column_text responsive_align=&#8221;left&#8221;]\n<h5 style=\"text-align: center;\"><b>ABSZTRAKT:<\/b><\/h5>\n[\/vc_column_text][vc_column_text responsive_align=&#8221;left&#8221;]<span style=\"font-weight: 400;\">Ez az el\u0151ad\u00e1s az \u201e\u00c1tmenet 8: T\u00e1rsadalmi k\u00e9rd\u00e9sek, a technol\u00f3gia \u00e9s a kort\u00e1rs m\u0171v\u00e9szet \u00f6sszekapcsol\u00e1sa\u201d c\u00edm\u0171 innovat\u00edv transzdiszciplin\u00e1ris projektet mutatja be. E projekt keret\u00e9ben k\u00fcl\u00f6nf\u00e9le multimod\u00e1lis m\u00f3dszerek ker\u00fcltek alkalmaz\u00e1sra a t\u00e1rsadalmi k\u00e9rd\u00e9sek \u00e1llampolg\u00e1rokra gyakorolt hat\u00e1s\u00e1nak tanulm\u00e1nyoz\u00e1s\u00e1ra, valamint \u00f6sszekapcsol\u00e1s\u00e1ra a technol\u00f3gi\u00e1val \u00e9s a kort\u00e1rs m\u0171v\u00e9szettel.\u00a0<\/span><\/p>\n<p><span style=\"font-weight: 400;\">M\u00e1s r\u00e9szv\u00e9teli m\u0171v\u00e9szeti alap\u00fa megk\u00f6zel\u00edt\u00e9sekhez hasonl\u00f3an &#8211; mint p\u00e9ld\u00e1ul a szoci\u00e1lis sz\u00ednh\u00e1z (Salda\u00f1a, 2011) -, a szociodr\u00e1ma is az elm\u00falt \u00e9vekben v\u00e1lt a t\u00e1rsadalmi t\u00e9m\u00e1k kvalitat\u00edv elemz\u00e9s\u00e9nek innovat\u00edv m\u00f3dszer\u00e9b\u0151l a k\u00f6z\u00f6ss\u00e9gfejleszt\u00e9s ter\u00fclet\u00e9n alkalmazhat\u00f3 meghat\u00e1roz\u00f3 transzformat\u00edv beavatkoz\u00e1ss\u00e1 (Conrad &amp; Sinner, 2015).\u00a0<\/span><\/p>\n<p><span style=\"font-weight: 400;\">A projekt sor\u00e1n hat szociodr\u00e1ma esem\u00e9nyr\u0151l volt adatgy\u0171jt\u00e9s, oly m\u00f3don, hogy k\u00e9t alkalom jutott egy-egy t\u00e9m\u00e1ra. A t\u00e9m\u00e1k a k\u00f6vetkez\u0151k voltak: k\u00f6rnyezet, munka, migr\u00e1ci\u00f3. Eleusis v\u00e1ros\u00e1nak lakosai k\u00f6z\u00fcl toborozt\u00e1k a r\u00e9sztvev\u0151ket. Arra h\u00edvt\u00e1k \u0151ket, hogy a saj\u00e1t n\u00e9z\u0151pontjukb\u00f3l fejezz\u00e9k ki aggodalmaikat, tapasztalataikat saj\u00e1t v\u00e1rosi \u00e9let\u00fckkel kapcsolatban a helyi k\u00f6z\u00f6ss\u00e9g sz\u00e1m\u00e1ra k\u00f6zponti t\u00e9m\u00e1kban. Minden \u00fcl\u00e9s k\u00f6r\u00fclbel\u00fcl m\u00e1sf\u00e9l \u00f3r\u00e1s volt. Az alkalmakat k\u00e9t tapasztalt szociodr\u00e1ma csoportvezet\u0151 facilit\u00e1lta, akik a kutat\u00f3csoport tagjai voltak. \u0150k hat\u00e1rozt\u00e1k meg az egyes alkalmak c\u00e9lj\u00e1t, menet\u00e9t \u00e9s tev\u00e9kenys\u00e9g form\u00e1it. A kutat\u00f3csoport multimod\u00e1lis kutat\u00e1si \u00e9rdekl\u0151d\u00e9s\u00e9hez igazodva, a foglalkoz\u00e1sokat vide\u00f3- \u00e9s hangfelv\u00e9telen r\u00f6gz\u00edtett\u00e9k. Okos\u00f3r\u00e1khoz hasonl\u00f3, viselhet\u0151 szenzorral ell\u00e1tott, az \u00e9rzelmi izgalomhoz kapcsol\u00f3d\u00f3 fiziol\u00f3giai jeleket m\u00e9r\u0151 biometrikus adatot gy\u0171jt\u00f6ttek azokt\u00f3l a r\u00e9sztvev\u0151kt\u0151l, akik v\u00e1llalt\u00e1k az eszk\u00f6z\u00f6k visel\u00e9s\u00e9t. A foglalkoz\u00e1son szerzett adatokat a m\u0171v\u00e9szek hang, vizu\u00e1lis, biometrikus \u00e9s verb\u00e1lis elemek form\u00e1j\u00e1ban kapt\u00e1k meg, amely inspir\u00e1ci\u00f3s forr\u00e1sk\u00e9nt szolg\u00e1lt a m\u0171v\u00e9szi produkci\u00f3hoz.\u00a0<\/span><\/p>\n<p><span style=\"font-weight: 400;\">Az el\u0151ad\u00e1s sor\u00e1n a kutat\u00e1s eredm\u00e9nyeit szint\u00e9n multimod\u00e1lis eszk\u00f6z\u00f6ket haszn\u00e1lva mutatjuk be.<\/span>[\/vc_column_text][mk_padding_divider size=&#8221;30&#8243;][vc_column_text responsive_align=&#8221;left&#8221;]\n<h5 style=\"text-align: center;\"><b>AZ EL\u0150AD\u00d3KR\u00d3L:<\/b><\/h5>\n[\/vc_column_text][vc_row_inner][vc_column_inner width=&#8221;1\/4&#8243;][mk_image src=&#8221;https:\/\/8thsociodramaconference.com\/wp-content\/uploads\/2024\/03\/philia-issari.png&#8221; image_width=&#8221;402&#8243; image_height=&#8221;275&#8243; crop=&#8221;false&#8221; hover=&#8221;false&#8221;][\/vc_column_inner][vc_column_inner width=&#8221;3\/4&#8243;][vc_column_text responsive_align=&#8221;left&#8221;]<span style=\"font-weight: 400;\">Philia ISSARi :\u00a0<\/span><span style=\"font-weight: 400;\">Ath\u00e9ni Nemzeti \u00e9s Kapodisztr\u00e1nus Egyetem<\/span>[\/vc_column_text][\/vc_column_inner][\/vc_row_inner][vc_row_inner][vc_column_inner width=&#8221;1\/4&#8243;][mk_image src=&#8221;https:\/\/8thsociodramaconference.com\/wp-content\/uploads\/2024\/02\/Yorgos.png&#8221; image_width=&#8221;402&#8243; image_height=&#8221;275&#8243; crop=&#8221;false&#8221; hover=&#8221;false&#8221;][\/vc_column_inner][vc_column_inner width=&#8221;3\/4&#8243;][vc_column_text responsive_align=&#8221;left&#8221;]<span style=\"font-weight: 400;\">Georgios CHANIOTIS : Szociodramatista \u00e9s pszichodramatista,, az I.S.C. Nemzetk\u00f6zi Tan\u00e1csad\u00f3 Bizotts\u00e1g\u00e1nak tagja, az 5. Nemzetk\u00f6zi Nemzetk\u00f6zi Szociodr\u00e1ma Konferencia szervez\u0151je (G\u00f6r\u00f6gorsz\u00e1g)<\/span>[\/vc_column_text][\/vc_column_inner][\/vc_row_inner][vc_row_inner][vc_column_inner width=&#8221;1\/4&#8243;][mk_image src=&#8221;https:\/\/8thsociodramaconference.com\/wp-content\/uploads\/2024\/03\/Lioliou-Aikaterini.png&#8221; image_width=&#8221;402&#8243; image_height=&#8221;275&#8243; crop=&#8221;false&#8221; hover=&#8221;false&#8221;][\/vc_column_inner][vc_column_inner width=&#8221;3\/4&#8243;][vc_column_text responsive_align=&#8221;left&#8221;]Katerina Lioliou: oktat\u00f3 \u00e9s pszichodr\u00e1ma vezet\u0151.<br \/>\n2009 \u00f3ta koordin\u00e1l oktat\u00e1si szemin\u00e1riumokat \u00e1ltal\u00e1nos iskolai tan\u00e1rok sz\u00e1m\u00e1ra, tart pszichodr\u00e1ma csoportokat (Agioi Anargyroi \u00d6nkorm\u00e1nyzati Eg\u00e9szs\u00e9g\u00fcgyi K\u00f6zpont stb.), valamint r\u00e9szt vesz oktat\u00e1si programokban (romaprogramok, f\u00fcgg\u0151s\u00e9gmegel\u0151z\u0151 programok stb.).<br \/>\nA \u201ePszichodr\u00e1ma az iskol\u00e1ban\u201d projektje az \u00e1ltal\u00e1nos iskol\u00e1s gyerekekkel a k\u00f6zoktat\u00e1sban v\u00e9gzett munk\u00e1j\u00e1nak tapasztalataira \u00e9p\u00fcl.[\/vc_column_text][\/vc_column_inner][\/vc_row_inner][\/vc_column][\/mk_page_section]\n<\/section>","protected":false},"excerpt":{"rendered":"<p>[mk_page_section][vc_column][mk_fancy_title tag_name=&#8221;h2&#8243; size=&#8221;40&#8243; line_height=&#8221;50&#8243; font_family=&#8221;Oswald&#8221; font_type=&#8221;google&#8221; margin_bottom=&#8221;0&#8243;] A SZOCIODR\u00c1MA ALKALMAZ\u00c1SA A T\u00c1RSADALMI K\u00c9RD\u00c9SEK R\u00c9SZV\u00c9TELI, MULTIMOD\u00c1LIS, \u00c9LM\u00c9NYALAP\u00da TANULM\u00c1NYOZ\u00c1S\u00c1BAN (Az el\u0151ad\u00e1s nyelve angol, magyar nyelv\u0171 tolm\u00e1csol\u00e1ssal) EL\u0150AD\u00d3K: PHILIA ISSARI &#8211; GEORGIOS CHANIOTIS &#8211; KATERINA LIOLIOU [\/mk_fancy_title][vc_row_inner][vc_column_inner width=&#8221;1\/6&#8243;][mk_image_box title=&#8221;Sociodrama and power&#8221; src=&#8221;https:\/\/8thsociodramaconference.com\/wp-content\/uploads\/2024\/02\/Different-Social-Groups-\u2013-the-Strengths-of-Communities-2.png&#8221; media_width=&#8221;421&#8243; media_height=&#8221;294&#8243; crop=&#8221;false&#8221; image_link=&#8221;url&#8221; url=&#8221;https:\/\/8thsociodramaconference.com\/&#8221; target=&#8221;_blank&#8221; align=&#8221;center&#8221; rounded_corner=&#8221;true&#8221;][\/mk_image_box][\/vc_column_inner][vc_column_inner width=&#8221;2\/3&#8243;][vc_column_text responsive_align=&#8221;left&#8221;] ID\u0150PONT: j\u00fanius 29. szombat, 9:00-9:50 T\u00c9MA: [&hellip;]<\/p>\n","protected":false},"author":4,"featured_media":0,"parent":0,"menu_order":0,"comment_status":"closed","ping_status":"closed","template":"","meta":{"footnotes":""},"class_list":["post-5901","page","type-page","status-publish","hentry"],"_links":{"self":[{"href":"https:\/\/8thsociodramaconference.com\/hu\/wp-json\/wp\/v2\/pages\/5901","targetHints":{"allow":["GET"]}}],"collection":[{"href":"https:\/\/8thsociodramaconference.com\/hu\/wp-json\/wp\/v2\/pages"}],"about":[{"href":"https:\/\/8thsociodramaconference.com\/hu\/wp-json\/wp\/v2\/types\/page"}],"author":[{"embeddable":true,"href":"https:\/\/8thsociodramaconference.com\/hu\/wp-json\/wp\/v2\/users\/4"}],"replies":[{"embeddable":true,"href":"https:\/\/8thsociodramaconference.com\/hu\/wp-json\/wp\/v2\/comments?post=5901"}],"version-history":[{"count":12,"href":"https:\/\/8thsociodramaconference.com\/hu\/wp-json\/wp\/v2\/pages\/5901\/revisions"}],"predecessor-version":[{"id":8135,"href":"https:\/\/8thsociodramaconference.com\/hu\/wp-json\/wp\/v2\/pages\/5901\/revisions\/8135"}],"wp:attachment":[{"href":"https:\/\/8thsociodramaconference.com\/hu\/wp-json\/wp\/v2\/media?parent=5901"}],"curies":[{"name":"wp","href":"https:\/\/api.w.org\/{rel}","templated":true}]}}