{"id":5895,"date":"2024-02-14T19:20:20","date_gmt":"2024-02-14T18:20:20","guid":{"rendered":"https:\/\/8thsociodramaconference.com\/program-deniz-altinay\/"},"modified":"2024-05-26T15:18:54","modified_gmt":"2024-05-26T13:18:54","slug":"program-deniz-altinay","status":"publish","type":"page","link":"https:\/\/8thsociodramaconference.com\/hu\/program-deniz-altinay\/","title":{"rendered":"Program Deniz Altinay"},"content":{"rendered":"<section class=\"wpb-content-wrapper\">[mk_page_section][vc_column][mk_fancy_title tag_name=&#8221;h2&#8243; size=&#8221;40&#8243; line_height=&#8221;50&#8243; font_family=&#8221;Oswald&#8221; font_type=&#8221;google&#8221; margin_bottom=&#8221;0&#8243;]\n<h3 style=\"text-align: center;\"><b>PSZICHOSZOCIODR\u00c1MA &#8211; KULTUR\u00c1LIS- \u00c9S\u00a0 SZEREPVISZONYUL\u00c1SOK A VIL\u00c1G PROBL\u00c9M\u00c1IHOZ.<br \/>\nMENNYIRE VAGYOK \u00c9N FELEL\u0150S A VIL\u00c1G PROBL\u00c9M\u00c1I\u00c9RT? MIT KELLENE TENNEM?<\/b><\/h3>\n<h5 style=\"text-align: center;\"><em>(A workshop nyelve angol)<\/em><\/h5>\n<h5 style=\"text-align: center;\"><span style=\"color: #800000;\"><strong>EL\u0150AD\u00d3:<\/strong><b> DENIZ ALTINAY<\/b><\/span><\/h5>\n[\/mk_fancy_title][vc_row_inner][vc_column_inner width=&#8221;1\/6&#8243;][mk_image_box title=&#8221;Sociodrama and power&#8221; src=&#8221;https:\/\/8thsociodramaconference.com\/wp-content\/uploads\/2024\/02\/Creative-Collectives-2.png&#8221; media_width=&#8221;421&#8243; media_height=&#8221;294&#8243; crop=&#8221;false&#8221; image_link=&#8221;url&#8221; url=&#8221;https:\/\/8thsociodramaconference.com\/topic-sociodrama-creative-collectives\/&#8221; target=&#8221;_blank&#8221; align=&#8221;center&#8221; rounded_corner=&#8221;true&#8221;][\/mk_image_box][\/vc_column_inner][vc_column_inner width=&#8221;2\/3&#8243;][vc_column_text responsive_align=&#8221;left&#8221;]\n<h5 style=\"text-align: left;\"><b>ID\u0150K\u00c9P<\/b><strong>: <\/strong>J\u00fanius 27. cs\u00fct\u00f6rt\u00f6k, 14:00-16:30<br \/>\n<strong>T\u00c9MA: <\/strong>Alkot\u00f3 szociodr\u00e1ma k\u00f6z\u00f6ss\u00e9gek megteremt\u00e9se \u2013 helyi \u00e9s nemzetk\u00f6zi csoportok \u00e9s h\u00e1l\u00f3zatok<br \/>\n<strong>PROGRAM T\u00cdPUSA: <\/strong>Workshop<br \/>\n<strong>TEREM:<\/strong><br \/>\n<strong>R\u00c9SZTVEV\u0150K SZ\u00c1MA: <\/strong>50<br \/>\n<strong>NYELV:<\/strong> Angol<br \/>\n<strong>C\u00cdMKE: <\/strong><a href=\"https:\/\/8thsociodramaconference.com\/hu\/topic-sociodrama-creative-collectives\/\" target=\"_blank\" rel=\"noopener\">Kreat\u00edv k\u00f6z\u00f6ss\u00e9gek,<\/a> <a href=\"https:\/\/8thsociodramaconference.com\/hu\/workshops-jun27-afternoon\/\" target=\"_blank\" rel=\"noopener\">Programok j\u00fanius 27-\u00e9n d\u00e9lut\u00e1n<\/a><\/h5>\n[\/vc_column_text][\/vc_column_inner][vc_column_inner width=&#8221;1\/6&#8243;][\/vc_column_inner][\/vc_row_inner][\/vc_column][\/mk_page_section][mk_page_section padding=&#8221;0&#8243;][vc_column][vc_column_text responsive_align=&#8221;left&#8221;]\n<h5 style=\"text-align: center;\"><b>ABSZTRAKT:<\/b><\/h5>\n[\/vc_column_text][vc_column_text responsive_align=&#8221;left&#8221;]<span style=\"font-weight: 400;\">A szoci\u00e1tria a t\u00e1rsadalom gy\u00f3gy\u00edt\u00e1s\u00e1nak tudom\u00e1nya (Moreno, 1955). Moreno szoci\u00e1tri\u00e1ja a nagycsoportok \u00e9s t\u00e1rsadalmi viszonyok gy\u00f3gy\u00edt\u00e1s\u00e1ra szolg\u00e1l. A szoci\u00e1triai gondolkod\u00e1s jelenti a szociodr\u00e1ma alapjait, ez \u00e1ll kidolgoz\u00e1s\u00e1nak h\u00e1tter\u00e9ben. A szociometria patol\u00f3gi\u00e1s form\u00e1ira vonatkoz\u00f3 szoci\u00e1triai tud\u00e1s a csoportok abnorm\u00e1lis szervez\u0151d\u00e9seib\u0151l sz\u00e1rmazik, \u00e9s egyszerre jelent diagn\u00f3zist \u00e9s progn\u00f3zist, prevenci\u00f3t \u00e9s kezel\u00e9st a devi\u00e1ns csoportviselked\u00e9sekkel kapcsolatban. Az egy\u00e9n ment\u00e1lis eg\u00e9szs\u00e9ge nagy m\u00e9rt\u00e9kben \u00f6sszef\u00fcgg a t\u00e1rsadalom ment\u00e1lis eg\u00e9szs\u00e9g\u00e9vel, amelyben \u00e9l. Ezek k\u00f6lcs\u00f6n\u00f6sen hatnak egym\u00e1sra. A t\u00e1rsadalmi strukt\u00fara v\u00e1ltoz\u00e1sa f\u00fcgg a kultur\u00e1lis v\u00e1ltoz\u00e1st\u00f3l. A kult\u00fara v\u00e1ltoz\u00e1sa pedig a szerepek \u00e1talak\u00edt\u00e1s\u00e1n kereszt\u00fcl lehets\u00e9ges. A szerepek kollekt\u00edv vonatkoz\u00e1sai k\u00f6lcs\u00f6nhat\u00e1sban vannak azok szem\u00e9lyes aspektusaival is. Mindezeket figyelembe v\u00e9ve hogyan alkothatunk \u00faj kollekt\u00edv j\u00f6v\u0151k\u00e9peket? <\/span><\/p>\n<p><span style=\"font-weight: 400;\">\u201cA szociodr\u00e1ma egy m\u00e9ly dramatikus akci\u00f3m\u00f3dszer, amely a csoportk\u00f6zi viszonyokkal \u00e9s a kollekt\u00edv ideol\u00f3gi\u00e1kkal foglalkozik\u201d (Moreno 1943).\u00a0<\/span><\/p>\n<p><span style=\"font-weight: 400;\">A workshop sor\u00e1n, mik\u00f6zben felfedezz\u00fck egy \u00faj t\u00e1rsadalom mozgat\u00f3rug\u00f3it, az egy\u00e9nek szerepei is nagy jelent\u0151s\u00e9get kapnak. A workshop m\u0171faja \u201cpszichoszociodr\u00e1ma\u201d lesz.<\/span>[\/vc_column_text][mk_padding_divider size=&#8221;30&#8243;][vc_column_text responsive_align=&#8221;left&#8221;]\n<h5 style=\"text-align: center;\"><b>AZ EL\u0150AD\u00d3R\u00d3L:<\/b><\/h5>\n[\/vc_column_text][vc_row_inner][vc_column_inner width=&#8221;1\/4&#8243;][mk_image src=&#8221;https:\/\/8thsociodramaconference.com\/wp-content\/uploads\/2024\/02\/Deniz-Altinay.png&#8221; image_width=&#8221;402&#8243; image_height=&#8221;275&#8243; crop=&#8221;false&#8221; hover=&#8221;false&#8221;][\/vc_column_inner][vc_column_inner width=&#8221;3\/4&#8243;][vc_column_text responsive_align=&#8221;left&#8221;]<span style=\"font-weight: 400;\">Pszichodr\u00e1ma kik\u00e9pz\u0151, pszichoterapeuta. Ankar\u00e1ban szerzett pszichol\u00f3gus mesterdiplom\u00e1t. A T\u00f6r\u00f6k Csoportpszichoter\u00e1pi\u00e1s Egyes\u00fclet kor\u00e1bbi f\u0151titk\u00e1ra, az Isztambuli Pszichodr\u00e1ma Int\u00e9zet, a T\u00f6r\u00f6k Pszichodr\u00e1ma Int\u00e9zetek Sz\u00f6vets\u00e9ge \u00e9s az Isztambuli Playback Sz\u00ednh\u00e1z alap\u00edt\u00f3ja \u00e9s eln\u00f6ke. Szint\u00e9n alap\u00edt\u00faja Gyermekpszichodr\u00e1ma \u00e9s az Iskolai \u00e9s Int\u00e9zm\u00e9nyi Oktat\u00e1s Szekci\u00f3knak (szociodr\u00e1ma \u00e9s szerepj\u00e1t\u00e9k). K\u00f6nyvei (t\u00f6r\u00f6k nyelven); &#8222;450 bemeleg\u00edt\u0151 gyakorlat a pszichodr\u00e1m\u00e1ban\u201d, \u201cA pszichodr\u00e1ma \u00e9s a csoport pszichoter\u00e1pia k\u00e9zik\u00f6nyve&#8221;, &#8222;A Spontaneit\u00e1s Sz\u00ednh\u00e1za\u201d, &#8222;Gyermekpszichodr\u00e1ma&#8221;, &#8222;V\u00e1logatott k\u00e9rd\u00e9sek a pszichodr\u00e1m\u00e1ban&#8221;, &#8222;A pszichodr\u00e1ma alkalmaz\u00e1si ter\u00fcletei napjainkban&#8221;, &#8222;Pillanat&#8221;.<\/span><\/p>\n<p><span style=\"font-weight: 400;\">Az &#8222;IGPP E-Journal&#8221; egyik szerkeszt\u0151je . Az IAGP eln\u00f6ks\u00e9gi tagja. A FEPTO \u00e9s az EAP tagja.<\/span>[\/vc_column_text][\/vc_column_inner][\/vc_row_inner][\/vc_column][\/mk_page_section]\n<\/section>","protected":false},"excerpt":{"rendered":"<p>[mk_page_section][vc_column][mk_fancy_title tag_name=&#8221;h2&#8243; size=&#8221;40&#8243; line_height=&#8221;50&#8243; font_family=&#8221;Oswald&#8221; font_type=&#8221;google&#8221; margin_bottom=&#8221;0&#8243;] PSZICHOSZOCIODR\u00c1MA &#8211; KULTUR\u00c1LIS- \u00c9S\u00a0 SZEREPVISZONYUL\u00c1SOK A VIL\u00c1G PROBL\u00c9M\u00c1IHOZ. MENNYIRE VAGYOK \u00c9N FELEL\u0150S A VIL\u00c1G PROBL\u00c9M\u00c1I\u00c9RT? MIT KELLENE TENNEM? (A workshop nyelve angol) EL\u0150AD\u00d3: DENIZ ALTINAY [\/mk_fancy_title][vc_row_inner][vc_column_inner width=&#8221;1\/6&#8243;][mk_image_box title=&#8221;Sociodrama and power&#8221; src=&#8221;https:\/\/8thsociodramaconference.com\/wp-content\/uploads\/2024\/02\/Creative-Collectives-2.png&#8221; media_width=&#8221;421&#8243; media_height=&#8221;294&#8243; crop=&#8221;false&#8221; image_link=&#8221;url&#8221; url=&#8221;https:\/\/8thsociodramaconference.com\/topic-sociodrama-creative-collectives\/&#8221; target=&#8221;_blank&#8221; align=&#8221;center&#8221; rounded_corner=&#8221;true&#8221;][\/mk_image_box][\/vc_column_inner][vc_column_inner width=&#8221;2\/3&#8243;][vc_column_text responsive_align=&#8221;left&#8221;] ID\u0150K\u00c9P: J\u00fanius 27. cs\u00fct\u00f6rt\u00f6k, 14:00-16:30 T\u00c9MA: Alkot\u00f3 [&hellip;]<\/p>\n","protected":false},"author":4,"featured_media":0,"parent":0,"menu_order":0,"comment_status":"closed","ping_status":"closed","template":"","meta":{"footnotes":""},"class_list":["post-5895","page","type-page","status-publish","hentry"],"_links":{"self":[{"href":"https:\/\/8thsociodramaconference.com\/hu\/wp-json\/wp\/v2\/pages\/5895","targetHints":{"allow":["GET"]}}],"collection":[{"href":"https:\/\/8thsociodramaconference.com\/hu\/wp-json\/wp\/v2\/pages"}],"about":[{"href":"https:\/\/8thsociodramaconference.com\/hu\/wp-json\/wp\/v2\/types\/page"}],"author":[{"embeddable":true,"href":"https:\/\/8thsociodramaconference.com\/hu\/wp-json\/wp\/v2\/users\/4"}],"replies":[{"embeddable":true,"href":"https:\/\/8thsociodramaconference.com\/hu\/wp-json\/wp\/v2\/comments?post=5895"}],"version-history":[{"count":8,"href":"https:\/\/8thsociodramaconference.com\/hu\/wp-json\/wp\/v2\/pages\/5895\/revisions"}],"predecessor-version":[{"id":7674,"href":"https:\/\/8thsociodramaconference.com\/hu\/wp-json\/wp\/v2\/pages\/5895\/revisions\/7674"}],"wp:attachment":[{"href":"https:\/\/8thsociodramaconference.com\/hu\/wp-json\/wp\/v2\/media?parent=5895"}],"curies":[{"name":"wp","href":"https:\/\/api.w.org\/{rel}","templated":true}]}}