{"id":5892,"date":"2024-02-16T12:12:27","date_gmt":"2024-02-16T11:12:27","guid":{"rendered":"https:\/\/8thsociodramaconference.com\/program-yafi-shpirer\/"},"modified":"2024-05-27T17:54:48","modified_gmt":"2024-05-27T15:54:48","slug":"program-yafi-shpirer","status":"publish","type":"page","link":"https:\/\/8thsociodramaconference.com\/hu\/program-yafi-shpirer\/","title":{"rendered":"Program Yafi Shpirer"},"content":{"rendered":"<section class=\"wpb-content-wrapper\">[mk_page_section][vc_column][mk_fancy_title tag_name=&#8221;h2&#8243; size=&#8221;40&#8243; line_height=&#8221;50&#8243; font_family=&#8221;Oswald&#8221; font_type=&#8221;google&#8221; margin_bottom=&#8221;0&#8243;]\n<h3 style=\"text-align: center;\"><b>VAN-E K\u00d6Z\u00d6S J\u00d6V\u0150NK?<\/b><\/h3>\n<h5 style=\"text-align: center;\"><em>(A workshop nyelve angol, magyar nyelv\u0171 tolm\u00e1csol\u00e1ssal)<\/em><\/h5>\n<h5 style=\"text-align: center;\"><span style=\"color: #800000;\"><strong>EL\u0150AD\u00d3:<\/strong><b> YAFI SHPIRER<\/b><\/span><\/h5>\n[\/mk_fancy_title][vc_row_inner][vc_column_inner width=&#8221;1\/6&#8243;][mk_image_box title=&#8221;Sociodrama and power&#8221; src=&#8221;https:\/\/8thsociodramaconference.com\/wp-content\/uploads\/2024\/02\/Power-and-Democratic-1.png&#8221; media_width=&#8221;421&#8243; media_height=&#8221;294&#8243; crop=&#8221;false&#8221; image_link=&#8221;url&#8221; url=&#8221;https:\/\/8thsociodramaconference.com\/topic-sociodrama-power\/&#8221; target=&#8221;_blank&#8221; align=&#8221;center&#8221; rounded_corner=&#8221;true&#8221;][\/mk_image_box][\/vc_column_inner][vc_column_inner width=&#8221;2\/3&#8243;][vc_column_text responsive_align=&#8221;left&#8221;]\n<h5 style=\"text-align: left;\"><b>ID\u0150PONT<\/b><strong>: <\/strong>J\u00fanius 29. szombat, 14:00-16:30<br \/>\n<strong>T\u00c9MA: <\/strong>Szociodr\u00e1ma \u00e9s hatalom \u2013 a demokratikus \u00e9rt\u00e9kek j\u00f6v\u0151je<br \/>\n<strong>PROGRAM T\u00cdPUSA: <\/strong>Workshop<br \/>\n<strong>TEREM:<\/strong><br \/>\n<strong>R\u00c9SZTVEV\u0150K SZ\u00c1MA: <\/strong>30<br \/>\n<strong>NYELV:<\/strong> Angol, magyar nyelv\u0171 tolm\u00e1csol\u00e1ssal<br \/>\n<strong>C\u00cdMKE: <\/strong><a href=\"https:\/\/8thsociodramaconference.com\/hu\/topic-sociodrama-power\/\" target=\"_blank\" rel=\"noopener\">Szociodr\u00e1ma \u00e9s hatalom<\/a>, <a href=\"https:\/\/8thsociodramaconference.com\/hu\/workshops-jun29-afternoon\/\" target=\"_blank\" rel=\"noopener\">Programok j\u00fanius 29-\u00e9n d\u00e9lut\u00e1n<\/a><\/h5>\n[\/vc_column_text][\/vc_column_inner][vc_column_inner width=&#8221;1\/6&#8243;][\/vc_column_inner][\/vc_row_inner][\/vc_column][\/mk_page_section][mk_page_section padding=&#8221;0&#8243;][vc_column][vc_column_text responsive_align=&#8221;left&#8221;]\n<h5 style=\"text-align: center;\"><b>ABSZTRAKT:<\/b><\/h5>\n[\/vc_column_text][vc_column_text responsive_align=&#8221;left&#8221;]<span style=\"font-weight: 400;\">Ahogy Moreno is vallotta, amikor a demokratikus civil t\u00e1rsadalmat bels\u0151 \u00e9s k\u00fcls\u0151 er\u0151k \u00e9s \u00e9rdekek fenyegetik, a csoportterapeut\u00e1k \u00e9s a csoportok tagjai jelent\u0151s, k\u00f6zponti szerepet kapnak. <\/span><\/p>\n<p><span style=\"font-weight: 400;\">A szociodramatikus munka olyan ter\u00e1pi\u00e1s \u00e9s oktat\u00e1si eszk\u00f6z, amely seg\u00edti a megfigyel\u00e9st, az \u00e9rzelmi \u00e9s ment\u00e1lis feldolgoz\u00e1st, \u00e9s el\u0151seg\u00edti a paradigmav\u00e1lt\u00e1sokat az emp\u00e1ti\u00e1n kereszt\u00fcl \u00e9s az \u00e9rz\u00e9keny v\u00e1ltoztat\u00e1sok r\u00e9v\u00e9n. <\/span><\/p>\n<p><span style=\"font-weight: 400;\">A workshop sor\u00e1n a r\u00e9sztvev\u0151k \u00faj gondolkod\u00e1sm\u00f3dokat vagy rejtett \u00e9rz\u00e9seket fedezhetnek fel, amelyek hozz\u00e1j\u00e1rulnak a civil \u00e9letben bek\u00f6vetkez\u0151 v\u00e1ltoz\u00e1sokhoz.<\/span>[\/vc_column_text][mk_padding_divider size=&#8221;30&#8243;][vc_column_text responsive_align=&#8221;left&#8221;]\n<h5 style=\"text-align: center;\"><b>AZ EL\u0150AD\u00d3R\u00d3L:<\/b><\/h5>\n[\/vc_column_text][vc_row_inner][vc_column_inner width=&#8221;1\/4&#8243;][mk_image src=&#8221;https:\/\/8thsociodramaconference.com\/wp-content\/uploads\/2024\/02\/Yafi-Shpirer.png&#8221; image_width=&#8221;402&#8243; image_height=&#8221;275&#8243; crop=&#8221;false&#8221; hover=&#8221;false&#8221;][\/vc_column_inner][vc_column_inner width=&#8221;3\/4&#8243;][vc_column_text responsive_align=&#8221;left&#8221;]<span style=\"font-weight: 400;\">Yafi Shpirer Argent\u00edn\u00e1ban sz\u00fcletett, 1977-ben Izraelbe v\u00e1ndorolt, a Nitzanim Kibbutzban telepedett le, jelenleg is itt \u00e9l.<\/span><br \/>\n<span style=\"font-weight: 400;\">1991 \u00f3ta foglalkozik pszichodr\u00e1m\u00e1val, a Kibbutzim Koll\u00e9gium \u00e9s a KIVUNIM Pszichodr\u00e1ma \u00e9s Csoportelemz\u0151 Int\u00e9zetben k\u00e9pz\u00e9s\u00e9vel.<\/span><br \/>\n<span style=\"font-weight: 400;\">2004 \u00f3ta pszichodr\u00e1ma terapeutak\u00e9nt dolgozik k\u00fcl\u00f6nb\u00f6z\u0151 helysz\u00edneken a G\u00e1zai \u00f6vezetben, ahol a biztons\u00e1g hi\u00e1nya \u00e9s a terrorizmus miatt traum\u00e1t elszenvedett \u00e1ldozatokkal foglalkozik. Gyermekek, fiatalok, feln\u0151ttek, tr\u00e9ningek, sz\u00fcl\u0151i tan\u00e1csad\u00e1s, ter\u00e1pi\u00e1s csoportok k\u00e9pz\u00e9se \u00e9s szuperv\u00edzi\u00f3juk ter\u00fclet\u00e9n.<\/span><br \/>\n<span style=\"font-weight: 400;\">Pszichodr\u00e1ma szupervizor k\u00e9pes\u00edt\u00e9ssel rendelkezik, mintegy 10 \u00e9vig az Izraeli Pszichodr\u00e1ma Sz\u00f6vets\u00e9g eln\u00f6ke volt, \u00e9s koordin\u00e1lta a FEPTO konferenci\u00e1t Izraelben.<\/span><br \/>\n<span style=\"font-weight: 400;\">Jelenleg az Izraeli Terapeut\u00e1k Kifejez\u00e9s\u00e9rt \u00e9s Alkot\u00e1s\u00e9rt Ter\u00e1pi\u00e1s Egyes\u00fclet &#8211; YAHAT &#8211; Pszichodr\u00e1ma Szakoszt\u00e1ly\u00e1nak eln\u00f6ke.<\/span><br \/>\n<span style=\"font-weight: 400;\">Csoportos pszichoter\u00e1pi\u00e1s tanulm\u00e1nyokat v\u00e9gzett a Tel Aviv-i Egyetemen \u00e9s csoportanal\u00edzist az IIGA-n.<\/span><br \/>\n<span style=\"font-weight: 400;\">A pszichodr\u00e1ma terapeutak\u00e9nt \u00e9s mentork\u00e9nt v\u00e9gzett munk\u00e1ja mellett a k\u00f6z\u00f6ss\u00e9g k\u00fcl\u00f6nb\u00f6z\u0151 ter\u00fcleteivel foglalkozik: v\u00e1ls\u00e1ghelyzetben l\u00e9v\u0151 k\u00f6z\u00f6ss\u00e9gek kezel\u00e9se, k\u00f6z\u00f6ss\u00e9gi konfliktusok, k\u00f6z\u00f6ss\u00e9gi v\u00e1ls\u00e1gok kezel\u00e9se stb.<\/span><br \/>\n<span style=\"font-weight: 400;\">Ma feln\u0151tt \u00e9s ifj\u00fas\u00e1gi terapeutak\u00e9nt dolgozik az Ashkelon Partiumi Region\u00e1lis Tan\u00e1cs Resiliencia K\u00f6zpontj\u00e1ban. Vezet\u0151 szoci\u00e1lis munk\u00e1s \u00f6nk\u00e9ntes az ASAF szervezetben (pszichoszoci\u00e1lis \u00e9s egy\u00e9b seg\u00edts\u00e9gny\u00fajt\u00e1s illeg\u00e1lis bev\u00e1ndorl\u00f3knak \u00e9s menek\u00fclteknek). A &#8222;NATAL&#8221; szervezet csoportos k\u00f6z\u00f6ss\u00e9gi seg\u00edt\u0151k fel\u00fcgyel\u0151je ( <\/span><a href=\"https:\/\/www.natal.org.il\/en\/\"><span style=\"font-weight: 400;\">https:\/\/www.natal.org.il\/en\/<\/span><\/a><span style=\"font-weight: 400;\">).<\/span>[\/vc_column_text][\/vc_column_inner][\/vc_row_inner][\/vc_column][\/mk_page_section]\n<\/section>","protected":false},"excerpt":{"rendered":"<p>[mk_page_section][vc_column][mk_fancy_title tag_name=&#8221;h2&#8243; size=&#8221;40&#8243; line_height=&#8221;50&#8243; font_family=&#8221;Oswald&#8221; font_type=&#8221;google&#8221; margin_bottom=&#8221;0&#8243;] VAN-E K\u00d6Z\u00d6S J\u00d6V\u0150NK? (A workshop nyelve angol, magyar nyelv\u0171 tolm\u00e1csol\u00e1ssal) EL\u0150AD\u00d3: YAFI SHPIRER [\/mk_fancy_title][vc_row_inner][vc_column_inner width=&#8221;1\/6&#8243;][mk_image_box title=&#8221;Sociodrama and power&#8221; src=&#8221;https:\/\/8thsociodramaconference.com\/wp-content\/uploads\/2024\/02\/Power-and-Democratic-1.png&#8221; media_width=&#8221;421&#8243; media_height=&#8221;294&#8243; crop=&#8221;false&#8221; image_link=&#8221;url&#8221; url=&#8221;https:\/\/8thsociodramaconference.com\/topic-sociodrama-power\/&#8221; target=&#8221;_blank&#8221; align=&#8221;center&#8221; rounded_corner=&#8221;true&#8221;][\/mk_image_box][\/vc_column_inner][vc_column_inner width=&#8221;2\/3&#8243;][vc_column_text responsive_align=&#8221;left&#8221;] ID\u0150PONT: J\u00fanius 29. szombat, 14:00-16:30 T\u00c9MA: Szociodr\u00e1ma \u00e9s hatalom \u2013 a demokratikus \u00e9rt\u00e9kek j\u00f6v\u0151je PROGRAM T\u00cdPUSA: Workshop TEREM: R\u00c9SZTVEV\u0150K [&hellip;]<\/p>\n","protected":false},"author":4,"featured_media":0,"parent":0,"menu_order":0,"comment_status":"closed","ping_status":"closed","template":"","meta":{"footnotes":""},"class_list":["post-5892","page","type-page","status-publish","hentry"],"_links":{"self":[{"href":"https:\/\/8thsociodramaconference.com\/hu\/wp-json\/wp\/v2\/pages\/5892","targetHints":{"allow":["GET"]}}],"collection":[{"href":"https:\/\/8thsociodramaconference.com\/hu\/wp-json\/wp\/v2\/pages"}],"about":[{"href":"https:\/\/8thsociodramaconference.com\/hu\/wp-json\/wp\/v2\/types\/page"}],"author":[{"embeddable":true,"href":"https:\/\/8thsociodramaconference.com\/hu\/wp-json\/wp\/v2\/users\/4"}],"replies":[{"embeddable":true,"href":"https:\/\/8thsociodramaconference.com\/hu\/wp-json\/wp\/v2\/comments?post=5892"}],"version-history":[{"count":7,"href":"https:\/\/8thsociodramaconference.com\/hu\/wp-json\/wp\/v2\/pages\/5892\/revisions"}],"predecessor-version":[{"id":7877,"href":"https:\/\/8thsociodramaconference.com\/hu\/wp-json\/wp\/v2\/pages\/5892\/revisions\/7877"}],"wp:attachment":[{"href":"https:\/\/8thsociodramaconference.com\/hu\/wp-json\/wp\/v2\/media?parent=5892"}],"curies":[{"name":"wp","href":"https:\/\/api.w.org\/{rel}","templated":true}]}}