{"id":5888,"date":"2024-02-16T21:22:15","date_gmt":"2024-02-16T20:22:15","guid":{"rendered":"https:\/\/8thsociodramaconference.com\/program-cissy-rock\/"},"modified":"2024-05-27T17:44:15","modified_gmt":"2024-05-27T15:44:15","slug":"program-cissy-rock","status":"publish","type":"page","link":"https:\/\/8thsociodramaconference.com\/hu\/program-cissy-rock\/","title":{"rendered":"Program Cissy Rock"},"content":{"rendered":"<section class=\"wpb-content-wrapper\">[mk_page_section][vc_column][mk_fancy_title tag_name=&#8221;h2&#8243; size=&#8221;40&#8243; line_height=&#8221;50&#8243; font_family=&#8221;Oswald&#8221; font_type=&#8221;google&#8221; margin_bottom=&#8221;0&#8243;]\n<h3 style=\"text-align: center;\"><b>A RENDSZEREK, AMELYEKBEN \u00c9L\u00dcNK<br \/>\n\u00c9S AZ ALKOT\u00d3K\u00c9PESS\u00c9G\u00dcNK, AMELY EMBEREKK\u00c9 TESZ MINKET<\/b><\/h3>\n<h5 style=\"text-align: center;\"><em>(A workshop nyelve angol, magyar nyelv\u0171 tolm\u00e1csol\u00e1ssal)<\/em><\/h5>\n<h5 style=\"text-align: center;\"><span style=\"color: #800000;\"><strong>EL\u0150AD\u00d3:<\/strong><b> CISSY ROCK<\/b><\/span><\/h5>\n[\/mk_fancy_title][vc_row_inner][vc_column_inner width=&#8221;1\/6&#8243;][mk_image_box title=&#8221;Sociodrama and power&#8221; src=&#8221;https:\/\/8thsociodramaconference.com\/wp-content\/uploads\/2024\/02\/Different-Social-Groups-\u2013-the-Strengths-of-Communities-2.png&#8221; media_width=&#8221;421&#8243; media_height=&#8221;294&#8243; crop=&#8221;false&#8221; image_link=&#8221;url&#8221; url=&#8221;https:\/\/8thsociodramaconference.com\/topic-different-social-groups\/&#8221; target=&#8221;_blank&#8221; align=&#8221;center&#8221; rounded_corner=&#8221;true&#8221;][\/mk_image_box][\/vc_column_inner][vc_column_inner width=&#8221;2\/3&#8243;][vc_column_text responsive_align=&#8221;left&#8221;]\n<h5 style=\"text-align: left;\"><b>ID\u0150K\u00c9P<\/b><strong>: <\/strong>J\u00fanius 29. szombat, 14:00-16:30<br \/>\n<strong>T\u00c9MA: <\/strong>Szociodr\u00e1ma k\u00fcl\u00f6nf\u00e9le t\u00e1rsadalmi sz\u00edntereken \u00e9s csoportokban \u2013 a k\u00f6z\u00f6ss\u00e9gek ereje<br \/>\n<strong>PROGRAM T\u00cdPUSA: <\/strong>Workshop<br \/>\n<strong>TEREM:<\/strong><br \/>\n<strong>R\u00c9SZTVEV\u0150K SZ\u00c1MA: <\/strong>50<br \/>\n<strong>NYELV:<\/strong> Angol, magyar nyelv\u0171 tolm\u00e1csol\u00e1ssal<br \/>\n<strong>C\u00cdMKE: <\/strong><a href=\"https:\/\/8thsociodramaconference.com\/hu\/topic-different-social-groups\/\" target=\"_blank\" rel=\"noopener\">V\u00e1ltozatos csoportok<\/a>, <a href=\"https:\/\/8thsociodramaconference.com\/hu\/workshops-jun29-afternoon\/\" target=\"_blank\" rel=\"noopener\">Programok j\u00fanius 29-\u00e9n d\u00e9lut\u00e1n<\/a><\/h5>\n[\/vc_column_text][\/vc_column_inner][vc_column_inner width=&#8221;1\/6&#8243;][\/vc_column_inner][\/vc_row_inner][\/vc_column][\/mk_page_section][mk_page_section padding=&#8221;0&#8243;][vc_column][vc_column_text responsive_align=&#8221;left&#8221;]\n<h5 style=\"text-align: center;\"><b>ABSZTRAKT:<\/b><\/h5>\n[\/vc_column_text][vc_column_text responsive_align=&#8221;left&#8221;]<span style=\"font-weight: 400;\">A m\u00e1sik ember n\u00e9z\u0151pontj\u00e1nak elismer\u00e9se, a csoport alkot\u00f3erej\u00e9nek felismer\u00e9se, az \u00e9rt\u00e9kel\u00e9s \u00e9s szeretet m\u00e1sok ir\u00e1ny\u00e1ba egyszer\u0171en az\u00e9rt, amilyenek &#8211; e k\u00e9pess\u00e9geink tesznek minket emberr\u00e9. Ugyanakkor k\u00f6nnyebb kimondani, mint gyakorlatba \u00fcltetni ezeket a k\u00e9pess\u00e9geinket. Ennek oka, hogy olyan rendszerekben \u00e9l\u00fcnk, amelyek m\u0171k\u00f6d\u00e9si mint\u00e1zataival szembe kell menn\u00fcnk, ha ezeket gyakorolni akarjuk. <\/span><\/p>\n<p><span style=\"font-weight: 400;\">Szociodr\u00e1ma workshopunkon Moreno \u201cszoci\u00e1lis\u201d \u00e9s \u201ckreat\u00edv\u201d forradalomra vonatkoz\u00f3 v\u00edzi\u00f3j\u00e1val fogunk dolgozni, amelyben az emberek \u00faj, szokatlan m\u00f3dokon k\u00e9pesek reag\u00e1lni \u00e9s szerepet tudnak cser\u00e9lni m\u00e1sokkal. <\/span><\/p>\n<p><span style=\"font-weight: 400;\">K\u00f6z\u00f6sen kutatunk majd egy meghat\u00e1rozott rendszert, felfedj\u00fck az e rendszert mozgat\u00f3 t\u00e1rsadalmi er\u0151ket, azonos\u00edtjuk az \u00f6sszef\u00fcgg\u00e9seket \u00e9s az egym\u00e1sra hat\u00f3 t\u00e9nyez\u0151ket, \u00e9s megk\u00fcl\u00f6nb\u00f6ztetj\u00fck azokat, amelyek t\u00e1mogatj\u00e1k \u00e9s amelyek akad\u00e1lyozz\u00e1k a r\u00e9sztvev\u0151ket abban, hogy kiteljes\u00edts\u00e9k emberi alkot\u00f3k\u00e9pess\u00e9g\u00fcket. <\/span><\/p>\n<p><span style=\"font-weight: 400;\">A workshop sor\u00e1n azt ismerhetik fel a r\u00e9sztvev\u0151k, hogy mi minden lehets\u00e9ges, amikor egy sziszt\u00e9ma minden cselekv\u0151je elk\u00f6telezett a csoportfolyamatban.<\/span>[\/vc_column_text][mk_padding_divider size=&#8221;30&#8243;][vc_column_text responsive_align=&#8221;left&#8221;]\n<h5 style=\"text-align: center;\"><b>AZ EL\u0150AD\u00d3R\u00d3L:<\/b><\/h5>\n[\/vc_column_text][vc_row_inner][vc_column_inner width=&#8221;1\/4&#8243;][mk_image src=&#8221;https:\/\/8thsociodramaconference.com\/wp-content\/uploads\/2024\/02\/cissy-rock.png&#8221; image_width=&#8221;402&#8243; image_height=&#8221;275&#8243; crop=&#8221;false&#8221; hover=&#8221;false&#8221;][\/vc_column_inner][vc_column_inner width=&#8221;3\/4&#8243;][vc_column_text responsive_align=&#8221;left&#8221;]<span style=\"font-weight: 400;\">Szociodramatista, akit az egym\u00e1shoz val\u00f3 viszonyul\u00e1s ereje hoz l\u00e1zba . A Community Think nev\u0171 szervezet\u00e9n kereszt\u00fcl kamp\u00e1nyokkal, helyi k\u00f6z\u00f6ss\u00e9gfejleszt\u00e9ssel, nagyszab\u00e1s\u00fa k\u00f6z\u00f6ss\u00e9gi facilit\u00e1ci\u00f3s folyamatokkal, workshopokkal \u00e9s szuperv\u00edzi\u00f3val foglalkozik. Cissy im\u00e1d a csoportokkal egy\u00fctt dolgozni, mik\u00f6zben a l\u00e1thatatlant l\u00e1that\u00f3v\u00e1 teszi. Hat\u00e1rozottan hisz abban, hogy a szak\u00e9rtelem a csoportban rejlik. Hatalmas sz\u00edvvel, meleg humor\u00e9rz\u00e9kkel, a f\u00e1nk \u00e9s a k\u00e1v\u00e9 szeretet\u00e9vel Cissy \u00e1t\u00e9lhet\u0151 \u00e9s r\u00e9szv\u00e9teli \u00e9lm\u00e9nyeket ny\u00fajt.<\/span>[\/vc_column_text][\/vc_column_inner][\/vc_row_inner][\/vc_column][\/mk_page_section]\n<\/section>","protected":false},"excerpt":{"rendered":"<p>[mk_page_section][vc_column][mk_fancy_title tag_name=&#8221;h2&#8243; size=&#8221;40&#8243; line_height=&#8221;50&#8243; font_family=&#8221;Oswald&#8221; font_type=&#8221;google&#8221; margin_bottom=&#8221;0&#8243;] A RENDSZEREK, AMELYEKBEN \u00c9L\u00dcNK \u00c9S AZ ALKOT\u00d3K\u00c9PESS\u00c9G\u00dcNK, AMELY EMBEREKK\u00c9 TESZ MINKET (A workshop nyelve angol, magyar nyelv\u0171 tolm\u00e1csol\u00e1ssal) EL\u0150AD\u00d3: CISSY ROCK [\/mk_fancy_title][vc_row_inner][vc_column_inner width=&#8221;1\/6&#8243;][mk_image_box title=&#8221;Sociodrama and power&#8221; src=&#8221;https:\/\/8thsociodramaconference.com\/wp-content\/uploads\/2024\/02\/Different-Social-Groups-\u2013-the-Strengths-of-Communities-2.png&#8221; media_width=&#8221;421&#8243; media_height=&#8221;294&#8243; crop=&#8221;false&#8221; image_link=&#8221;url&#8221; url=&#8221;https:\/\/8thsociodramaconference.com\/topic-different-social-groups\/&#8221; target=&#8221;_blank&#8221; align=&#8221;center&#8221; rounded_corner=&#8221;true&#8221;][\/mk_image_box][\/vc_column_inner][vc_column_inner width=&#8221;2\/3&#8243;][vc_column_text responsive_align=&#8221;left&#8221;] ID\u0150K\u00c9P: J\u00fanius 29. szombat, 14:00-16:30 T\u00c9MA: Szociodr\u00e1ma k\u00fcl\u00f6nf\u00e9le t\u00e1rsadalmi sz\u00edntereken \u00e9s [&hellip;]<\/p>\n","protected":false},"author":4,"featured_media":0,"parent":0,"menu_order":0,"comment_status":"closed","ping_status":"closed","template":"","meta":{"footnotes":""},"class_list":["post-5888","page","type-page","status-publish","hentry"],"_links":{"self":[{"href":"https:\/\/8thsociodramaconference.com\/hu\/wp-json\/wp\/v2\/pages\/5888","targetHints":{"allow":["GET"]}}],"collection":[{"href":"https:\/\/8thsociodramaconference.com\/hu\/wp-json\/wp\/v2\/pages"}],"about":[{"href":"https:\/\/8thsociodramaconference.com\/hu\/wp-json\/wp\/v2\/types\/page"}],"author":[{"embeddable":true,"href":"https:\/\/8thsociodramaconference.com\/hu\/wp-json\/wp\/v2\/users\/4"}],"replies":[{"embeddable":true,"href":"https:\/\/8thsociodramaconference.com\/hu\/wp-json\/wp\/v2\/comments?post=5888"}],"version-history":[{"count":7,"href":"https:\/\/8thsociodramaconference.com\/hu\/wp-json\/wp\/v2\/pages\/5888\/revisions"}],"predecessor-version":[{"id":7870,"href":"https:\/\/8thsociodramaconference.com\/hu\/wp-json\/wp\/v2\/pages\/5888\/revisions\/7870"}],"wp:attachment":[{"href":"https:\/\/8thsociodramaconference.com\/hu\/wp-json\/wp\/v2\/media?parent=5888"}],"curies":[{"name":"wp","href":"https:\/\/api.w.org\/{rel}","templated":true}]}}