{"id":5885,"date":"2024-02-16T11:36:44","date_gmt":"2024-02-16T10:36:44","guid":{"rendered":"https:\/\/8thsociodramaconference.com\/program-dorchess-de-koning\/"},"modified":"2024-05-27T09:26:06","modified_gmt":"2024-05-27T07:26:06","slug":"program-dorchess-de-koning","status":"publish","type":"page","link":"https:\/\/8thsociodramaconference.com\/hu\/program-dorchess-de-koning\/","title":{"rendered":"Program Dorchess de Koning"},"content":{"rendered":"<section class=\"wpb-content-wrapper\">[mk_page_section][vc_column][mk_fancy_title tag_name=&#8221;h2&#8243; size=&#8221;40&#8243; line_height=&#8221;50&#8243; font_family=&#8221;Oswald&#8221; font_type=&#8221;google&#8221; margin_bottom=&#8221;0&#8243;]\n<h3 style=\"text-align: center;\"><b>AZ \u00daJ GAZDAS\u00c1G<\/b><\/h3>\n<h5 style=\"text-align: center;\"><em>(A workshop nyelve angol)<\/em><\/h5>\n<h5 style=\"text-align: center;\"><span style=\"color: #800000;\"><strong>EL\u0150AD\u00d3:<\/strong><b> DORCHESS DE KONING<\/b><\/span><\/h5>\n[\/mk_fancy_title][vc_row_inner][vc_column_inner width=&#8221;1\/6&#8243;][mk_image_box title=&#8221;Sociodrama and power&#8221; src=&#8221;https:\/\/8thsociodramaconference.com\/wp-content\/uploads\/2024\/02\/Sociodrama-and-More-1.png&#8221; media_width=&#8221;421&#8243; media_height=&#8221;294&#8243; crop=&#8221;false&#8221; image_link=&#8221;url&#8221; url=&#8221;https:\/\/8thsociodramaconference.com\/topic-sociodrama-more\/&#8221; target=&#8221;_blank&#8221; align=&#8221;center&#8221; rounded_corner=&#8221;true&#8221;][\/mk_image_box][\/vc_column_inner][vc_column_inner width=&#8221;2\/3&#8243;][vc_column_text responsive_align=&#8221;left&#8221;]\n<h5 style=\"text-align: left;\"><b>ID\u0150PONT<\/b><strong>: <\/strong>J\u00fanius 29. szombat, 10:00-12:30<br \/>\n<strong>T\u00c9MA: <\/strong>Szociodr\u00e1ma \u00e9s kapcsol\u00f3d\u00e1sai<br \/>\n<strong>PROGRAM T\u00cdPUSA: <\/strong>Workshop<br \/>\n<strong>TEREM:<\/strong><br \/>\n<strong>R\u00c9SZTVEV\u0150K SZ\u00c1MA: <\/strong>6-20<br \/>\n<strong>NYELV:<\/strong> Angol<br \/>\n<strong>C\u00cdMKE:<\/strong> <a href=\"https:\/\/8thsociodramaconference.com\/hu\/topic-sociodrama-more\/\" target=\"_blank\" rel=\"noopener\">Kitekint\u00e9s,<\/a> <a href=\"https:\/\/8thsociodramaconference.com\/hu\/workshops-jun29-morning\/\" target=\"_blank\" rel=\"noopener\">Programok j\u00fanius 29-\u00e9n d\u00e9lel\u0151tt<\/a><\/h5>\n[\/vc_column_text][\/vc_column_inner][vc_column_inner width=&#8221;1\/6&#8243;][\/vc_column_inner][\/vc_row_inner][\/vc_column][\/mk_page_section][mk_page_section padding=&#8221;0&#8243;][vc_column][vc_column_text responsive_align=&#8221;left&#8221;]\n<h5 style=\"text-align: center;\"><b>ABSZTRAKT:<\/b><\/h5>\n[\/vc_column_text][vc_column_text responsive_align=&#8221;left&#8221;]<span style=\"font-weight: 400;\">K\u00fcl\u00f6nb\u00f6z\u0151 akci\u00f3m\u00f3dszerek, a szociometria \u00e9s a szociodr\u00e1ma alkalmaz\u00e1s\u00e1val a csoportban felmer\u00fcl\u0151 gazdas\u00e1gi t\u00e9m\u00e1kkal fogunk foglalkozni, legyenek ezek szem\u00e9lyes vagy rendszerszint\u0171 k\u00e9rd\u00e9sek. Teret \u00e9s hangot adunk a k\u00fcl\u00f6nb\u00f6z\u0151 aspektusok megjelen\u00e9s\u00e9nek. E megk\u00f6zel\u00edt\u00e9s tudatosabb\u00e1 tesz benn\u00fcnket a tekintetben, hogy hozz\u00e1\u00e1ll\u00e1sunk mik\u00e9pp form\u00e1lja a p\u00e9nzzel kapcsolatos d\u00f6nt\u00e9seinket, \u00e9s seg\u00edt minket adott <\/span><span style=\"font-weight: 400;\">sz\u00e1nd\u00e9kolts\u00e1g\u00fa <\/span><span style=\"font-weight: 400;\">gazdas\u00e1gi rendszerhez vezet\u0151 strat\u00e9gi\u00e1k kialak\u00edt\u00e1s\u00e1ban. <\/span><\/p>\n<p><span style=\"font-weight: 400;\">A workshop r\u00e9v\u00e9n a r\u00e9sztvev\u0151k tudatosabbakk\u00e1 v\u00e1lnak gazdas\u00e1gi k\u00e9rd\u00e9sekhez kapcsol\u00f3d\u00f3 elk\u00e9pzel\u00e9seiket \u00e9s viselked\u00e9s\u00fcket illet\u0151en \u00e9s hazavihetnek n\u00e9h\u00e1ny \u00f6tletet, amelyekkel a saj\u00e1t hat\u00f3k\u00f6r\u00fckben v\u00e1ltoz\u00e1sokat kezdem\u00e9nyezhetnek.<\/span>[\/vc_column_text][mk_padding_divider size=&#8221;30&#8243;][vc_column_text responsive_align=&#8221;left&#8221;]\n<h5 style=\"text-align: center;\"><b>AZ EL\u0150AD\u00d3KR\u00d3L:<\/b><\/h5>\n[\/vc_column_text][vc_row_inner][vc_column_inner width=&#8221;1\/4&#8243;][mk_image src=&#8221;https:\/\/8thsociodramaconference.com\/wp-content\/uploads\/2024\/02\/dorchess-konig.png&#8221; image_width=&#8221;402&#8243; image_height=&#8221;275&#8243; crop=&#8221;false&#8221; hover=&#8221;false&#8221;][\/vc_column_inner][vc_column_inner width=&#8221;3\/4&#8243;][vc_column_text responsive_align=&#8221;left&#8221;]<span style=\"font-weight: 400;\">A csoportokkal \u00e9s szervezetekkel v\u00e9gzett coaching \u00e9s k\u00e9pz\u00e9s sor\u00e1n a szociodr\u00e1m\u00e1t \u00e9s a konstell\u00e1ci\u00f3s munk\u00e1t haszn\u00e1lom a k\u00f6z\u00f6s t\u00e9ma azonos\u00edt\u00e1s\u00e1ra \u00e9s testi megjelen\u00edt\u00e9s\u00e9re, valamint arra, hogy az ellen\u00e1ll\u00e1s \u00e9s a lehet\u0151s\u00e9g meg\u00e9lt \u00e9rz\u00e9seivel dolgozzon a csoport.<\/span>[\/vc_column_text][\/vc_column_inner][\/vc_row_inner][\/vc_column][\/mk_page_section]\n<\/section>","protected":false},"excerpt":{"rendered":"<p>[mk_page_section][vc_column][mk_fancy_title tag_name=&#8221;h2&#8243; size=&#8221;40&#8243; line_height=&#8221;50&#8243; font_family=&#8221;Oswald&#8221; font_type=&#8221;google&#8221; margin_bottom=&#8221;0&#8243;] AZ \u00daJ GAZDAS\u00c1G (A workshop nyelve angol) EL\u0150AD\u00d3: DORCHESS DE KONING [\/mk_fancy_title][vc_row_inner][vc_column_inner width=&#8221;1\/6&#8243;][mk_image_box title=&#8221;Sociodrama and power&#8221; src=&#8221;https:\/\/8thsociodramaconference.com\/wp-content\/uploads\/2024\/02\/Sociodrama-and-More-1.png&#8221; media_width=&#8221;421&#8243; media_height=&#8221;294&#8243; crop=&#8221;false&#8221; image_link=&#8221;url&#8221; url=&#8221;https:\/\/8thsociodramaconference.com\/topic-sociodrama-more\/&#8221; target=&#8221;_blank&#8221; align=&#8221;center&#8221; rounded_corner=&#8221;true&#8221;][\/mk_image_box][\/vc_column_inner][vc_column_inner width=&#8221;2\/3&#8243;][vc_column_text responsive_align=&#8221;left&#8221;] ID\u0150PONT: J\u00fanius 29. szombat, 10:00-12:30 T\u00c9MA: Szociodr\u00e1ma \u00e9s kapcsol\u00f3d\u00e1sai PROGRAM T\u00cdPUSA: Workshop TEREM: R\u00c9SZTVEV\u0150K SZ\u00c1MA: 6-20 NYELV: Angol C\u00cdMKE: Kitekint\u00e9s, Programok [&hellip;]<\/p>\n","protected":false},"author":4,"featured_media":0,"parent":0,"menu_order":0,"comment_status":"closed","ping_status":"closed","template":"","meta":{"footnotes":""},"class_list":["post-5885","page","type-page","status-publish","hentry"],"_links":{"self":[{"href":"https:\/\/8thsociodramaconference.com\/hu\/wp-json\/wp\/v2\/pages\/5885","targetHints":{"allow":["GET"]}}],"collection":[{"href":"https:\/\/8thsociodramaconference.com\/hu\/wp-json\/wp\/v2\/pages"}],"about":[{"href":"https:\/\/8thsociodramaconference.com\/hu\/wp-json\/wp\/v2\/types\/page"}],"author":[{"embeddable":true,"href":"https:\/\/8thsociodramaconference.com\/hu\/wp-json\/wp\/v2\/users\/4"}],"replies":[{"embeddable":true,"href":"https:\/\/8thsociodramaconference.com\/hu\/wp-json\/wp\/v2\/comments?post=5885"}],"version-history":[{"count":6,"href":"https:\/\/8thsociodramaconference.com\/hu\/wp-json\/wp\/v2\/pages\/5885\/revisions"}],"predecessor-version":[{"id":7831,"href":"https:\/\/8thsociodramaconference.com\/hu\/wp-json\/wp\/v2\/pages\/5885\/revisions\/7831"}],"wp:attachment":[{"href":"https:\/\/8thsociodramaconference.com\/hu\/wp-json\/wp\/v2\/media?parent=5885"}],"curies":[{"name":"wp","href":"https:\/\/api.w.org\/{rel}","templated":true}]}}