{"id":5876,"date":"2024-02-16T07:17:29","date_gmt":"2024-02-16T06:17:29","guid":{"rendered":"https:\/\/8thsociodramaconference.com\/program-sheila-dallas-katzman-whitney-bell-uneeda-brewer\/"},"modified":"2024-06-07T06:25:28","modified_gmt":"2024-06-07T04:25:28","slug":"program-sheila-dallas-katzman-pen-fitzgerald","status":"publish","type":"page","link":"https:\/\/8thsociodramaconference.com\/hu\/program-sheila-dallas-katzman-pen-fitzgerald\/","title":{"rendered":"Program Sheila Dallas-Katzman &#8211; Pen Fitzgerald"},"content":{"rendered":"<section class=\"wpb-content-wrapper\">[mk_page_section][vc_column][mk_fancy_title tag_name=&#8221;h2&#8243; size=&#8221;40&#8243; line_height=&#8221;50&#8243; font_family=&#8221;Oswald&#8221; font_type=&#8221;google&#8221; margin_bottom=&#8221;0&#8243;]\n<h3 style=\"text-align: center;\"><b>SZ\u00cdNPADON AZ ISTENS\u00c9GEK PERE:<br \/>\nA V\u00c1LASZOK \u00c9S MEGOLD\u00c1SOK FELFEDEZ\u00c9SE<\/b><\/h3>\n<h5 style=\"text-align: center;\"><em>(A workshop nyelve\u00a0 angol)<\/em><\/h5>\n<h5 style=\"text-align: center;\"><span style=\"color: #800000;\"><strong>EL\u0150AD\u00d3K:<\/strong><b> SHEILA DALLAS-KATZMAN &#8211; <\/b><\/span><span style=\"color: #800000;\"><b>\u00a0PEN FITZGERALD\u00a0<\/b><\/span><\/h5>\n<h5 style=\"text-align: center;\"><\/h5>\n[\/mk_fancy_title][vc_row_inner][vc_column_inner width=&#8221;1\/6&#8243;][mk_image_box title=&#8221;Sociodrama and power&#8221; src=&#8221;https:\/\/8thsociodramaconference.com\/wp-content\/uploads\/2024\/02\/Ecology-2.png&#8221; media_width=&#8221;421&#8243; media_height=&#8221;294&#8243; crop=&#8221;false&#8221; image_link=&#8221;url&#8221; url=&#8221;https:\/\/8thsociodramaconference.com\/&#8221; target=&#8221;_blank&#8221; align=&#8221;center&#8221; rounded_corner=&#8221;true&#8221;][\/mk_image_box][\/vc_column_inner][vc_column_inner width=&#8221;2\/3&#8243;][vc_column_text responsive_align=&#8221;left&#8221;]\n<h5 style=\"text-align: left;\"><b>ID\u0150PONT<\/b><strong>: <\/strong>J\u00fanius 29. szombat, 10:00-12:30<br \/>\n<strong>T\u00c9MA: <\/strong>Szociodr\u00e1ma \u00e9s \u00f6kol\u00f3gia \u2013 k\u00f6rnyezeti k\u00e9rd\u00e9sek, kapcsol\u00f3d\u00e1sok az \u00e9l\u0151vil\u00e1gban, az ember \u00e9s a term\u00e9szeti k\u00f6rnyezet viszonya<br \/>\n<strong>PROGRAM T\u00cdPUSA: <\/strong>Workshop<br \/>\n<strong>TEREM:<\/strong><br \/>\n<strong>R\u00c9SZTVEV\u0150K SZ\u00c1MA: <\/strong>40<br \/>\n<strong>NYELV:<\/strong> Angol<br \/>\n<strong>C\u00cdMKE: <\/strong><a href=\"https:\/\/8thsociodramaconference.com\/hu\/topic-sociodrama-ecology\/\" target=\"_blank\" rel=\"noopener\">Szociodr\u00e1ma \u00e9s \u00f6kol\u00f3gia<\/a>, <a href=\"https:\/\/8thsociodramaconference.com\/hu\/workshops-jun29-morning\/\" target=\"_blank\" rel=\"noopener\">Programok j\u00fanius 29-\u00e9n d\u00e9lel\u0151tt<\/a><\/h5>\n[\/vc_column_text][\/vc_column_inner][vc_column_inner width=&#8221;1\/6&#8243;][\/vc_column_inner][\/vc_row_inner][\/vc_column][\/mk_page_section][mk_page_section padding=&#8221;0&#8243;][vc_column][vc_column_text responsive_align=&#8221;left&#8221;]\n<h5 style=\"text-align: center;\"><b>ABSZTRAKT:<\/b><\/h5>\n[\/vc_column_text][vc_column_text responsive_align=&#8221;left&#8221;]<span style=\"font-weight: 400;\">A glob\u00e1lis felmeleged\u00e9s vil\u00e1g\u00e1ban \u00e9l\u00fcnk, ahol gyakoriak a hurrik\u00e1nok, a f\u00f6ldreng\u00e9sek, az \u00e1rvizek, \u00e9s a t\u0171zv\u00e9szek. Vajon az isteneket kell hib\u00e1ztassuk ez\u00e9rt? <\/span><\/p>\n<p><span style=\"font-weight: 400;\">Mi\u00e9rt vannak ezek a term\u00e9szeti katasztr\u00f3f\u00e1k? Ezek is Isten terv\u00e9nek r\u00e9szei? Mi a mi kollekt\u00edv felel\u0151ss\u00e9g\u00fcnk a m\u00faltunk\u00e9rt \u00e9s a k\u00f6z\u00f6s j\u00f6v\u0151nk\u00e9rt? <\/span><\/p>\n<p><span style=\"font-weight: 400;\">J. L. Moreno \u00fagy v\u00e9lte, hogy mindannyian \u00f6ssze vagyunk k\u00f6tve a teremt\u0151h\u00f6z val\u00f3 kapcsol\u00f3d\u00e1sunkban. Szerinte a kreativit\u00e1s a teremt\u0151t\u0151l vagy istens\u00e9gt\u0151l ered. A workshopon egy b\u00edr\u00f3s\u00e1gi t\u00e1rgyal\u00e1s megrendez\u00e9s\u00e9t aj\u00e1nljuk a r\u00e9sztvev\u0151knek, ahol az isteni entit\u00e1st hallgatjuk meg a teremt\u00e9sr\u0151l \u00e9s a vil\u00e1g jelenlegi \u00e1llapot\u00e1r\u00f3l, hogy jobban meg\u00e9rts\u00fck, mik\u00e9pp dolgozhatn\u00e1nk egy\u00fctt azon, hogy visszaford\u00edtsuk mindazt, amit jelenleg tapasztalunk. A r\u00e9sztvev\u0151knek lehet\u0151s\u00e9g\u00fck lesz kiv\u00e1lasztani, hogy ki vagy mi sz\u00f3l\u00edtja meg az istens\u00e9geket, p\u00e9ld\u00e1ul a term\u00e9szet elemei \u00e9s\/vagy a k\u00fcl\u00f6nb\u00f6z\u0151 kult\u00far\u00e1k k\u00e9pvisel\u0151i. Kiv\u00e1lasztj\u00e1k a t\u00e1rgyal\u00e1s helysz\u00edn\u00e9t, p\u00e9ld\u00e1ul egy konferenci\u00e1t, egy k\u00f6z\u00f6ss\u00e9gi k\u00f6zpontot, egy szabadt\u00e9ri helysz\u00ednt vagy egy t\u00e1rgyal\u00f3termet. <\/span><\/p>\n<p><span style=\"font-weight: 400;\">Tanul\u00e1si c\u00e9lok:<\/span><\/p>\n<ul>\n<li><span style=\"font-weight: 400;\">A k\u00f6z\u00f6ss\u00e9gi cselekv\u0151k\u00e9pess\u00e9g fokoz\u00e1sa aktu\u00e1lis konfortz\u00f3n\u00e1nkon t\u00fal.<\/span><\/li>\n<li><span style=\"font-weight: 400;\">A hib\u00e1ztat\u00e1s k\u00e9rd\u00e9s\u00e9nek \u00fajrakeretez\u00e9se.<\/span><\/li>\n<li><span style=\"font-weight: 400;\">A szociodr\u00e1ma lehet\u0151s\u00e9geinek felismer\u00e9se egy praxis alap\u00fa \u00f6kol\u00f3gia megteremt\u00e9s\u00e9ben a v\u00e1ltoz\u00e1s\u00e9rt, \u00e9s egy ezeken a praxisokon alapul\u00f3 \u00f6kosziszt\u00e9ma kialak\u00edt\u00e1s\u00e1ban, a t\u00e1rsadalmi k\u00e9rd\u00e9sek felt\u00e9tele a beavatkoz\u00e1s \u00e9rdek\u00e9ben.<\/span><\/li>\n<\/ul>\n[\/vc_column_text][mk_padding_divider size=&#8221;30&#8243;][vc_column_text responsive_align=&#8221;left&#8221;]\n<h5 style=\"text-align: center;\"><b>AZ EL\u0150AD\u00d3KR\u00d3L:<\/b><\/h5>\n[\/vc_column_text][vc_row_inner][vc_column_inner width=&#8221;1\/4&#8243;][mk_image src=&#8221;https:\/\/8thsociodramaconference.com\/wp-content\/uploads\/2024\/02\/Sheila-Dallas-Katzman.png&#8221; image_width=&#8221;402&#8243; image_height=&#8221;275&#8243; crop=&#8221;false&#8221; hover=&#8221;false&#8221;][\/vc_column_inner][vc_column_inner width=&#8221;3\/4&#8243;][vc_column_text responsive_align=&#8221;left&#8221;]Egy szenved\u00e9lyes alkalmazott sz\u00ednh\u00e1zi szakember, aki t\u00f6bb mint 30 \u00e9ves tapasztalattal rendelkezik az Elnyomottak Sz\u00ednh\u00e1z\u00e1val, szociodr\u00e1ma \u00e9s pszichodr\u00e1ma csoportok vezet\u00e9s\u00e9ben mag\u00e1n- \u00e9s \u00e1llami szektorban egyar\u00e1nt.<br \/>\nSheila a Ten Lanterns Transformative Theatre t\u00e1rsalap\u00edt\u00f3ja, amely akci\u00f3m\u00f3dszereket haszn\u00e1l a t\u00e1rsadalmi v\u00e1ltoz\u00e1s eszk\u00f6zek\u00e9nt. Munk\u00e1ja a t\u00e1rsadalmi igazs\u00e1goss\u00e1gra, a rasszizmus felsz\u00e1mol\u00e1s\u00e1ra, a h\u00e1bor\u00fa \u00e1ltal \u00e9rintett k\u00f6z\u00f6ss\u00e9gekre \u00e9s az \u00e9ghajlatv\u00e1ltoz\u00e1sra \u00f6sszpontos\u00edt. A Food Stories Virtual Encounter t\u00e1rsalap\u00edt\u00f3ja, amely egy virtu\u00e1lis Elnyomottak Sz\u00ednh\u00e1za f\u00f3rum, amely az \u00e9lelmiszert kataliz\u00e1tork\u00e9nt haszn\u00e1lja fel az \u00e9lelmiszerbiztons\u00e1g \u00e9s a bizonytalans\u00e1g k\u00e9rd\u00e9seire. A N\u0151k Nemzetk\u00f6zi Sz\u00f6vets\u00e9g\u00e9nek a R\u00e1di\u00f3ban \u00e9s Telev\u00edzi\u00f3ban (IAWRT\/USA) eln\u00f6ke; a NYC for CEDAW Act Coalition eln\u00f6ke, szorosan egy\u00fcttm\u0171k\u00f6dve a New York-i V\u00e1rosi Tan\u00e1ccsal \u00e9s a Nemek Egyenl\u0151s\u00e9gi Bizotts\u00e1g\u00e1val, hogy New York v\u00e1ros\u00e1t \u00f6sszhangba hozza a CEDAW-val (Egyes\u00fclt Nemzetek Egyezm\u00e9ny a n\u0151kkel szembeni diszkrimin\u00e1ci\u00f3 minden form\u00e1j\u00e1nak felsz\u00e1mol\u00e1s\u00e1r\u00f3l). Vezet\u00e9se r\u00e9v\u00e9n New York Citynek van egy bizotts\u00e1ga a nemek k\u00f6z\u00f6tti egyenl\u0151s\u00e9g\u00e9rt.<br \/>\nA Theatre for Social Justice tagja \u00e9s t\u00e1rsalap\u00edt\u00f3ja a Kings County Black, bennsz\u00fcl\u00f6ttek \u00e9s a sz\u00ednes b\u0151r\u0171ek (BIPOC) projektnek, amelyet az\u00e9rt fejlesztettek ki, hogy a 14-24 \u00e9ves fiatalokat k\u00e9pess\u00e9 tegye a k\u00f6z\u00f6ss\u00e9gi k\u00e9rd\u00e9sekben a m\u0171v\u00e9szetek \u00e9s a m\u00e9di\u00e1n kereszt\u00fcl t\u00f6rt\u00e9n\u0151 navig\u00e1l\u00e1sra. Munk\u00e1ss\u00e1ga k\u00f6z- \u00e9s mag\u00e1nint\u00e9zm\u00e9nyekkel, alulr\u00f3l \u00e9p\u00edtkez\u0151 \u00e9s nemzetk\u00f6zi szervezetekkel egyar\u00e1nt tal\u00e1lkozik. Sz\u00ednh\u00e1zi rendez\u0151 \u00e9s sz\u00edn\u00e9sz, darabokat \u00edr sz\u00ednpadra \u00e9s r\u00e1di\u00f3ra.<br \/>\nSheila a Manchesteri Egyetemen (Egyes\u00fclt Kir\u00e1lys\u00e1g) szerzett alkalmazott sz\u00ednh\u00e1zi mesterk\u00e9pz\u00e9st, a Hunter College\/CUNY-ban (USA) \u00fajs\u00e1g\u00edr\u00e1sb\u00f3l \u00e9s m\u00e9diatudom\u00e1nyb\u00f3l diplom\u00e1zott, valamint az Edna Manley School of Visual and School of theatre m\u0171v\u00e9szeti tan\u00e1ri diplom\u00e1t szerzett. Performing Arts (Jamaica), valamint a Columbia University School of International and Public Affairs (USA) posztgradu\u00e1lis k\u00e9pz\u00e9s\u00e9n vett r\u00e9szt konfliktusmegold\u00e1sb\u00f3l. Sz\u00e1mos kit\u00fcntet\u00e9sben r\u00e9szes\u00fclt az el\u0151ad\u00f3m\u0171v\u00e9szetben, a r\u00e1di\u00f3z\u00e1sban \u00e9s a nemzetk\u00f6zi b\u00e9kefenntart\u00e1sban v\u00e9gzett munk\u00e1i\u00e9rt, \u00e9s 2018-ban megkapta az UN Women Champion of Change Award d\u00edj\u00e1t a n\u0151kkel \u00e9s a nemekkel kapcsolatos munk\u00e1j\u00e1\u00e9rt. A 2024-es ASGPP Innovators Awardra jel\u00f6lt\u00e9k, a nyertesnek gratul\u00e1l (\u0151 is r\u00e1 szavazott).[\/vc_column_text][\/vc_column_inner][\/vc_row_inner][vc_row_inner][vc_column_inner width=&#8221;1\/4&#8243;][mk_image src=&#8221;https:\/\/8thsociodramaconference.com\/wp-content\/uploads\/2024\/02\/pen-fitzgerald.png&#8221; image_width=&#8221;402&#8243; image_height=&#8221;275&#8243; crop=&#8221;false&#8221; hover=&#8221;false&#8221;][\/vc_column_inner][vc_column_inner width=&#8221;3\/4&#8243;][vc_column_text responsive_align=&#8221;left&#8221;]Pen Fitzgerald 1996-ban szerzett pszichodr\u00e1ma pszichoterapeuta k\u00e9pes\u00edt\u00e9st, az\u00f3ta sz\u00e1mos helyen vezet pszichodr\u00e1ma \u00e9s szociodr\u00e1ma csoportokat. 2021. v\u00e9g\u00e9ig szoci\u00e1lis munk\u00e1sk\u00e9nt is dolgozott \u00cdrorsz\u00e1gban az ell\u00e1t\u00f3rendszerb\u0151l kiker\u00fcl\u0151 fiatalokkal, els\u0151sorban olyan bev\u00e1ndorl\u00f3 gyerekekkel, akik a haz\u00e1jukat \u00e9s csal\u00e1djukat is el kellett hagyj\u00e1k. Nemr\u00e9giben r\u00e9szt vett egy k\u00f6z\u00f6ss\u00e9gi szponzor\u00e1ci\u00f3s programban, amelynek keret\u00e9ben egy sz\u00edriai menek\u00fclt csal\u00e1dot fogadott be egy ksiv\u00e1ros. A kidolgozott program \u00e9s a workshop c\u00e9lja, hogy seg\u00edtse a k\u00f6z\u00f6ss\u00e9get meg\u00e9rteni a menek\u00fclt helyzethez tartoz\u00f3 tapasztalatokat.[\/vc_column_text][\/vc_column_inner][\/vc_row_inner][\/vc_column][\/mk_page_section]\n<\/section>","protected":false},"excerpt":{"rendered":"<p>[mk_page_section][vc_column][mk_fancy_title tag_name=&#8221;h2&#8243; size=&#8221;40&#8243; line_height=&#8221;50&#8243; font_family=&#8221;Oswald&#8221; font_type=&#8221;google&#8221; margin_bottom=&#8221;0&#8243;] SZ\u00cdNPADON AZ ISTENS\u00c9GEK PERE: A V\u00c1LASZOK \u00c9S MEGOLD\u00c1SOK FELFEDEZ\u00c9SE (A workshop nyelve\u00a0 angol) EL\u0150AD\u00d3K: SHEILA DALLAS-KATZMAN &#8211; \u00a0PEN FITZGERALD\u00a0 [\/mk_fancy_title][vc_row_inner][vc_column_inner width=&#8221;1\/6&#8243;][mk_image_box title=&#8221;Sociodrama and power&#8221; src=&#8221;https:\/\/8thsociodramaconference.com\/wp-content\/uploads\/2024\/02\/Ecology-2.png&#8221; media_width=&#8221;421&#8243; media_height=&#8221;294&#8243; crop=&#8221;false&#8221; image_link=&#8221;url&#8221; url=&#8221;https:\/\/8thsociodramaconference.com\/&#8221; target=&#8221;_blank&#8221; align=&#8221;center&#8221; rounded_corner=&#8221;true&#8221;][\/mk_image_box][\/vc_column_inner][vc_column_inner width=&#8221;2\/3&#8243;][vc_column_text responsive_align=&#8221;left&#8221;] ID\u0150PONT: J\u00fanius 29. szombat, 10:00-12:30 T\u00c9MA: Szociodr\u00e1ma \u00e9s \u00f6kol\u00f3gia \u2013 k\u00f6rnyezeti k\u00e9rd\u00e9sek, kapcsol\u00f3d\u00e1sok [&hellip;]<\/p>\n","protected":false},"author":4,"featured_media":0,"parent":0,"menu_order":0,"comment_status":"closed","ping_status":"closed","template":"","meta":{"footnotes":""},"class_list":["post-5876","page","type-page","status-publish","hentry"],"_links":{"self":[{"href":"https:\/\/8thsociodramaconference.com\/hu\/wp-json\/wp\/v2\/pages\/5876","targetHints":{"allow":["GET"]}}],"collection":[{"href":"https:\/\/8thsociodramaconference.com\/hu\/wp-json\/wp\/v2\/pages"}],"about":[{"href":"https:\/\/8thsociodramaconference.com\/hu\/wp-json\/wp\/v2\/types\/page"}],"author":[{"embeddable":true,"href":"https:\/\/8thsociodramaconference.com\/hu\/wp-json\/wp\/v2\/users\/4"}],"replies":[{"embeddable":true,"href":"https:\/\/8thsociodramaconference.com\/hu\/wp-json\/wp\/v2\/comments?post=5876"}],"version-history":[{"count":10,"href":"https:\/\/8thsociodramaconference.com\/hu\/wp-json\/wp\/v2\/pages\/5876\/revisions"}],"predecessor-version":[{"id":8217,"href":"https:\/\/8thsociodramaconference.com\/hu\/wp-json\/wp\/v2\/pages\/5876\/revisions\/8217"}],"wp:attachment":[{"href":"https:\/\/8thsociodramaconference.com\/hu\/wp-json\/wp\/v2\/media?parent=5876"}],"curies":[{"name":"wp","href":"https:\/\/api.w.org\/{rel}","templated":true}]}}