{"id":5872,"date":"2024-02-15T20:44:03","date_gmt":"2024-02-15T19:44:03","guid":{"rendered":"https:\/\/8thsociodramaconference.com\/program-pablo-alvarez-valcarce-peter-klausz\/"},"modified":"2024-06-04T08:54:55","modified_gmt":"2024-06-04T06:54:55","slug":"program-pablo-alvarez-valcarce-peter-klausz","status":"publish","type":"page","link":"https:\/\/8thsociodramaconference.com\/hu\/program-pablo-alvarez-valcarce-peter-klausz\/","title":{"rendered":"Program Pablo Alvarez Valcarce &#8211; P\u00e9ter Klausz"},"content":{"rendered":"<section class=\"wpb-content-wrapper\">[mk_page_section][vc_column][mk_fancy_title tag_name=&#8221;h2&#8243; size=&#8221;40&#8243; line_height=&#8221;50&#8243; font_family=&#8221;Oswald&#8221; font_type=&#8221;google&#8221; margin_bottom=&#8221;0&#8243;]\n<h3 style=\"text-align: center;\"><b>SZOCIODRAMATIKUS BEAVATKOZ\u00c1SOK<br \/>\nSZOCI\u00c1LIS NEH\u00c9ZS\u00c9GEKKEL K\u00dcZD\u0150 CSOPORTOKKAL<br \/>\n<\/b><\/h3>\n<h5 style=\"text-align: center;\"><em>(A program nyelve angol \u00e9s magyar )<\/em><\/h5>\n<h5 style=\"text-align: center;\"><span style=\"color: #800000;\"><strong>EL\u0150AD\u00d3K:<\/strong><b> PABLO ALVAREZ VALCARCE &#8211; KLAUSZ P\u00c9TER\u00a0<\/b><\/span><\/h5>\n[\/mk_fancy_title][vc_row_inner][vc_column_inner width=&#8221;1\/6&#8243;][mk_image_box title=&#8221;Sociodrama and power&#8221; src=&#8221;https:\/\/8thsociodramaconference.com\/wp-content\/uploads\/2024\/02\/Next-Generation-2.png&#8221; media_width=&#8221;421&#8243; media_height=&#8221;294&#8243; crop=&#8221;false&#8221; image_link=&#8221;url&#8221; url=&#8221;https:\/\/8thsociodramaconference.com\/topic-sociodrama-youth\/&#8221; target=&#8221;_blank&#8221; align=&#8221;center&#8221; rounded_corner=&#8221;true&#8221;][\/mk_image_box][\/vc_column_inner][vc_column_inner width=&#8221;2\/3&#8243;][vc_column_text responsive_align=&#8221;left&#8221;]\n<h5 style=\"text-align: left;\"><b>ID\u0150PONT<\/b><strong>: <\/strong>J\u00fanius 29. szombat, 10:00-13:00<br \/>\n<strong>T\u00c9MA: <\/strong>Szociodr\u00e1ma \u00e9s a j\u00f6v\u0151 gener\u00e1ci\u00f3ja: gyerekek, fiatalok \u00e9s a vel\u00fck foglalkoz\u00f3 szakemberek, int\u00e9zm\u00e9nyek szociodr\u00e1m\u00e1ja<br \/>\n<strong>PROGRAM T\u00cdPUSA: <\/strong>Workshop \u00e9s prezent\u00e1ci\u00f3<br \/>\n<strong>TEREM:<\/strong><br \/>\n<strong>R\u00c9SZTVEV\u0150K SZ\u00c1MA: <\/strong>100<br \/>\n<strong>NYELV:<\/strong> Angol \u00e9s magyar<br \/>\n<strong>C\u00cdMKE: <\/strong><a href=\"https:\/\/8thsociodramaconference.com\/hu\/topic-sociodrama-youth\/\" target=\"_blank\" rel=\"noopener\">Szociodr\u00e1ma \u00e9s fiatalok,<\/a> <a href=\"https:\/\/8thsociodramaconference.com\/hu\/workshops-jun29-morning\/\" target=\"_blank\" rel=\"noopener\">Programok j\u00fanius 29-\u00e9n d\u00e9lel\u0151tt<\/a><\/h5>\n[\/vc_column_text][\/vc_column_inner][vc_column_inner width=&#8221;1\/6&#8243;][\/vc_column_inner][\/vc_row_inner][\/vc_column][\/mk_page_section][mk_page_section padding=&#8221;0&#8243;][vc_column][vc_column_text responsive_align=&#8221;left&#8221;]\n<h5 style=\"text-align: center;\"><b>ABSZTRAKT:<\/b><\/h5>\n[\/vc_column_text][vc_column_text responsive_align=&#8221;left&#8221;]<span style=\"font-weight: 400;\">A workshop betekint\u00e9st ny\u00fajt a szoci\u00e1lis munka keret\u00e9ben, bev\u00e1ndorl\u00f3 k\u00f6z\u00f6ss\u00e9gekben alkalmazott szociodr\u00e1ma technik\u00e1kba. A szociodr\u00e1ma m\u00f3dszer\u00e9t bev\u00e1ndol\u00f3 fiatalokkal a szoci\u00e1lis tanul\u00e1s \u00e9s a ment\u00e1lis eg\u00e9szs\u00e9g megt\u00e1mogat\u00e1s\u00e1ra lehet haszn\u00e1lni, annak \u00e9rdek\u00e9ben, hogy jobban felismerj\u00e9k az akad\u00e1lyokat, \u00e9s b\u0151v\u00fclj\u00f6n reperto\u00e1rjuk, illetve strat\u00e9gi\u00e1ik a j\u00f6v\u0151j\u00fck fel\u00e9p\u00edt\u00e9s\u00e9hez \u00faj haz\u00e1jukban. Teoretikus h\u00e1tt\u00e9r: A fiatal bev\u00e1ndorl\u00f3k \u00e9s kev\u00e9ss\u00e9 struktur\u00e1lt csal\u00e1djaik valamif\u00e9le \u201cszem\u00e9lyis\u00e9gzavarban\u201d szenvednek, amely egy\u00fcttj\u00e1r a mentaliz\u00e1ci\u00f3s k\u00e9pess\u00e9gek \u00e9s a ment\u00e1lis eg\u00e9szs\u00e9g\u00fckre val\u00f3 odafigyel\u00e9s hi\u00e1ny\u00e1val, \u00e9s a t\u00e1rsadalmi \u00e9s munkahelyi strukt\u00far\u00e1kba val\u00f3 beilleszked\u00e9s s\u00falyos neh\u00e9zs\u00e9geivel. E neh\u00e9zs\u00e9gekben, legjobban a sz\u00e1mukra kialak\u00edtott specifikus szoci\u00e1lis szolg\u00e1ltat\u00e1sok tudj\u00e1k seg\u00edteni \u0151ket, amelyek magukban foglalj\u00e1k a szoci\u00e1lis tanul\u00e1st \u00e9s oktat\u00e1st, a csoportos szociodramatikus beavatkoz\u00e1sokat, a k\u00e9pz\u00e9s \u00e9s a munkakeres\u00e9s t\u00e1mogat\u00e1s\u00e1t \u00e9s a pszichodramatikus ment\u00e1lhigi\u00e9n\u00e9s seg\u00edts\u00e9gny\u00fajt\u00e1st.\u00a0<\/span><\/p>\n<p><span style=\"font-weight: 400;\">A workshop r\u00e9v\u00e9n a r\u00e9sztvev\u0151k meg\u00e9rtik a munkaer\u0151piacra bel\u00e9p\u0151 bev\u00e1ndorl\u00f3 fiatalok pszichoszoci\u00e1lis h\u00e1tter\u00e9t. A r\u00e9sztvev\u0151k kipr\u00f3b\u00e1lnak k\u00fcl\u00f6nb\u00f6z\u0151 szociodramatikus \u00e9s mentaliz\u00e1ci\u00f3s technik\u00e1kat, melyeket a bev\u00e1ndorl\u00f3 csoportokkal folytatott gyakorlatban alkalmazhat\u00f3.<\/span><\/p>\n<p><span style=\"font-weight: 400;\">A workshopot prezent\u00e1ci\u00f3 k\u00f6veti, amely Magyarorsz\u00e1gon \u00e9s Spanyolorsz\u00e1gban megval\u00f3sult projektek kapcs\u00e1n mutatja be, hogy a szociodr\u00e1ma \u00e9s az akci\u00f3m\u00f3dszerek hat\u00e9kony eszk\u00f6z\u00f6k lehetnek a marginaliz\u00e1lt helyzetben l\u00e9v\u0151 fiatalok t\u00e1mogat\u00e1s\u00e1ra a munkaer\u0151 piaci bel\u00e9p\u00e9skor. E projektek hasonl\u00f3 c\u00e9lcsoportokat \u00e9rintenek (bev\u00e1ndorl\u00f3 fiatalok) \u00e9s t\u00e1mogat\u00f3 szerepekben szakembereket is bevonnak (szoci\u00e1lis munk\u00e1sokat, oktat\u00f3kat, pszichol\u00f3gusokat). A csoportok tagjai szoci\u00e1lis, gazdas\u00e1gi \u00e9s kultur\u00e1lis h\u00e1tter\u00fckb\u0151l k\u00f6vetkez\u0151en sokf\u00e9le akad\u00e1llyal szembes\u00fclnek a munkav\u00e1llal\u00e1s kapcs\u00e1n \u00e9s amikor f\u00fcggetlen \u00e9letet szeretn\u00e9nek \u00e9lni. A szociodramatikus technik\u00e1k alkalmaz\u00e1sa seg\u00edti ezen akad\u00e1lyok azonos\u00edt\u00e1s\u00e1t, motiv\u00e1lja a munkahellyel \u00e9s a csal\u00e1di k\u00f6zeggel kapcsolatos \u00faj strat\u00e9gi\u00e1k kipr\u00f3b\u00e1l\u00e1s\u00e1t, \u00e9s t\u00e1mogatja \u0151ket egy nagyobb fok\u00fa \u00f6n\u00e1ll\u00f3s\u00e1g kialak\u00edt\u00e1s\u00e1ban, hogy megteremts\u00e9k saj\u00e1t j\u00f6v\u0151j\u00fcket.<\/span>[\/vc_column_text][mk_padding_divider size=&#8221;30&#8243;][vc_column_text responsive_align=&#8221;left&#8221;]\n<h5 style=\"text-align: center;\"><b>AZ EL\u0150AD\u00d3KR\u00d3L:<\/b><\/h5>\n[\/vc_column_text][vc_row_inner][vc_column_inner width=&#8221;1\/4&#8243;][mk_image src=&#8221;https:\/\/8thsociodramaconference.com\/wp-content\/uploads\/2024\/02\/Pablo-Alvarez-Valcarce.png&#8221; image_width=&#8221;402&#8243; image_height=&#8221;275&#8243; crop=&#8221;false&#8221; hover=&#8221;false&#8221;][\/vc_column_inner][vc_column_inner width=&#8221;3\/4&#8243;][vc_column_text responsive_align=&#8221;left&#8221;]<span style=\"font-weight: 400;\">Pablo Alvarez Valcarce spanyol pszichodr\u00e1ma \u00e9s szociodr\u00e1ma vezet\u0151, a Grupo de Estudios de Psicodrama de Madrid alap\u00edt\u00f3ja \u00e9s igazgat\u00f3ja. Nagy tapasztalattal rendelkezik a pszichodramatikus \u00e9s szociodramatikus beavatkoz\u00e1sok ter\u00e9n a pszichi\u00e1tri\u00e1t\u00f3l a szervezeti coachingig terjed\u0151 ter\u00fcleteken. Jelenleg a madridi \u00f6nkorm\u00e1nyzatban bev\u00e1ndorl\u00f3 fiatalok t\u00e1rsadalmi tanul\u00e1si \u00e9s foglalkoztat\u00e1si integr\u00e1ci\u00f3s programj\u00e1ban dolgoz\u00f3 csapatot ir\u00e1ny\u00edtja, valamint vezet\u0151je a madridi R,Lafora Mental Hospital szem\u00e9lyis\u00e9gzavarokkal foglalkoz\u00f3 oszt\u00e1ly\u00e1nak.<\/span>[\/vc_column_text][\/vc_column_inner][\/vc_row_inner][vc_row_inner][vc_column_inner width=&#8221;1\/4&#8243;][mk_image src=&#8221;https:\/\/8thsociodramaconference.com\/wp-content\/uploads\/2024\/02\/Klausz-Peter.png&#8221; image_width=&#8221;402&#8243; image_height=&#8221;275&#8243; crop=&#8221;false&#8221; hover=&#8221;false&#8221;][\/vc_column_inner][vc_column_inner width=&#8221;3\/4&#8243;][vc_column_text responsive_align=&#8221;left&#8221;]<span style=\"font-weight: 400;\">P\u00e9ter Klausz Pablo Alvarez Valcarce tan\u00edtv\u00e1nya, az Artemisszi\u00f3 Alap\u00edtv\u00e1ny tr\u00e9nere. Szakter\u00fclete a glob\u00e1lis oktat\u00e1s \u00e9s a marginaliz\u00e1lt csoportok t\u00e1rsadalmi befogad\u00e1sa, tr\u00e9ningjein dr\u00e1maalap\u00fa \u00e9s akci\u00f3m\u00f3dszereket alkalmaz.<\/span>[\/vc_column_text][\/vc_column_inner][\/vc_row_inner][\/vc_column][\/mk_page_section]\n<\/section>","protected":false},"excerpt":{"rendered":"<p>[mk_page_section][vc_column][mk_fancy_title tag_name=&#8221;h2&#8243; size=&#8221;40&#8243; line_height=&#8221;50&#8243; font_family=&#8221;Oswald&#8221; font_type=&#8221;google&#8221; margin_bottom=&#8221;0&#8243;] SZOCIODRAMATIKUS BEAVATKOZ\u00c1SOK SZOCI\u00c1LIS NEH\u00c9ZS\u00c9GEKKEL K\u00dcZD\u0150 CSOPORTOKKAL (A program nyelve angol \u00e9s magyar ) EL\u0150AD\u00d3K: PABLO ALVAREZ VALCARCE &#8211; KLAUSZ P\u00c9TER\u00a0 [\/mk_fancy_title][vc_row_inner][vc_column_inner width=&#8221;1\/6&#8243;][mk_image_box title=&#8221;Sociodrama and power&#8221; src=&#8221;https:\/\/8thsociodramaconference.com\/wp-content\/uploads\/2024\/02\/Next-Generation-2.png&#8221; media_width=&#8221;421&#8243; media_height=&#8221;294&#8243; crop=&#8221;false&#8221; image_link=&#8221;url&#8221; url=&#8221;https:\/\/8thsociodramaconference.com\/topic-sociodrama-youth\/&#8221; target=&#8221;_blank&#8221; align=&#8221;center&#8221; rounded_corner=&#8221;true&#8221;][\/mk_image_box][\/vc_column_inner][vc_column_inner width=&#8221;2\/3&#8243;][vc_column_text responsive_align=&#8221;left&#8221;] ID\u0150PONT: J\u00fanius 29. szombat, 10:00-13:00 T\u00c9MA: Szociodr\u00e1ma \u00e9s a j\u00f6v\u0151 gener\u00e1ci\u00f3ja: gyerekek, [&hellip;]<\/p>\n","protected":false},"author":4,"featured_media":0,"parent":0,"menu_order":0,"comment_status":"closed","ping_status":"closed","template":"","meta":{"footnotes":""},"class_list":["post-5872","page","type-page","status-publish","hentry"],"_links":{"self":[{"href":"https:\/\/8thsociodramaconference.com\/hu\/wp-json\/wp\/v2\/pages\/5872","targetHints":{"allow":["GET"]}}],"collection":[{"href":"https:\/\/8thsociodramaconference.com\/hu\/wp-json\/wp\/v2\/pages"}],"about":[{"href":"https:\/\/8thsociodramaconference.com\/hu\/wp-json\/wp\/v2\/types\/page"}],"author":[{"embeddable":true,"href":"https:\/\/8thsociodramaconference.com\/hu\/wp-json\/wp\/v2\/users\/4"}],"replies":[{"embeddable":true,"href":"https:\/\/8thsociodramaconference.com\/hu\/wp-json\/wp\/v2\/comments?post=5872"}],"version-history":[{"count":10,"href":"https:\/\/8thsociodramaconference.com\/hu\/wp-json\/wp\/v2\/pages\/5872\/revisions"}],"predecessor-version":[{"id":8157,"href":"https:\/\/8thsociodramaconference.com\/hu\/wp-json\/wp\/v2\/pages\/5872\/revisions\/8157"}],"wp:attachment":[{"href":"https:\/\/8thsociodramaconference.com\/hu\/wp-json\/wp\/v2\/media?parent=5872"}],"curies":[{"name":"wp","href":"https:\/\/api.w.org\/{rel}","templated":true}]}}