{"id":5868,"date":"2024-02-15T20:35:01","date_gmt":"2024-02-15T19:35:01","guid":{"rendered":"https:\/\/8thsociodramaconference.com\/program-per-henriksson\/"},"modified":"2024-05-15T10:47:35","modified_gmt":"2024-05-15T08:47:35","slug":"program-per-henriksson","status":"publish","type":"page","link":"https:\/\/8thsociodramaconference.com\/hu\/program-per-henriksson\/","title":{"rendered":"Program Per Henriksson"},"content":{"rendered":"<section class=\"wpb-content-wrapper\">[mk_page_section][vc_column][mk_fancy_title tag_name=&#8221;h2&#8243; size=&#8221;40&#8243; line_height=&#8221;50&#8243; font_family=&#8221;Oswald&#8221; font_type=&#8221;google&#8221; margin_bottom=&#8221;0&#8243;]\n<h3 style=\"text-align: center;\"><b>HARC A SZABADS\u00c1G\u00c9RT \u00c9S MENEK\u00dcL\u00c9S A SZABADS\u00c1G EL\u0150L<\/b><\/h3>\n<h5 style=\"text-align: center;\"><span style=\"color: #800000;\"><strong>EL\u0150AD\u00d3:<\/strong><b> PER HENRIKSSON<\/b><\/span><\/h5>\n[\/mk_fancy_title][vc_row_inner][vc_column_inner width=&#8221;1\/6&#8243;][mk_image_box title=&#8221;Sociodrama and power&#8221; src=&#8221;https:\/\/8thsociodramaconference.com\/wp-content\/uploads\/2024\/02\/Power-and-Democratic-1.png&#8221; media_width=&#8221;421&#8243; media_height=&#8221;294&#8243; crop=&#8221;false&#8221; image_link=&#8221;url&#8221; url=&#8221;https:\/\/8thsociodramaconference.com\/topic-sociodrama-power\/&#8221; target=&#8221;_blank&#8221; align=&#8221;center&#8221; rounded_corner=&#8221;true&#8221;][\/mk_image_box][\/vc_column_inner][vc_column_inner width=&#8221;2\/3&#8243;][vc_column_text responsive_align=&#8221;left&#8221;]\n<h5 style=\"text-align: left;\"><strong>ID\u0150PONT: <\/strong>J\u00fanius 29. szombat, 10:00-12:30<br \/>\n<strong>T\u00c9MA: <\/strong>Szociodr\u00e1ma \u00e9s hatalom \u2013 a demokratikus \u00e9rt\u00e9kek j\u00f6v\u0151je<br \/>\n<strong>PROGRAM T\u00cdPUSA: <\/strong>Workshop<br \/>\n<strong>TEREM:<\/strong><br \/>\n<strong>R\u00c9SZTVEV\u0150K SZ\u00c1MA: <\/strong>12<br \/>\n<strong>C\u00cdMKE: <\/strong>Szociodr\u00e1ma \u00e9s hatalom, Programok j\u00fanius 29-\u00e9n d\u00e9lel\u0151tt<\/h5>\n[\/vc_column_text][\/vc_column_inner][vc_column_inner width=&#8221;1\/6&#8243;][\/vc_column_inner][\/vc_row_inner][\/vc_column][\/mk_page_section][mk_page_section padding=&#8221;0&#8243;][vc_column][vc_column_text responsive_align=&#8221;left&#8221;]\n<h5 style=\"text-align: center;\"><b>ABSZTRAKT:<\/b><\/h5>\n[\/vc_column_text][vc_column_text responsive_align=&#8221;left&#8221;]<span style=\"font-weight: 400;\">A szabads\u00e1g gyakran haszn\u00e1lt kifejez\u00e9s, azonban egy\u00e9nenk\u00e9nt, csoportonk\u00e9nt, kult\u00far\u00e1nk\u00e9nt \u00e9s nemzetenk\u00e9nt m\u00e1st-m\u00e1st \u00e9rthet\u00fcnk szabads\u00e1g alatt. A workshop Moreno szabads\u00e1gfogalm\u00e1t helyezi a f\u00f3kuszba. Szociodramatikuan fogjuk vizsg\u00e1lni hogy a szabad\u00e1s\u00e1g \u00e9s kontroll hogyan helyezkednek el egy spektrumon. Egyszerre foglalkozunk majd az ir\u00e1ny\u00edt\u00e1st\u00f3l val\u00f3 f\u00e9lelmeinkkel \u00e9s a szabads\u00e1gt\u00f3l val\u00f3 f\u00e9lelmeinkkel is.<\/span>[\/vc_column_text][mk_padding_divider size=&#8221;30&#8243;][vc_column_text responsive_align=&#8221;left&#8221;]\n<h5 style=\"text-align: center;\"><b>AZ EL\u0150AD\u00d3R\u00d3L:<\/b><\/h5>\n[\/vc_column_text][vc_row_inner][vc_column_inner width=&#8221;1\/4&#8243;][mk_image src=&#8221;https:\/\/8thsociodramaconference.com\/wp-content\/uploads\/2024\/02\/per-henriksson.png&#8221; image_width=&#8221;402&#8243; image_height=&#8221;275&#8243; crop=&#8221;false&#8221; hover=&#8221;false&#8221;][\/vc_column_inner][vc_column_inner width=&#8221;3\/4&#8243;][vc_column_text responsive_align=&#8221;left&#8221;]<span style=\"font-weight: 400;\">Gyermek- \u00e9s serd\u00fcl\u0151 pszichi\u00e1terk\u00e9nt az els\u0151 szociodr\u00e1ma k\u00e9pz\u00e9semet 1982-ben Nicaragu\u00e1ban v\u00e9geztem, majd k\u00e9pz\u00e9semet a Sv\u00e9d Pszichodr\u00e1ma Akad\u00e9mi\u00e1n fejeztem be 1990-ben. Az\u00f3ta pszichodr\u00e1m\u00e1val dolgozom t\u00f6bb ter\u00fcleten: szuperv\u00edzi\u00f3ban, csal\u00e1d- \u00e9s csoportter\u00e1pi\u00e1ban, valamint a traum\u00e1val val\u00f3 foglalkoz\u00e1sban. A sv\u00e9d pszichodr\u00e1ma iskola egyik alap\u00edt\u00f3ja vagyok.<\/span>[\/vc_column_text][\/vc_column_inner][\/vc_row_inner][\/vc_column][\/mk_page_section]\n<\/section>","protected":false},"excerpt":{"rendered":"<p>[mk_page_section][vc_column][mk_fancy_title tag_name=&#8221;h2&#8243; size=&#8221;40&#8243; line_height=&#8221;50&#8243; font_family=&#8221;Oswald&#8221; font_type=&#8221;google&#8221; margin_bottom=&#8221;0&#8243;] HARC A SZABADS\u00c1G\u00c9RT \u00c9S MENEK\u00dcL\u00c9S A SZABADS\u00c1G EL\u0150L EL\u0150AD\u00d3: PER HENRIKSSON [\/mk_fancy_title][vc_row_inner][vc_column_inner width=&#8221;1\/6&#8243;][mk_image_box title=&#8221;Sociodrama and power&#8221; src=&#8221;https:\/\/8thsociodramaconference.com\/wp-content\/uploads\/2024\/02\/Power-and-Democratic-1.png&#8221; media_width=&#8221;421&#8243; media_height=&#8221;294&#8243; crop=&#8221;false&#8221; image_link=&#8221;url&#8221; url=&#8221;https:\/\/8thsociodramaconference.com\/topic-sociodrama-power\/&#8221; target=&#8221;_blank&#8221; align=&#8221;center&#8221; rounded_corner=&#8221;true&#8221;][\/mk_image_box][\/vc_column_inner][vc_column_inner width=&#8221;2\/3&#8243;][vc_column_text responsive_align=&#8221;left&#8221;] ID\u0150PONT: J\u00fanius 29. szombat, 10:00-12:30 T\u00c9MA: Szociodr\u00e1ma \u00e9s hatalom \u2013 a demokratikus \u00e9rt\u00e9kek j\u00f6v\u0151je PROGRAM T\u00cdPUSA: Workshop TEREM: R\u00c9SZTVEV\u0150K SZ\u00c1MA: 12 [&hellip;]<\/p>\n","protected":false},"author":4,"featured_media":0,"parent":0,"menu_order":0,"comment_status":"closed","ping_status":"closed","template":"","meta":{"footnotes":""},"class_list":["post-5868","page","type-page","status-publish","hentry"],"_links":{"self":[{"href":"https:\/\/8thsociodramaconference.com\/hu\/wp-json\/wp\/v2\/pages\/5868","targetHints":{"allow":["GET"]}}],"collection":[{"href":"https:\/\/8thsociodramaconference.com\/hu\/wp-json\/wp\/v2\/pages"}],"about":[{"href":"https:\/\/8thsociodramaconference.com\/hu\/wp-json\/wp\/v2\/types\/page"}],"author":[{"embeddable":true,"href":"https:\/\/8thsociodramaconference.com\/hu\/wp-json\/wp\/v2\/users\/4"}],"replies":[{"embeddable":true,"href":"https:\/\/8thsociodramaconference.com\/hu\/wp-json\/wp\/v2\/comments?post=5868"}],"version-history":[{"count":6,"href":"https:\/\/8thsociodramaconference.com\/hu\/wp-json\/wp\/v2\/pages\/5868\/revisions"}],"predecessor-version":[{"id":6954,"href":"https:\/\/8thsociodramaconference.com\/hu\/wp-json\/wp\/v2\/pages\/5868\/revisions\/6954"}],"wp:attachment":[{"href":"https:\/\/8thsociodramaconference.com\/hu\/wp-json\/wp\/v2\/media?parent=5868"}],"curies":[{"name":"wp","href":"https:\/\/api.w.org\/{rel}","templated":true}]}}