{"id":5862,"date":"2024-02-29T18:41:25","date_gmt":"2024-02-29T17:41:25","guid":{"rendered":"https:\/\/8thsociodramaconference.com\/schedule\/"},"modified":"2024-06-12T22:11:20","modified_gmt":"2024-06-12T20:11:20","slug":"schedule","status":"publish","type":"page","link":"https:\/\/8thsociodramaconference.com\/hu\/schedule\/","title":{"rendered":"Schedule"},"content":{"rendered":"<section class=\"wpb-content-wrapper\">[mk_page_section][vc_column visibility=&#8221;hidden-sm&#8221;][mk_table]\n<table dir=\"ltr\" border=\"1\" cellspacing=\"0\" cellpadding=\"0\" data-sheets-root=\"1\">\n<colgroup>\n<col width=\"128\" \/>\n<col width=\"186\" \/>\n<col width=\"22\" \/>\n<col width=\"133\" \/>\n<col width=\"150\" \/>\n<col width=\"18\" \/>\n<col width=\"145\" \/>\n<col width=\"110\" \/>\n<col width=\"19\" \/>\n<col width=\"134\" \/>\n<col width=\"100\" \/>\n<col width=\"18\" \/>\n<col width=\"132\" \/>\n<col width=\"136\" \/><\/colgroup>\n<tbody>\n<tr>\n<td colspan=\"2\" rowspan=\"1\" data-sheets-value=\"{&quot;1&quot;:2,&quot;2&quot;:&quot;26th of JUNE nWednesday&quot;}\">\n<h5><strong>J\u00daNIUS 26.<br \/>\n<\/strong><strong>Szerda<\/strong><\/h5>\n<\/td>\n<td style=\"background: #973d2c;\"><\/td>\n<td colspan=\"2\" rowspan=\"1\" data-sheets-value=\"{&quot;1&quot;:2,&quot;2&quot;:&quot;27th of JUNEnThursday&quot;}\">\n<h5><strong>J\u00daNIUS 27.\u00a0<\/strong><br \/>\n<strong>Cs\u00fct\u00f6rt\u00f6k<\/strong><\/h5>\n<\/td>\n<td style=\"background: #973d2c;\"><\/td>\n<td colspan=\"2\" rowspan=\"1\" data-sheets-value=\"{&quot;1&quot;:2,&quot;2&quot;:&quot;28th of JUNEnFriday&quot;}\">\n<h5><strong>J\u00daNIUS 28.<\/strong><br \/>\n<strong>P\u00e9ntek<\/strong><\/h5>\n<\/td>\n<td style=\"background: #973d2c;\"><\/td>\n<td colspan=\"2\" rowspan=\"1\" data-sheets-value=\"{&quot;1&quot;:2,&quot;2&quot;:&quot;29th of JUNEnSaturday&quot;}\">\n<h5><strong>J\u00daNIUS 29.\u00a0<\/strong><br \/>\n<strong>Szombat<\/strong><\/h5>\n<\/td>\n<td style=\"background: #973d2c;\"><\/td>\n<td colspan=\"2\" rowspan=\"1\" data-sheets-value=\"{&quot;1&quot;:2,&quot;2&quot;:&quot;30th of JUNEnSunday&quot;}\">\n<h5><strong>J\u00daNIUS 30.<\/strong><br \/>\n<strong>Vas\u00e1rnap<\/strong><\/h5>\n<\/td>\n<\/tr>\n<tr>\n<td colspan=\"14\" rowspan=\"1\" data-sheets-value=\"{&quot;1&quot;:2,&quot;2&quot;:&quot;IN-PERSON CONFERENCE&quot;}\">\n<h5>F\u0150 KONFERENCIA<\/h5>\n<\/td>\n<\/tr>\n<tr>\n<td data-sheets-value=\"{&quot;1&quot;:2,&quot;2&quot;:&quot;10:00 AM - 3:00 PM&quot;}\"><strong>10:00 &#8211; 15:00<\/strong><\/td>\n<td data-sheets-value=\"{&quot;1&quot;:2,&quot;2&quot;:&quot;Arrival and Registration&quot;}\">\u00c9rkez\u00e9s \u00e9s Regisztr\u00e1ci\u00f3<\/td>\n<td style=\"background: #973d2c;\"><\/td>\n<td data-sheets-value=\"{&quot;1&quot;:2,&quot;2&quot;:&quot;7:30 AM - 9:30 AM&quot;}\"><strong>7:30 &#8211; 9:30<\/strong><\/td>\n<td data-sheets-value=\"{&quot;1&quot;:2,&quot;2&quot;:&quot;Breakfast&quot;}\">Reggeli<\/td>\n<td style=\"background: #973d2c;\"><\/td>\n<td data-sheets-value=\"{&quot;1&quot;:2,&quot;2&quot;:&quot;7:30 AM - 9:30 AM&quot;}\"><strong>7:30 &#8211; 9:30<\/strong><\/td>\n<td data-sheets-value=\"{&quot;1&quot;:2,&quot;2&quot;:&quot;Breakfast&quot;}\">Reggeli<\/td>\n<td style=\"background: #973d2c;\"><\/td>\n<td data-sheets-value=\"{&quot;1&quot;:2,&quot;2&quot;:&quot;7:30 AM - 9:30 AM&quot;}\"><strong>7:30 &#8211; 9:00<\/strong><\/td>\n<td data-sheets-value=\"{&quot;1&quot;:2,&quot;2&quot;:&quot;Breakfast&quot;}\">Reggeli<\/td>\n<td style=\"background: #973d2c;\"><\/td>\n<td data-sheets-value=\"{&quot;1&quot;:2,&quot;2&quot;:&quot;7:30 AM - 9:30 AM&quot;}\"><strong>7:30 &#8211; 9:30<\/strong><\/td>\n<td data-sheets-value=\"{&quot;1&quot;:2,&quot;2&quot;:&quot;Breakfast&quot;}\">Reggeli<\/td>\n<\/tr>\n<tr>\n<td data-sheets-value=\"{&quot;1&quot;:2,&quot;2&quot;:&quot;12.30 PM - 2:30 PM&quot;}\"><\/td>\n<td data-sheets-value=\"{&quot;1&quot;:2,&quot;2&quot;:&quot;Lunch&quot;}\"><\/td>\n<td style=\"background: #973d2c;\"><\/td>\n<td data-sheets-value=\"{&quot;1&quot;:2,&quot;2&quot;:&quot;8:00 AM - 10:00 AM&quot;}\"><strong>8:00 &#8211; 10:00<\/strong><\/td>\n<td data-sheets-value=\"{&quot;1&quot;:2,&quot;2&quot;:&quot;Registration&quot;}\">Regisztr\u00e1ci\u00f3<\/td>\n<td style=\"background: #973d2c;\"><\/td>\n<td data-sheets-value=\"{&quot;1&quot;:2,&quot;2&quot;:&quot;9:00 AM - 9:50 AM&quot;}\"><strong>9:00 &#8211; 12:00<\/strong><\/td>\n<td data-sheets-value=\"{&quot;1&quot;:2,&quot;2&quot;:&quot;Presentations&quot;}\"><a href=\"https:\/\/8thsociodramaconference.com\/hu\/programs-in-local-communities-june28-morning\/\" target=\"_blank\" rel=\"noopener\"><span style=\"color: #008000;\">Programok a helyi k\u00f6z\u00f6ss\u00e9gekben<\/span><\/a><\/td>\n<td style=\"background: #973d2c;\"><\/td>\n<td data-sheets-value=\"{&quot;1&quot;:2,&quot;2&quot;:&quot;9:00 AM - 9:50 AM&quot;}\"><strong>9:00\u00a0 &#8211; 9:50<\/strong><\/td>\n<td data-sheets-value=\"{&quot;1&quot;:2,&quot;2&quot;:&quot;Presentations&quot;}\"><a href=\"https:\/\/8thsociodramaconference.com\/hu\/presentations-jun29-morning\/\" target=\"_blank\" rel=\"noopener\">Prezent\u00e1ci\u00f3k<\/a><\/td>\n<td style=\"background: #973d2c;\"><\/td>\n<td data-sheets-value=\"{&quot;1&quot;:2,&quot;2&quot;:&quot;10:00 AM - 11:00 AM&quot;}\"><\/td>\n<td data-sheets-value=\"{&quot;1&quot;:2,&quot;2&quot;:&quot;Large Group&quot;}\"><\/td>\n<\/tr>\n<tr>\n<td data-sheets-value=\"{&quot;1&quot;:2,&quot;2&quot;:&quot;3:00 PM - 6:30 PM&quot;}\"><\/td>\n<td data-sheets-value=\"{&quot;1&quot;:2,&quot;2&quot;:&quot;Opening Ceremony and Large Group&quot;}\"><\/td>\n<td style=\"background: #973d2c;\"><\/td>\n<td data-sheets-value=\"{&quot;1&quot;:2,&quot;2&quot;:&quot;10:00 AM - 12:30 PM&quot;}\"><strong>10:00 &#8211; 12:30<\/strong><\/td>\n<td data-sheets-value=\"{&quot;1&quot;:2,&quot;2&quot;:&quot;Workshops&quot;}\"><a href=\"https:\/\/8thsociodramaconference.com\/hu\/workshops-jun27-morning\/\" target=\"_blank\" rel=\"noopener\">Workshopok<\/a><\/td>\n<td style=\"background: #973d2c;\"><\/td>\n<td data-sheets-value=\"{&quot;1&quot;:2,&quot;2&quot;:&quot;10:00 AM - 12:30 PM&quot;}\"><strong>10:00 &#8211; 12:30<\/strong><\/td>\n<td data-sheets-value=\"{&quot;1&quot;:2,&quot;2&quot;:&quot;Workshops&quot;}\"><a href=\"https:\/\/8thsociodramaconference.com\/hu\/workshops-jun28-morning\/\" target=\"_blank\" rel=\"noopener\">Workshopok<\/a><\/td>\n<td style=\"background: #973d2c;\"><\/td>\n<td data-sheets-value=\"{&quot;1&quot;:2,&quot;2&quot;:&quot;10:00 AM - 12:30 PM&quot;}\"><strong>10:00 &#8211; 12:30<\/strong><\/td>\n<td data-sheets-value=\"{&quot;1&quot;:2,&quot;2&quot;:&quot;Workshops&quot;}\"><a href=\"https:\/\/8thsociodramaconference.com\/hu\/workshops-jun29-morning\/\" target=\"_blank\" rel=\"noopener\">Workshopok<\/a><\/td>\n<td style=\"background: #973d2c;\"><\/td>\n<td data-sheets-value=\"{&quot;1&quot;:2,&quot;2&quot;:&quot;11:00 AM - 12:00 AM&quot;}\"><strong>10:00 &#8211; 12:00<\/strong><\/td>\n<td data-sheets-value=\"{&quot;1&quot;:2,&quot;2&quot;:&quot;Closing ceremony&quot;}\">Z\u00e1r\u00f3 Nagycsoport<\/td>\n<\/tr>\n<tr>\n<td data-sheets-value=\"{&quot;1&quot;:2,&quot;2&quot;:&quot;6:30 PM - 8:00 PM&quot;}\"><strong>12:30 &#8211; 14:30<\/strong><\/td>\n<td data-sheets-value=\"{&quot;1&quot;:2,&quot;2&quot;:&quot;Dinner&quot;}\">Eb\u00e9d<\/td>\n<td style=\"background: #973d2c;\"><\/td>\n<td data-sheets-value=\"{&quot;1&quot;:2,&quot;2&quot;:&quot;12.30 PM - 2:00 PM&quot;}\"><strong>12.30\u00a0 &#8211; 14:00<\/strong><\/td>\n<td data-sheets-value=\"{&quot;1&quot;:2,&quot;2&quot;:&quot;Lunch&quot;}\">Eb\u00e9d<\/td>\n<td style=\"background: #973d2c;\"><\/td>\n<td data-sheets-value=\"{&quot;1&quot;:2,&quot;2&quot;:&quot;12.30 PM - 2:00 PM&quot;}\"><strong>12.30\u00a0 &#8211; 14:00<\/strong><\/td>\n<td data-sheets-value=\"{&quot;1&quot;:2,&quot;2&quot;:&quot;Lunch&quot;}\">Eb\u00e9d<\/td>\n<td style=\"background: #973d2c;\"><\/td>\n<td data-sheets-value=\"{&quot;1&quot;:2,&quot;2&quot;:&quot;12.30 PM - 2:00 PM&quot;}\"><strong>12.30\u00a0 &#8211; 14:00<\/strong><\/td>\n<td data-sheets-value=\"{&quot;1&quot;:2,&quot;2&quot;:&quot;Lunch&quot;}\">Eb\u00e9d<\/td>\n<td style=\"background: #973d2c;\"><\/td>\n<td><strong>12.30\u00a0 &#8211; 14:00<\/strong><\/td>\n<td>Eb\u00e9d<\/td>\n<\/tr>\n<tr>\n<td data-sheets-value=\"{&quot;1&quot;:2,&quot;2&quot;:&quot;8:00 PM - 9:30 PM&quot;}\"><strong>15.00 &#8211; 18:30<\/strong><\/td>\n<td data-sheets-value=\"{&quot;1&quot;:2,&quot;2&quot;:&quot;Sociodrama in Hungary&quot;}\">Nyit\u00f3 esem\u00e9ny \u00e9s Nagycsoport<\/td>\n<td style=\"background: #973d2c;\"><\/td>\n<td data-sheets-value=\"{&quot;1&quot;:2,&quot;2&quot;:&quot;2:00 PM - 4:30 PM&quot;}\"><strong>14:00 &#8211; 16:30<\/strong><\/td>\n<td data-sheets-value=\"{&quot;1&quot;:2,&quot;2&quot;:&quot;Workshops&quot;}\"><a href=\"https:\/\/8thsociodramaconference.com\/hu\/workshops-jun27-afternoon\/\" target=\"_blank\" rel=\"noopener\">Workshopok<\/a><\/td>\n<td style=\"background: #973d2c;\"><\/td>\n<td data-sheets-value=\"{&quot;1&quot;:2,&quot;2&quot;:&quot;2:00 PM - 4:30 PM&quot;}\"><strong>14:00 &#8211; 16:30<\/strong><\/td>\n<td data-sheets-value=\"{&quot;1&quot;:2,&quot;2&quot;:&quot;Workshops&quot;}\"><a href=\"https:\/\/8thsociodramaconference.com\/hu\/workshops-jun28-afternoon\/\" target=\"_blank\" rel=\"noopener\">Workshopok + Programok a helyi k\u00f6z\u00f6ss\u00e9gekben<\/a><\/td>\n<td style=\"background: #973d2c;\"><\/td>\n<td data-sheets-value=\"{&quot;1&quot;:2,&quot;2&quot;:&quot;2:00 PM - 4:30 PM&quot;}\"><strong>14:00 &#8211; 16:30<\/strong><\/td>\n<td data-sheets-value=\"{&quot;1&quot;:2,&quot;2&quot;:&quot;Workshops&quot;}\"><a href=\"https:\/\/8thsociodramaconference.com\/hu\/workshops-jun29-afternoon\/\" target=\"_blank\" rel=\"noopener\">Workshopok<\/a><\/td>\n<td style=\"background: #973d2c;\"><\/td>\n<td><\/td>\n<td><\/td>\n<\/tr>\n<tr>\n<td data-sheets-value=\"{&quot;1&quot;:2,&quot;2&quot;:&quot;8:00 PM - 10:00 PM&quot;}\"><strong>18:30 &#8211; 20:00<\/strong><\/td>\n<td data-sheets-value=\"{&quot;1&quot;:2,&quot;2&quot;:&quot;Social Encounter&quot;}\">Vacsora<\/td>\n<td style=\"background: #973d2c;\"><\/td>\n<td data-sheets-value=\"{&quot;1&quot;:2,&quot;2&quot;:&quot;5:00 PM - 7:00 PM&quot;}\"><strong>17:00\u00a0 &#8211; 19:00<\/strong><\/td>\n<td data-sheets-value=\"{&quot;1&quot;:2,&quot;2&quot;:&quot;Large group: Portugese team&quot;}\">Nagycsoport<\/td>\n<td style=\"background: #973d2c;\"><\/td>\n<td data-sheets-value=\"{&quot;1&quot;:2,&quot;2&quot;:&quot;5:00 PM - 7:00 PM&quot;}\"><strong>17:00\u00a0 &#8211; 19:00<\/strong><\/td>\n<td data-sheets-value=\"{&quot;1&quot;:2,&quot;2&quot;:&quot;Large group&quot;}\">Nagycsoport<\/td>\n<td style=\"background: #973d2c;\"><\/td>\n<td data-sheets-value=\"{&quot;1&quot;:2,&quot;2&quot;:&quot;5:00 PM - 7:00 PM&quot;}\"><strong>17:00\u00a0 &#8211; 19:00<\/strong><\/td>\n<td data-sheets-value=\"{&quot;1&quot;:2,&quot;2&quot;:&quot;Large group&quot;}\">Nagycsoport<\/td>\n<td style=\"background: #973d2c;\"><\/td>\n<td><\/td>\n<td><\/td>\n<\/tr>\n<tr>\n<td><strong>20:00 &#8211; 22:00<\/strong><\/td>\n<td><a href=\"https:\/\/8thsociodramaconference.com\/hu\/programs-jun26-evening\/\" target=\"_blank\" rel=\"noopener\">Szociodr\u00e1ma Magyarorsz\u00e1gon<\/a><\/td>\n<td style=\"background: #973d2c;\"><\/td>\n<td data-sheets-value=\"{&quot;1&quot;:2,&quot;2&quot;:&quot;7:00 PM - 8:30 PM&quot;}\"><strong>19:00\u00a0 &#8211; 20:30<\/strong><\/td>\n<td data-sheets-value=\"{&quot;1&quot;:2,&quot;2&quot;:&quot;Dinner&quot;}\">Vacsora<\/td>\n<td style=\"background: #973d2c;\"><\/td>\n<td data-sheets-value=\"{&quot;1&quot;:2,&quot;2&quot;:&quot;7:00 PM - 8:30 PM&quot;}\"><strong>19:00\u00a0 &#8211; 20:30<\/strong><\/td>\n<td data-sheets-value=\"{&quot;1&quot;:2,&quot;2&quot;:&quot;Dinner&quot;}\">Vacsora<\/td>\n<td style=\"background: #973d2c;\"><\/td>\n<td data-sheets-value=\"{&quot;1&quot;:2,&quot;2&quot;:&quot;7:00 PM - 8:30 PM&quot;}\"><strong>19:00\u00a0 &#8211; 20:30<\/strong><\/td>\n<td data-sheets-value=\"{&quot;1&quot;:2,&quot;2&quot;:&quot;Dinner&quot;}\">Vacsora<\/td>\n<td style=\"background: #973d2c;\"><\/td>\n<td><\/td>\n<td><\/td>\n<\/tr>\n<tr>\n<td><strong>22:00 &#8211;\u00a0<\/strong><\/td>\n<td>Social Encounter<\/td>\n<td style=\"background: #973d2c;\"><\/td>\n<td data-sheets-value=\"{&quot;1&quot;:2,&quot;2&quot;:&quot;8:30 PM - 9:30 PM&quot;}\"><strong>20:30\u00a0 &#8211; 21:00<\/strong><\/td>\n<td data-sheets-value=\"{&quot;1&quot;:2,&quot;2&quot;:&quot;Home Group&quot;}\">Home Group<\/td>\n<td style=\"background: #973d2c;\"><\/td>\n<td data-sheets-value=\"{&quot;1&quot;:2,&quot;2&quot;:&quot;8:30 PM - 9:00 PM&quot;}\"><strong>20:30\u00a0 &#8211; 21:00<\/strong><\/td>\n<td data-sheets-value=\"{&quot;1&quot;:2,&quot;2&quot;:&quot;Home group&quot;}\">Home group<\/td>\n<td style=\"background: #973d2c;\"><\/td>\n<td data-sheets-value=\"{&quot;1&quot;:2,&quot;2&quot;:&quot;8:30 PM - 9:00 PM&quot;}\"><strong>20:30\u00a0 &#8211; 21:00<\/strong><\/td>\n<td data-sheets-value=\"{&quot;1&quot;:2,&quot;2&quot;:&quot;Home Group&quot;}\">Home Group<\/td>\n<td style=\"background: #973d2c;\"><\/td>\n<td><\/td>\n<td><\/td>\n<\/tr>\n<tr>\n<td><\/td>\n<td><\/td>\n<td style=\"background: #973d2c;\"><\/td>\n<td><strong>21:00 &#8211; 22:30<\/strong><\/td>\n<td><a href=\"https:\/\/8thsociodramaconference.com\/hu\/program-filmscreening-szivhang\/\" target=\"_blank\" rel=\"noopener\">Filmvet\u00edt\u00e9s<\/a><\/td>\n<td style=\"background: #973d2c;\"><\/td>\n<td data-sheets-value=\"{&quot;1&quot;:2,&quot;2&quot;:&quot;9:00 PM - 10:30 PM&quot;}\"><strong>21:00 &#8211; 22:30<\/strong><\/td>\n<td data-sheets-value=\"{&quot;1&quot;:2,&quot;2&quot;:&quot;Playback theatre&quot;}\"><a href=\"https:\/\/8thsociodramaconference.com\/hu\/programs-playback-theatres\/\" target=\"_blank\" rel=\"noopener\">Playback sz\u00ednh\u00e1z<\/a><\/td>\n<td style=\"background: #973d2c;\"><\/td>\n<td data-sheets-value=\"{&quot;1&quot;:2,&quot;2&quot;:&quot;9:00 PM - 10:00 PM &quot;}\"><strong>21:00 &#8211; 22:00<\/strong><\/td>\n<td data-sheets-value=\"{&quot;1&quot;:2,&quot;2&quot;:&quot;Concert&quot;}\">Koncert<\/td>\n<td style=\"background: #973d2c;\"><\/td>\n<td><\/td>\n<td><\/td>\n<\/tr>\n<tr>\n<td><\/td>\n<td><\/td>\n<td style=\"background: #973d2c;\"><\/td>\n<td><\/td>\n<td><\/td>\n<td style=\"background: #973d2c;\"><\/td>\n<td><\/td>\n<td><\/td>\n<td style=\"background: #973d2c;\"><\/td>\n<td data-sheets-value=\"{&quot;1&quot;:2,&quot;2&quot;:&quot;10:00 PM - &quot;}\"><strong>22:00\u00a0 &#8211;<\/strong><\/td>\n<td data-sheets-value=\"{&quot;1&quot;:2,&quot;2&quot;:&quot;Party&quot;}\">Buli<\/td>\n<td style=\"background: #973d2c;\"><\/td>\n<td><\/td>\n<td><\/td>\n<\/tr>\n<\/tbody>\n<\/table>\n[\/mk_table][\/vc_column][\/mk_page_section][vc_row][vc_column visibility=&#8221;visible-sm&#8221;][vc_column_text]\n<table>\n<tbody>\n<tr>\n<td colspan=\"2\"><span style=\"color: #993300;\"><b>J\u00fanius 26., Szerda<\/b><\/span><\/td>\n<\/tr>\n<tr>\n<td><span style=\"font-weight: 400;\">10:00 &#8211; 15:00\u00a0<\/span><\/td>\n<td><span style=\"font-weight: 400;\">\u00c9rkez\u00e9s \u00e9s Regisztr\u00e1ci\u00f3<\/span><\/td>\n<\/tr>\n<tr>\n<td><span style=\"font-weight: 400;\">12:30 &#8211; 14:30<\/span><\/td>\n<td><span style=\"font-weight: 400;\">Eb\u00e9d<\/span><\/td>\n<\/tr>\n<tr>\n<td><span style=\"font-weight: 400;\">15:00 &#8211; 18:30<\/span><\/td>\n<td><span style=\"font-weight: 400;\">Nyit\u00f3esem\u00e9ny \u00e9s nagycsoport<\/span><\/td>\n<\/tr>\n<tr>\n<td><span style=\"font-weight: 400;\">18:30 &#8211; 20:00<\/span><\/td>\n<td><span style=\"font-weight: 400;\">Vacsora<\/span><\/td>\n<\/tr>\n<tr>\n<td><span style=\"font-weight: 400;\">20:00 &#8211; 22:00<\/span><\/td>\n<td><a href=\"https:\/\/8thsociodramaconference.com\/hu\/programs-jun26-evening\/\" target=\"_blank\" rel=\"noopener\"><span style=\"font-weight: 400;\">Szociodr\u00e1ma Magyarorsz\u00e1gon<\/span><\/a><\/td>\n<\/tr>\n<tr>\n<td><span style=\"font-weight: 400;\">22:00 &#8211;\u00a0<\/span><\/td>\n<td><span style=\"font-weight: 400;\">Social Encounter<\/span><\/td>\n<\/tr>\n<\/tbody>\n<\/table>\n[\/vc_column_text][\/vc_column][\/vc_row][vc_row][vc_column visibility=&#8221;visible-sm&#8221;][vc_column_text]\n<table>\n<tbody>\n<tr>\n<td colspan=\"2\"><span style=\"color: #993300;\"><b>J\u00fanius 27, Cs\u00fct\u00f6rt\u00f6k<\/b><\/span><\/td>\n<\/tr>\n<tr>\n<td><span style=\"font-weight: 400;\">7:30 &#8211; 9:30<\/span><\/td>\n<td><span style=\"font-weight: 400;\">Reggeli<\/span><\/td>\n<\/tr>\n<tr>\n<td><span style=\"font-weight: 400;\">8:00\u00a0 &#8211; 10:00<\/span><\/td>\n<td><span style=\"font-weight: 400;\">Regisztr\u00e1ci\u00f3<\/span><\/td>\n<\/tr>\n<tr>\n<td><span style=\"font-weight: 400;\">10:00 &#8211; 12:30<\/span><\/td>\n<td><a href=\"https:\/\/8thsociodramaconference.com\/hu\/workshops-jun27-morning\/\" target=\"_blank\" rel=\"noopener\"><span style=\"font-weight: 400;\">Workshopok<\/span><\/a><\/td>\n<\/tr>\n<tr>\n<td><span style=\"font-weight: 400;\">12:30 &#8211; 14:00<\/span><\/td>\n<td><span style=\"font-weight: 400;\">Eb\u00e9d<\/span><\/td>\n<\/tr>\n<tr>\n<td><span style=\"font-weight: 400;\">14:00 &#8211; 16:30<\/span><\/td>\n<td><a href=\"https:\/\/8thsociodramaconference.com\/hu\/workshops-jun27-afternoon\/\" target=\"_blank\" rel=\"noopener\"><span style=\"font-weight: 400;\">Workshopok<\/span><\/a><\/td>\n<\/tr>\n<tr>\n<td><span style=\"font-weight: 400;\">17:00 &#8211; 19:00<\/span><\/td>\n<td><span style=\"font-weight: 400;\">Nagycsoport<\/span><\/td>\n<\/tr>\n<tr>\n<td><span style=\"font-weight: 400;\">19:00 &#8211; 20:30<\/span><\/td>\n<td><span style=\"font-weight: 400;\">Vacsora<\/span><\/td>\n<\/tr>\n<tr>\n<td><span style=\"font-weight: 400;\">20:30 &#8211; 21:00<\/span><\/td>\n<td><span style=\"font-weight: 400;\">Home Group<\/span><\/td>\n<\/tr>\n<tr>\n<td><span style=\"font-weight: 400;\">21:00 &#8211; 22:30<\/span><\/td>\n<td><a href=\"https:\/\/8thsociodramaconference.com\/hu\/program-filmscreening-szivhang\/\" target=\"_blank\" rel=\"noopener\"><span style=\"font-weight: 400;\">Filmvet\u00edt\u00e9s<\/span><\/a><\/td>\n<\/tr>\n<\/tbody>\n<\/table>\n[\/vc_column_text][\/vc_column][\/vc_row][vc_row][vc_column visibility=&#8221;visible-sm&#8221;][vc_column_text]\n<table>\n<tbody>\n<tr>\n<td colspan=\"2\"><span style=\"color: #993300;\"><b>J\u00fanius 28., P\u00e9ntek<\/b><\/span><\/td>\n<\/tr>\n<tr>\n<td><span style=\"font-weight: 400;\">7:30 &#8211; 9:30<\/span><\/td>\n<td><span style=\"font-weight: 400;\">Reggeli<\/span><\/td>\n<\/tr>\n<tr>\n<td><span style=\"font-weight: 400;\">9:00 &#8211; 12:00<\/span><\/td>\n<td><a href=\"https:\/\/8thsociodramaconference.com\/hu\/programs-in-local-communities-june28-morning\/\" target=\"_blank\" rel=\"noopener\">Programok a helyi k\u00f6z\u00f6ss\u00e9gekben<\/a><\/td>\n<\/tr>\n<tr>\n<td><span style=\"font-weight: 400;\">10:00 &#8211; 12:30<\/span><\/td>\n<td><a href=\"https:\/\/8thsociodramaconference.com\/hu\/workshops-jun28-morning\/\" target=\"_blank\" rel=\"noopener\"><span style=\"font-weight: 400;\">Workshopok\u00a0<\/span><\/a><\/td>\n<\/tr>\n<tr>\n<td><span style=\"font-weight: 400;\">12:30 &#8211; 14:00<\/span><\/td>\n<td><span style=\"font-weight: 400;\">Eb\u00e9d<\/span><\/td>\n<\/tr>\n<tr>\n<td><span style=\"font-weight: 400;\">14:00 &#8211; 16:30<\/span><\/td>\n<td><a href=\"https:\/\/8thsociodramaconference.com\/hu\/workshops-jun28-afternoon\/\" target=\"_blank\" rel=\"noopener\"><span style=\"font-weight: 400;\">Workshopok + Programok a helyi k\u00f6z\u00f6ss\u00e9gekben<\/span><\/a><\/td>\n<\/tr>\n<tr>\n<td><span style=\"font-weight: 400;\">17:00 &#8211; 19:00<\/span><\/td>\n<td><span style=\"font-weight: 400;\">Nagycsoport<\/span><\/td>\n<\/tr>\n<tr>\n<td><span style=\"font-weight: 400;\">19:00 &#8211; 20:30<\/span><\/td>\n<td><span style=\"font-weight: 400;\">Vacsora<\/span><\/td>\n<\/tr>\n<tr>\n<td><span style=\"font-weight: 400;\">20:30 &#8211; 21:00<\/span><\/td>\n<td><span style=\"font-weight: 400;\">Home Group<\/span><\/td>\n<\/tr>\n<tr>\n<td><span style=\"font-weight: 400;\">21:00 &#8211; 22:30<\/span><\/td>\n<td><a href=\"https:\/\/8thsociodramaconference.com\/hu\/programs-playback-theatres\/\" target=\"_blank\" rel=\"noopener\"><span style=\"font-weight: 400;\">Playback Sz\u00ednh\u00e1zak<\/span><\/a><\/td>\n<\/tr>\n<\/tbody>\n<\/table>\n[\/vc_column_text][\/vc_column][\/vc_row][vc_row][vc_column visibility=&#8221;visible-sm&#8221;][vc_column_text]\n<table>\n<tbody>\n<tr>\n<td colspan=\"2\"><span style=\"color: #993300;\"><b>J\u00fanius 29., Szombat\u00a0<\/b><\/span><\/td>\n<\/tr>\n<tr>\n<td><span style=\"font-weight: 400;\">7:30 &#8211; 9:00<\/span><\/td>\n<td><span style=\"font-weight: 400;\">Reggeli<\/span><\/td>\n<\/tr>\n<tr>\n<td><span style=\"font-weight: 400;\">9:00\u00a0 &#8211; 9:50<\/span><\/td>\n<td><span style=\"font-weight: 400;\"><a href=\"https:\/\/8thsociodramaconference.com\/hu\/presentations-jun29-morning\/\" target=\"_blank\" rel=\"noopener\">Prezent\u00e1ci\u00f3k<\/a><\/span><\/td>\n<\/tr>\n<tr>\n<td><span style=\"font-weight: 400;\">10:00 &#8211; 12:30<\/span><\/td>\n<td><span style=\"font-weight: 400;\"><a href=\"https:\/\/8thsociodramaconference.com\/hu\/workshops-jun29-morning\/\" target=\"_blank\" rel=\"noopener\">Workshopok<\/a>\u00a0<\/span><\/td>\n<\/tr>\n<tr>\n<td><span style=\"font-weight: 400;\">12:30 &#8211; 14:00<\/span><\/td>\n<td><span style=\"font-weight: 400;\">Eb\u00e9d<\/span><\/td>\n<\/tr>\n<tr>\n<td><span style=\"font-weight: 400;\">14:00 &#8211; 16:30<\/span><\/td>\n<td><a href=\"https:\/\/8thsociodramaconference.com\/hu\/workshops-jun29-afternoon\/\" target=\"_blank\" rel=\"noopener\"><span style=\"font-weight: 400;\">Workshopok<\/span><\/a><\/td>\n<\/tr>\n<tr>\n<td><span style=\"font-weight: 400;\">17:00 &#8211; 19:00<\/span><\/td>\n<td><span style=\"font-weight: 400;\">Nagycsoport<\/span><\/td>\n<\/tr>\n<tr>\n<td><span style=\"font-weight: 400;\">19:00 &#8211; 20:30<\/span><\/td>\n<td><span style=\"font-weight: 400;\">Vacsora<\/span><\/td>\n<\/tr>\n<tr>\n<td><span style=\"font-weight: 400;\">20:30 &#8211; 21:00<\/span><\/td>\n<td><span style=\"font-weight: 400;\">Home Group<\/span><\/td>\n<\/tr>\n<tr>\n<td><span style=\"font-weight: 400;\">21:00 &#8211; 22:00<\/span><\/td>\n<td><span style=\"font-weight: 400;\">Koncert<\/span><\/td>\n<\/tr>\n<tr>\n<td><span style=\"font-weight: 400;\">22:00 &#8211;\u00a0<\/span><\/td>\n<td><span style=\"font-weight: 400;\">Buli<\/span><\/td>\n<\/tr>\n<\/tbody>\n<\/table>\n[\/vc_column_text][\/vc_column][\/vc_row][vc_row][vc_column visibility=&#8221;visible-sm&#8221;][vc_column_text]\n<table>\n<tbody>\n<tr>\n<td colspan=\"2\"><span style=\"color: #993300;\"><b>J\u00fanius 30., Vas\u00e1rnap<\/b><\/span><\/td>\n<\/tr>\n<tr>\n<td><span style=\"font-weight: 400;\">7:30 &#8211; 9:30<\/span><\/td>\n<td><span style=\"font-weight: 400;\">Reggeli<\/span><\/td>\n<\/tr>\n<tr>\n<td><span style=\"font-weight: 400;\">10:00\u00a0 &#8211; 12:00<\/span><\/td>\n<td><span style=\"font-weight: 400;\">Z\u00e1r\u00f3 nagycsoport<\/span><\/td>\n<\/tr>\n<tr>\n<td><span style=\"font-weight: 400;\">12:30 &#8211; 14:00<\/span><\/td>\n<td><span style=\"font-weight: 400;\">Eb\u00e9d\u00a0<\/span><\/td>\n<\/tr>\n<\/tbody>\n<\/table>\n[\/vc_column_text][\/vc_column][\/vc_row]\n<\/section>","protected":false},"excerpt":{"rendered":"<p>[mk_page_section][vc_column visibility=&#8221;hidden-sm&#8221;][mk_table] J\u00daNIUS 26. Szerda J\u00daNIUS 27.\u00a0 Cs\u00fct\u00f6rt\u00f6k J\u00daNIUS 28. P\u00e9ntek J\u00daNIUS 29.\u00a0 Szombat J\u00daNIUS 30. Vas\u00e1rnap F\u0150 KONFERENCIA 10:00 &#8211; 15:00 \u00c9rkez\u00e9s \u00e9s Regisztr\u00e1ci\u00f3 7:30 &#8211; 9:30 Reggeli 7:30 &#8211; 9:30 Reggeli 7:30 &#8211; 9:00 Reggeli 7:30 &#8211; 9:30 Reggeli 8:00 &#8211; 10:00 Regisztr\u00e1ci\u00f3 9:00 &#8211; 12:00 Programok a helyi k\u00f6z\u00f6ss\u00e9gekben 9:00\u00a0 &#8211; 9:50 [&hellip;]<\/p>\n","protected":false},"author":1,"featured_media":0,"parent":0,"menu_order":0,"comment_status":"closed","ping_status":"closed","template":"","meta":{"footnotes":""},"class_list":["post-5862","page","type-page","status-publish","hentry"],"_links":{"self":[{"href":"https:\/\/8thsociodramaconference.com\/hu\/wp-json\/wp\/v2\/pages\/5862","targetHints":{"allow":["GET"]}}],"collection":[{"href":"https:\/\/8thsociodramaconference.com\/hu\/wp-json\/wp\/v2\/pages"}],"about":[{"href":"https:\/\/8thsociodramaconference.com\/hu\/wp-json\/wp\/v2\/types\/page"}],"author":[{"embeddable":true,"href":"https:\/\/8thsociodramaconference.com\/hu\/wp-json\/wp\/v2\/users\/1"}],"replies":[{"embeddable":true,"href":"https:\/\/8thsociodramaconference.com\/hu\/wp-json\/wp\/v2\/comments?post=5862"}],"version-history":[{"count":22,"href":"https:\/\/8thsociodramaconference.com\/hu\/wp-json\/wp\/v2\/pages\/5862\/revisions"}],"predecessor-version":[{"id":8307,"href":"https:\/\/8thsociodramaconference.com\/hu\/wp-json\/wp\/v2\/pages\/5862\/revisions\/8307"}],"wp:attachment":[{"href":"https:\/\/8thsociodramaconference.com\/hu\/wp-json\/wp\/v2\/media?parent=5862"}],"curies":[{"name":"wp","href":"https:\/\/api.w.org\/{rel}","templated":true}]}}