{"id":5859,"date":"2024-02-15T19:18:36","date_gmt":"2024-02-15T18:18:36","guid":{"rendered":"https:\/\/8thsociodramaconference.com\/program-dayse-bispo-silva\/"},"modified":"2024-06-01T06:05:12","modified_gmt":"2024-06-01T04:05:12","slug":"program-dayse-bispo-silva","status":"publish","type":"page","link":"https:\/\/8thsociodramaconference.com\/hu\/program-dayse-bispo-silva\/","title":{"rendered":"Program Dayse Bispo Silva"},"content":{"rendered":"<section class=\"wpb-content-wrapper\">[mk_page_section][vc_column][mk_fancy_title tag_name=&#8221;h2&#8243; size=&#8221;40&#8243; line_height=&#8221;50&#8243; font_family=&#8221;Oswald&#8221; font_type=&#8221;google&#8221; margin_bottom=&#8221;0&#8243;]\n<h3 style=\"text-align: center;\"><b>DECENTRALIZ\u00c1LT SZUPERV\u00cdZI\u00d3:<br \/>\nA DRAMATIKUS MULTIPLIK\u00c1CI\u00d3, MINT M\u00d3DSZERTAN <\/b><\/h3>\n<h5 style=\"text-align: center;\"><em>(Az el\u0151ad\u00e1s nyelve angol)<\/em><\/h5>\n<h5 style=\"text-align: center;\"><span style=\"color: #800000;\"><strong>EL\u0150AD\u00d3:<\/strong><b> DAYSE BISPO SILVA<\/b><\/span><\/h5>\n[\/mk_fancy_title][vc_row_inner][vc_column_inner width=&#8221;1\/6&#8243;][mk_image_box title=&#8221;Sociodrama and power&#8221; src=&#8221;https:\/\/8thsociodramaconference.com\/wp-content\/uploads\/2024\/02\/Power-and-Democratic-1.png&#8221; media_width=&#8221;421&#8243; media_height=&#8221;294&#8243; crop=&#8221;false&#8221; image_link=&#8221;url&#8221; url=&#8221;https:\/\/8thsociodramaconference.com\/topic-sociodrama-power\/&#8221; target=&#8221;_blank&#8221; align=&#8221;center&#8221; rounded_corner=&#8221;true&#8221;][\/mk_image_box][\/vc_column_inner][vc_column_inner width=&#8221;2\/3&#8243;][vc_column_text responsive_align=&#8221;left&#8221;]\n<h5 style=\"text-align: left;\"><b>ID\u0150PONT<\/b><strong>: <\/strong>J\u00fanius 29. szombat, 9:00-9:50<br \/>\n<strong>T\u00c9MA: <\/strong>Szociodr\u00e1ma \u00e9s hatalom \u2013 a demokratikus \u00e9rt\u00e9kek j\u00f6v\u0151je<br \/>\n<strong>PROGRAM T\u00cdPUSA: <\/strong>Presentation<br \/>\n<strong>TEREM:<\/strong><br \/>\n<strong>R\u00c9SZTVEV\u0150K SZ\u00c1MA: <\/strong>30<br \/>\n<strong>NYELV:<\/strong> Angol<br \/>\n<strong>C\u00cdMKE: <\/strong><a href=\"https:\/\/8thsociodramaconference.com\/hu\/topic-sociodrama-power\/\" target=\"_blank\" rel=\"noopener\">Szociodr\u00e1ma \u00e9s hatalom<\/a>, <a href=\"https:\/\/8thsociodramaconference.com\/hu\/presentations-jun29-morning\/\" target=\"_blank\" rel=\"noopener\">Prezent\u00e1ci\u00f3k j\u00fanius 29-\u00e9n d\u00e9lel\u0151tt<\/a><\/h5>\n[\/vc_column_text][\/vc_column_inner][vc_column_inner width=&#8221;1\/6&#8243;][\/vc_column_inner][\/vc_row_inner][\/vc_column][\/mk_page_section][mk_page_section padding=&#8221;0&#8243;][vc_column][vc_column_text responsive_align=&#8221;left&#8221;]\n<h5 style=\"text-align: center;\"><b>ABSZTRAKT:<\/b><\/h5>\n[\/vc_column_text][vc_column_text responsive_align=&#8221;left&#8221;]<span style=\"font-weight: 400;\">Ebben a prezent\u00e1ci\u00f3ban egy olyan online szuperv\u00edzi\u00f3s csoport (\u00e9s n\u00e9h\u00e1ny egy\u00e9ni szuperv\u00edzi\u00f3) tapasztalatai ker\u00fclnek bemutat\u00e1sra, amelyben a dramatikus multiplik\u00e1ci\u00f3 csoporttechnik\u00e1t haszn\u00e1ltuk. Ez a m\u00f3dszer a szuperv\u00edzor<\/span>i<span style=\"font-weight: 400;\"> szerepet decentrilaz\u00e1lja \u00e9s egy kollekt\u00edv, t\u00e1rsszuperv\u00edzi\u00f3s szeml\u00e9letet hagy \u00e9rv\u00e9nyes\u00fclni. El\u0151ad\u00e1somban, a tapasztalatok alapj\u00e1n a Dramatikus Multiplik\u00e1ci\u00f3r\u00f3l fogok besz\u00e9lni: els\u0151sorban a szuperv\u00edzi\u00f3s csoportban kifejtett hat\u00e1sair\u00f3l, ugyanakkor az alkalmakon \u00e9nekelt dalokra is fogunk reflekt\u00e1lni, az \u00e9lm\u00e9ny bemutat\u00e1sak\u00e9nt. A prezent\u00e1ci\u00f3 r\u00e9v\u00e9n a r\u00e9sztvev\u0151k megismerhetik \u00e9s tov\u00e1bbfejleszthetik a decentraliz\u00e1lt szuperv\u00edzi\u00f3ban rejl\u0151 lehet\u0151s\u00e9geket.<\/span>[\/vc_column_text][mk_padding_divider size=&#8221;30&#8243;][vc_column_text responsive_align=&#8221;left&#8221;]\n<h5 style=\"text-align: center;\"><b>AZ EL\u0150AD\u00d3R\u00d3L:<\/b><\/h5>\n[\/vc_column_text][vc_row_inner][vc_column_inner width=&#8221;1\/4&#8243;][mk_image src=&#8221;https:\/\/8thsociodramaconference.com\/wp-content\/uploads\/2024\/02\/Dayse-Bispo-Silva.png&#8221; image_width=&#8221;402&#8243; image_height=&#8221;275&#8243; crop=&#8221;false&#8221; hover=&#8221;false&#8221;][\/vc_column_inner][vc_column_inner width=&#8221;3\/4&#8243;][vc_column_text responsive_align=&#8221;left&#8221;]<span style=\"font-weight: 400;\">Pszichol\u00f3gus \u00e9s pszichodr\u00e1ma vezet\u0151 \u00e9s oktat\u00f3, doktori fokozat szociopszichol\u00f3gi\u00e1b\u00f3l. A SOPSP (S\u00e3o Paul\u00f3-i Pszichodr\u00e1ma T\u00e1rsas\u00e1g) eln\u00f6ke. Nagy tapasztalattal rendelkezik a brazil ment\u00e1lis eg\u00e9szs\u00e9g\u00fcgy ter\u00fclet\u00e9n. 2021 \u00f3ta a pszichodr\u00e1m\u00e1ra \u00f6sszpontos\u00edt csoportvezet\u0151k\u00e9nt \u00e9s kik\u00e9pz\u0151k\u00e9nt, valamint \u00e1rtalomcs\u00f6kkent\u00e9sre \u00e9s a pszichedelikus szerekkel t\u00e1mogatott pszichoter\u00e1pi\u00e1ra.<\/span>[\/vc_column_text][\/vc_column_inner][\/vc_row_inner][\/vc_column][\/mk_page_section]\n<\/section>","protected":false},"excerpt":{"rendered":"<p>[mk_page_section][vc_column][mk_fancy_title tag_name=&#8221;h2&#8243; size=&#8221;40&#8243; line_height=&#8221;50&#8243; font_family=&#8221;Oswald&#8221; font_type=&#8221;google&#8221; margin_bottom=&#8221;0&#8243;] DECENTRALIZ\u00c1LT SZUPERV\u00cdZI\u00d3: A DRAMATIKUS MULTIPLIK\u00c1CI\u00d3, MINT M\u00d3DSZERTAN (Az el\u0151ad\u00e1s nyelve angol) EL\u0150AD\u00d3: DAYSE BISPO SILVA [\/mk_fancy_title][vc_row_inner][vc_column_inner width=&#8221;1\/6&#8243;][mk_image_box title=&#8221;Sociodrama and power&#8221; src=&#8221;https:\/\/8thsociodramaconference.com\/wp-content\/uploads\/2024\/02\/Power-and-Democratic-1.png&#8221; media_width=&#8221;421&#8243; media_height=&#8221;294&#8243; crop=&#8221;false&#8221; image_link=&#8221;url&#8221; url=&#8221;https:\/\/8thsociodramaconference.com\/topic-sociodrama-power\/&#8221; target=&#8221;_blank&#8221; align=&#8221;center&#8221; rounded_corner=&#8221;true&#8221;][\/mk_image_box][\/vc_column_inner][vc_column_inner width=&#8221;2\/3&#8243;][vc_column_text responsive_align=&#8221;left&#8221;] ID\u0150PONT: J\u00fanius 29. szombat, 9:00-9:50 T\u00c9MA: Szociodr\u00e1ma \u00e9s hatalom \u2013 a demokratikus \u00e9rt\u00e9kek j\u00f6v\u0151je PROGRAM T\u00cdPUSA: Presentation [&hellip;]<\/p>\n","protected":false},"author":4,"featured_media":0,"parent":0,"menu_order":0,"comment_status":"closed","ping_status":"closed","template":"","meta":{"footnotes":""},"class_list":["post-5859","page","type-page","status-publish","hentry"],"_links":{"self":[{"href":"https:\/\/8thsociodramaconference.com\/hu\/wp-json\/wp\/v2\/pages\/5859","targetHints":{"allow":["GET"]}}],"collection":[{"href":"https:\/\/8thsociodramaconference.com\/hu\/wp-json\/wp\/v2\/pages"}],"about":[{"href":"https:\/\/8thsociodramaconference.com\/hu\/wp-json\/wp\/v2\/types\/page"}],"author":[{"embeddable":true,"href":"https:\/\/8thsociodramaconference.com\/hu\/wp-json\/wp\/v2\/users\/4"}],"replies":[{"embeddable":true,"href":"https:\/\/8thsociodramaconference.com\/hu\/wp-json\/wp\/v2\/comments?post=5859"}],"version-history":[{"count":8,"href":"https:\/\/8thsociodramaconference.com\/hu\/wp-json\/wp\/v2\/pages\/5859\/revisions"}],"predecessor-version":[{"id":8133,"href":"https:\/\/8thsociodramaconference.com\/hu\/wp-json\/wp\/v2\/pages\/5859\/revisions\/8133"}],"wp:attachment":[{"href":"https:\/\/8thsociodramaconference.com\/hu\/wp-json\/wp\/v2\/media?parent=5859"}],"curies":[{"name":"wp","href":"https:\/\/api.w.org\/{rel}","templated":true}]}}