{"id":5852,"date":"2024-02-18T10:52:52","date_gmt":"2024-02-18T09:52:52","guid":{"rendered":"https:\/\/8thsociodramaconference.com\/main-conference-program\/"},"modified":"2024-05-31T17:39:04","modified_gmt":"2024-05-31T15:39:04","slug":"main-conference-program","status":"publish","type":"page","link":"https:\/\/8thsociodramaconference.com\/hu\/main-conference-program\/","title":{"rendered":"Main conference program"},"content":{"rendered":"<section class=\"wpb-content-wrapper\">[mk_page_section][vc_column][mk_fancy_title tag_name=&#8221;h2&#8243; size=&#8221;40&#8243; line_height=&#8221;50&#8243; color=&#8221;#a03c23&#8243; font_family=&#8221;Oswald&#8221; font_type=&#8221;google&#8221; margin_bottom=&#8221;6&#8243;]\n<p style=\"text-align: center;\"><strong><span style=\"color: #993300;\">\u00a0PROGRAM<\/span><\/strong><br \/>\n<strong><span style=\"color: #993300;\">F\u0150 KONFERENCIA<\/span><\/strong><\/p>\n[\/mk_fancy_title][mk_padding_divider][\/vc_column][\/mk_page_section][vc_row][vc_column][vc_column_text]\n<p><span style=\"font-weight: 400;\">A Nemzetk\u00f6zi Szociodr\u00e1ma Konferencia egy, a sz\u00e9les szakmai nyilv\u00e1noss\u00e1g <\/span><span style=\"font-weight: 400;\">sz\u00e1m\u00e1ra nyitott esem\u00e9ny, ahol a vil\u00e1g k\u00fcl\u00f6nb\u00f6z\u0151 pontjain a Moreno-f\u00e9le szociodr\u00e1ma m\u00f3dszerrel dolgoz\u00f3 csoportvezet\u0151k tal\u00e1lkozhatnak egym\u00e1ssal. <\/span><span style=\"font-weight: 400;\">Az\u00a0 \u00f6t napos folyamat sor\u00e1n a t\u00f6bb sz\u00e1z r\u00e9sztvev\u0151 napk\u00f6zben workshopokon \u00e9s besz\u00e9lgeteseken vesz r\u00e9szt, majd minden este nagycsoportban osztj\u00e1k meg \u00e9s integr\u00e1lj\u00e1k <\/span><span style=\"font-weight: 400;\">tapasztalataikat, \u00edgy v\u00e1gnak bele a k\u00f6vetkez\u0151 napba.<br \/>\n<\/span><span style=\"font-weight: 400;\">A programok a f\u0151 konferencia helysz\u00ednen \u00e9s v\u00e1rosszerte k\u00fcl\u00f6nb\u00f6z\u0151 k\u00f6z\u00f6ss\u00e9gekben zajlanak.<\/span><\/p>\n<p><span style=\"font-weight: 400;\">A konferencia az els\u0151 nap (<strong>j\u00fanius 26<\/strong>.) egy <strong>nyit\u00f3 nagycsoport<\/strong>tal indul, \u00e9s az \u00f6t\u00f6dik napon (<strong>j\u00fanius 30.<\/strong>) egy <strong>z\u00e1r\u00f3 nagycsoport<\/strong>tal fejez\u0151dik be.<br \/>\nA k\u00f6ztes h\u00e1rom napon a r\u00e9sztvev\u0151k <\/span><\/p>\n<ul>\n<li><span style=\"font-weight: 400;\">el\u0151sz\u00f6r \u00e1ltal\u00e1nosabb, <strong>bevezet\u0151 jelleg\u0171, tematikus \u00e9s m\u00f3dszertani workshopok<\/strong>on vesznek r\u00e9szt (<strong>j\u00fanius 27.<\/strong>)<\/span><\/li>\n<li><span style=\"font-weight: 400;\">majd a vil\u00e1g k\u00fcl\u00f6nb\u00f6z\u0151\u00a0 t\u00e1jain, k\u00fcl\u00f6nb\u00f6z\u0151 ter\u00fcleteken, <strong>k\u00fcl\u00f6nb\u00f6z\u0151 csoportokkal folytatott munk\u00e1k<\/strong>ba kapnak saj\u00e1t \u00e9lm\u00e9ny\u0171 bepillant\u00e1st (<strong>j\u00fanius 28<\/strong>),<\/span><\/li>\n<li><span style=\"font-weight: 400;\">v\u00e9g\u00fcl pedig k\u00f6z\u00f6sen alkothatnak \u00e9s pr\u00f3b\u00e1lhatnak ki <strong>kollektiv j\u00f6v\u0151k\u00e9peket<\/strong> (<strong>j\u00fanius 29.<\/strong>).<\/span><\/li>\n<\/ul>\n<p><span style=\"font-weight: 400;\">Az \u00f6t nap egy k\u00f6z\u00f6s utaz\u00e1s, amelynek \u00e9lm\u00e9ny\u00e9t, tapasztalatait mindannyian hazavihetj\u00fck, hogy a kollekt\u00edven l\u00e9trehozott tud\u00e1st saj\u00e1t helyi k\u00f6z\u00f6ss\u00e9geink jav\u00e1ra ford\u00edtsuk!<\/span>[\/vc_column_text][\/vc_column][\/vc_row][vc_row][vc_column][vc_btn title=&#8221;ID\u0150BONT\u00c1S&#8221; style=&#8221;classic&#8221; color=&#8221;mulled-wine&#8221; size=&#8221;lg&#8221; align=&#8221;center&#8221; button_block=&#8221;true&#8221; link=&#8221;url:https%3A%2F%2F8thsociodramaconference.com%2Fhu%2Fprogram-timing%2F|target:_blank&#8221;][vc_btn title=&#8221;PROGRAMSTRUKT\u00daRA&#8221; style=&#8221;classic&#8221; color=&#8221;peacoc&#8221; size=&#8221;lg&#8221; align=&#8221;center&#8221; button_block=&#8221;true&#8221; link=&#8221;url:https%3A%2F%2F8thsociodramaconference.com%2Fhu%2Fschedule%2F|target:_blank&#8221;][vc_btn title=&#8221;T\u00c9M\u00c1K SZERINTI BONT\u00c1S&#8221; style=&#8221;classic&#8221; color=&#8221;green&#8221; size=&#8221;lg&#8221; align=&#8221;center&#8221; button_block=&#8221;true&#8221; link=&#8221;url:https%3A%2F%2F8thsociodramaconference.com%2Fhu%2Fsessions-listed-topic%2F|target:_blank&#8221;][\/vc_column][\/vc_row][vc_row][vc_column][vc_message]A szervez\u0151k a programv\u00e1ltoztat\u00e1s jog\u00e1t fenntartj\u00e1k![\/vc_message][\/vc_column][\/vc_row]\n<\/section>","protected":false},"excerpt":{"rendered":"<p>[mk_page_section][vc_column][mk_fancy_title tag_name=&#8221;h2&#8243; size=&#8221;40&#8243; line_height=&#8221;50&#8243; color=&#8221;#a03c23&#8243; font_family=&#8221;Oswald&#8221; font_type=&#8221;google&#8221; margin_bottom=&#8221;6&#8243;] \u00a0PROGRAM F\u0150 KONFERENCIA [\/mk_fancy_title][mk_padding_divider][\/vc_column][\/mk_page_section][vc_row][vc_column][vc_column_text] A Nemzetk\u00f6zi Szociodr\u00e1ma Konferencia egy, a sz\u00e9les szakmai nyilv\u00e1noss\u00e1g sz\u00e1m\u00e1ra nyitott esem\u00e9ny, ahol a vil\u00e1g k\u00fcl\u00f6nb\u00f6z\u0151 pontjain a Moreno-f\u00e9le szociodr\u00e1ma m\u00f3dszerrel dolgoz\u00f3 csoportvezet\u0151k tal\u00e1lkozhatnak egym\u00e1ssal. Az\u00a0 \u00f6t napos folyamat sor\u00e1n a t\u00f6bb sz\u00e1z r\u00e9sztvev\u0151 napk\u00f6zben workshopokon \u00e9s besz\u00e9lgeteseken vesz r\u00e9szt, majd minden este [&hellip;]<\/p>\n","protected":false},"author":1,"featured_media":0,"parent":0,"menu_order":0,"comment_status":"closed","ping_status":"closed","template":"","meta":{"footnotes":""},"class_list":["post-5852","page","type-page","status-publish","hentry"],"_links":{"self":[{"href":"https:\/\/8thsociodramaconference.com\/hu\/wp-json\/wp\/v2\/pages\/5852","targetHints":{"allow":["GET"]}}],"collection":[{"href":"https:\/\/8thsociodramaconference.com\/hu\/wp-json\/wp\/v2\/pages"}],"about":[{"href":"https:\/\/8thsociodramaconference.com\/hu\/wp-json\/wp\/v2\/types\/page"}],"author":[{"embeddable":true,"href":"https:\/\/8thsociodramaconference.com\/hu\/wp-json\/wp\/v2\/users\/1"}],"replies":[{"embeddable":true,"href":"https:\/\/8thsociodramaconference.com\/hu\/wp-json\/wp\/v2\/comments?post=5852"}],"version-history":[{"count":15,"href":"https:\/\/8thsociodramaconference.com\/hu\/wp-json\/wp\/v2\/pages\/5852\/revisions"}],"predecessor-version":[{"id":8085,"href":"https:\/\/8thsociodramaconference.com\/hu\/wp-json\/wp\/v2\/pages\/5852\/revisions\/8085"}],"wp:attachment":[{"href":"https:\/\/8thsociodramaconference.com\/hu\/wp-json\/wp\/v2\/media?parent=5852"}],"curies":[{"name":"wp","href":"https:\/\/api.w.org\/{rel}","templated":true}]}}