{"id":5804,"date":"2024-02-27T07:02:32","date_gmt":"2024-02-27T06:02:32","guid":{"rendered":"https:\/\/8thsociodramaconference.com\/program-gislaine-lima-da-silva-2\/"},"modified":"2024-05-26T20:45:48","modified_gmt":"2024-05-26T18:45:48","slug":"program-gislaine-lima-da-silva-2","status":"publish","type":"page","link":"https:\/\/8thsociodramaconference.com\/hu\/program-gislaine-lima-da-silva-2\/","title":{"rendered":"Program Gislaine Lima da Silva 2."},"content":{"rendered":"<section class=\"wpb-content-wrapper\">[mk_page_section][vc_column][mk_fancy_title tag_name=&#8221;h2&#8243; size=&#8221;40&#8243; line_height=&#8221;50&#8243; font_family=&#8221;Oswald&#8221; font_type=&#8221;google&#8221; margin_bottom=&#8221;0&#8243;]\n<h3 style=\"text-align: center;\"><b>SZOCIODR\u00c1MA \u00c9S \u00c9LETRAJZ:<br \/>\nA SZEM\u00c9LYIS\u00c9GFEJL\u0150D\u00c9S ERIK ERIKSON ELM\u00c9LET\u00c9BEN<\/b><\/h3>\n<h5 style=\"text-align: center;\"><em>(A program nyelve portug\u00e1l, angol nyelv\u0171 tolm\u00e1csol\u00e1ssal)<\/em><\/h5>\n<h5 style=\"text-align: center;\"><span style=\"color: #800000;\"><strong>EL\u0150AD\u00d3:<\/strong><b> GISLAINE LIMA DA SILVA<\/b><\/span><\/h5>\n[\/mk_fancy_title][vc_row_inner][vc_column_inner width=&#8221;1\/6&#8243;][mk_image_box title=&#8221;Sociodrama and power&#8221; src=&#8221;https:\/\/8thsociodramaconference.com\/wp-content\/uploads\/2024\/02\/Next-Generation-2.png&#8221; media_width=&#8221;421&#8243; media_height=&#8221;294&#8243; crop=&#8221;false&#8221; image_link=&#8221;url&#8221; url=&#8221;https:\/\/8thsociodramaconference.com\/topic-sociodrama-youth\/&#8221; target=&#8221;_blank&#8221; align=&#8221;center&#8221; rounded_corner=&#8221;true&#8221;][\/mk_image_box][\/vc_column_inner][vc_column_inner width=&#8221;2\/3&#8243;][vc_column_text responsive_align=&#8221;left&#8221;]\n<h5 style=\"text-align: left;\"><b>ID\u0150PONT<\/b><strong>: <\/strong>J\u00fanius 28. p\u00e9ntek, 14:00-15:30<br \/>\n<strong>T\u00c9MA: <\/strong>Szociodr\u00e1ma \u00e9s a j\u00f6v\u0151 gener\u00e1ci\u00f3ja: gyerekek, fiatalok \u00e9s a vel\u00fck foglalkoz\u00f3 szakemberek, int\u00e9zm\u00e9nyek szociodr\u00e1m\u00e1ja<br \/>\n<strong>PROGRAM T\u00cdPUSA: <\/strong>Prezent\u00e1ci\u00f3<br \/>\n<strong>ROOM:<\/strong><br \/>\n<strong>R\u00c9SZTVEV\u0150K \u00c9TSZ\u00c1MA: <\/strong>50<br \/>\n<strong>NYELV:<\/strong> Portug\u00e1l, angol nyelv\u0171 tolm\u00e1csol\u00e1ssal<br \/>\n<strong>C\u00cdMKE: <\/strong><a href=\"https:\/\/8thsociodramaconference.com\/hu\/topic-sociodrama-youth\/\" target=\"_blank\" rel=\"noopener\">Szociodr\u00e1ma \u00e9s fiatalok<\/a>, <a href=\"https:\/\/8thsociodramaconference.com\/hu\/workshops-jun28-afternoon\/\" target=\"_blank\" rel=\"noopener\">Programok j\u00fanius 28-\u00e1n d\u00e9lut\u00e1n<\/a><\/h5>\n[\/vc_column_text][\/vc_column_inner][vc_column_inner width=&#8221;1\/6&#8243;][\/vc_column_inner][\/vc_row_inner][\/vc_column][\/mk_page_section][mk_page_section padding=&#8221;0&#8243;][vc_column][vc_column_text responsive_align=&#8221;left&#8221;]\n<h5 style=\"text-align: center;\"><b>ABSZTRAKT:<\/b><\/h5>\n[\/vc_column_text][vc_column_text responsive_align=&#8221;left&#8221;]<span style=\"font-weight: 400;\">Munk\u00e1nk c\u00e9lja egyr\u00e9szt a pszichol\u00f3gus hallgat\u00f3k akt\u00edv tanul\u00e1s\u00e1nak el\u0151seg\u00edt\u00e9se a fejl\u0151d\u00e9sl\u00e9lektan t\u00e9m\u00e1ban. M\u00e1sr\u00e9szt a szociodr\u00e1m\u00e1nak \u00e9s a h\u00edres emberek \u00e9letrajz\u00e1nak tanul\u00e1si eszk\u00f6z\u00f6kk\u00e9nt t\u00f6rt\u00e9n\u0151 alkalmaz\u00e1sa r\u00e9v\u00e9n az Erik Erikson elm\u00e9let\u00e9ben megjelen\u0151 nyolc fejl\u0151d\u00e9si f\u00e1zis elsaj\u00e1t\u00edt\u00e1sa. <\/span><\/p>\n<p><span style=\"font-weight: 400;\">Munk\u00e1nk elm\u00e9leti alapja: Erikson elm\u00e9lete (1998), amely a szem\u00e9lyis\u00e9g pszichoszoci\u00e1lis fejl\u0151d\u00e9s\u00e9t nyolc szakaszra tagolja: 1) Bizalom vs bizalmatlans\u00e1g (csecsem\u0151kor), 2) Auton\u00f3mia vs sz\u00e9gyen, k\u00e9tely (kisgyermekkor), 3) Kezdem\u00e9nyez\u00e9s vs b\u0171ntudat (j\u00e1tsz\u00f3kor), 4) Teljes\u00edtm\u00e9ny vs kisebbrend\u0171s\u00e9g (kisiskol\u00e1skor), 5) Identit\u00e1s vs szerepzavar (serd\u00fcl\u0151kor), 6) Bens\u0151s\u00e9gess\u00e9g vs elszigetel\u0151d\u00e9s (fiatal feln\u0151tt), 7) Alkot\u00f3k\u00e9pess\u00e9g vs stagn\u00e1l\u00e1s (feln\u0151ttkor), 8) Integrit\u00e1s vs k\u00e9ts\u00e9gbees\u00e9s (id\u0151skor). Az akt\u00edv tanul\u00e1s azt felt\u00e9telezi, hogy a tanul\u00f3 a saj\u00e1t tanul\u00e1si folyamat\u00e1nak f\u0151szerepl\u0151j\u00e9v\u00e9 v\u00e1lik. Baptista (2019) r\u00e1mutatott, hogy a j\u00e1t\u00e9k eszk\u00f6z\u00e9t haszn\u00e1lva tanulhat\u00f3ak a kultur\u00e1lis saj\u00e1toss\u00e1gok, k\u00e9szs\u00e9gek \u00e9s a csoportos egy\u00fctt\u00e9l\u00e9s. <\/span><\/p>\n<p><span style=\"font-weight: 400;\">M\u00f3dszer\u00fcnk: egy kiv\u00e1lasztott szem\u00e9ly \u00e9letrajz\u00e1nak szociodramatikus bemutat\u00e1sa t\u00f6rt\u00e9nik, \u00e9s a teljes \u00e9letciklus \u00f6sszekapcsol\u00e1sa Erik Erikson elm\u00e9let\u00e9nek nyolc szakasz\u00e1val. \u00d6sszesen n\u00e9gy alkalommal tal\u00e1lkozott a csoport \u00e9s alkalmank\u00e9nt k\u00e9t ismert szem\u00e9lyis\u00e9ggel foglalkoztunk: Marilyn Monroe, Bonaparte Napol\u00e9on, Chor\u00e3o, Anitta, Frida Kahlo, Silvio Santos, Kurt Cobain, Cazuza. A workshop c\u00e9lja az lesz, hogy meg\u00e9rts\u00fck a szociodramatikus \u00e9p\u00edtkez\u00e9s lehet\u0151s\u00e9geit, mint tanul\u00e1si eszk\u00f6zt az oszt\u00e1lyteremben, \u00e9s hogy \u00e9rt\u00e9kelj\u00fck a 2023-as oszt\u00e1lyban tartott el\u0151ad\u00e1sok eredm\u00e9ny\u00e9t.<\/span>[\/vc_column_text][mk_padding_divider size=&#8221;30&#8243;][vc_column_text responsive_align=&#8221;left&#8221;]\n<h5 style=\"text-align: center;\"><b>AZ EL\u0150AD\u00d3R\u00d3L:<\/b><\/h5>\n[\/vc_column_text][vc_row_inner][vc_column_inner width=&#8221;1\/4&#8243;][mk_image src=&#8221;https:\/\/8thsociodramaconference.com\/wp-content\/uploads\/2024\/02\/Gislaine-Gi.png&#8221; image_width=&#8221;402&#8243; image_height=&#8221;275&#8243; crop=&#8221;false&#8221; hover=&#8221;false&#8221;][\/vc_column_inner][vc_column_inner width=&#8221;3\/4&#8243;][vc_column_text responsive_align=&#8221;left&#8221;]<span style=\"font-weight: 400;\">Pszichol\u00f3gus (mester fokozat &#8211; Fejl\u0151d\u00e9s \u00e9s tanul\u00e1s pszichol\u00f3gia). Pszichodr\u00e1ma vezet\u0151 (2004), pszichodr\u00e1ma kik\u00e9pz\u0151 (2010). Az Unisalesiano Egyetem pszichol\u00f3gia szak\u00e1nak tan\u00e1ra (2004-2023). Egy pszichi\u00e1triai k\u00f3rh\u00e1z napk\u00f6zi otthon\u00e1ban dolgozott any\u00e1kkal \u00e9s seg\u00edt\u0151kkel. Pszichol\u00f3gus hallgat\u00f3kat k\u00e9sz\u00edtett fel k\u00f6z\u00f6ss\u00e9gi gyakorlatra csoportm\u00f3dszereket, pszichodramatikus j\u00e1t\u00e9kokat \u00e9s szociodr\u00e1m\u00e1t alkalmazva (2006-2023).<\/span><\/p>\n<p><span style=\"font-weight: 400;\">Kor\u00e1bbi el\u0151ad\u00e1sok: Brazil Pszichodr\u00e1ma Kongresszus: Belo Horizonte-BR (2004), Recife-BR (2008), S\u00e3o Paulo &#8211; BR (2016). Iberoamerikai Pszichodr\u00e1ma: Buenos Aires (2013), Chile (2015), Lisszabon (2017). Nemzetk\u00f6zi Szociodr\u00e1ma Konferencia, Peniche online (2021).<\/span>[\/vc_column_text][\/vc_column_inner][\/vc_row_inner][\/vc_column][\/mk_page_section]\n<\/section>","protected":false},"excerpt":{"rendered":"<p>[mk_page_section][vc_column][mk_fancy_title tag_name=&#8221;h2&#8243; size=&#8221;40&#8243; line_height=&#8221;50&#8243; font_family=&#8221;Oswald&#8221; font_type=&#8221;google&#8221; margin_bottom=&#8221;0&#8243;] SZOCIODR\u00c1MA \u00c9S \u00c9LETRAJZ: A SZEM\u00c9LYIS\u00c9GFEJL\u0150D\u00c9S ERIK ERIKSON ELM\u00c9LET\u00c9BEN (A program nyelve portug\u00e1l, angol nyelv\u0171 tolm\u00e1csol\u00e1ssal) EL\u0150AD\u00d3: GISLAINE LIMA DA SILVA [\/mk_fancy_title][vc_row_inner][vc_column_inner width=&#8221;1\/6&#8243;][mk_image_box title=&#8221;Sociodrama and power&#8221; src=&#8221;https:\/\/8thsociodramaconference.com\/wp-content\/uploads\/2024\/02\/Next-Generation-2.png&#8221; media_width=&#8221;421&#8243; media_height=&#8221;294&#8243; crop=&#8221;false&#8221; image_link=&#8221;url&#8221; url=&#8221;https:\/\/8thsociodramaconference.com\/topic-sociodrama-youth\/&#8221; target=&#8221;_blank&#8221; align=&#8221;center&#8221; rounded_corner=&#8221;true&#8221;][\/mk_image_box][\/vc_column_inner][vc_column_inner width=&#8221;2\/3&#8243;][vc_column_text responsive_align=&#8221;left&#8221;] ID\u0150PONT: J\u00fanius 28. p\u00e9ntek, 14:00-15:30 T\u00c9MA: Szociodr\u00e1ma \u00e9s a j\u00f6v\u0151 gener\u00e1ci\u00f3ja: gyerekek, [&hellip;]<\/p>\n","protected":false},"author":4,"featured_media":0,"parent":0,"menu_order":0,"comment_status":"closed","ping_status":"closed","template":"","meta":{"footnotes":""},"class_list":["post-5804","page","type-page","status-publish","hentry"],"_links":{"self":[{"href":"https:\/\/8thsociodramaconference.com\/hu\/wp-json\/wp\/v2\/pages\/5804","targetHints":{"allow":["GET"]}}],"collection":[{"href":"https:\/\/8thsociodramaconference.com\/hu\/wp-json\/wp\/v2\/pages"}],"about":[{"href":"https:\/\/8thsociodramaconference.com\/hu\/wp-json\/wp\/v2\/types\/page"}],"author":[{"embeddable":true,"href":"https:\/\/8thsociodramaconference.com\/hu\/wp-json\/wp\/v2\/users\/4"}],"replies":[{"embeddable":true,"href":"https:\/\/8thsociodramaconference.com\/hu\/wp-json\/wp\/v2\/comments?post=5804"}],"version-history":[{"count":8,"href":"https:\/\/8thsociodramaconference.com\/hu\/wp-json\/wp\/v2\/pages\/5804\/revisions"}],"predecessor-version":[{"id":7790,"href":"https:\/\/8thsociodramaconference.com\/hu\/wp-json\/wp\/v2\/pages\/5804\/revisions\/7790"}],"wp:attachment":[{"href":"https:\/\/8thsociodramaconference.com\/hu\/wp-json\/wp\/v2\/media?parent=5804"}],"curies":[{"name":"wp","href":"https:\/\/api.w.org\/{rel}","templated":true}]}}