{"id":5798,"date":"2024-02-19T11:30:29","date_gmt":"2024-02-19T10:30:29","guid":{"rendered":"https:\/\/8thsociodramaconference.com\/program-maria-gabriella-nicotra\/"},"modified":"2024-05-27T09:34:15","modified_gmt":"2024-05-27T07:34:15","slug":"program-maria-gabriella-nicotra","status":"publish","type":"page","link":"https:\/\/8thsociodramaconference.com\/hu\/program-maria-gabriella-nicotra\/","title":{"rendered":"Program Maria Gabriella Nicotra"},"content":{"rendered":"<section class=\"wpb-content-wrapper\">[mk_page_section][vc_column][mk_fancy_title tag_name=&#8221;h2&#8243; size=&#8221;40&#8243; line_height=&#8221;50&#8243; font_family=&#8221;Oswald&#8221; font_type=&#8221;google&#8221; margin_bottom=&#8221;0&#8243;]\n<h3 style=\"text-align: center;\"><b>A SZORONG\u00c1S MEGEL\u0150Z\u00c9SE<br \/>\nA GY\u00d3GY\u00cdTHATATLAN BETEGEK OTTHONI PALLIAT\u00cdV GONDOZ\u00c1S\u00c1T V\u00c9GZ\u0150 SEG\u00cdT\u0150KN\u00c9L<\/b><\/h3>\n<h5 style=\"text-align: center;\"><em>(A workshop nyelve angol)<\/em><\/h5>\n<h5 style=\"text-align: center;\"><span style=\"color: #800000;\"><strong>EL\u0150AD\u00d3:<\/strong><b> MARIA GABRIELLA NICOTRA<\/b><\/span><\/h5>\n[\/mk_fancy_title][vc_row_inner][vc_column_inner width=&#8221;1\/6&#8243;][mk_image_box title=&#8221;Sociodrama and power&#8221; src=&#8221;https:\/\/8thsociodramaconference.com\/wp-content\/uploads\/2024\/02\/Sociodrama-and-More-1.png&#8221; media_width=&#8221;421&#8243; media_height=&#8221;294&#8243; crop=&#8221;false&#8221; image_link=&#8221;url&#8221; url=&#8221;https:\/\/8thsociodramaconference.com\/topic-sociodrama-more\/&#8221; target=&#8221;_blank&#8221; align=&#8221;center&#8221; rounded_corner=&#8221;true&#8221;][\/mk_image_box][\/vc_column_inner][vc_column_inner width=&#8221;2\/3&#8243;][vc_column_text responsive_align=&#8221;left&#8221;]\n<h5 style=\"text-align: left;\"><b>ID\u0150PONT<\/b><strong>: <\/strong>J\u00fanius 29. szombat,\u00a0 10:00-12:30<br \/>\n<strong>T\u00c9MA: <\/strong>Szociodr\u00e1ma \u00e9s kapcsol\u00f3d\u00e1sai<br \/>\n<strong>PROGRAM T\u00cdPUSA: <\/strong>Workshop<br \/>\n<strong>TEREM:<\/strong><br \/>\n<strong>R\u00c9SZTVEV\u0150K SZ\u00c1MA: 25<br \/>\nNYELV:<\/strong> Angol<br \/>\n<strong>C\u00cdMKE: <\/strong><a href=\"https:\/\/8thsociodramaconference.com\/hu\/topic-sociodrama-more\/\" target=\"_blank\" rel=\"noopener\">Kitekint\u00e9s,<\/a> <a href=\"https:\/\/8thsociodramaconference.com\/hu\/workshops-jun29-morning\/\" target=\"_blank\" rel=\"noopener\">Programok j\u00fanius 29-\u00e9n d\u00e9lel\u0151tt<\/a><\/h5>\n[\/vc_column_text][\/vc_column_inner][vc_column_inner width=&#8221;1\/6&#8243;][\/vc_column_inner][\/vc_row_inner][\/vc_column][\/mk_page_section][mk_page_section padding=&#8221;0&#8243;][vc_column][vc_column_text responsive_align=&#8221;left&#8221;]\n<h5 style=\"text-align: center;\"><b>ABSZTRAKT:<\/b><\/h5>\n[\/vc_column_text][vc_column_text responsive_align=&#8221;left&#8221;]<span style=\"font-weight: 400;\">Munk\u00e1nkban a k\u00f6vetkez\u0151 c\u00e9lokat t\u0171zt\u00fck ki: <\/span><\/p>\n<p><span style=\"font-weight: 400;\">(1) a pszichoszoci\u00e1lis fejl\u0151d\u00e9s a seg\u00edt\u0151i tev\u00e9kenys\u00e9g sor\u00e1n: \u00f6nismeret, kapcsol\u00f3d\u00e1s a saj\u00e1t bels\u0151 vil\u00e1ghoz, \u00e9rzelmi meg\u00e9l\u00e9sek figyelembe v\u00e9tele;<\/span><\/p>\n<p><span style=\"font-weight: 400;\">(2) a szoci\u00e1lis k\u00e9szs\u00e9gek \u00e9s kommunik\u00e1ci\u00f3s k\u00e9pess\u00e9gek fejl\u0151d\u00e9se: k\u00e9pess\u00e9<\/span> <span style=\"font-weight: 400;\">v\u00e1lni az \u0151szinte kommunik\u00e1ci\u00f3ra \u00e9s konstrukt\u00edv megold\u00e1sokra neh\u00e9z \u00e9s extr\u00e9m helyzetkben is;<\/span><\/p>\n<p><span style=\"font-weight: 400;\">(3) egy biztons\u00e1gos kapcsolati t\u00e9r l\u00e9trehoz\u00e1sa a hi\u00e1ny, a vesztes\u00e9g, a hal\u00e1l \u00e1tgondol\u00e1s\u00e1ra \u00e9s feldolgoz\u00e1s\u00e1ra.<\/span><\/p>\n<p><span style=\"font-weight: 400;\">Jung a \u201csebes\u00fclt gy\u00f3gy\u00edt\u00f3\u201d archet\u00edpus\u00e1r\u00f3l besz\u00e9lt, aki k\u00e9t ellent\u00e9tes p\u00f3lust hordoz mag\u00e1ban: a gy\u00f3gy\u00edt\u00f3t \u00e9s a sebes\u00fcltet. Ez a szempont l\u00e9nyegesebb, mint valaha a seg\u00edt\u0151 szakm\u00e1kban. A saj\u00e1t tapasztalatok b\u00e1zis\u00e1n t\u00f6rt\u00e9n\u0151 fejl\u0151d\u00e9s mindenki sz\u00e1m\u00e1ra lehet\u0151v\u00e9 teszi, hogy a kliensekkel \u00e9s a csal\u00e1dokkal kialakult kapcsolatokb\u00f3l, saj\u00e1t meg\u00e9l\u00e9seib\u0151l tanuljon. Azokat a kreat\u00edv k\u00e9pess\u00e9geket fejlesztj\u00fck, amelyek r\u00e9v\u00e9n a beteget k\u00f6r\u00fclvev\u0151 csal\u00e1d jellegzetess\u00e9gei \u00e9szlelhet\u0151v\u00e9 \u00e9s stimul\u00e1lhat\u00f3v\u00e1 v\u00e1lnak, ez\u00e1ltal a f\u00f3kuszt \u00e1thelyezve a k\u00f6rnyezetben rejl\u0151 pozit\u00edv er\u0151forr\u00e1sokra. Munk\u00e1nkban a k\u00f6vetkez\u0151 m\u00f3dszereket haszn\u00e1ljuk mind a beteg- \u00e9s csal\u00e1dgondoz\u00e1sban, mind a csoportokkal: besz\u00e9lget\u00e9s, akt\u00edv hallgat\u00e1s, narrat\u00edv orvosl\u00e1s, szocio-pszichodr\u00e1ma \u00e9s m\u0171v\u00e9szetter\u00e1pia.<\/span><\/p>\n<p><span style=\"font-weight: 400;\">Olyan teret hozunk l\u00e9re, amelyben a r\u00e9sztvev\u0151k kritikailag reflekt\u00e1lhatnak a seg\u00edt\u0151i viszonyban megjelen\u0151 interperszon\u00e1lis kapcsolatokra, mind a betegekkel mind a csal\u00e1dokkal. Ebben a folyamatban tal\u00e1lkozunk az orvostudom\u00e1ny mindenhat\u00f3s\u00e1g\u00e1nak m\u00edtosz\u00e1val, a Chiron mitol\u00f3gi\u00e1val, az \u00e9let m\u00faland\u00f3s\u00e1g\u00e1val \u00e9s k\u00f6z\u00f6sen dolgozzuk fel a gy\u00e1sz tapasztalat\u00e1t.<\/span>[\/vc_column_text][mk_padding_divider size=&#8221;30&#8243;][vc_column_text responsive_align=&#8221;left&#8221;]\n<h5 style=\"text-align: center;\"><b>AZ EL\u0150AD\u00d3R\u00d3L:<\/b><\/h5>\n[\/vc_column_text][vc_row_inner][vc_column_inner width=&#8221;1\/4&#8243;][mk_image src=&#8221;https:\/\/8thsociodramaconference.com\/wp-content\/uploads\/2024\/03\/Gabriella-Nicotra.png&#8221; image_width=&#8221;402&#8243; image_height=&#8221;275&#8243; crop=&#8221;false&#8221; hover=&#8221;false&#8221;][\/vc_column_inner][vc_column_inner width=&#8221;3\/4&#8243;][vc_column_text responsive_align=&#8221;left&#8221;]<span style=\"font-weight: 400;\">Pszichol\u00f3gus, csoport-pszichoterapeuta, pszichodr\u00e1ma terapeuta. T\u00f6bb mint 40 \u00e9ves tapasztalata van pszichodr\u00e1m\u00e1ban \u00e9s szociodr\u00e1m\u00e1ban, prevenci\u00f3s alkot\u00e1sban, k\u00e9pz\u0151- \u00e9s szuperv\u00edzi\u00f3s csoportokkal. Az orsz\u00e1gos A.M.P. t\u00e1rseln\u00f6ke \u00e9s a szic\u00edliai A.M.P. (Associatione Mediterranea di Psicodramma) igazgat\u00f3ja. Az \u00e1ltala tartott nemzetk\u00f6zi workshopok: IAGP Szociodr\u00e1ma Konferencia Iseo 2019, IAGP kongresszus Malm\u00f6, Sv\u00e9dorsz\u00e1g 2018, IAGP kongresszus Rowini Horv\u00e1torsz\u00e1g 2015, IAGP Szociodr\u00e1ma Portug\u00e1lia 2014. Szimp\u00f3zium \u00e9s workshopok -R\u00f3ma Olaszorsz\u00e1g 2009, M\u0171helyek -S.Paolo Braz\u00edlia 2006, Workshopok -FePTO 2010-t\u0151l 2018-ig az Eur\u00f3pai Pszichol\u00f3giai Kongresszuson 2015 \/2018<\/span><\/p>\n<p><span style=\"font-weight: 400;\">Workshopok az &#8221; Associazione Mediterranea di Psicodramma&#8221; \u00e9ves tal\u00e1lkoz\u00f3kon 2000-t\u0151l 2023-ig.<\/span>[\/vc_column_text][\/vc_column_inner][\/vc_row_inner][\/vc_column][\/mk_page_section]\n<\/section>","protected":false},"excerpt":{"rendered":"<p>[mk_page_section][vc_column][mk_fancy_title tag_name=&#8221;h2&#8243; size=&#8221;40&#8243; line_height=&#8221;50&#8243; font_family=&#8221;Oswald&#8221; font_type=&#8221;google&#8221; margin_bottom=&#8221;0&#8243;] A SZORONG\u00c1S MEGEL\u0150Z\u00c9SE A GY\u00d3GY\u00cdTHATATLAN BETEGEK OTTHONI PALLIAT\u00cdV GONDOZ\u00c1S\u00c1T V\u00c9GZ\u0150 SEG\u00cdT\u0150KN\u00c9L (A workshop nyelve angol) EL\u0150AD\u00d3: MARIA GABRIELLA NICOTRA [\/mk_fancy_title][vc_row_inner][vc_column_inner width=&#8221;1\/6&#8243;][mk_image_box title=&#8221;Sociodrama and power&#8221; src=&#8221;https:\/\/8thsociodramaconference.com\/wp-content\/uploads\/2024\/02\/Sociodrama-and-More-1.png&#8221; media_width=&#8221;421&#8243; media_height=&#8221;294&#8243; crop=&#8221;false&#8221; image_link=&#8221;url&#8221; url=&#8221;https:\/\/8thsociodramaconference.com\/topic-sociodrama-more\/&#8221; target=&#8221;_blank&#8221; align=&#8221;center&#8221; rounded_corner=&#8221;true&#8221;][\/mk_image_box][\/vc_column_inner][vc_column_inner width=&#8221;2\/3&#8243;][vc_column_text responsive_align=&#8221;left&#8221;] ID\u0150PONT: J\u00fanius 29. szombat,\u00a0 10:00-12:30 T\u00c9MA: Szociodr\u00e1ma \u00e9s kapcsol\u00f3d\u00e1sai PROGRAM T\u00cdPUSA: Workshop TEREM: [&hellip;]<\/p>\n","protected":false},"author":4,"featured_media":0,"parent":0,"menu_order":0,"comment_status":"closed","ping_status":"closed","template":"","meta":{"footnotes":""},"class_list":["post-5798","page","type-page","status-publish","hentry"],"_links":{"self":[{"href":"https:\/\/8thsociodramaconference.com\/hu\/wp-json\/wp\/v2\/pages\/5798","targetHints":{"allow":["GET"]}}],"collection":[{"href":"https:\/\/8thsociodramaconference.com\/hu\/wp-json\/wp\/v2\/pages"}],"about":[{"href":"https:\/\/8thsociodramaconference.com\/hu\/wp-json\/wp\/v2\/types\/page"}],"author":[{"embeddable":true,"href":"https:\/\/8thsociodramaconference.com\/hu\/wp-json\/wp\/v2\/users\/4"}],"replies":[{"embeddable":true,"href":"https:\/\/8thsociodramaconference.com\/hu\/wp-json\/wp\/v2\/comments?post=5798"}],"version-history":[{"count":7,"href":"https:\/\/8thsociodramaconference.com\/hu\/wp-json\/wp\/v2\/pages\/5798\/revisions"}],"predecessor-version":[{"id":7838,"href":"https:\/\/8thsociodramaconference.com\/hu\/wp-json\/wp\/v2\/pages\/5798\/revisions\/7838"}],"wp:attachment":[{"href":"https:\/\/8thsociodramaconference.com\/hu\/wp-json\/wp\/v2\/media?parent=5798"}],"curies":[{"name":"wp","href":"https:\/\/api.w.org\/{rel}","templated":true}]}}