{"id":5795,"date":"2024-02-15T18:37:42","date_gmt":"2024-02-15T17:37:42","guid":{"rendered":"https:\/\/8thsociodramaconference.com\/program-inna-braneva\/"},"modified":"2024-05-29T21:23:34","modified_gmt":"2024-05-29T19:23:34","slug":"program-inna-braneva","status":"publish","type":"page","link":"https:\/\/8thsociodramaconference.com\/hu\/program-inna-braneva\/","title":{"rendered":"Program Inna Braneva"},"content":{"rendered":"<section class=\"wpb-content-wrapper\">[mk_page_section][vc_column][mk_fancy_title tag_name=&#8221;h2&#8243; size=&#8221;40&#8243; line_height=&#8221;50&#8243; font_family=&#8221;Oswald&#8221; font_type=&#8221;google&#8221; margin_bottom=&#8221;0&#8243;]\n<h3 style=\"text-align: center;\"><b>A L\u00c9LEK M\u00c9LYS\u00c9GEIB\u0150L A J\u00d6V\u0150 REM\u00c9NYEIHEZ &#8211;<br \/>\nMUNKA A FOGYAT\u00c9KKAL \u00c9L\u0150 GYERMEKEK CSAL\u00c1DJAIVAL \u00c9S SZOCI\u00c1LIS SEG\u00cdT\u0150IKKEL<\/b><\/h3>\n<h5 style=\"text-align: center;\"><em>(A workshop nyelve angol)<\/em><\/h5>\n<h5 style=\"text-align: center;\"><span style=\"color: #800000;\"><strong>EL\u0150AD\u00d3:<\/strong><b> INNA BRANEVA<\/b><\/span><\/h5>\n[\/mk_fancy_title][vc_row_inner][vc_column_inner width=&#8221;1\/6&#8243;][mk_image_box title=&#8221;Sociodrama and power&#8221; src=&#8221;https:\/\/8thsociodramaconference.com\/wp-content\/uploads\/2024\/02\/Sociodrama-and-More-1.png&#8221; media_width=&#8221;421&#8243; media_height=&#8221;294&#8243; crop=&#8221;false&#8221; image_link=&#8221;url&#8221; url=&#8221;https:\/\/8thsociodramaconference.com\/&#8221; target=&#8221;_blank&#8221; align=&#8221;center&#8221; rounded_corner=&#8221;true&#8221;][\/mk_image_box][\/vc_column_inner][vc_column_inner width=&#8221;2\/3&#8243;][vc_column_text responsive_align=&#8221;left&#8221;]\n<h5 style=\"text-align: left;\"><b>ID\u0150PONT<\/b><strong>: <\/strong>J\u00fanius 28. p\u00e9ntek, 14:00-16:30<br \/>\n<strong>T\u00c9MA: <\/strong>Szociodr\u00e1ma \u00e9s kapcsol\u00f3d\u00e1sai<br \/>\n<strong>PROGRAM T\u00cdPUSA: <\/strong>Workshop<br \/>\n<strong>TEREM:<\/strong><br \/>\n<strong>R\u00c9SZTVEV\u0150K SZ\u00c1MA: <\/strong>40<br \/>\n<strong>NYELV:<\/strong> Angol<br \/>\n<strong>C\u00cdMKE: <\/strong><a href=\"https:\/\/8thsociodramaconference.com\/hu\/topic-sociodrama-more\/\" target=\"_blank\" rel=\"noopener\">Kitekint\u00e9s<\/a>, <a href=\"https:\/\/8thsociodramaconference.com\/hu\/workshops-jun28-afternoon\/\" target=\"_blank\" rel=\"noopener\">Programok j\u00fanius 28-\u00e1n d\u00e9lut\u00e1n<\/a><\/h5>\n[\/vc_column_text][\/vc_column_inner][vc_column_inner width=&#8221;1\/6&#8243;][\/vc_column_inner][\/vc_row_inner][\/vc_column][\/mk_page_section][mk_page_section padding=&#8221;0&#8243;][vc_column][vc_column_text responsive_align=&#8221;left&#8221;]\n<h5 style=\"text-align: center;\"><b>ABSZTRAKT:<\/b><\/h5>\n[\/vc_column_text][vc_column_text responsive_align=&#8221;left&#8221;]<span style=\"font-weight: 400;\">E workshopon az el\u0151ad\u00f3 a fogyat\u00e9kkal \u00e9l\u0151 gyermekek \u00e9s csal\u00e1djaik sz\u00e1m\u00e1ra l\u00e9trehozott szoci\u00e1lis \u00e9s oktat\u00e1si k\u00f6zpontokban v\u00e9gzett munk\u00e1j\u00e1nak tapasztalatait mutatja be. A szoci\u00e1lis ter\u00fcleten dolgoz\u00f3 szakemberek gyakran t\u00e1pl\u00e1lnak negat\u00edv \u00e9rz\u00e9seket<\/span> <span style=\"font-weight: 400;\">a gyermekek sz\u00fcleivel szemben: hib\u00e1ztatj\u00e1k \u0151ket, haragszanak r\u00e1juk, n\u00e9ha v\u00e1gyat \u00e9reznek arra, hogy megments\u00e9k a gyermekeket az \u201celhanyagol\u00f3 sz\u00fcl\u0151kt\u0151l\u201d. A szociodramatikus akci\u00f3m\u00f3dszer haszn\u00e1lata a vel\u00fck folytatott munk\u00e1ban (tr\u00e9ningeken vagy szuperv\u00edzi\u00f3 sor\u00e1n) seg\u00edt a szakembereknek, hogy a csal\u00e1dok helyzet\u00e9t glob\u00e1lisabban l\u00e1ss\u00e1k, ugyanakkor szerepet cser\u00e9lve vel\u00fck, a maguk egyedis\u00e9g\u00e9ben is meg\u00e9rts\u00e9k a sz\u00fcl\u0151ket, \u00e9s konkr\u00e9tabb, kreat\u00edvabb \u00e9s hum\u00e1nusabb megk\u00f6zel\u00edt\u00e9ssel tudj\u00e1k t\u00e1mogatni \u0151ket.<\/span><\/p>\n<p><span style=\"font-weight: 400;\">Amikor a sz\u00fcl\u0151k csoportjaival dolgozunk, ugyanez a megk\u00f6zel\u00edt\u00e9s lehet\u0151v\u00e9 teszi, hogy megnevezz\u00e9k \u00e9s kifejezz\u00e9k \u201eelfelejtett\u201d \u00e9s elfojtott \u00e9rz\u00e9seiket. \u00dajra elfogadj\u00e1k ember voltukat &#8211; hogy szenvednek, m\u00e9lyen s\u00e9r\u00fcltek, \u00e9s tele vannak rem\u00e9nnyel egy m\u00e9lt\u00f3 \u00e9letre. <\/span><\/p>\n<p><span style=\"font-weight: 400;\">A workshop r\u00e9v\u00e9n a r\u00e9sztvev\u0151k k\u00e9pesek lesznek azonos\u00edtani \u00e9s m\u00e9lyebben meg\u00e9rteni a fogyat\u00e9kkal \u00e9l\u0151 gyermekek sz\u00fcleinek k\u00fcl\u00f6nb\u00f6z\u0151 bels\u0151 folyamatait; illetve ezzel a meg\u00e9rt\u00e9ssel dolgozni vel\u00fck a tov\u00e1bbiakban a szoci\u00e1lis \u00e9s ter\u00e1pi\u00e1s beavatkoz\u00e1sok sor\u00e1n.<\/span>[\/vc_column_text][mk_padding_divider size=&#8221;30&#8243;][vc_column_text responsive_align=&#8221;left&#8221;]\n<h5 style=\"text-align: center;\"><b>AZ EL\u0150AD\u00d3R\u00d3L:<\/b><\/h5>\n[\/vc_column_text][vc_row_inner][vc_column_inner width=&#8221;1\/4&#8243;][mk_image src=&#8221;https:\/\/8thsociodramaconference.com\/wp-content\/uploads\/2024\/02\/Inna-Braneva-1.png&#8221; image_width=&#8221;402&#8243; image_height=&#8221;275&#8243; crop=&#8221;false&#8221; hover=&#8221;false&#8221;][\/vc_column_inner][vc_column_inner width=&#8221;3\/4&#8243;][vc_column_text responsive_align=&#8221;left&#8221;]<span style=\"font-weight: 400;\">Pszichodr\u00e1ma terapeuta (2007 \u00f3ta); pszichodr\u00e1ma kik\u00e9pz\u0151 \u00e9s szuperv\u00edzor (2012 \u00f3ta).<\/span><\/p>\n<p><span style=\"font-weight: 400;\">A D.E.A. Pszichodr\u00e1ma Int\u00e9zet t\u00e1rsalap\u00edt\u00f3ja Bulg\u00e1ri\u00e1ban. 2003-t\u00f3l a pszichodr\u00e1ma \u00e9s szociodr\u00e1ma m\u00f3dszer\u00e9vel tartott k\u00e9pz\u00e9seket \u00e9s szuperv\u00edzi\u00f3t vesz\u00e9lyeztetett \u00e9s fogyat\u00e9kkal \u00e9l\u0151 gyermekek \u00e9s csal\u00e1djaik szoci\u00e1lis int\u00e9zm\u00e9nyeiben az ott dolgoz\u00f3 szakembereknek\u00a0 (pszichol\u00f3gusoknak, szoci\u00e1lis munk\u00e1soknak, pedag\u00f3gusoknak, terapeut\u00e1knak, gondoz\u00f3knak). 2008 \u00f3ta k\u00e9pez az oktat\u00e1s ter\u00fclet\u00e9n dolgoz\u00f3 szakemberek. Iskol\u00e1k \u00e9s \u00f3vod\u00e1k sz\u00e1m\u00e1ra a pszichodr\u00e1ma m\u00f3dszer\u00e9n alapul\u00f3 programok kidolgoz\u00f3ja,\u00a0 a vesz\u00e9lyeztetett gyermekek t\u00e1mogat\u00e1s\u00e1ra.<\/span>[\/vc_column_text][\/vc_column_inner][\/vc_row_inner][\/vc_column][\/mk_page_section]\n<\/section>","protected":false},"excerpt":{"rendered":"<p>[mk_page_section][vc_column][mk_fancy_title tag_name=&#8221;h2&#8243; size=&#8221;40&#8243; line_height=&#8221;50&#8243; font_family=&#8221;Oswald&#8221; font_type=&#8221;google&#8221; margin_bottom=&#8221;0&#8243;] A L\u00c9LEK M\u00c9LYS\u00c9GEIB\u0150L A J\u00d6V\u0150 REM\u00c9NYEIHEZ &#8211; MUNKA A FOGYAT\u00c9KKAL \u00c9L\u0150 GYERMEKEK CSAL\u00c1DJAIVAL \u00c9S SZOCI\u00c1LIS SEG\u00cdT\u0150IKKEL (A workshop nyelve angol) EL\u0150AD\u00d3: INNA BRANEVA [\/mk_fancy_title][vc_row_inner][vc_column_inner width=&#8221;1\/6&#8243;][mk_image_box title=&#8221;Sociodrama and power&#8221; src=&#8221;https:\/\/8thsociodramaconference.com\/wp-content\/uploads\/2024\/02\/Sociodrama-and-More-1.png&#8221; media_width=&#8221;421&#8243; media_height=&#8221;294&#8243; crop=&#8221;false&#8221; image_link=&#8221;url&#8221; url=&#8221;https:\/\/8thsociodramaconference.com\/&#8221; target=&#8221;_blank&#8221; align=&#8221;center&#8221; rounded_corner=&#8221;true&#8221;][\/mk_image_box][\/vc_column_inner][vc_column_inner width=&#8221;2\/3&#8243;][vc_column_text responsive_align=&#8221;left&#8221;] ID\u0150PONT: J\u00fanius 28. p\u00e9ntek, 14:00-16:30 T\u00c9MA: Szociodr\u00e1ma \u00e9s kapcsol\u00f3d\u00e1sai [&hellip;]<\/p>\n","protected":false},"author":4,"featured_media":0,"parent":0,"menu_order":0,"comment_status":"closed","ping_status":"closed","template":"","meta":{"footnotes":""},"class_list":["post-5795","page","type-page","status-publish","hentry"],"_links":{"self":[{"href":"https:\/\/8thsociodramaconference.com\/hu\/wp-json\/wp\/v2\/pages\/5795","targetHints":{"allow":["GET"]}}],"collection":[{"href":"https:\/\/8thsociodramaconference.com\/hu\/wp-json\/wp\/v2\/pages"}],"about":[{"href":"https:\/\/8thsociodramaconference.com\/hu\/wp-json\/wp\/v2\/types\/page"}],"author":[{"embeddable":true,"href":"https:\/\/8thsociodramaconference.com\/hu\/wp-json\/wp\/v2\/users\/4"}],"replies":[{"embeddable":true,"href":"https:\/\/8thsociodramaconference.com\/hu\/wp-json\/wp\/v2\/comments?post=5795"}],"version-history":[{"count":8,"href":"https:\/\/8thsociodramaconference.com\/hu\/wp-json\/wp\/v2\/pages\/5795\/revisions"}],"predecessor-version":[{"id":8058,"href":"https:\/\/8thsociodramaconference.com\/hu\/wp-json\/wp\/v2\/pages\/5795\/revisions\/8058"}],"wp:attachment":[{"href":"https:\/\/8thsociodramaconference.com\/hu\/wp-json\/wp\/v2\/media?parent=5795"}],"curies":[{"name":"wp","href":"https:\/\/api.w.org\/{rel}","templated":true}]}}