{"id":5792,"date":"2024-02-15T09:41:46","date_gmt":"2024-02-15T08:41:46","guid":{"rendered":"https:\/\/8thsociodramaconference.com\/program-tamar-pelleg\/"},"modified":"2024-03-14T20:46:30","modified_gmt":"2024-03-14T19:46:30","slug":"program-tamar-pelleg","status":"publish","type":"page","link":"https:\/\/8thsociodramaconference.com\/hu\/program-tamar-pelleg\/","title":{"rendered":"Program Tamar Pelleg"},"content":{"rendered":"<section class=\"wpb-content-wrapper\">[mk_page_section][vc_column][mk_fancy_title tag_name=&#8221;h2&#8243; size=&#8221;40&#8243; line_height=&#8221;50&#8243; font_family=&#8221;Oswald&#8221; font_type=&#8221;google&#8221; margin_bottom=&#8221;0&#8243;]\n<h3 style=\"text-align: center;\"><b>J\u00d3ZSEF \u00c9S A SZ\u00cdNES \u00c1LOMKAB\u00c1T TAL\u00c1LKOZ\u00c1SA A SZOCIOMETRIKUS CIKLUSSAL (BIBLIODR\u00c1MA)<\/b><\/h3>\n<h5 style=\"text-align: center;\"><span style=\"color: #800000;\"><strong>EL\u0150AD\u00d3:<\/strong><b> TAMAR PELLEG<\/b><\/span><\/h5>\n[\/mk_fancy_title][vc_row_inner][vc_column_inner width=&#8221;1\/6&#8243;][mk_image_box title=&#8221;Sociodrama and power&#8221; src=&#8221;https:\/\/8thsociodramaconference.com\/wp-content\/uploads\/2024\/02\/Collective-Trauma-and-Social-Healing-2.png&#8221; media_width=&#8221;421&#8243; media_height=&#8221;294&#8243; crop=&#8221;false&#8221; image_link=&#8221;url&#8221; url=&#8221;https:\/\/8thsociodramaconference.com\/topic-sociodrama-social-healing\/&#8221; target=&#8221;_blank&#8221; align=&#8221;center&#8221; rounded_corner=&#8221;true&#8221;][\/mk_image_box][\/vc_column_inner][vc_column_inner width=&#8221;2\/3&#8243;][vc_column_text responsive_align=&#8221;left&#8221;]\n<h5 style=\"text-align: left;\"><b>ID\u0150PONT<\/b><strong>: <\/strong>J\u00fanius 28. p\u00e9ntek, 10:00-13:00<br \/>\n<strong>T\u00c9MA: <\/strong>Szociodr\u00e1ma \u00e9s t\u00e1rsadalmi gy\u00f3gy\u00edt\u00e1s \u2013 fel\u00e9p\u00fcl\u00e9s a kollekt\u00edv kr\u00edzisekb\u0151l \u00e9s traum\u00e1kb\u00f3l<br \/>\n<strong>PROGRAM T\u00cdPUSA: <\/strong>Workshop<br \/>\n<strong>TEREM:<\/strong><br \/>\n<strong>R\u00c9SZTVEV\u0150K SZ\u00c1MA: <\/strong>18<br \/>\n<strong>C\u00cdMKE: <\/strong>T\u00e1rsadalmi gy\u00f3gy\u00edt\u00e1s, Programok j\u00fanius 28-\u00e1n d\u00e9lel\u0151tt<\/h5>\n[\/vc_column_text][\/vc_column_inner][vc_column_inner width=&#8221;1\/6&#8243;][\/vc_column_inner][\/vc_row_inner][\/vc_column][\/mk_page_section][mk_page_section padding=&#8221;0&#8243;][vc_column][vc_column_text responsive_align=&#8221;left&#8221;]\n<h5 style=\"text-align: center;\"><b>ABSZTRAKT:<\/b><\/h5>\n[\/vc_column_text][vc_column_text responsive_align=&#8221;left&#8221;]<span style=\"font-weight: 400;\">\u0150seink h\u00e1trahagyott traum\u00e1i m\u00e9g mindig felold\u00e1sra v\u00e1rnak, \u00e9s ezt gyakran a csal\u00e1d leg\u00e9rz\u00e9kenyebb ut\u00f3dai viselik. A J\u00f3zsef t\u00f6rt\u00e9net egy szem\u00e9lyes \u00e9s kollekt\u00edv traum\u00e1t dolgoz fel \u00e9s annak k\u00fcl\u00f6nb\u00f6z\u0151 dinamik\u00e1it. Rajtunk m\u00falik, hogy a gener\u00e1ci\u00f3kon \u00e1t\u00edvel\u0151 sebeket b\u00f6lcsess\u00e9gg\u00e9 tudjuk-e alak\u00edtani. Ez a workshop az elm\u00e9leti tud\u00e1s \u00e9s a tapasztalati cselekv\u00e9s kombin\u00e1ci\u00f3j\u00e1t k\u00edn\u00e1lja. A bibliodr\u00e1ma seg\u00edts\u00e9g\u00e9vel fogjuk felfedezni J\u00f3zsef \u00e9s a soksz\u00edn\u0171 kab\u00e1t bibliai t\u00f6rt\u00e9net\u00e9t. A k\u00fcl\u00f6nb\u00f6z\u0151 akci\u00f3m\u00f3dszereket \u00e9s reflekt\u00edv \u00edr\u00e1st pedig arra haszn\u00e1ljuk, hogy megkeress\u00fck a szem\u00e9lyes sz\u00e1lakat, amelyek minket ezzel a t\u00f6rt\u00e9nettel \u00f6sszek\u00f6tnek. E folyamatban, megismerked\u00fcnk a \u201cszociometriai ciklus\u201d m\u00f3dszer\u00e9vel, amelyet Ann Hale fejlesztett ki John Mosher Gy\u00f3gy\u00edt\u00f3 Kereke alapj\u00e1n. Ezut\u00e1n a szociometriai ciklust a bibliodr\u00e1ma elemz\u00e9s\u00e9nek eszk\u00f6zek\u00e9nt fogjuk alkalmazni. <\/span><\/p>\n<p><span style=\"font-weight: 400;\">A workshop r\u00e9v\u00e9n a r\u00e9sztvev\u0151k k\u00e9pesek lesznek:\u00a0<\/span><\/p>\n<ul>\n<li style=\"font-weight: 400;\" aria-level=\"1\"><span style=\"font-weight: 400;\">Azonos\u00edtani a szem\u00e9lyes \u00e9s kollekt\u00edv sz\u00e1lakat, amelyek ebb\u0151l az archetipikus t\u00f6rt\u00e9netb\u0151l rezon\u00e1lnak.\u00a0<\/span><\/li>\n<li style=\"font-weight: 400;\" aria-level=\"1\"><span style=\"font-weight: 400;\">Alkalmazni szociometriai ciklusra vonatkoz\u00f3 alapismereteket<\/span><\/li>\n<\/ul>\n[\/vc_column_text][mk_padding_divider size=&#8221;30&#8243;][vc_column_text responsive_align=&#8221;left&#8221;]\n<h5 style=\"text-align: center;\"><b>AZ EL\u0150AD\u00d3R\u00d3L:<\/b><\/h5>\n[\/vc_column_text][vc_row_inner][vc_column_inner width=&#8221;1\/4&#8243;][mk_image src=&#8221;https:\/\/8thsociodramaconference.com\/wp-content\/uploads\/2024\/02\/Tamar-Pelleg.png&#8221; image_width=&#8221;402&#8243; image_height=&#8221;275&#8243; crop=&#8221;false&#8221; hover=&#8221;false&#8221;][\/vc_column_inner][vc_column_inner width=&#8221;3\/4&#8243;][vc_column_text responsive_align=&#8221;left&#8221;]ABE certified practitioner in psychodrama sociometry, and group psychotherapy (since 2012) specializing in Bibliodrama, was trained personally with Peter Pizzelle (since 2004).<\/p>\n<p>Tamar lives in Israel and facilitates workshops with the ministry of education, in private settings and via Zoom.[\/vc_column_text][\/vc_column_inner][\/vc_row_inner][\/vc_column][\/mk_page_section]\n<\/section>","protected":false},"excerpt":{"rendered":"<p>[mk_page_section][vc_column][mk_fancy_title tag_name=&#8221;h2&#8243; size=&#8221;40&#8243; line_height=&#8221;50&#8243; font_family=&#8221;Oswald&#8221; font_type=&#8221;google&#8221; margin_bottom=&#8221;0&#8243;] J\u00d3ZSEF \u00c9S A SZ\u00cdNES \u00c1LOMKAB\u00c1T TAL\u00c1LKOZ\u00c1SA A SZOCIOMETRIKUS CIKLUSSAL (BIBLIODR\u00c1MA) EL\u0150AD\u00d3: TAMAR PELLEG [\/mk_fancy_title][vc_row_inner][vc_column_inner width=&#8221;1\/6&#8243;][mk_image_box title=&#8221;Sociodrama and power&#8221; src=&#8221;https:\/\/8thsociodramaconference.com\/wp-content\/uploads\/2024\/02\/Collective-Trauma-and-Social-Healing-2.png&#8221; media_width=&#8221;421&#8243; media_height=&#8221;294&#8243; crop=&#8221;false&#8221; image_link=&#8221;url&#8221; url=&#8221;https:\/\/8thsociodramaconference.com\/topic-sociodrama-social-healing\/&#8221; target=&#8221;_blank&#8221; align=&#8221;center&#8221; rounded_corner=&#8221;true&#8221;][\/mk_image_box][\/vc_column_inner][vc_column_inner width=&#8221;2\/3&#8243;][vc_column_text responsive_align=&#8221;left&#8221;] ID\u0150PONT: J\u00fanius 28. p\u00e9ntek, 10:00-13:00 T\u00c9MA: Szociodr\u00e1ma \u00e9s t\u00e1rsadalmi gy\u00f3gy\u00edt\u00e1s \u2013 fel\u00e9p\u00fcl\u00e9s a kollekt\u00edv kr\u00edzisekb\u0151l \u00e9s traum\u00e1kb\u00f3l PROGRAM T\u00cdPUSA: [&hellip;]<\/p>\n","protected":false},"author":4,"featured_media":0,"parent":0,"menu_order":0,"comment_status":"closed","ping_status":"closed","template":"","meta":{"footnotes":""},"class_list":["post-5792","page","type-page","status-publish","hentry"],"_links":{"self":[{"href":"https:\/\/8thsociodramaconference.com\/hu\/wp-json\/wp\/v2\/pages\/5792","targetHints":{"allow":["GET"]}}],"collection":[{"href":"https:\/\/8thsociodramaconference.com\/hu\/wp-json\/wp\/v2\/pages"}],"about":[{"href":"https:\/\/8thsociodramaconference.com\/hu\/wp-json\/wp\/v2\/types\/page"}],"author":[{"embeddable":true,"href":"https:\/\/8thsociodramaconference.com\/hu\/wp-json\/wp\/v2\/users\/4"}],"replies":[{"embeddable":true,"href":"https:\/\/8thsociodramaconference.com\/hu\/wp-json\/wp\/v2\/comments?post=5792"}],"version-history":[{"count":4,"href":"https:\/\/8thsociodramaconference.com\/hu\/wp-json\/wp\/v2\/pages\/5792\/revisions"}],"predecessor-version":[{"id":6093,"href":"https:\/\/8thsociodramaconference.com\/hu\/wp-json\/wp\/v2\/pages\/5792\/revisions\/6093"}],"wp:attachment":[{"href":"https:\/\/8thsociodramaconference.com\/hu\/wp-json\/wp\/v2\/media?parent=5792"}],"curies":[{"name":"wp","href":"https:\/\/api.w.org\/{rel}","templated":true}]}}