{"id":5788,"date":"2024-02-15T18:17:57","date_gmt":"2024-02-15T17:17:57","guid":{"rendered":"https:\/\/8thsociodramaconference.com\/program-maksim-romenskyi\/"},"modified":"2024-05-26T20:25:27","modified_gmt":"2024-05-26T18:25:27","slug":"program-maksim-romenskyi","status":"publish","type":"page","link":"https:\/\/8thsociodramaconference.com\/hu\/program-maksim-romenskyi\/","title":{"rendered":"Program Maksim Romenskyi"},"content":{"rendered":"<section class=\"wpb-content-wrapper\">[mk_page_section][vc_column][mk_fancy_title tag_name=&#8221;h2&#8243; size=&#8221;40&#8243; line_height=&#8221;50&#8243; font_family=&#8221;Oswald&#8221; font_type=&#8221;google&#8221; margin_bottom=&#8221;0&#8243;]\n<h3 style=\"text-align: center;\"><b>SZEPAR\u00c1CI\u00d3<br \/>\n&#8211; AZ IDENTIT\u00c1S KERES\u00c9SE<\/b><\/h3>\n<h5 style=\"text-align: center;\"><em>(A workshop nyelve angol)<\/em><\/h5>\n<h5 style=\"text-align: center;\"><span style=\"color: #800000;\"><strong>EL\u0150AD\u00d3:<\/strong><b> MAKSIM ROMENSKYI<\/b><\/span><\/h5>\n[\/mk_fancy_title][vc_row_inner][vc_column_inner width=&#8221;1\/6&#8243;][mk_image_box title=&#8221;Sociodrama and power&#8221; src=&#8221;https:\/\/8thsociodramaconference.com\/wp-content\/uploads\/2024\/02\/Collective-Trauma-and-Social-Healing-2.png&#8221; media_width=&#8221;421&#8243; media_height=&#8221;294&#8243; crop=&#8221;false&#8221; image_link=&#8221;url&#8221; url=&#8221;https:\/\/8thsociodramaconference.com\/topic-sociodrama-social-healing\/&#8221; target=&#8221;_blank&#8221; align=&#8221;center&#8221; rounded_corner=&#8221;true&#8221;][\/mk_image_box][\/vc_column_inner][vc_column_inner width=&#8221;2\/3&#8243;][vc_column_text responsive_align=&#8221;left&#8221;]\n<h5 style=\"text-align: left;\"><b>ID\u0150PONT<\/b><strong>: <\/strong>J\u00fanius 28. p\u00e9ntek, 14:00-16:30<br \/>\n<strong>T\u00c9MA: <\/strong>Szociodr\u00e1ma \u00e9s t\u00e1rsadalmi gy\u00f3gy\u00edt\u00e1s \u2013 fel\u00e9p\u00fcl\u00e9s a kollekt\u00edv kr\u00edzisekb\u0151l \u00e9s traum\u00e1kb\u00f3l<br \/>\n<strong>PROGRAM T\u00cdPUSA: <\/strong>Workshop<br \/>\n<strong>TEREM:<\/strong><br \/>\n<strong>R\u00c9SZTVEV\u0150K SZ\u00c1MA: <\/strong>30<br \/>\n<strong>NYELV:<\/strong> Angol<br \/>\n<strong>C\u00cdMKE: <\/strong><a href=\"https:\/\/8thsociodramaconference.com\/hu\/topic-sociodrama-social-healing\/\" target=\"_blank\" rel=\"noopener\">T\u00e1rsadalmi gy\u00f3gy\u00edt\u00e1s<\/a>, <a href=\"https:\/\/8thsociodramaconference.com\/hu\/workshops-jun28-afternoon\/\" target=\"_blank\" rel=\"noopener\">Programok j\u00fanius 28-\u00e1n d\u00e9lut\u00e1n<\/a><\/h5>\n[\/vc_column_text][\/vc_column_inner][vc_column_inner width=&#8221;1\/6&#8243;][\/vc_column_inner][\/vc_row_inner][\/vc_column][\/mk_page_section][mk_page_section padding=&#8221;0&#8243;][vc_column][vc_column_text responsive_align=&#8221;left&#8221;]\n<h5 style=\"text-align: center;\"><b>ABSZTRAKT:<\/b><\/h5>\n[\/vc_column_text][vc_column_text responsive_align=&#8221;left&#8221;]<span style=\"font-weight: 400;\">Az elm\u00falt \u00e9vek kih\u00edv\u00e1sai azt a felismer\u00e9st hozt\u00e1k az emberek sz\u00e1m\u00e1ra, hogy akkor tudnak a j\u00f6v\u0151vel magabiztosan szemben\u00e9zni, ha \u00f6kol\u00f3giai \u00e9s tudati szempontb\u00f3l elv\u00e1lnak a m\u00faltt\u00f3l. Workshopunk a m\u00faltr\u00f3l val\u00f3 lev\u00e1l\u00e1s szociodramatikus vizsg\u00e1lata lesz k\u00fcl\u00f6nb\u00f6z\u0151 szinteken: szem\u00e9lyes, csal\u00e1di, csoportos \u00e9s t\u00e1rsadalmi szinteken dolgozunk majd. A szociometrikus \u00e9s szociodramatikus eszk\u00f6z\u00f6k seg\u00edts\u00e9g\u00e9vel a r\u00e9sztvev\u0151k felid\u00e9zik a diszfunkcion\u00e1lis rendszerekb\u0151l val\u00f3 kil\u00e9p\u00e9s\u00fck \u00e9lm\u00e9nyeit. A workshop lehet\u0151v\u00e9 teszi sz\u00e1mukra, hogy b\u0151v\u00edts\u00e9k a k\u00f6rnyezeti bizonytalans\u00e1gra adott v\u00e1laszaik k\u00f6r\u00e9t, szem\u00e9lyes er\u0151forr\u00e1sokat tal\u00e1ljanak, \u00e9s struktur\u00e1lj\u00e1k kivon\u00f3d\u00e1suk folyamat\u00e1nak tapasztalatait.<\/span>[\/vc_column_text][mk_padding_divider size=&#8221;30&#8243;][vc_column_text responsive_align=&#8221;left&#8221;]\n<h5 style=\"text-align: center;\"><b>AZ EL\u0150AD\u00d3R\u00d3L:<\/b><\/h5>\n[\/vc_column_text][vc_row_inner][vc_column_inner width=&#8221;1\/4&#8243;][mk_image src=&#8221;https:\/\/8thsociodramaconference.com\/wp-content\/uploads\/2024\/03\/Maksym-Romenskyi.png&#8221; image_width=&#8221;402&#8243; image_height=&#8221;275&#8243; crop=&#8221;false&#8221; hover=&#8221;false&#8221;][\/vc_column_inner][vc_column_inner width=&#8221;3\/4&#8243;][vc_column_text responsive_align=&#8221;left&#8221;]<span style=\"font-weight: 400;\">\u00dczleti tr\u00e9ner, coach, szociodramatista (Ron Wiener \u00e9s Francis Batten k\u00e9pz\u00e9se, British Psychodrama Association). Az elm\u00falt 20 \u00e9vben \u00fczleti szervezetekkel \u00e9s k\u00fcl\u00f6nb\u00f6z\u0151 t\u00e1rsadalmi csoportokkal dolgoztam, szociodr\u00e1ma technik\u00e1k \u00e9s az akci\u00f3m\u00f3dszer alkalmaz\u00e1s\u00e1val.<\/span>[\/vc_column_text][\/vc_column_inner][\/vc_row_inner][\/vc_column][\/mk_page_section]\n<\/section>","protected":false},"excerpt":{"rendered":"<p>[mk_page_section][vc_column][mk_fancy_title tag_name=&#8221;h2&#8243; size=&#8221;40&#8243; line_height=&#8221;50&#8243; font_family=&#8221;Oswald&#8221; font_type=&#8221;google&#8221; margin_bottom=&#8221;0&#8243;] SZEPAR\u00c1CI\u00d3 &#8211; AZ IDENTIT\u00c1S KERES\u00c9SE (A workshop nyelve angol) EL\u0150AD\u00d3: MAKSIM ROMENSKYI [\/mk_fancy_title][vc_row_inner][vc_column_inner width=&#8221;1\/6&#8243;][mk_image_box title=&#8221;Sociodrama and power&#8221; src=&#8221;https:\/\/8thsociodramaconference.com\/wp-content\/uploads\/2024\/02\/Collective-Trauma-and-Social-Healing-2.png&#8221; media_width=&#8221;421&#8243; media_height=&#8221;294&#8243; crop=&#8221;false&#8221; image_link=&#8221;url&#8221; url=&#8221;https:\/\/8thsociodramaconference.com\/topic-sociodrama-social-healing\/&#8221; target=&#8221;_blank&#8221; align=&#8221;center&#8221; rounded_corner=&#8221;true&#8221;][\/mk_image_box][\/vc_column_inner][vc_column_inner width=&#8221;2\/3&#8243;][vc_column_text responsive_align=&#8221;left&#8221;] ID\u0150PONT: J\u00fanius 28. p\u00e9ntek, 14:00-16:30 T\u00c9MA: Szociodr\u00e1ma \u00e9s t\u00e1rsadalmi gy\u00f3gy\u00edt\u00e1s \u2013 fel\u00e9p\u00fcl\u00e9s a kollekt\u00edv kr\u00edzisekb\u0151l \u00e9s traum\u00e1kb\u00f3l PROGRAM T\u00cdPUSA: Workshop [&hellip;]<\/p>\n","protected":false},"author":4,"featured_media":0,"parent":0,"menu_order":0,"comment_status":"closed","ping_status":"closed","template":"","meta":{"footnotes":""},"class_list":["post-5788","page","type-page","status-publish","hentry"],"_links":{"self":[{"href":"https:\/\/8thsociodramaconference.com\/hu\/wp-json\/wp\/v2\/pages\/5788","targetHints":{"allow":["GET"]}}],"collection":[{"href":"https:\/\/8thsociodramaconference.com\/hu\/wp-json\/wp\/v2\/pages"}],"about":[{"href":"https:\/\/8thsociodramaconference.com\/hu\/wp-json\/wp\/v2\/types\/page"}],"author":[{"embeddable":true,"href":"https:\/\/8thsociodramaconference.com\/hu\/wp-json\/wp\/v2\/users\/4"}],"replies":[{"embeddable":true,"href":"https:\/\/8thsociodramaconference.com\/hu\/wp-json\/wp\/v2\/comments?post=5788"}],"version-history":[{"count":9,"href":"https:\/\/8thsociodramaconference.com\/hu\/wp-json\/wp\/v2\/pages\/5788\/revisions"}],"predecessor-version":[{"id":7776,"href":"https:\/\/8thsociodramaconference.com\/hu\/wp-json\/wp\/v2\/pages\/5788\/revisions\/7776"}],"wp:attachment":[{"href":"https:\/\/8thsociodramaconference.com\/hu\/wp-json\/wp\/v2\/media?parent=5788"}],"curies":[{"name":"wp","href":"https:\/\/api.w.org\/{rel}","templated":true}]}}