{"id":5783,"date":"2024-02-15T18:11:59","date_gmt":"2024-02-15T17:11:59","guid":{"rendered":"https:\/\/8thsociodramaconference.com\/program-m-turabi-yerli-reyhan-cakmak-ozlem-karabulut\/"},"modified":"2024-05-26T20:19:56","modified_gmt":"2024-05-26T18:19:56","slug":"program-m-turabi-yerli-reyhan-cakmak-ozlem-karabulut","status":"publish","type":"page","link":"https:\/\/8thsociodramaconference.com\/hu\/program-m-turabi-yerli-reyhan-cakmak-ozlem-karabulut\/","title":{"rendered":"Program M. Turabi Yerli &#8211; Reyhan \u00c7akmak &#8211; Ozlem Karabulut"},"content":{"rendered":"<section class=\"wpb-content-wrapper\">[mk_page_section][vc_column][mk_fancy_title tag_name=&#8221;h2&#8243; size=&#8221;40&#8243; line_height=&#8221;50&#8243; font_family=&#8221;Oswald&#8221; font_type=&#8221;google&#8221; margin_bottom=&#8221;0&#8243;]\n<h3 style=\"text-align: center;\"><strong>M\u00c1SOK \u00c9NBENNEM:<br \/>\nCSOPORTK\u00d6ZI KONFLIKTUSOK A K\u00d6ZEL-KELETEN \u00c9S R\u00c1VIL\u00c1G\u00cdT\u00c1S A KOLLEKT\u00cdV S\u00d6T\u00c9T \u00c1RNYAKRA<\/strong><\/h3>\n<h5 style=\"text-align: center;\"><em>(A workshop nyelve angol)<\/em><\/h5>\n<h5 style=\"text-align: center;\"><span style=\"color: #800000;\"><strong>EL\u0150AD\u00d3K:<\/strong><b> M. TURABI YERLI &#8211; REYHAN \u00c7AKMAK &#8211; OZLEM KARABULUT<\/b><\/span><\/h5>\n[\/mk_fancy_title][vc_row_inner][vc_column_inner width=&#8221;1\/6&#8243;][mk_image_box title=&#8221;Sociodrama and power&#8221; src=&#8221;https:\/\/8thsociodramaconference.com\/wp-content\/uploads\/2024\/02\/Collective-Trauma-and-Social-Healing-2.png&#8221; media_width=&#8221;421&#8243; media_height=&#8221;294&#8243; crop=&#8221;false&#8221; image_link=&#8221;url&#8221; url=&#8221;https:\/\/8thsociodramaconference.com\/topic-sociodrama-social-healing\/&#8221; target=&#8221;_blank&#8221; align=&#8221;center&#8221; rounded_corner=&#8221;true&#8221;][\/mk_image_box][\/vc_column_inner][vc_column_inner width=&#8221;2\/3&#8243;][vc_column_text responsive_align=&#8221;left&#8221;]\n<h5 style=\"text-align: left;\"><b>ID\u0150PONT<\/b><strong>: <\/strong>J\u00fanius 28. p\u00e9ntek, 14:00-16:30<br \/>\n<strong>T\u00c9MA: <\/strong>Szociodr\u00e1ma \u00e9s t\u00e1rsadalmi gy\u00f3gy\u00edt\u00e1s \u2013 fel\u00e9p\u00fcl\u00e9s a kollekt\u00edv kr\u00edzisekb\u0151l \u00e9s traum\u00e1kb\u00f3l<br \/>\n<strong>PROGRAM T\u00cdPUSA: <\/strong>Workshop<br \/>\n<strong>TEREM:<\/strong><br \/>\n<strong>R\u00c9SZTVEV\u0150K SZ\u00c1MA:<br \/>\nNYELV:<\/strong> Angol<br \/>\n<strong>C\u00cdMKE: <\/strong><a href=\"https:\/\/8thsociodramaconference.com\/hu\/topic-sociodrama-social-healing\/\" target=\"_blank\" rel=\"noopener\">T\u00e1rsadalmi gy\u00f3gy\u00edt\u00e1s<\/a>, <a href=\"https:\/\/8thsociodramaconference.com\/hu\/workshops-jun28-afternoon\/\" target=\"_blank\" rel=\"noopener\">Programok j\u00fanius 28-\u00e1n d\u00e9lut\u00e1n<\/a><\/h5>\n[\/vc_column_text][\/vc_column_inner][vc_column_inner width=&#8221;1\/6&#8243;][\/vc_column_inner][\/vc_row_inner][\/vc_column][\/mk_page_section][mk_page_section padding=&#8221;0&#8243;][vc_column][vc_column_text responsive_align=&#8221;left&#8221;]\n<h5 style=\"text-align: center;\"><b>ABSZTRAKT:<\/b><\/h5>\n[\/vc_column_text][vc_column_text responsive_align=&#8221;left&#8221;]<span style=\"font-weight: 400;\">C\u00e9lunk, hogy felt\u00e1rjuk a csoportk\u00f6zi konfliktusokat okoz\u00f3 kollekt\u00edv tudatalatti frusztr\u00e1ci\u00f3kat, \u00e9s hogy megtal\u00e1ljuk azokat a csoportk\u00f6zi kollekt\u00edv tudatalatti lehet\u0151s\u00e9geket, amelyek cs\u00f6kkentik e frusztr\u00e1ci\u00f3t, \u00e9s seg\u00edtik a csoportok k\u00f6z\u00f6tti egy\u00fcttm\u0171k\u00f6d\u00e9st.<\/span><\/p>\n<p><span style=\"font-weight: 400;\">H\u00e1tt\u00e9r: A K\u00f6zel-Kelet neh\u00e9zs\u00e9gekkel teli id\u0151szakon megy kereszt\u00fcl, k\u00fcl\u00f6n\u00f6sen az ut\u00f3bbi \u00e9vtizedekben, amikor a csoportok k\u00f6z\u00f6tti fesz\u00fclts\u00e9gek egyre fokoz\u00f3dnak. A negat\u00edv tapasztalatok negat\u00edvan befoly\u00e1solj\u00e1k az egyes csoportok j\u00f6v\u0151beli gener\u00e1ci\u00f3inak k\u00f6zeled\u00e9si lehet\u0151s\u00e9geit. Mindannyiunk k\u00f6z\u00f6s felel\u0151ss\u00e9ge, hogy meg\u0151rizz\u00fck az egy\u00fctt\u00e9l\u00e9s \u00e9rz\u00e9s\u00e9t egy b\u00e9k\u00e9sebb vil\u00e1g kialakul\u00e1sa \u00e9rdek\u00e9ben, amelyr\u0151l Moreno is \u00e1lmodott. Moreno szociometria \u00e9s szociodr\u00e1ma megk\u00f6zel\u00edt\u00e9se mellett &#8211; amely a csoportk\u00f6zi kapcsolatokkal foglalkozik -, a workshop Jung kollekt\u00edv tudattalanj\u00e1nak \u00e9s \u00e1rny\u00e9kfogalmainak koncepci\u00f3j\u00e1t is haszn\u00e1lja. Ez ut\u00f3bbiak a szociodr\u00e1m\u00e1val val\u00f3 szintetiz\u00e1l\u00e1sa fontos lehet\u0151s\u00e9geket k\u00edn\u00e1l a konfliktusok meg\u00e9rt\u00e9s\u00e9ben \u00e9s megold\u00e1s\u00e1ban.<\/span><\/p>\n<p><span style=\"font-weight: 400;\">A workshop tanul\u00e1si c\u00e9ljai, hogy<\/span><\/p>\n<ul>\n<li><span style=\"font-weight: 400;\">a r\u00e9sztvev\u0151k megtapasztalj\u00e1k a k\u00fcl\u00f6nb\u00f6z\u0151 csoportok pozit\u00edv, negat\u00edv vagy term\u00e9szetes szerepeinek k\u00f6lcs\u00f6nhat\u00e1s\u00e1t a K\u00f6zel-Keleten.<\/span><\/li>\n<li><span style=\"font-weight: 400;\">A tapasztalatok megoszt\u00e1sa sor\u00e1n kifejez\u00e9sre jut, hogy mi n\u00f6veli a konfliktus \u00e9s mi seg\u00edti el\u0151 az egy\u00fcttm\u0171k\u00f6d\u00e9s lehet\u0151s\u00e9g\u00e9t.<\/span><\/li>\n<li><span style=\"font-weight: 400;\">V\u00e9g\u00fcl a legfontosabb k\u00f6z\u00f6s elemeket hat\u00e1rozzuk meg, \u00e9s az alternat\u00edv megold\u00e1si lehet\u0151s\u00e9gek megtapasztalhat\u00f3v\u00e1 v\u00e1lnak a sz\u00ednpadon.<\/span><\/li>\n<\/ul>\n[\/vc_column_text][mk_padding_divider size=&#8221;30&#8243;][vc_column_text responsive_align=&#8221;left&#8221;]\n<h5 style=\"text-align: center;\"><b>AZ EL\u0150AD\u00d3KR\u00d3L:<\/b><\/h5>\n[\/vc_column_text][vc_row_inner][vc_column_inner width=&#8221;1\/4&#8243;][mk_image src=&#8221;https:\/\/8thsociodramaconference.com\/wp-content\/uploads\/2024\/04\/Turabi-Yerli.png&#8221; image_width=&#8221;402&#8243; image_height=&#8221;275&#8243; crop=&#8221;false&#8221; hover=&#8221;false&#8221;][\/vc_column_inner][vc_column_inner width=&#8221;3\/4&#8243;][vc_column_text responsive_align=&#8221;left&#8221;]<span style=\"font-weight: 400;\">Az isztambuli egyetem orvosi kar\u00e1n szerzett diplom\u00e1t, majd k\u00e9s\u0151bb doktori c\u00edmet. Pszichodr\u00e1ma k\u00e9pz\u00e9s\u00e9t az isztambuli Abd\u00fclkadir \u00d6zbek Pszichodr\u00e1ma Int\u00e9zetben v\u00e9gezte. Emellett 600 \u00f3r\u00e1nyi jungi pszichodr\u00e1m\u00e1t \u00e9s 240 \u00f3r\u00e1nyi m\u0171v\u00e9szetter\u00e1pi\u00e1t tanult. Miut\u00e1n eln\u00f6ks\u00e9gi tagk\u00e9nt \u00e9s aleln\u00f6kk\u00e9nt dolgozott az Abd\u00fclkadir \u00d6zbek Int\u00e9zet Isztambuli Pszichodr\u00e1ma Egyes\u00fcletn\u00e9l, megalap\u00edtotta az Isztambuli Jung Pszichodr\u00e1ma Int\u00e9zetet (IJUNG\u0130), kor\u00e1bbi nev\u00e9n Dr. Ali Babao\u011flu Int\u00e9zetet, \u00e9s 2015-ben megkezdte k\u00e9pz\u00e9si tev\u00e9kenys\u00e9g\u00e9t.<\/span><\/p>\n<p><span style=\"font-weight: 400;\">Jelenleg k\u00fcl\u00f6nb\u00f6z\u0151 nemzetk\u00f6zi pszichodr\u00e1ma egyes\u00fcletek tagja.<\/span>[\/vc_column_text][\/vc_column_inner][\/vc_row_inner][vc_row_inner][vc_column_inner width=&#8221;1\/4&#8243;][mk_image src=&#8221;https:\/\/8thsociodramaconference.com\/wp-content\/uploads\/2024\/04\/Reyhan-Cakmak.png&#8221; image_width=&#8221;402&#8243; image_height=&#8221;275&#8243; crop=&#8221;false&#8221; hover=&#8221;false&#8221;][\/vc_column_inner][vc_column_inner width=&#8221;3\/4&#8243;][vc_column_text responsive_align=&#8221;left&#8221;]Reyhan \u00c7akmak[\/vc_column_text][\/vc_column_inner][\/vc_row_inner][vc_row_inner][vc_column_inner width=&#8221;1\/4&#8243;][mk_image src=&#8221;https:\/\/8thsociodramaconference.com\/wp-content\/uploads\/2024\/04\/Ozlem-Karabulut.png&#8221; image_width=&#8221;402&#8243; image_height=&#8221;275&#8243; crop=&#8221;false&#8221; hover=&#8221;false&#8221;][\/vc_column_inner][vc_column_inner width=&#8221;3\/4&#8243;][vc_column_text responsive_align=&#8221;left&#8221;]Ozlem Karabulut[\/vc_column_text][\/vc_column_inner][\/vc_row_inner][\/vc_column][\/mk_page_section]\n<\/section>","protected":false},"excerpt":{"rendered":"<p>[mk_page_section][vc_column][mk_fancy_title tag_name=&#8221;h2&#8243; size=&#8221;40&#8243; line_height=&#8221;50&#8243; font_family=&#8221;Oswald&#8221; font_type=&#8221;google&#8221; margin_bottom=&#8221;0&#8243;] M\u00c1SOK \u00c9NBENNEM: CSOPORTK\u00d6ZI KONFLIKTUSOK A K\u00d6ZEL-KELETEN \u00c9S R\u00c1VIL\u00c1G\u00cdT\u00c1S A KOLLEKT\u00cdV S\u00d6T\u00c9T \u00c1RNYAKRA (A workshop nyelve angol) EL\u0150AD\u00d3K: M. TURABI YERLI &#8211; REYHAN \u00c7AKMAK &#8211; OZLEM KARABULUT [\/mk_fancy_title][vc_row_inner][vc_column_inner width=&#8221;1\/6&#8243;][mk_image_box title=&#8221;Sociodrama and power&#8221; src=&#8221;https:\/\/8thsociodramaconference.com\/wp-content\/uploads\/2024\/02\/Collective-Trauma-and-Social-Healing-2.png&#8221; media_width=&#8221;421&#8243; media_height=&#8221;294&#8243; crop=&#8221;false&#8221; image_link=&#8221;url&#8221; url=&#8221;https:\/\/8thsociodramaconference.com\/topic-sociodrama-social-healing\/&#8221; target=&#8221;_blank&#8221; align=&#8221;center&#8221; rounded_corner=&#8221;true&#8221;][\/mk_image_box][\/vc_column_inner][vc_column_inner width=&#8221;2\/3&#8243;][vc_column_text responsive_align=&#8221;left&#8221;] ID\u0150PONT: J\u00fanius 28. p\u00e9ntek, 14:00-16:30 T\u00c9MA: [&hellip;]<\/p>\n","protected":false},"author":4,"featured_media":0,"parent":0,"menu_order":0,"comment_status":"closed","ping_status":"closed","template":"","meta":{"footnotes":""},"class_list":["post-5783","page","type-page","status-publish","hentry"],"_links":{"self":[{"href":"https:\/\/8thsociodramaconference.com\/hu\/wp-json\/wp\/v2\/pages\/5783","targetHints":{"allow":["GET"]}}],"collection":[{"href":"https:\/\/8thsociodramaconference.com\/hu\/wp-json\/wp\/v2\/pages"}],"about":[{"href":"https:\/\/8thsociodramaconference.com\/hu\/wp-json\/wp\/v2\/types\/page"}],"author":[{"embeddable":true,"href":"https:\/\/8thsociodramaconference.com\/hu\/wp-json\/wp\/v2\/users\/4"}],"replies":[{"embeddable":true,"href":"https:\/\/8thsociodramaconference.com\/hu\/wp-json\/wp\/v2\/comments?post=5783"}],"version-history":[{"count":11,"href":"https:\/\/8thsociodramaconference.com\/hu\/wp-json\/wp\/v2\/pages\/5783\/revisions"}],"predecessor-version":[{"id":7773,"href":"https:\/\/8thsociodramaconference.com\/hu\/wp-json\/wp\/v2\/pages\/5783\/revisions\/7773"}],"wp:attachment":[{"href":"https:\/\/8thsociodramaconference.com\/hu\/wp-json\/wp\/v2\/media?parent=5783"}],"curies":[{"name":"wp","href":"https:\/\/api.w.org\/{rel}","templated":true}]}}