{"id":5779,"date":"2024-02-15T18:00:48","date_gmt":"2024-02-15T17:00:48","guid":{"rendered":"https:\/\/8thsociodramaconference.com\/program-daniela-tahirova\/"},"modified":"2024-05-26T20:12:26","modified_gmt":"2024-05-26T18:12:26","slug":"program-daniela-tahirova","status":"publish","type":"page","link":"https:\/\/8thsociodramaconference.com\/hu\/program-daniela-tahirova\/","title":{"rendered":"Program Daniela Tahirova"},"content":{"rendered":"<section class=\"wpb-content-wrapper\">[mk_page_section][vc_column][mk_fancy_title tag_name=&#8221;h2&#8243; size=&#8221;40&#8243; line_height=&#8221;50&#8243; font_family=&#8221;Oswald&#8221; font_type=&#8221;google&#8221; margin_bottom=&#8221;0&#8243;]\n<h3 style=\"text-align: center;\"><b>K\u00d6Z\u00d6S ALKOT\u00c1S SZOCIODR\u00c1MA CSOPORTBAN GYERMEKEKKEL<\/b><\/h3>\n<h5 style=\"text-align: center;\"><em>(A workshop nyelve angol)<\/em><\/h5>\n<h5 style=\"text-align: center;\"><span style=\"color: #800000;\"><strong>EL\u0150AD\u00d3:<\/strong><b> DANIELA TAHIROVA<\/b><\/span><\/h5>\n[\/mk_fancy_title][vc_row_inner][vc_column_inner width=&#8221;1\/6&#8243;][mk_image_box title=&#8221;Sociodrama and power&#8221; src=&#8221;https:\/\/8thsociodramaconference.com\/wp-content\/uploads\/2024\/02\/Next-Generation-2.png&#8221; media_width=&#8221;421&#8243; media_height=&#8221;294&#8243; crop=&#8221;false&#8221; image_link=&#8221;url&#8221; url=&#8221;https:\/\/8thsociodramaconference.com\/&#8221; target=&#8221;_blank&#8221; align=&#8221;center&#8221; rounded_corner=&#8221;true&#8221;][\/mk_image_box][\/vc_column_inner][vc_column_inner width=&#8221;2\/3&#8243;][vc_column_text responsive_align=&#8221;left&#8221;]\n<h5 style=\"text-align: left;\"><b>ID\u0150PONT<\/b><strong>: <\/strong>J\u00fanius 28. p\u00e9ntek, 14:00-16:30<br \/>\n<strong>T\u00c9MA: <\/strong>Szociodr\u00e1ma \u00e9s a j\u00f6v\u0151 gener\u00e1ci\u00f3ja: gyerekek, fiatalok \u00e9s a vel\u00fck foglalkoz\u00f3 szakemberek, int\u00e9zm\u00e9nyek szociodr\u00e1m\u00e1ja<br \/>\n<strong>PROGRAM T\u00cdPUSA: <\/strong>Workshop<br \/>\n<strong>TEREM:<\/strong><br \/>\n<strong>R\u00c9SZTVEV\u0150K SZ\u00c1MA: <\/strong>15<br \/>\n<strong>NYELV:<\/strong> Angol<br \/>\n<strong>C\u00cdMK\u00c9K: <\/strong><a href=\"https:\/\/8thsociodramaconference.com\/hu\/topic-sociodrama-youth\/\" target=\"_blank\" rel=\"noopener\">Szociodr\u00e1ma \u00e9s fiatalok,<\/a> <a href=\"https:\/\/8thsociodramaconference.com\/hu\/workshops-jun28-afternoon\/\" target=\"_blank\" rel=\"noopener\">Programok j\u00fanius 28-\u00e1n d\u00e9lut\u00e1n<\/a><\/h5>\n[\/vc_column_text][\/vc_column_inner][vc_column_inner width=&#8221;1\/6&#8243;][\/vc_column_inner][\/vc_row_inner][\/vc_column][\/mk_page_section][mk_page_section padding=&#8221;0&#8243;][vc_column][vc_column_text responsive_align=&#8221;left&#8221;]\n<h5 style=\"text-align: center;\"><b>ABSZTRAKT:<\/b><\/h5>\n[\/vc_column_text][vc_column_text responsive_align=&#8221;left&#8221;]<span style=\"font-weight: 400;\">(Daniela Simmons \u00f6tlete nyom\u00e1n).<\/span><\/p>\n<p><span style=\"font-weight: 400;\">A workshopon Gianni Rodari mese- \u00e9s t\u00f6rt\u00e9netalkot\u00e1si elm\u00e9let\u00e9t \u00e9s Morenonak a szociodr\u00e1m\u00e1val kapcsolatos<\/span> <span style=\"font-weight: 400;\">elgondol\u00e1sait fogjuk haszn\u00e1lni. Gianni Rodari szerint egy j\u00f3 t\u00f6rt\u00e9netben vagy mes\u00e9ben lennie kell: h\u0151snek, gonosznak, titoknak, \u00e1rul\u00f3nak, var\u00e1zsaj\u00e1nd\u00e9knak, feladatnak \u00e9s k\u00e9rd\u00e9snek. E karaktereket t\u00e1rsadalmi szerepk\u00e9nt gondoljuk el, \u00e9s arra haszn\u00e1ljuk \u0151ket, hogy gyermek-szociodr\u00e1m\u00e1t hozzunk l\u00e9tre. Az \u00e1ltalunk vezetett csoportokban vezet\u0151k \u00e9s a gyermekek mindig kiv\u00e1lasztanak egy t\u00e9m\u00e1t, \u00e9s mindenki v\u00e1laszt a szerepek k\u00f6z\u00fcl is (pl h\u0151st, gonoszt stb.). Ezut\u00e1n fel\u00e9p\u00edtj\u00fck a sz\u00ednpadot, \u00e9s egy spont\u00e1n, improvizat\u00edv, k\u00eds\u00e9rletez\u0151 k\u00f6z\u00f6s j\u00e1t\u00e9kban, a gyermekekkel egy\u00fctt t\u00f6rt\u00e9netet alkotunk. A workshop r\u00e9sztvev\u0151inek lehet\u0151s\u00e9ge lesz e szociodr\u00e1ma folyamat kipr\u00f3b\u00e1l\u00e1s\u00e1ra feln\u0151tt \u00e9s gyermek szerepben egyar\u00e1nt. Err\u0151l szerzett tapasztalatainkat az alkalom v\u00e9g\u00e9n megosztjuk egym\u00e1ssal. <\/span><\/p>\n<p><span style=\"font-weight: 400;\">A workshop r\u00e9v\u00e9n a r\u00e9sztvev\u0151k k\u00e9pet kapnak a gyermekekkel folytatott munk\u00e1r\u00f3l \u00e9s k\u00e9pesek lesznek ezt saj\u00e1t ter\u00fcleteiken is alkalmazni.<\/span>[\/vc_column_text][mk_padding_divider size=&#8221;30&#8243;][vc_column_text responsive_align=&#8221;left&#8221;]\n<h5 style=\"text-align: center;\"><b>AZ EL\u0150AD\u00d3R\u00d3L:<\/b><\/h5>\n[\/vc_column_text][vc_row_inner][vc_column_inner width=&#8221;1\/4&#8243;][mk_image src=&#8221;https:\/\/8thsociodramaconference.com\/wp-content\/uploads\/2024\/02\/daniela-tahirova.png&#8221; image_width=&#8221;402&#8243; image_height=&#8221;275&#8243; crop=&#8221;false&#8221; hover=&#8221;false&#8221;][\/vc_column_inner][vc_column_inner width=&#8221;3\/4&#8243;][vc_column_text responsive_align=&#8221;left&#8221;]<span style=\"font-weight: 400;\">Daniela Tahirova pedag\u00f3giai, logop\u00e9diai \u00e9s pszichol\u00f3giai mesterdiplom\u00e1val rendelkezik. Pszichodr\u00e1ma terapeuta, gyermekpszichodr\u00e1ma vezet\u0151, csal\u00e1dterapeuta. Gyerekek sz\u00e1m\u00e1ra vezet ter\u00e1pi\u00e1s csoportokat A. Aachinger \u00e9s W.Hall m\u00f3dszere alapj\u00e1n.\u00a0 Feln\u0151ttekkel Dr. Daniela Simmons szuperv\u00edzi\u00f3ja mellett dolgozik. Daniela Tahirova a Bolg\u00e1r Adler Int\u00e9zet &#8222;Pszichodr\u00e1ma \u00e9s akci\u00f3m\u00f3dszerek az oktat\u00e1sban&#8221; programj\u00e1nak igazgat\u00f3ja, amely az Oktat\u00e1si \u00e9s Tudom\u00e1nyos Miniszt\u00e9rium \u00e1ltal akkredit\u00e1lt int\u00e9zm\u00e9ny. Megalap\u00edt\u00f3ja \u00e9s tagja Balk\u00e1n Pszichodr\u00e1ma, Szociodr\u00e1ma \u00e9s Akci\u00f3m\u00f3dszerek Egyes\u00fcletnek. A Tele&#8217;dr\u00e1ma m\u00f3dszer \u00e9s a gyermekcsoportter\u00e1pia ter\u00fcletein csoportokat vezet \u00e9s k\u00e9pez Bulg\u00e1ri\u00e1ban.<\/span>[\/vc_column_text][\/vc_column_inner][\/vc_row_inner][\/vc_column][\/mk_page_section]\n<\/section>","protected":false},"excerpt":{"rendered":"<p>[mk_page_section][vc_column][mk_fancy_title tag_name=&#8221;h2&#8243; size=&#8221;40&#8243; line_height=&#8221;50&#8243; font_family=&#8221;Oswald&#8221; font_type=&#8221;google&#8221; margin_bottom=&#8221;0&#8243;] K\u00d6Z\u00d6S ALKOT\u00c1S SZOCIODR\u00c1MA CSOPORTBAN GYERMEKEKKEL (A workshop nyelve angol) EL\u0150AD\u00d3: DANIELA TAHIROVA [\/mk_fancy_title][vc_row_inner][vc_column_inner width=&#8221;1\/6&#8243;][mk_image_box title=&#8221;Sociodrama and power&#8221; src=&#8221;https:\/\/8thsociodramaconference.com\/wp-content\/uploads\/2024\/02\/Next-Generation-2.png&#8221; media_width=&#8221;421&#8243; media_height=&#8221;294&#8243; crop=&#8221;false&#8221; image_link=&#8221;url&#8221; url=&#8221;https:\/\/8thsociodramaconference.com\/&#8221; target=&#8221;_blank&#8221; align=&#8221;center&#8221; rounded_corner=&#8221;true&#8221;][\/mk_image_box][\/vc_column_inner][vc_column_inner width=&#8221;2\/3&#8243;][vc_column_text responsive_align=&#8221;left&#8221;] ID\u0150PONT: J\u00fanius 28. p\u00e9ntek, 14:00-16:30 T\u00c9MA: Szociodr\u00e1ma \u00e9s a j\u00f6v\u0151 gener\u00e1ci\u00f3ja: gyerekek, fiatalok \u00e9s a vel\u00fck foglalkoz\u00f3 szakemberek, int\u00e9zm\u00e9nyek szociodr\u00e1m\u00e1ja [&hellip;]<\/p>\n","protected":false},"author":4,"featured_media":0,"parent":0,"menu_order":0,"comment_status":"closed","ping_status":"closed","template":"","meta":{"footnotes":""},"class_list":["post-5779","page","type-page","status-publish","hentry"],"_links":{"self":[{"href":"https:\/\/8thsociodramaconference.com\/hu\/wp-json\/wp\/v2\/pages\/5779","targetHints":{"allow":["GET"]}}],"collection":[{"href":"https:\/\/8thsociodramaconference.com\/hu\/wp-json\/wp\/v2\/pages"}],"about":[{"href":"https:\/\/8thsociodramaconference.com\/hu\/wp-json\/wp\/v2\/types\/page"}],"author":[{"embeddable":true,"href":"https:\/\/8thsociodramaconference.com\/hu\/wp-json\/wp\/v2\/users\/4"}],"replies":[{"embeddable":true,"href":"https:\/\/8thsociodramaconference.com\/hu\/wp-json\/wp\/v2\/comments?post=5779"}],"version-history":[{"count":8,"href":"https:\/\/8thsociodramaconference.com\/hu\/wp-json\/wp\/v2\/pages\/5779\/revisions"}],"predecessor-version":[{"id":7768,"href":"https:\/\/8thsociodramaconference.com\/hu\/wp-json\/wp\/v2\/pages\/5779\/revisions\/7768"}],"wp:attachment":[{"href":"https:\/\/8thsociodramaconference.com\/hu\/wp-json\/wp\/v2\/media?parent=5779"}],"curies":[{"name":"wp","href":"https:\/\/api.w.org\/{rel}","templated":true}]}}