{"id":5774,"date":"2024-02-15T09:36:37","date_gmt":"2024-02-15T08:36:37","guid":{"rendered":"https:\/\/8thsociodramaconference.com\/program-regina-sewell-jennifer-salimbene\/"},"modified":"2024-05-26T19:53:54","modified_gmt":"2024-05-26T17:53:54","slug":"program-regina-sewell-jennifer-salimbene","status":"publish","type":"page","link":"https:\/\/8thsociodramaconference.com\/hu\/program-regina-sewell-jennifer-salimbene\/","title":{"rendered":"Program Regina Sewell &#8211; Jennifer Salimbene"},"content":{"rendered":"<section class=\"wpb-content-wrapper\">[mk_page_section][vc_column][mk_fancy_title tag_name=&#8221;h2&#8243; size=&#8221;40&#8243; line_height=&#8221;50&#8243; font_family=&#8221;Oswald&#8221; font_type=&#8221;google&#8221; margin_bottom=&#8221;0&#8243;]\n<h3 style=\"text-align: center;\"><b>A FELHATALMAZ\u00c1S STRAT\u00c9GI\u00c1I &#8211;<br \/>\nELB\u00cdRNI \u00c9S ELLEN\u00c1LLNI AZ LMBTI-ELLENES RETORIKA HAT\u00c1SAINAK<\/b><\/h3>\n<h5 style=\"text-align: center;\"><em>(A workshop nyelve angol)<\/em><\/h5>\n<h5 style=\"text-align: center;\"><span style=\"color: #800000;\"><strong>EL\u0150AD\u00d3K:<\/strong><b> REGINA SEWELL &#8211; JENNIFER SALIMBENE<\/b><\/span><\/h5>\n[\/mk_fancy_title][vc_row_inner][vc_column_inner width=&#8221;1\/6&#8243;][mk_image_box title=&#8221;Sociodrama and power&#8221; src=&#8221;https:\/\/8thsociodramaconference.com\/wp-content\/uploads\/2024\/02\/Collective-Trauma-and-Social-Healing-2.png&#8221; media_width=&#8221;421&#8243; media_height=&#8221;294&#8243; crop=&#8221;false&#8221; image_link=&#8221;url&#8221; url=&#8221;https:\/\/8thsociodramaconference.com\/topic-sociodrama-social-healing\/&#8221; target=&#8221;_blank&#8221; align=&#8221;center&#8221; rounded_corner=&#8221;true&#8221;][\/mk_image_box][\/vc_column_inner][vc_column_inner width=&#8221;2\/3&#8243;][vc_column_text responsive_align=&#8221;left&#8221;]\n<h5 style=\"text-align: left;\"><b>ID\u0150PONT<\/b><strong>: <\/strong>J\u00fanius 28. p\u00e9ntek, 10:00-12:30<br \/>\n<strong>T\u00c9MA: <\/strong>Szociodr\u00e1ma \u00e9s t\u00e1rsadalmi gy\u00f3gy\u00edt\u00e1s \u2013 fel\u00e9p\u00fcl\u00e9s a kollekt\u00edv kr\u00edzisekb\u0151l \u00e9s traum\u00e1kb\u00f3l<br \/>\n<strong>T\u00cdPUS: <\/strong>Workshop<br \/>\n<strong>TEREM:<\/strong><br \/>\n<strong>R\u00c9SZTVEV\u0150K SZ\u00c1MA: <\/strong>50<br \/>\n<strong>NYELV:<\/strong> Angol<br \/>\n<strong>C\u00cdMKE: <\/strong><a href=\"https:\/\/8thsociodramaconference.com\/hu\/topic-sociodrama-social-healing\/\" target=\"_blank\" rel=\"noopener\">T\u00e1rsadalmi gy\u00f3gy\u00edt\u00e1s<\/a>, <a href=\"https:\/\/8thsociodramaconference.com\/hu\/workshops-jun28-morning\/\" target=\"_blank\" rel=\"noopener\">Programok j\u00fanius 28-\u00e1n d\u00e9lel\u0151tt<\/a><\/h5>\n[\/vc_column_text][\/vc_column_inner][vc_column_inner width=&#8221;1\/6&#8243;][\/vc_column_inner][\/vc_row_inner][\/vc_column][\/mk_page_section][mk_page_section padding=&#8221;0&#8243;][vc_column][vc_column_text responsive_align=&#8221;left&#8221;]\n<h5 style=\"text-align: center;\"><b>ABSZTRAKT:<\/b><\/h5>\n[\/vc_column_text][vc_column_text responsive_align=&#8221;left&#8221;]<span style=\"font-weight: 400;\">A leszbikus, meleg, biszexu\u00e1lis, transznem\u0171 \u00e9s interszexu\u00e1lis (LMBTI) jogokra er\u0151s nyom\u00e1s nehezedik, mivel a konzervat\u00edv oldal egyre ink\u00e1bb az LMBTI emberek ellen ir\u00e1nyul\u00f3 t\u00f6rv\u00e9nykez\u00e9st \u00e9s k\u00f6zpolitik\u00e1t \u00e9rv\u00e9nyes\u00edt. Az LMBTI ellenes k\u00f6zpolitik\u00e1t al\u00e1t\u00e1maszt\u00f3 politikai retorika az elm\u00falt id\u0151szakban fokozta az LMBTI emberekkel szembeni gy\u0171l\u00f6letbesz\u00e9det \u00e9s er\u0151szakot, amely biztons\u00e1g\u00e9rzet\u00fck elveszt\u00e9s\u00e9hez vezetett a munkahelyeken, az iskol\u00e1kban \u00e9s m\u00e1s nyilv\u00e1nos terekben. Ezt a hat\u00e1st feler\u0151s\u00edtik az \u00e9vek \u00f3ta tart\u00f3 mikroagresszi\u00f3b\u00f3l sz\u00e1rmaz\u00f3, internaliz\u00e1lt \u00fczenetek. Ezen a workshopon a szociodr\u00e1ma seg\u00edts\u00e9g\u00e9vel olyan strat\u00e9gi\u00e1kat fogunk felt\u00e1rni, amelyek seg\u00edtenek az LMBTI embereknek kezelni az LMBTI-ellenes retorika hat\u00e1sait \u00e9s ellen\u00e1llni azoknak. Olyan m\u00f3dszereket mutatunk, amelyek hat\u00e9kony t\u00e1mogat\u00e1st jelentenek sz\u00e1mukra igazuk \u00e9rv\u00e9nyes\u00edt\u00e9s\u00e9ben a hatalommal szemben.<\/span><\/p>\n<p><span style=\"font-weight: 400;\">A workshop c\u00e9lja, hogy megismertesse Kipper kognit\u00edv dupl\u00e1z\u00e1s fogalm\u00e1t (2002) \u00e9s hogy mik\u00e9pp lehet a test-tudatot arra haszn\u00e1lni, hogy a r\u00e9sztvev\u0151k a felhatalmazotts\u00e1g \u00e9rz\u00e9s\u00e9t tapasztalj\u00e1k meg.<\/span>[\/vc_column_text][mk_padding_divider size=&#8221;30&#8243;][vc_column_text responsive_align=&#8221;left&#8221;]\n<h5 style=\"text-align: center;\"><b>AZ EL\u0150AD\u00d3KR\u00d3L:<\/b><\/h5>\n[\/vc_column_text][vc_row_inner][vc_column_inner width=&#8221;1\/4&#8243;][mk_image src=&#8221;https:\/\/8thsociodramaconference.com\/wp-content\/uploads\/2024\/02\/Regina-Sewell.png&#8221; image_width=&#8221;402&#8243; image_height=&#8221;275&#8243; crop=&#8221;false&#8221; hover=&#8221;false&#8221;][\/vc_column_inner][vc_column_inner width=&#8221;3\/4&#8243;][vc_column_text responsive_align=&#8221;left&#8221;]<span style=\"font-weight: 400;\">Regina Sewell <\/span><span style=\"font-weight: 400;\">ment\u00e1lis eg\u00e9szs\u00e9g\u00fcgyi tan\u00e1csad\u00f3 (LMHC), coach (PCC), j\u00e1t\u00e9kterapeuta, szociol\u00f3gus (PhD).<\/span><span style=\"font-weight: 400;\"> 2004 \u00f3ta haszn\u00e1l pszichodr\u00e1m\u00e1t kliensekkel \u00e9s csoportokban, \u00e9s 2005 \u00f3ta oktat szociodr\u00e1m\u00e1t szociol\u00f3gus k\u00e9pz\u00e9sben. Regina az ASGPP titk\u00e1ra \u00e9s a Hudson Valley Pszichodr\u00e1ma Int\u00e9zet tan\u00e1ra.<\/span>[\/vc_column_text][\/vc_column_inner][\/vc_row_inner][vc_row_inner][vc_column_inner width=&#8221;1\/4&#8243;][mk_image src=&#8221;https:\/\/8thsociodramaconference.com\/wp-content\/uploads\/2024\/02\/salimbene-jennifer.png&#8221; image_width=&#8221;402&#8243; image_height=&#8221;275&#8243; crop=&#8221;false&#8221; hover=&#8221;false&#8221;][\/vc_column_inner][vc_column_inner width=&#8221;3\/4&#8243;][vc_column_text responsive_align=&#8221;left&#8221;]<span style=\"font-weight: 400;\">Jennifer Salimbene klinikai szoci\u00e1lis munk\u00e1s, alkohol- \u00e9s szerf\u00fcgg\u0151s\u00e9g tan\u00e1csad\u00f3, pszichodr\u00e1ma kik\u00e9pz\u0151, \u00e9s playback sz\u00ednh\u00e1zi v\u00e9gzetts\u00e9ggel is rendelkezik. <\/span>[\/vc_column_text][\/vc_column_inner][\/vc_row_inner][\/vc_column][\/mk_page_section]\n<\/section>","protected":false},"excerpt":{"rendered":"<p>[mk_page_section][vc_column][mk_fancy_title tag_name=&#8221;h2&#8243; size=&#8221;40&#8243; line_height=&#8221;50&#8243; font_family=&#8221;Oswald&#8221; font_type=&#8221;google&#8221; margin_bottom=&#8221;0&#8243;] A FELHATALMAZ\u00c1S STRAT\u00c9GI\u00c1I &#8211; ELB\u00cdRNI \u00c9S ELLEN\u00c1LLNI AZ LMBTI-ELLENES RETORIKA HAT\u00c1SAINAK (A workshop nyelve angol) EL\u0150AD\u00d3K: REGINA SEWELL &#8211; JENNIFER SALIMBENE [\/mk_fancy_title][vc_row_inner][vc_column_inner width=&#8221;1\/6&#8243;][mk_image_box title=&#8221;Sociodrama and power&#8221; src=&#8221;https:\/\/8thsociodramaconference.com\/wp-content\/uploads\/2024\/02\/Collective-Trauma-and-Social-Healing-2.png&#8221; media_width=&#8221;421&#8243; media_height=&#8221;294&#8243; crop=&#8221;false&#8221; image_link=&#8221;url&#8221; url=&#8221;https:\/\/8thsociodramaconference.com\/topic-sociodrama-social-healing\/&#8221; target=&#8221;_blank&#8221; align=&#8221;center&#8221; rounded_corner=&#8221;true&#8221;][\/mk_image_box][\/vc_column_inner][vc_column_inner width=&#8221;2\/3&#8243;][vc_column_text responsive_align=&#8221;left&#8221;] ID\u0150PONT: J\u00fanius 28. p\u00e9ntek, 10:00-12:30 T\u00c9MA: Szociodr\u00e1ma \u00e9s t\u00e1rsadalmi gy\u00f3gy\u00edt\u00e1s \u2013 [&hellip;]<\/p>\n","protected":false},"author":4,"featured_media":0,"parent":0,"menu_order":0,"comment_status":"closed","ping_status":"closed","template":"","meta":{"footnotes":""},"class_list":["post-5774","page","type-page","status-publish","hentry"],"_links":{"self":[{"href":"https:\/\/8thsociodramaconference.com\/hu\/wp-json\/wp\/v2\/pages\/5774","targetHints":{"allow":["GET"]}}],"collection":[{"href":"https:\/\/8thsociodramaconference.com\/hu\/wp-json\/wp\/v2\/pages"}],"about":[{"href":"https:\/\/8thsociodramaconference.com\/hu\/wp-json\/wp\/v2\/types\/page"}],"author":[{"embeddable":true,"href":"https:\/\/8thsociodramaconference.com\/hu\/wp-json\/wp\/v2\/users\/4"}],"replies":[{"embeddable":true,"href":"https:\/\/8thsociodramaconference.com\/hu\/wp-json\/wp\/v2\/comments?post=5774"}],"version-history":[{"count":9,"href":"https:\/\/8thsociodramaconference.com\/hu\/wp-json\/wp\/v2\/pages\/5774\/revisions"}],"predecessor-version":[{"id":7760,"href":"https:\/\/8thsociodramaconference.com\/hu\/wp-json\/wp\/v2\/pages\/5774\/revisions\/7760"}],"wp:attachment":[{"href":"https:\/\/8thsociodramaconference.com\/hu\/wp-json\/wp\/v2\/media?parent=5774"}],"curies":[{"name":"wp","href":"https:\/\/api.w.org\/{rel}","templated":true}]}}