{"id":5769,"date":"2024-02-15T17:46:03","date_gmt":"2024-02-15T16:46:03","guid":{"rendered":"https:\/\/8thsociodramaconference.com\/program-joerg-jelden-valerie-monti-holland\/"},"modified":"2024-06-05T06:12:17","modified_gmt":"2024-06-05T04:12:17","slug":"program-joerg-jelden-valerie-monti-holland","status":"publish","type":"page","link":"https:\/\/8thsociodramaconference.com\/hu\/program-joerg-jelden-valerie-monti-holland\/","title":{"rendered":"Program Joerg Jelden-Valerie Monti Holland"},"content":{"rendered":"<section class=\"wpb-content-wrapper\">[mk_page_section][vc_column][mk_fancy_title tag_name=&#8221;h2&#8243; size=&#8221;40&#8243; line_height=&#8221;50&#8243; font_family=&#8221;Oswald&#8221; font_type=&#8221;google&#8221; margin_bottom=&#8221;0&#8243;]\n<h3 style=\"text-align: center;\"><b>AMIKOR A PROBL\u00c9M\u00c1K SZ\u00c9TBOMLANAK &#8211;<br \/>\n<\/b><b>SOKDIMENZI\u00d3S RENDSZEREK SZOCIODRAMATIKUS FEL\u00c1LL\u00cdT\u00c1SA NAGYCSOPORTBAN<\/b><\/h3>\n<h5 style=\"text-align: center;\"><em>(A workshop nyelve angol)<\/em><\/h5>\n<h5 style=\"text-align: center;\"><span style=\"color: #800000;\"><strong>EL\u0150AD\u00d3K:<\/strong><b> JOERG JELDEN &#8211; <\/b><\/span><span style=\"color: #800000;\"><b>VALERIE MONTI HOLLAND<\/b><\/span><\/h5>\n[\/mk_fancy_title][vc_row_inner][vc_column_inner width=&#8221;1\/6&#8243;][mk_image_box title=&#8221;Sociodrama and power&#8221; src=&#8221;https:\/\/8thsociodramaconference.com\/wp-content\/uploads\/2024\/02\/Creative-Collectives-2.png&#8221; media_width=&#8221;421&#8243; media_height=&#8221;294&#8243; crop=&#8221;false&#8221; image_link=&#8221;url&#8221; url=&#8221;https:\/\/8thsociodramaconference.com\/topic-sociodrama-creative-collectives\/&#8221; target=&#8221;_blank&#8221; align=&#8221;center&#8221; rounded_corner=&#8221;true&#8221;][\/mk_image_box][\/vc_column_inner][vc_column_inner width=&#8221;2\/3&#8243;][vc_column_text responsive_align=&#8221;left&#8221;]\n<h5 style=\"text-align: left;\"><b>ID\u0150PONT<\/b><strong>: <\/strong>J\u00fanius 29. vas\u00e1rnap, 10:00-12:30<br \/>\n<strong>T\u00c9MA: <\/strong>Alkot\u00f3 szociodr\u00e1ma k\u00f6z\u00f6ss\u00e9gek megteremt\u00e9se \u2013 helyi \u00e9s nemzetk\u00f6zi csoportok \u00e9s h\u00e1l\u00f3zatok<br \/>\n<strong>PROGRAM T\u00cdPUSA: <\/strong>Nagycsoport<br \/>\n<strong>TEREM:<\/strong><br \/>\n<strong>R\u00c9SZTVEV\u0150K SZ\u00c1MA: <\/strong>minimum 30<br \/>\n<strong>NYELV:<\/strong> Angol<br \/>\n<strong>C\u00cdMKE: <\/strong><a href=\"https:\/\/8thsociodramaconference.com\/hu\/topic-sociodrama-creative-collectives\/\" target=\"_blank\" rel=\"noopener\">Kreat\u00edv k\u00f6z\u00f6ss\u00e9gek<\/a>, <a href=\"https:\/\/8thsociodramaconference.com\/hu\/workshops-jun29-morning\/\" target=\"_blank\" rel=\"noopener\">Programok j\u00fanius 29-\u00e9n d\u00e9lel\u0151tt<\/a><\/h5>\n<h5 style=\"text-align: left;\"><\/h5>\n[\/vc_column_text][\/vc_column_inner][vc_column_inner width=&#8221;1\/6&#8243;][\/vc_column_inner][\/vc_row_inner][\/vc_column][\/mk_page_section][mk_page_section padding=&#8221;0&#8243;][vc_column][vc_column_text responsive_align=&#8221;left&#8221;]\n<h5 style=\"text-align: center;\"><b>ABSZTRAKT:<\/b><\/h5>\n[\/vc_column_text][vc_column_text responsive_align=&#8221;left&#8221;]<span style=\"font-weight: 400;\">AI, kl\u00edmakatasztr\u00f3fa, h\u00e1bor\u00fak, betegs\u00e9gek, kapitalizmus &#8211; sz\u00e1mos \u00e1talakul\u00e1s \u00e9s v\u00e1ls\u00e1g, amelyek sz\u00e9tzil\u00e1lj\u00e1k \u00e9s r\u00e1ngatj\u00e1k t\u00e1rsadalmainkat, int\u00e9zm\u00e9nyeinket, szervezeteinket, k\u00f6z\u00f6ss\u00e9geinket, \u00e9s egy\u00e9ni szinten minket magunkat is. P\u00e1rhuzamos vil\u00e1gok j\u00f6nnek l\u00e9tre \u00e9s \u00fctk\u00f6znek egym\u00e1ssal. E jelens\u00e9g megv\u00e1ltoztatja a szociodr\u00e1m\u00e1t \u00e9s a szociodramatikus k\u00f6z\u00f6ss\u00e9get mag\u00e1t is.\u00a0<\/span><\/p>\n<p><span style=\"font-weight: 400;\">Workshopunk keret\u00e9ben a v\u00e1ls\u00e1gok \u00e9s \u00e1talakul\u00e1sok dinamik\u00e1ira \u00e9s \u00f6sszef\u00fcgg\u00e9seire pr\u00f3b\u00e1lunk r\u00e1n\u00e9zni. Hogyan hat ez a szociodram\u00e1ra? Akci\u00f3ban fogjuk vizsg\u00e1lni ezt a k\u00e9d\u00e9st. A szociodr\u00e1ma, a T\u00e1rsadalmi Jelenl\u00e9t Sz\u00ednh\u00e1z (Social Presence Theatre &#8211; SPT) \u00e9s a rendszer\u00e1ll\u00edt\u00e1s m\u00f3dszereit kombin\u00e1lva vizsg\u00e1ljuk majd hogy mik\u00e9pp \u00e9rintik k\u00f6z\u00f6ss\u00e9g\u00fcnket \u00e9s m\u00f3dszer\u00fcnket e szimult\u00e1n jelens\u00e9gek. Az SPT technik\u00e1kon alapul\u00f3 r\u00e1meleged\u00e9st k\u00f6vet\u0151en, a fenti t\u00e9m\u00e1kat vizsg\u00e1ljuk majd. Az egyes kiscsoportok szociodramatikus k\u00e9rd\u00e9seket fogalmaznak meg, \u00e9s meghat\u00e1rozz\u00e1k a t\u00e9m\u00e1ban relev\u00e1ns szerepl\u0151ket. Ezut\u00e1n &#8211; ahogy a sokdimenzi\u00f3s rendszer\u00e1ll\u00edt\u00e1sn\u00e1l t\u00f6rt\u00e9nik &#8211; egy seg\u00edt\u0151 csoport megmutat egy akci\u00f3t a k\u00f6z\u00f6s sz\u00ednpadon, amely egyidej\u0171leg hat minden kiscsoportra. \u00c1ll\u00edt\u00e1s helyett viszont, mi egy SPT form\u00e1t fogunk alkalmazni, amelyet Falunak h\u00edvnak.\u00a0<\/span><\/p>\n<p><span style=\"font-weight: 400;\">Hogy hangzik? Biztosan furcs\u00e1n. S\u00e9t\u00e1lunk, meg\u00e1llunk, le\u00fcl\u00fcnk, lefeksz\u00fcnk, k\u00f6rbe forgunk. Nevet\u00fcnk \u00e9s a komor t\u00e9m\u00e1k ellen\u00e9re j\u00f3l \u00e9rezz\u00fck magunkat.<\/span>[\/vc_column_text][mk_padding_divider size=&#8221;30&#8243;][vc_column_text responsive_align=&#8221;left&#8221;]\n<h5 style=\"text-align: center;\"><b>AZ EL\u0150AD\u00d3KR\u00d3L:<\/b><\/h5>\n[\/vc_column_text][vc_row_inner][vc_column_inner width=&#8221;1\/4&#8243;][mk_image src=&#8221;https:\/\/8thsociodramaconference.com\/wp-content\/uploads\/2024\/02\/Joerg-Jelden.png&#8221; image_width=&#8221;402&#8243; image_height=&#8221;275&#8243; crop=&#8221;false&#8221; hover=&#8221;false&#8221;][\/vc_column_inner][vc_column_inner width=&#8221;3\/4&#8243;][vc_column_text responsive_align=&#8221;left&#8221;]<span style=\"font-weight: 400;\">Joerg facilit\u00e1tor, aki Hamburgban, N\u00e9metorsz\u00e1gban \u00e9l. Koll\u00e9g\u00e1ival egy\u00fctt mindenf\u00e9le szervezetekkel dolgozik, \u00e9s seg\u00edt nekik a j\u00f6v\u0151k\u00e9p, strat\u00e9gia, szervezeti strukt\u00fara kialak\u00edt\u00e1s\u00e1ban. Munk\u00e1ja sor\u00e1n \u00e9s azon t\u00fal rendszeresen alkalmazza az olyan akci\u00f3m\u00f3dszereket, mint a szociodr\u00e1ma, a t\u00e1rsadalmi jelenl\u00e9t sz\u00ednh\u00e1za, a playback sz\u00ednh\u00e1z \u00e9s a boh\u00f3zat, hogy seg\u00edtsen a szervezeteknek felt\u00e1rni \u00e9s el\u0151re l\u00e1tni a v\u00e1ltoz\u00e1sokat.<\/span><br \/>\n<span style=\"font-weight: 400;\">Szabadidej\u00e9ben koncertekekre, ki\u00e1ll\u00edt\u00e1sokra j\u00e1r, kir\u00e1ndul a term\u00e9szetben, capoeir\u00e1zik \u00e9s reg\u00e9nyeket olvas.<\/span><br \/>\n<span style=\"font-weight: 400;\">A n\u00e9met Psychodrama and Sociometry Magazine (Pszichodr\u00e1ma \u00e9s Szociometria Magazin) hamarosan megjelen\u0151 szociodr\u00e1ma kiadv\u00e1ny\u00e1ba Joerg Jelden egy olyan cikket \u00edrt, amelyben \u00f6sszehasonl\u00edtja \u00e9s integr\u00e1lja a szociodr\u00e1m\u00e1t \u00e9s a Social Presencing Theater-t.<\/span>[\/vc_column_text][\/vc_column_inner][\/vc_row_inner][vc_row_inner][vc_column_inner width=&#8221;1\/4&#8243;][mk_image src=&#8221;https:\/\/8thsociodramaconference.com\/wp-content\/uploads\/2024\/02\/Valerie-Monti-Holland.png&#8221; image_width=&#8221;402&#8243; image_height=&#8221;275&#8243; crop=&#8221;false&#8221; hover=&#8221;false&#8221;][\/vc_column_inner][vc_column_inner width=&#8221;3\/4&#8243;][vc_column_text responsive_align=&#8221;left&#8221;]<span style=\"font-weight: 400;\">Szociodr\u00e1ma kik\u00e9pz\u0151, a BPA (Brit Pszichodr\u00e1ma Egyes\u00fclet) tagja.<\/span><\/p>\n<p><span style=\"font-weight: 400;\">Valerie szociodramatista, aki facilit\u00e1tork\u00e9nt \u00e9s coachk\u00e9nt dolgozik vil\u00e1gszerte minden \u00e1gazatban. Emellett az Egyenl\u0151s\u00e9g \u00e9s Soksz\u00edn\u0171s\u00e9g a Cselekv\u00e9sben bizotts\u00e1g eln\u00f6ke \u00e9s a BPA k\u00fcls\u0151 kapcsolatok\u00e9rt felel\u0151s k\u00e9pvisel\u0151je.<\/span>[\/vc_column_text][\/vc_column_inner][\/vc_row_inner][\/vc_column][\/mk_page_section]\n<\/section>","protected":false},"excerpt":{"rendered":"<p>[mk_page_section][vc_column][mk_fancy_title tag_name=&#8221;h2&#8243; size=&#8221;40&#8243; line_height=&#8221;50&#8243; font_family=&#8221;Oswald&#8221; font_type=&#8221;google&#8221; margin_bottom=&#8221;0&#8243;] AMIKOR A PROBL\u00c9M\u00c1K SZ\u00c9TBOMLANAK &#8211; SOKDIMENZI\u00d3S RENDSZEREK SZOCIODRAMATIKUS FEL\u00c1LL\u00cdT\u00c1SA NAGYCSOPORTBAN (A workshop nyelve angol) EL\u0150AD\u00d3K: JOERG JELDEN &#8211; VALERIE MONTI HOLLAND [\/mk_fancy_title][vc_row_inner][vc_column_inner width=&#8221;1\/6&#8243;][mk_image_box title=&#8221;Sociodrama and power&#8221; src=&#8221;https:\/\/8thsociodramaconference.com\/wp-content\/uploads\/2024\/02\/Creative-Collectives-2.png&#8221; media_width=&#8221;421&#8243; media_height=&#8221;294&#8243; crop=&#8221;false&#8221; image_link=&#8221;url&#8221; url=&#8221;https:\/\/8thsociodramaconference.com\/topic-sociodrama-creative-collectives\/&#8221; target=&#8221;_blank&#8221; align=&#8221;center&#8221; rounded_corner=&#8221;true&#8221;][\/mk_image_box][\/vc_column_inner][vc_column_inner width=&#8221;2\/3&#8243;][vc_column_text responsive_align=&#8221;left&#8221;] ID\u0150PONT: J\u00fanius 29. vas\u00e1rnap, 10:00-12:30 T\u00c9MA: Alkot\u00f3 szociodr\u00e1ma k\u00f6z\u00f6ss\u00e9gek megteremt\u00e9se \u2013 [&hellip;]<\/p>\n","protected":false},"author":4,"featured_media":0,"parent":0,"menu_order":0,"comment_status":"closed","ping_status":"closed","template":"","meta":{"footnotes":""},"class_list":["post-5769","page","type-page","status-publish","hentry"],"_links":{"self":[{"href":"https:\/\/8thsociodramaconference.com\/hu\/wp-json\/wp\/v2\/pages\/5769","targetHints":{"allow":["GET"]}}],"collection":[{"href":"https:\/\/8thsociodramaconference.com\/hu\/wp-json\/wp\/v2\/pages"}],"about":[{"href":"https:\/\/8thsociodramaconference.com\/hu\/wp-json\/wp\/v2\/types\/page"}],"author":[{"embeddable":true,"href":"https:\/\/8thsociodramaconference.com\/hu\/wp-json\/wp\/v2\/users\/4"}],"replies":[{"embeddable":true,"href":"https:\/\/8thsociodramaconference.com\/hu\/wp-json\/wp\/v2\/comments?post=5769"}],"version-history":[{"count":10,"href":"https:\/\/8thsociodramaconference.com\/hu\/wp-json\/wp\/v2\/pages\/5769\/revisions"}],"predecessor-version":[{"id":8178,"href":"https:\/\/8thsociodramaconference.com\/hu\/wp-json\/wp\/v2\/pages\/5769\/revisions\/8178"}],"wp:attachment":[{"href":"https:\/\/8thsociodramaconference.com\/hu\/wp-json\/wp\/v2\/media?parent=5769"}],"curies":[{"name":"wp","href":"https:\/\/api.w.org\/{rel}","templated":true}]}}