{"id":5750,"date":"2024-02-15T09:29:57","date_gmt":"2024-02-15T08:29:57","guid":{"rendered":"https:\/\/8thsociodramaconference.com\/program-pen-fitzgerald\/"},"modified":"2024-05-26T20:15:30","modified_gmt":"2024-05-26T18:15:30","slug":"program-pen-fitzgerald","status":"publish","type":"page","link":"https:\/\/8thsociodramaconference.com\/hu\/program-pen-fitzgerald\/","title":{"rendered":"Program Pen Fitzgerald"},"content":{"rendered":"<section class=\"wpb-content-wrapper\">[mk_page_section][vc_column][mk_fancy_title tag_name=&#8221;h2&#8243; size=&#8221;40&#8243; line_height=&#8221;50&#8243; font_family=&#8221;Oswald&#8221; font_type=&#8221;google&#8221; margin_bottom=&#8221;0&#8243;]\n<h3 style=\"text-align: center;\"><b>A KITELEP\u00cdTETTEK CIP\u0150J\u00c9BEN<\/b><b style=\"font-size: 16px;\">\u200b\u200b<\/b><\/h3>\n<h5 style=\"text-align: center;\"><em>(A workshop nyelve angol)<\/em><\/h5>\n<h5 style=\"text-align: center;\"><span style=\"color: #800000;\"><strong>EL\u0150AD\u00d3:<\/strong><b> PEN FITZGERALD<\/b><\/span><\/h5>\n[\/mk_fancy_title][vc_row_inner][vc_column_inner width=&#8221;1\/6&#8243;][mk_image_box title=&#8221;Sociodrama and power&#8221; src=&#8221;https:\/\/8thsociodramaconference.com\/wp-content\/uploads\/2024\/02\/Different-Social-Groups-\u2013-the-Strengths-of-Communities-2.png&#8221; media_width=&#8221;421&#8243; media_height=&#8221;294&#8243; crop=&#8221;false&#8221; image_link=&#8221;url&#8221; url=&#8221;https:\/\/8thsociodramaconference.com\/&#8221; target=&#8221;_blank&#8221; align=&#8221;center&#8221; rounded_corner=&#8221;true&#8221;][\/mk_image_box][\/vc_column_inner][vc_column_inner width=&#8221;2\/3&#8243;][vc_column_text responsive_align=&#8221;left&#8221;]\n<h5 style=\"text-align: left;\"><b>ID\u0150PONT<\/b><strong>: <\/strong>J\u00fanius 28. p\u00e9ntek, 14:00-16:30<br \/>\n<strong>T\u00c9MA: <\/strong>Szociodr\u00e1ma k\u00fcl\u00f6nf\u00e9le t\u00e1rsadalmi sz\u00edntereken \u00e9s csoportokban \u2013 a k\u00f6z\u00f6ss\u00e9gek ereje<br \/>\n<strong>PROGRAM T\u00cdPUSA: <\/strong>Workshop<br \/>\n<strong>TEREM:<\/strong><br \/>\n<strong>R\u00c9SZTVEV\u0150K SZ\u00c1MA: <\/strong>12<br \/>\n<strong>NYELV:<\/strong> Angol<br \/>\n<strong>C\u00cdMKE:<\/strong> <a href=\"https:\/\/8thsociodramaconference.com\/hu\/topic-different-social-groups\/\" target=\"_blank\" rel=\"noopener\">V\u00e1ltozatos csoportok,<\/a> <a href=\"https:\/\/8thsociodramaconference.com\/hu\/workshops-jun28-afternoon\/\" target=\"_blank\" rel=\"noopener\">Programok j\u00fanius 28-\u00e1n d\u00e9lut\u00e1n<\/a><\/h5>\n[\/vc_column_text][\/vc_column_inner][vc_column_inner width=&#8221;1\/6&#8243;][\/vc_column_inner][\/vc_row_inner][\/vc_column][\/mk_page_section][mk_page_section padding=&#8221;0&#8243;][vc_column][vc_column_text responsive_align=&#8221;left&#8221;]\n<h5 style=\"text-align: center;\"><b>ABSZTRAKT:<\/b><\/h5>\n[\/vc_column_text][vc_column_text responsive_align=&#8221;left&#8221;]<span style=\"font-weight: 400;\">Ez a workshop azoknak a tapasztalatait vizsg\u00e1lja, akik h\u00e1bor\u00fa, \u00e9h\u00edns\u00e9g, er\u0151szakos cselekm\u00e9nyek vagy diszkrimin\u00e1ci\u00f3 miatt k\u00e9nyszer\u0171s\u00e9gb\u0151l k\u00e9nytelenek voltak elhagyni az otthonaikat. A r\u00e9sztvev\u0151k a szociodr\u00e1ma seg\u00edts\u00e9g\u00e9vel, akci\u00f3technik\u00e1k \u00e9s reflex\u00edv gyakorlatok r\u00e9v\u00e9n fedezik fel a kilakoltat\u00e1s, a saj\u00e1t \u00e9let feletti kontroll elveszt\u00e9s\u00e9nek tapasztalat\u00e1t.. A szociodr\u00e1ma h\u00e1rom szintje: a szerepb\u0151l val\u00f3 megoszt\u00e1s, a szem\u00e9lyes megoszt\u00e1s \u00e9s a t\u00e1rsadalmi tanul\u00e1s biztos\u00edt ehhez megtart\u00f3 teret \u00e9s lehet\u0151s\u00e9get a tanul\u00e1s integr\u00e1l\u00e1s\u00e1ra.<\/span><\/p>\n<p><span style=\"font-weight: 400;\">C\u00e9lkit\u0171z\u00e9sek: m\u00e9lyebb meg\u00e9rt\u00e9s \u00e9s emp\u00e1tia azokkal, akik a lak\u00f3hely\u00fck elhagy\u00e1s\u00e1ra k\u00e9nyszer\u00fclnek. Rem\u00e9lj\u00fck ezen k\u00edv\u00fcl, hogy a r\u00e9sztvev\u0151ket arra is inspir\u00e1ljuk, hogy kapcsolatokat teremtsenek a t\u00e1rsadalom perem\u00e9re k\u00e9nyszer\u00fclt menek\u00fcltekkel.<\/span><\/p>\n<p><span style=\"font-weight: 400;\">Tanul\u00e1si c\u00e9lok: a workshop r\u00e9v\u00e9n a r\u00e9sztvev\u0151k<\/span><\/p>\n<ul>\n<li><span style=\"font-weight: 400;\">m\u00e9lyebben meg\u00e9rtik \u00e9s empatiz\u00e1lnak<\/span> <span style=\"font-weight: 400;\">azokkal akik lak\u00f3hely\u00fcket elhagyni k\u00e9nyszer\u00fcltek,<\/span><\/li>\n<li><span style=\"font-weight: 400;\">kit\u00e1g\u00edtj\u00e1k azon emberek k\u00f6r\u00e9t, akiknek a hely\u00e9be bele tudj\u00e1k magukat k\u00e9pzelni, \u00e9s akiknek a szemsz\u00f6g\u00e9b\u0151l a vil\u00e1got vizsg\u00e1lni tudj\u00e1k.<\/span><\/li>\n<li><span style=\"font-weight: 400;\">kifejlesztenek egy elk\u00e9pzel\u00e9st arr\u00f3l, hogy mik\u00e9pp \u00e1lljanak ki a v\u00e1ltoz\u00e1s\u00e9rt saj\u00e1t t\u00e1rsadalmukban a menek\u00fclteket \u00e9rint\u0151 k\u00e9rd\u00e9sekben \u00e9s hogyan \u00e9rhetik ezt el.<\/span><\/li>\n<\/ul>\n[\/vc_column_text][mk_padding_divider size=&#8221;30&#8243;][vc_column_text responsive_align=&#8221;left&#8221;]\n<h5 style=\"text-align: center;\"><b>AZ EL\u0150AD\u00d3R\u00d3L:<\/b><\/h5>\n[\/vc_column_text][vc_row_inner][vc_column_inner width=&#8221;1\/4&#8243;][mk_image src=&#8221;https:\/\/8thsociodramaconference.com\/wp-content\/uploads\/2024\/02\/pen-fitzgerald.png&#8221; image_width=&#8221;402&#8243; image_height=&#8221;275&#8243; crop=&#8221;false&#8221; hover=&#8221;false&#8221;][\/vc_column_inner][vc_column_inner width=&#8221;3\/4&#8243;][vc_column_text responsive_align=&#8221;left&#8221;]<span style=\"font-weight: 400;\">Pen Fitzgerald 1996-ban szerzett pszichodr\u00e1ma pszichoterapeuta k\u00e9pes\u00edt\u00e9st, az\u00f3ta sz\u00e1mos helyen vezet pszichodr\u00e1ma \u00e9s szociodr\u00e1ma csoportokat. 2021. v\u00e9g\u00e9ig szoci\u00e1lis munk\u00e1sk\u00e9nt is dolgozott \u00cdrorsz\u00e1gban az ell\u00e1t\u00f3rendszerb\u0151l kiker\u00fcl\u0151 fiatalokkal, els\u0151sorban olyan bev\u00e1ndorl\u00f3 gyerekekkel, akik a haz\u00e1jukat \u00e9s csal\u00e1djukat is el kellett hagyj\u00e1k. Nemr\u00e9giben r\u00e9szt vett egy k\u00f6z\u00f6ss\u00e9gi szponzor\u00e1ci\u00f3s programban, amelynek keret\u00e9ben egy sz\u00edriai menek\u00fclt csal\u00e1dot fogadott be egy ksiv\u00e1ros. A kidolgozott program \u00e9s a workshop c\u00e9lja, hogy seg\u00edtse a k\u00f6z\u00f6ss\u00e9get meg\u00e9rteni a menek\u00fclt helyzethez tartoz\u00f3 tapasztalatokat.<\/span>[\/vc_column_text][\/vc_column_inner][\/vc_row_inner][\/vc_column][\/mk_page_section]\n<\/section>","protected":false},"excerpt":{"rendered":"<p>[mk_page_section][vc_column][mk_fancy_title tag_name=&#8221;h2&#8243; size=&#8221;40&#8243; line_height=&#8221;50&#8243; font_family=&#8221;Oswald&#8221; font_type=&#8221;google&#8221; margin_bottom=&#8221;0&#8243;] A KITELEP\u00cdTETTEK CIP\u0150J\u00c9BEN\u200b\u200b (A workshop nyelve angol) EL\u0150AD\u00d3: PEN FITZGERALD [\/mk_fancy_title][vc_row_inner][vc_column_inner width=&#8221;1\/6&#8243;][mk_image_box title=&#8221;Sociodrama and power&#8221; src=&#8221;https:\/\/8thsociodramaconference.com\/wp-content\/uploads\/2024\/02\/Different-Social-Groups-\u2013-the-Strengths-of-Communities-2.png&#8221; media_width=&#8221;421&#8243; media_height=&#8221;294&#8243; crop=&#8221;false&#8221; image_link=&#8221;url&#8221; url=&#8221;https:\/\/8thsociodramaconference.com\/&#8221; target=&#8221;_blank&#8221; align=&#8221;center&#8221; rounded_corner=&#8221;true&#8221;][\/mk_image_box][\/vc_column_inner][vc_column_inner width=&#8221;2\/3&#8243;][vc_column_text responsive_align=&#8221;left&#8221;] ID\u0150PONT: J\u00fanius 28. p\u00e9ntek, 14:00-16:30 T\u00c9MA: Szociodr\u00e1ma k\u00fcl\u00f6nf\u00e9le t\u00e1rsadalmi sz\u00edntereken \u00e9s csoportokban \u2013 a k\u00f6z\u00f6ss\u00e9gek ereje PROGRAM T\u00cdPUSA: Workshop TEREM: R\u00c9SZTVEV\u0150K SZ\u00c1MA: [&hellip;]<\/p>\n","protected":false},"author":4,"featured_media":0,"parent":0,"menu_order":0,"comment_status":"closed","ping_status":"closed","template":"","meta":{"footnotes":""},"class_list":["post-5750","page","type-page","status-publish","hentry"],"_links":{"self":[{"href":"https:\/\/8thsociodramaconference.com\/hu\/wp-json\/wp\/v2\/pages\/5750","targetHints":{"allow":["GET"]}}],"collection":[{"href":"https:\/\/8thsociodramaconference.com\/hu\/wp-json\/wp\/v2\/pages"}],"about":[{"href":"https:\/\/8thsociodramaconference.com\/hu\/wp-json\/wp\/v2\/types\/page"}],"author":[{"embeddable":true,"href":"https:\/\/8thsociodramaconference.com\/hu\/wp-json\/wp\/v2\/users\/4"}],"replies":[{"embeddable":true,"href":"https:\/\/8thsociodramaconference.com\/hu\/wp-json\/wp\/v2\/comments?post=5750"}],"version-history":[{"count":10,"href":"https:\/\/8thsociodramaconference.com\/hu\/wp-json\/wp\/v2\/pages\/5750\/revisions"}],"predecessor-version":[{"id":7770,"href":"https:\/\/8thsociodramaconference.com\/hu\/wp-json\/wp\/v2\/pages\/5750\/revisions\/7770"}],"wp:attachment":[{"href":"https:\/\/8thsociodramaconference.com\/hu\/wp-json\/wp\/v2\/media?parent=5750"}],"curies":[{"name":"wp","href":"https:\/\/api.w.org\/{rel}","templated":true}]}}