{"id":5747,"date":"2024-02-15T09:20:13","date_gmt":"2024-02-15T08:20:13","guid":{"rendered":"https:\/\/8thsociodramaconference.com\/program-deborah-s-shaddy\/"},"modified":"2024-05-26T20:36:36","modified_gmt":"2024-05-26T18:36:36","slug":"program-deborah-s-shaddy","status":"publish","type":"page","link":"https:\/\/8thsociodramaconference.com\/hu\/program-deborah-s-shaddy\/","title":{"rendered":"Program Deborah S. Shaddy"},"content":{"rendered":"<section class=\"wpb-content-wrapper\">[mk_page_section][vc_column][mk_fancy_title tag_name=&#8221;h2&#8243; size=&#8221;40&#8243; line_height=&#8221;50&#8243; font_family=&#8221;Oswald&#8221; font_type=&#8221;google&#8221; margin_bottom=&#8221;0&#8243;]\n<h3 style=\"text-align: center;\"><strong><b>AZ \u201eARANY\u201d MEGTAL\u00c1L\u00c1SA AZ ARANY\u00c9VEKBEN &#8211;<br \/>\nA KREATIVIT\u00c1S MAXIMALIZ\u00c1L\u00c1SA MINDEN \u00c9LETSZAKASZBAN<\/b> <\/strong><b style=\"font-size: 16px;\">\u200b\u200b<\/b><\/h3>\n<h5 style=\"text-align: center;\"><em>(A workshop nyelve angol)<\/em><\/h5>\n<h5 style=\"text-align: center;\"><span style=\"color: #800000;\"><strong>EL\u0150AD\u00d3:<\/strong><b> DEBORAH S. SHADDY<\/b><\/span><\/h5>\n[\/mk_fancy_title][vc_row_inner][vc_column_inner width=&#8221;1\/6&#8243;][mk_image_box title=&#8221;Sociodrama and power&#8221; src=&#8221;https:\/\/8thsociodramaconference.com\/wp-content\/uploads\/2024\/02\/Different-Social-Groups-\u2013-the-Strengths-of-Communities-2.png&#8221; media_width=&#8221;421&#8243; media_height=&#8221;294&#8243; crop=&#8221;false&#8221; image_link=&#8221;url&#8221; url=&#8221;https:\/\/8thsociodramaconference.com\/topic-different-social-groups\/&#8221; target=&#8221;_blank&#8221; align=&#8221;center&#8221; rounded_corner=&#8221;true&#8221;][\/mk_image_box][\/vc_column_inner][vc_column_inner width=&#8221;2\/3&#8243;][vc_column_text responsive_align=&#8221;left&#8221;]\n<h5 style=\"text-align: left;\"><b>ID\u0150PONT<\/b><strong>:<\/strong> J\u00fanius 28. p\u00e9ntek, 14:00-16:30<br \/>\n<strong>T\u00c9MA: <\/strong>Szociodr\u00e1ma k\u00fcl\u00f6nf\u00e9le t\u00e1rsadalmi sz\u00edntereken \u00e9s csoportokban \u2013 a k\u00f6z\u00f6ss\u00e9gek ereje<br \/>\n<strong>PROGRAM T\u00cdPUSA:<\/strong> Workshop<br \/>\n<strong>TEREM:<\/strong><br \/>\n<strong>R\u00c9SZTVEV\u0150K SZ\u00c1MA: <\/strong>25<br \/>\n<strong>NYELV:<\/strong> Angol<br \/>\n<strong>C\u00cdMKE: <\/strong><a href=\"https:\/\/8thsociodramaconference.com\/hu\/topic-different-social-groups\/\" target=\"_blank\" rel=\"noopener\">V\u00e1ltozatos csoportok<\/a>, <a href=\"https:\/\/8thsociodramaconference.com\/hu\/workshops-jun28-afternoon\/\" target=\"_blank\" rel=\"noopener\">Programok j\u00fanius 28-\u00e1n d\u00e9lut\u00e1n<\/a><\/h5>\n[\/vc_column_text][\/vc_column_inner][vc_column_inner width=&#8221;1\/6&#8243;][\/vc_column_inner][\/vc_row_inner][\/vc_column][\/mk_page_section][mk_page_section padding=&#8221;0&#8243;][vc_column][vc_column_text responsive_align=&#8221;left&#8221;]\n<h5 style=\"text-align: center;\"><b>ABSZTRAKT:<\/b><\/h5>\n[\/vc_column_text][vc_column_text responsive_align=&#8221;left&#8221;]<span style=\"font-weight: 400;\">Ahogy \u00f6regsz\u00fcnk, a szerepeink \u00e1talakulnak, megv\u00e1ltoznak, \u00e9s gyakran le is sz\u0171k\u00fclnek. A k\u00f6z\u00f6ss\u00e9gek azonban akkor vir\u00e1goznak \u00e9s akkor \u00e9rik el teljes potenci\u00e1ljukat, ha minden r\u00e9sztvev\u0151j\u00fck a saj\u00e1t k\u00e9pess\u00e9geinek megfelel\u0151en a maga teljess\u00e9g\u00e9ben r\u00e9szt tud venni benn\u00fck. Ha elfogadjuk, hogy a kor er\u0151teljes \u00faj energi\u00e1khoz val\u00f3 hozz\u00e1f\u00e9r\u00e9st tesz lehet\u0151v\u00e9, \u00e9s olyan archetipikus viselked\u00e9smint\u00e1kat er\u0151s\u00edt fel, mint az egy\u00fctt\u00e9rz\u00e9s, a felh\u00e1borodotts\u00e1g, a hatalom \u00e9s a b\u00f6lcsess\u00e9g \u00faj r\u00e9tegei. Az \u00e9vek \u00e9s a tapasztalat ny\u00fajtotta aj\u00e1nd\u00e9k: a fokoz\u00f3d\u00f3 tiszt\u00e1nl\u00e1t\u00e1s \u00e9s a mind egyenletesebb hang. Moreno m\u00f3dszerei, a pszichodr\u00e1ma \u00e9s a szociodr\u00e1ma utat ny\u00fajtanak a szerepek kib\u0151v\u00edt\u00e9s\u00e9re \u00e9s \u00faj szerepek megtal\u00e1l\u00e1s\u00e1ra. Ezen a workshopon olyan eszk\u00f6z\u00f6ket mutatunk, amelyek r\u00e9v\u00e9n a r\u00e9sztvev\u0151k (illetve j\u00f6v\u0151beli csoporttagjaik), azonos\u00edtani tudnak archet\u00edpusokat. Ez seg\u00edthet abban, hogy magabiztosan \u00e9s kiteljesedve, az \u00e9nj\u00fckh\u00f6z a legautentikusabban kapcsol\u00f3dva \u00e9lj\u00e9k meg a v\u00e1ltoz\u00e1st, gazdag\u00edts\u00e1k saj\u00e1t \u00e9let\u00fcket \u00e9s a k\u00f6z\u00f6ss\u00e9geket, amelyekhez tartoznak.<\/span><\/p>\n<p><span style=\"font-weight: 400;\">Tanul\u00e1si c\u00e9lok: A workshopon val\u00f3 r\u00e9szv\u00e9tel r\u00e9v\u00e9n a r\u00e9sztvev\u0151k k\u00e9pesek lesznek <\/span><span style=\"font-weight: 400;\">azonos\u00edtani az 50 \u00e9ves \u00e9s ann\u00e1l id\u0151sebb koroszt\u00e1ly sz\u00e1m\u00e1ra hasznos archet\u00edpusokat, \u00e9s <\/span>megismernek k\u00e9t pszichodramatikus \u00e9s szociodramatikus technik\u00e1t, amely seg\u00edt az 50 felettieknek az \u00faj lend\u00fclet megtal\u00e1l\u00e1s\u00e1ban.[\/vc_column_text][mk_padding_divider size=&#8221;30&#8243;][vc_column_text responsive_align=&#8221;left&#8221;]\n<h5 style=\"text-align: center;\"><b>AZ EL\u0150AD\u00d3R\u00d3L:<\/b><\/h5>\n[\/vc_column_text][vc_row_inner][vc_column_inner width=&#8221;1\/4&#8243;][mk_image src=&#8221;https:\/\/8thsociodramaconference.com\/wp-content\/uploads\/2024\/03\/Deborah-Shaddy.png&#8221; image_width=&#8221;402&#8243; image_height=&#8221;275&#8243; crop=&#8221;false&#8221; hover=&#8221;false&#8221;][\/vc_column_inner][vc_column_inner width=&#8221;3\/4&#8243;][vc_column_text responsive_align=&#8221;left&#8221;]<span style=\"font-weight: 400;\">Mentlhigi\u00e9n\u00e9s szakember, klinikai szaktan\u00e1csad\u00f3, pszichodr\u00e1ma kik\u00e9pz\u0151.\u00a0 T\u00f6bb mint 25 \u00e9ves tapasztalattal rendelkezik mint pszichoterapeuta, oktat\u00f3, tan\u00e1csad\u00f3 \u00e9s fejleszt\u0151. A Creighton Egyetemen (Omaha, NE) szerzett mesterdiplom\u00e1t. Deborah \u00e9vek \u00f3ta elk\u00f6telezett az \u00e9lm\u00e9ny-alap\u00fa, tapasztalati m\u00f3dszerek alkalmaz\u00e1s\u00e1ban, amelyet a pszichodr\u00e1m\u00e1n \u00e9s Virginia Satir Folyamat K\u00f6z\u00f6ss\u00e9ge (Process Community) alapj\u00e1n fejlesztett tov\u00e1bb. A pszichodr\u00e1ma, a szociometria \u00e9s a csoportos pszichoter\u00e1pia ter\u00fclet\u00e9n vezet\u0151i kik\u00e9pz\u0151i-oktat\u00f3i k\u00e9pes\u00edt\u00e9st szerzett az Amerikai Pszichodr\u00e1ma Vizsgabizotts\u00e1gt\u00f3l (<\/span><span style=\"font-weight: 400;\">American Board of Examiners in Psychodrama)<\/span><span style=\"font-weight: 400;\">. A Salve Regina Egyetem (Newport, Rhode Island) \u00e1ltal kiadott \u00e9lm\u00e9nyalap\u00fa m\u0171v\u00e9szet facilit\u00e1tori v\u00e9gzetts\u00e9ggel is rendelkezik. K\u00e9s\u0151bb posztgradu\u00e1lis szinten a jungi\u00e1nus \u00e9s t\u00e1rgykapcsolati elm\u00e9letekben m\u00e9lyedt el tanulm\u00e1nyai sor\u00e1n.\u00a0<\/span><\/p>\n<p><span style=\"font-weight: 400;\">Deborah-t szeretetteljes \u00e9s k\u00e9pzett szakemberk\u00e9nt, csoportvezet\u0151k\u00e9nt \u00e9s oktat\u00f3k\u00e9nt tartj\u00e1k sz\u00e1mon. Egy\u00e9ni ter\u00e1pi\u00e1ban, v\u00e1l\u00f3f\u00e9lben l\u00e9v\u0151 csal\u00e1dokkal, a Fortune 500 v\u00e1llalattal, f\u0151iskol\u00e1kon, egyetemeken, valamint vall\u00e1si k\u00f6z\u00f6ss\u00e9gekkel dolgozik. Els\u0151dleges szakter\u00fclete a traum\u00e1k gy\u00f3gy\u00edt\u00e1sa, a kapcsol\u00f3d\u00e1sok \u00e9rdeklik az egy\u00e9nnek \u00f6nmag\u00e1val, a csal\u00e1dokon bel\u00fcl, valamint a szervezetekben \u00e9s a k\u00f6z\u00f6ss\u00e9gekben. A pszichodr\u00e1m\u00e1t \u00e9s a szociometri\u00e1t a klinikai gyakorlat\u00e1ban, spiritu\u00e1lis elvonul\u00e1sok kidolgoz\u00e1s\u00e1ban \u00e9s facilit\u00e1l\u00e1s\u00e1ban, valamint v\u00e1llalati, egyetemi \u00e9s szakmai csoportoknak ny\u00fajtott konzult\u00e1ci\u00f3kban haszn\u00e1lja.<\/span><\/p>\n<p><span style=\"font-weight: 400;\">Deborah a Sophia Center alap\u00edt\u00f3ja, amely egy tan\u00e1csad\u00f3, konzult\u00e1ci\u00f3s \u00e9s k\u00e9pz\u00e9si helysz\u00edn. A Hudson Valley Pszichodr\u00e1ma Int\u00e9zet vezet\u0151 tan\u00e1ra New York, Highlanden, \u00e9s el\u0151ad\u00e1sokat tart helyi \u00e9s orsz\u00e1gos konferenci\u00e1kon. Deborah v\u00e1lasztott tagja volt az Amerikai Csoportpszichoter\u00e1pi\u00e1s \u00e9s Pszichodr\u00e1ma T\u00e1rsas\u00e1g (ASGPP) vezet\u0151s\u00e9g\u00e9nek, ahol a Tanulm\u00e1nyi Bizotts\u00e1g eln\u00f6ke is volt.<\/span>[\/vc_column_text][\/vc_column_inner][\/vc_row_inner][\/vc_column][\/mk_page_section]\n<\/section>","protected":false},"excerpt":{"rendered":"<p>[mk_page_section][vc_column][mk_fancy_title tag_name=&#8221;h2&#8243; size=&#8221;40&#8243; line_height=&#8221;50&#8243; font_family=&#8221;Oswald&#8221; font_type=&#8221;google&#8221; margin_bottom=&#8221;0&#8243;] AZ \u201eARANY\u201d MEGTAL\u00c1L\u00c1SA AZ ARANY\u00c9VEKBEN &#8211; A KREATIVIT\u00c1S MAXIMALIZ\u00c1L\u00c1SA MINDEN \u00c9LETSZAKASZBAN \u200b\u200b (A workshop nyelve angol) EL\u0150AD\u00d3: DEBORAH S. SHADDY [\/mk_fancy_title][vc_row_inner][vc_column_inner width=&#8221;1\/6&#8243;][mk_image_box title=&#8221;Sociodrama and power&#8221; src=&#8221;https:\/\/8thsociodramaconference.com\/wp-content\/uploads\/2024\/02\/Different-Social-Groups-\u2013-the-Strengths-of-Communities-2.png&#8221; media_width=&#8221;421&#8243; media_height=&#8221;294&#8243; crop=&#8221;false&#8221; image_link=&#8221;url&#8221; url=&#8221;https:\/\/8thsociodramaconference.com\/topic-different-social-groups\/&#8221; target=&#8221;_blank&#8221; align=&#8221;center&#8221; rounded_corner=&#8221;true&#8221;][\/mk_image_box][\/vc_column_inner][vc_column_inner width=&#8221;2\/3&#8243;][vc_column_text responsive_align=&#8221;left&#8221;] ID\u0150PONT: J\u00fanius 28. p\u00e9ntek, 14:00-16:30 T\u00c9MA: Szociodr\u00e1ma k\u00fcl\u00f6nf\u00e9le t\u00e1rsadalmi sz\u00edntereken \u00e9s csoportokban [&hellip;]<\/p>\n","protected":false},"author":4,"featured_media":0,"parent":0,"menu_order":0,"comment_status":"closed","ping_status":"closed","template":"","meta":{"footnotes":""},"class_list":["post-5747","page","type-page","status-publish","hentry"],"_links":{"self":[{"href":"https:\/\/8thsociodramaconference.com\/hu\/wp-json\/wp\/v2\/pages\/5747","targetHints":{"allow":["GET"]}}],"collection":[{"href":"https:\/\/8thsociodramaconference.com\/hu\/wp-json\/wp\/v2\/pages"}],"about":[{"href":"https:\/\/8thsociodramaconference.com\/hu\/wp-json\/wp\/v2\/types\/page"}],"author":[{"embeddable":true,"href":"https:\/\/8thsociodramaconference.com\/hu\/wp-json\/wp\/v2\/users\/4"}],"replies":[{"embeddable":true,"href":"https:\/\/8thsociodramaconference.com\/hu\/wp-json\/wp\/v2\/comments?post=5747"}],"version-history":[{"count":9,"href":"https:\/\/8thsociodramaconference.com\/hu\/wp-json\/wp\/v2\/pages\/5747\/revisions"}],"predecessor-version":[{"id":7784,"href":"https:\/\/8thsociodramaconference.com\/hu\/wp-json\/wp\/v2\/pages\/5747\/revisions\/7784"}],"wp:attachment":[{"href":"https:\/\/8thsociodramaconference.com\/hu\/wp-json\/wp\/v2\/media?parent=5747"}],"curies":[{"name":"wp","href":"https:\/\/api.w.org\/{rel}","templated":true}]}}