{"id":5743,"date":"2024-02-15T09:12:11","date_gmt":"2024-02-15T08:12:11","guid":{"rendered":"https:\/\/8thsociodramaconference.com\/program-daniela-simmons-bojana-glusac-drasla-2\/"},"modified":"2024-05-26T19:47:39","modified_gmt":"2024-05-26T17:47:39","slug":"program-daniela-simmons-bojana-glusac-drasla-2","status":"publish","type":"page","link":"https:\/\/8thsociodramaconference.com\/hu\/program-daniela-simmons-bojana-glusac-drasla-2\/","title":{"rendered":"Program Daniela Simmons &#8211; Bojana Glusac Drasla 2"},"content":{"rendered":"<section class=\"wpb-content-wrapper\">[mk_page_section][vc_column][mk_fancy_title tag_name=&#8221;h2&#8243; size=&#8221;40&#8243; line_height=&#8221;50&#8243; font_family=&#8221;Oswald&#8221; font_type=&#8221;google&#8221; margin_bottom=&#8221;0&#8243;]\n<h3 style=\"text-align: center;\"><b>K\u00c9T AKCI\u00d3M\u00d3DSZER EGY GLOB\u00c1LIS C\u00c9L\u00c9RT:<br \/>\nA SZOCIODR\u00c1MA \u00c9S AZ ELNYOMOTTAK SZ\u00cdNH\u00c1ZA AZ EMBERI JOGOK \u00c9RV\u00c9NYES\u00cdT\u00c9S\u00c9NEK EL\u0150MOZD\u00cdT\u00c1S\u00c1\u00c9RT\u200b\u200b<\/b><\/h3>\n<h5 style=\"text-align: center;\"><em>(A workshop nyelve angol)<\/em><\/h5>\n<h5 style=\"text-align: center;\"><span style=\"color: #800000;\"><strong>EL\u0150AD\u00d3K:<\/strong><b> DANIELA SIMMONS-BOJANA GLUSAC DRASLA<\/b><\/span><\/h5>\n[\/mk_fancy_title][vc_row_inner][vc_column_inner width=&#8221;1\/6&#8243;][mk_image_box title=&#8221;Sociodrama and power&#8221; src=&#8221;https:\/\/8thsociodramaconference.com\/wp-content\/uploads\/2024\/02\/Sociodrama-and-More-1.png&#8221; media_width=&#8221;421&#8243; media_height=&#8221;294&#8243; crop=&#8221;false&#8221; image_link=&#8221;url&#8221; url=&#8221;https:\/\/8thsociodramaconference.com\/topic-sociodrama-more\/&#8221; target=&#8221;_blank&#8221; align=&#8221;center&#8221; rounded_corner=&#8221;true&#8221;][\/mk_image_box][\/vc_column_inner][vc_column_inner width=&#8221;2\/3&#8243;][vc_column_text responsive_align=&#8221;left&#8221;]\n<h5 style=\"text-align: left;\"><b>ID\u0150PONT<\/b><strong>:<\/strong> J\u00fanius 28. p\u00e9ntek,\u00a010:00-12:30<br \/>\n<strong>T\u00c9MA: <\/strong>Szociodr\u00e1ma \u00e9s kapcsol\u00f3d\u00e1sai<br \/>\n<strong>PROGRAM T\u00cdPUSA: <\/strong>Workshop<br \/>\n<strong>TEREM:<\/strong><br \/>\n<strong>R\u00c9SZTVEV\u0150K SZ\u00c1MA: <\/strong>korl\u00e1toz\u00e1s n\u00e9lk\u00fcl<br \/>\n<strong>NYELV<\/strong>: Angol<br \/>\n<strong>C\u00cdMKE: <\/strong><a href=\"https:\/\/8thsociodramaconference.com\/hu\/topic-sociodrama-more\/\" target=\"_blank\" rel=\"noopener\">Kitekint\u00e9s<\/a>, <a href=\"https:\/\/8thsociodramaconference.com\/hu\/workshops-jun28-morning\/\" target=\"_blank\" rel=\"noopener\">Programok j\u00fanius 28-\u00e1n d\u00e9lel\u0151tt<\/a><\/h5>\n[\/vc_column_text][\/vc_column_inner][vc_column_inner width=&#8221;1\/6&#8243;][\/vc_column_inner][\/vc_row_inner][\/vc_column][\/mk_page_section][mk_page_section padding=&#8221;0&#8243;][vc_column][vc_column_text responsive_align=&#8221;left&#8221;]\n<h5 style=\"text-align: center;\"><b>ABSZTRAKT:<\/b><\/h5>\n[\/vc_column_text][vc_column_text responsive_align=&#8221;left&#8221;]<span style=\"font-weight: 400;\">&#8222;Minden ember szabadon, egyenl\u0151 m\u00e9lt\u00f3s\u00e1ggal \u00e9s jogokkal sz\u00fcletik.&#8221;<\/span><span style=\"font-weight: 400;\"> (A<\/span><span style=\"font-weight: 400;\">z Emberi Jogok Egyetemes Nyilatkozata)<\/span><\/p>\n<p><span style=\"font-weight: 400;\">Az emberi jogok minden egy\u00e9nre vonatkoznak, tekintet n\u00e9lk\u00fcl nemzetis\u00e9gre, lak\u00f3helyre, nemre, nemzeti vagy etnikai sz\u00e1rmaz\u00e1sra, b\u0151rsz\u00ednre, vall\u00e1sra, nyelvre vagy b\u00e1rmely m\u00e1s jellemz\u0151re. Minden szem\u00e9lyt megillet az emberi jogok megk\u00fcl\u00f6nb\u00f6ztet\u00e9s n\u00e9lk\u00fcli gyakorl\u00e1sa. Ezek a jogok \u00f6sszef\u00fcggenek, felt\u00e9telezik egym\u00e1st \u00e9s elv\u00e1laszthatatlanok egym\u00e1st\u00f3l. A szociodr\u00e1ma egy akci\u00f3m\u00f3dszer, melyet Dr. J.L. Moreno alkotott meg. A szociodr\u00e1ma lehet\u0151s\u00e9get ad, hogy a csoport tagjai spont\u00e1n m\u00f3don, adott szerepeket v\u00e1llalva elj\u00e1tsszanak egy t\u00e1rsadalmi helyzetet, hogy ezen kereszt\u00fcl tanulm\u00e1nyozz\u00e1k \u00e9s kezelj\u00e9k kollekt\u00edv kapcsolataik probl\u00e9m\u00e1it \u00e9s k\u00fcl\u00f6nb\u00f6z\u0151 t\u00e1rsadalmi neh\u00e9zs\u00e9geket. Az elnyomottak sz\u00ednh\u00e1za a brazil Augusto Boal \u00e1ltal l\u00e9trehozott m\u00f3dszer. A m\u00f3dszer olyan sz\u00ednh\u00e1zi form\u00e1kat foglal mag\u00e1ban, amelyeket Boal el\u0151sz\u00f6r az 1960-as \u00e9vekben dolgozott ki. Kezdetben Braz\u00edli\u00e1ban alkalmazta m\u00f3dszer\u00e9t, majd k\u00e9s\u0151bb Eur\u00f3p\u00e1ban \u00e9s \u00c9szak-Amerik\u00e1ban fejlesztette tov\u00e1bb. Boal technik\u00e1i a sz\u00ednh\u00e1zat a t\u00e1rsadalmi \u00e9s politikai v\u00e1ltoz\u00e1sok el\u0151mozd\u00edt\u00e1s\u00e1nak eszk\u00f6zek\u00e9nt haszn\u00e1lj\u00e1k. Hogyan m\u0171k\u00f6dhetne egy\u00fctt a szociodr\u00e1ma \u00e9s az Elnyomottak Sz\u00ednh\u00e1za az emberi jogok helyzet\u00e9nek meg\u00e9rt\u00e9se \u00e9s \u00e9rv\u00e9nyes\u00edt\u00e9se \u00e9rdek\u00e9ben, az emberi m\u00e9lt\u00f3s\u00e1g v\u00e9delm\u00e9\u00e9rt vil\u00e1gszerte? Hogyan alkalmazhatj\u00e1k a szakemberek e k\u00e9t m\u00f3dszert egy\u00fctt, az emberis\u00e9g glob\u00e1lis c\u00e9ljainak el\u00e9r\u00e9s\u00e9\u00e9rt? Workshopunk a v\u00e1ltoz\u00e1s meg\u00e9rt\u00e9s\u00e9hez \u00e9s elind\u00edt\u00e1s\u00e1hoz k\u00edn\u00e1l m\u00f3dszertant.<\/span><\/p>\n<p><span style=\"font-weight: 400;\">A workshop r\u00e9v\u00e9n a r\u00e9sztvev\u0151k<\/span><\/p>\n<ul>\n<li><span style=\"font-weight: 400;\">K\u00e9pesek lesznek szociodr\u00e1ma \u00e9s Elnyomottak Sz\u00ednh\u00e1za technik\u00e1kat alkalmazni val\u00f3s emberi jogi helyzetek bemutat\u00e1s\u00e1ra \u00e9s elemz\u00e9s\u00e9re, el\u0151seg\u00edtve e k\u00e9rd\u00e9sek m\u00e9lyebb meg\u00e9rt\u00e9s\u00e9t.<\/span><\/li>\n<li><span style=\"font-weight: 400;\">K\u00e9pesek lesznek kult\u00faraspecifikus kompetenci\u00e1kat \u00e9s k\u00e9szs\u00e9geket azonos\u00edtani, annak \u00e9rdek\u00e9ben, hogy ezen akci\u00f3m\u00f3dszereket k\u00fcl\u00f6nb\u00f6z\u0151 kultur\u00e1lis kontextusokban alkalmazz\u00e1k, figyelembe v\u00e9ve azokat a specifikumokat \u00e9s \u00e9rz\u00e9kenys\u00e9geket, amelyeket az emberi jogi k\u00e9rd\u00e9sek glob\u00e1lis kezel\u00e9se felvet.<\/span><\/li>\n<li>Megtapasztalhatj\u00e1k, hogy a szociodr\u00e1ma \u00e9s az Elnyomottak Sz\u00ednh\u00e1za kreat\u00edv technik\u00e1i mennyiben lehetnek kataliz\u00e1torok a t\u00e1rsadalmi \u00e9s politikai v\u00e1ltoz\u00e1soknak az emberi jogok \u00e9rv\u00e9nyes\u00edt\u00e9se ter\u00fclet\u00e9n.<\/li>\n<\/ul>\n[\/vc_column_text][mk_padding_divider size=&#8221;30&#8243;][vc_column_text responsive_align=&#8221;left&#8221;]\n<h5 style=\"text-align: center;\"><b>AZ EL\u0150AD\u00d3KR\u00d3L:<\/b><\/h5>\n[\/vc_column_text][vc_row_inner][vc_column_inner width=&#8221;1\/4&#8243;][mk_image src=&#8221;https:\/\/8thsociodramaconference.com\/wp-content\/uploads\/2024\/02\/daniela-simmons.png&#8221; image_width=&#8221;402&#8243; image_height=&#8221;275&#8243; crop=&#8221;false&#8221; hover=&#8221;false&#8221;][\/vc_column_inner][vc_column_inner width=&#8221;3\/4&#8243;][vc_column_text responsive_align=&#8221;left&#8221;]<span style=\"font-weight: 400;\">Daniela Simmons nemzetk\u00f6zi kik\u00e9pz\u0151 \u00e9s szuperv\u00edzor, a Tele&#8217;Drama m\u00f3dszer megalkot\u00f3ja, az International Tele\u2019Drama Institute (Nemzetk\u00f6zi Tele\u2019Drama Int\u00e9zet)\u00a0 alap\u00edt\u00f3ja \u00e9s igazgat\u00f3ja<\/span><span style=\"font-weight: 400;\">, amelynek programjain m\u00e1r t\u00f6bb mint 78 orsz\u00e1gb\u00f3l t\u00f6bb ezer ember vett r\u00e9szt. <\/span><span style=\"font-weight: 400;\">A Tele&#8217;Drama megalkot\u00e1s\u00e1\u00e9rt 2022-ben az ASGPP Innov\u00e1tor-d\u00edjjal t\u00fcntette ki.<\/span><\/p>\n<p><span style=\"font-weight: 400;\">Jelenleg az Amerikai Csoportpszichoter\u00e1pi\u00e1s \u00e9s Pszichodr\u00e1ma T\u00e1rsas\u00e1g (ASGPP) eln\u00f6ke. Daniela Simmons eur\u00f3pai \u00e9s amerikai szakmai tapasztalatait a t\u00e1rsadalomtudom\u00e1nyok \u00e9s a ment\u00e1lis eg\u00e9szs\u00e9g\u00fcgy ter\u00fclet\u00e9n v\u00e9gzett oktat\u00e1si, kutat\u00e1si \u00e9s tan\u00e1csad\u00f3i munk\u00e1ban szerezte. <\/span><span style=\"font-weight: 400;\">A londoni sz\u00e9khely\u0171 Tavistock Institute of Human Relations-ben a szervezetek csoportkapcsolatainak pszichoanal\u00edzis\u00e9r\u0151l szerzett gyakorlatot.<\/span><span style=\"font-weight: 400;\"> Eur\u00f3p\u00e1ban 1995 \u00f3ta, az Egyes\u00fclt \u00c1llamokban pedig 2005 \u00f3ta alkalmazza az akci\u00f3m\u00f3dszereket.<\/span>[\/vc_column_text][\/vc_column_inner][\/vc_row_inner][vc_row_inner][vc_column_inner width=&#8221;1\/4&#8243;][mk_image src=&#8221;https:\/\/8thsociodramaconference.com\/wp-content\/uploads\/2024\/02\/Bojana-Glusac.png&#8221; image_width=&#8221;402&#8243; image_height=&#8221;275&#8243; crop=&#8221;false&#8221; hover=&#8221;false&#8221;][\/vc_column_inner][vc_column_inner width=&#8221;3\/4&#8243;][vc_column_text responsive_align=&#8221;left&#8221;]<span style=\"font-weight: 400;\">Pszichoterapeuta, kik\u00e9pz\u0151, szuperv\u00edzor, oktat\u00f3. Bojana a Belgr\u00e1di Egyetemen v\u00e9gzett gy\u00f3gypedag\u00f3gia \u00e9s rehabilit\u00e1ci\u00f3 szakon. Az el\u0151\u00edrt k\u00e9pes\u00edt\u00e9si, tapasztalati \u00e9s szaktud\u00e1si felt\u00e9telek teljes\u00edt\u00e9se ut\u00e1n megkapta az ECP (EAP, Eur\u00f3pai Pszichoter\u00e1pi\u00e1s Tan\u00fas\u00edtv\u00e1nyt), valamint a pszichoter\u00e1pi\u00e1s k\u00e9pz\u0151 \u00e9s szuperv\u00edzor c\u00edmet. Egy\u00e9ni \u00e9s csoportos pszichoter\u00e1pi\u00e1s folyamatban dolgozik kliensekkel az \u00e1ltala 1999-ben alap\u00edtott mag\u00e1nklinik\u00e1n. Itt egy \u00faj pszichoter\u00e1pi\u00e1s megk\u00f6zel\u00edt\u00e9st dolgoztak ki, transzperszon\u00e1lis pszichodr\u00e1ma (TP) n\u00e9ven.\u00a0 Ezen k\u00edv\u00fcl dolgozik j\u00f3l-l\u00e9t-, stresszkezel\u00e9s-, \u00f6ngondoskod\u00e1s programokban, foglalkozik nemzetk\u00f6zi vezet\u0151i \u00e9rt\u00e9kel\u00e9ssel, vezet\u0151i coachinggal, vezet\u0151k\u00e9pz\u00e9ssel \u00e9s csapat\u00e9p\u00edt\u00e9ssel. H\u00e1rom k\u00f6nyvet \u00edrt mindfulness \u00e9s a j\u00f3l-l\u00e9t t\u00e9m\u00e1ban, \u00e9s rendszeresen publik\u00e1l cikkeket k\u00fcl\u00f6nb\u00f6z\u0151 pszichoter\u00e1pi\u00e1s \u00e9s szem\u00e9lyis\u00e9gfejleszt\u0151 megk\u00f6zel\u00edt\u00e9sekr\u0151l.<\/span>[\/vc_column_text][\/vc_column_inner][\/vc_row_inner][\/vc_column][\/mk_page_section]\n<\/section>","protected":false},"excerpt":{"rendered":"<p>[mk_page_section][vc_column][mk_fancy_title tag_name=&#8221;h2&#8243; size=&#8221;40&#8243; line_height=&#8221;50&#8243; font_family=&#8221;Oswald&#8221; font_type=&#8221;google&#8221; margin_bottom=&#8221;0&#8243;] K\u00c9T AKCI\u00d3M\u00d3DSZER EGY GLOB\u00c1LIS C\u00c9L\u00c9RT: A SZOCIODR\u00c1MA \u00c9S AZ ELNYOMOTTAK SZ\u00cdNH\u00c1ZA AZ EMBERI JOGOK \u00c9RV\u00c9NYES\u00cdT\u00c9S\u00c9NEK EL\u0150MOZD\u00cdT\u00c1S\u00c1\u00c9RT\u200b\u200b (A workshop nyelve angol) EL\u0150AD\u00d3K: DANIELA SIMMONS-BOJANA GLUSAC DRASLA [\/mk_fancy_title][vc_row_inner][vc_column_inner width=&#8221;1\/6&#8243;][mk_image_box title=&#8221;Sociodrama and power&#8221; src=&#8221;https:\/\/8thsociodramaconference.com\/wp-content\/uploads\/2024\/02\/Sociodrama-and-More-1.png&#8221; media_width=&#8221;421&#8243; media_height=&#8221;294&#8243; crop=&#8221;false&#8221; image_link=&#8221;url&#8221; url=&#8221;https:\/\/8thsociodramaconference.com\/topic-sociodrama-more\/&#8221; target=&#8221;_blank&#8221; align=&#8221;center&#8221; rounded_corner=&#8221;true&#8221;][\/mk_image_box][\/vc_column_inner][vc_column_inner width=&#8221;2\/3&#8243;][vc_column_text responsive_align=&#8221;left&#8221;] ID\u0150PONT: J\u00fanius 28. p\u00e9ntek,\u00a010:00-12:30 T\u00c9MA: Szociodr\u00e1ma \u00e9s [&hellip;]<\/p>\n","protected":false},"author":4,"featured_media":0,"parent":0,"menu_order":0,"comment_status":"closed","ping_status":"closed","template":"","meta":{"footnotes":""},"class_list":["post-5743","page","type-page","status-publish","hentry"],"_links":{"self":[{"href":"https:\/\/8thsociodramaconference.com\/hu\/wp-json\/wp\/v2\/pages\/5743","targetHints":{"allow":["GET"]}}],"collection":[{"href":"https:\/\/8thsociodramaconference.com\/hu\/wp-json\/wp\/v2\/pages"}],"about":[{"href":"https:\/\/8thsociodramaconference.com\/hu\/wp-json\/wp\/v2\/types\/page"}],"author":[{"embeddable":true,"href":"https:\/\/8thsociodramaconference.com\/hu\/wp-json\/wp\/v2\/users\/4"}],"replies":[{"embeddable":true,"href":"https:\/\/8thsociodramaconference.com\/hu\/wp-json\/wp\/v2\/comments?post=5743"}],"version-history":[{"count":8,"href":"https:\/\/8thsociodramaconference.com\/hu\/wp-json\/wp\/v2\/pages\/5743\/revisions"}],"predecessor-version":[{"id":7757,"href":"https:\/\/8thsociodramaconference.com\/hu\/wp-json\/wp\/v2\/pages\/5743\/revisions\/7757"}],"wp:attachment":[{"href":"https:\/\/8thsociodramaconference.com\/hu\/wp-json\/wp\/v2\/media?parent=5743"}],"curies":[{"name":"wp","href":"https:\/\/api.w.org\/{rel}","templated":true}]}}