{"id":5736,"date":"2024-02-19T11:07:46","date_gmt":"2024-02-19T10:07:46","guid":{"rendered":"https:\/\/8thsociodramaconference.com\/program-margarida-belchior-luzia-lima-rodrigues\/"},"modified":"2024-05-26T20:38:58","modified_gmt":"2024-05-26T18:38:58","slug":"program-margarida-belchior-luzia-lima-rodrigues","status":"publish","type":"page","link":"https:\/\/8thsociodramaconference.com\/hu\/program-margarida-belchior-luzia-lima-rodrigues\/","title":{"rendered":"Program Margarida Belchior &#8211; Luzia Lima-Rodrigues"},"content":{"rendered":"<section class=\"wpb-content-wrapper\">[mk_page_section][vc_column][mk_fancy_title tag_name=&#8221;h2&#8243; size=&#8221;40&#8243; line_height=&#8221;50&#8243; font_family=&#8221;Oswald&#8221; font_type=&#8221;google&#8221; margin_bottom=&#8221;0&#8243;]\n<h3 style=\"text-align: center;\"><b>SZOCIODR\u00c1MA A TAN\u00c1RK\u00c9PZ\u00c9SBEN<\/b><\/h3>\n<h5 style=\"text-align: center;\"><em>(A workshop nyelve angol)<\/em><\/h5>\n<h5 style=\"text-align: center;\"><span style=\"color: #800000;\"><strong>EL\u0150AD\u00d3K:<\/strong><b> MARGARIDA BELCHIOR &#8211; LUZIA LIMA-RODRIGUES<\/b><\/span><\/h5>\n[\/mk_fancy_title][vc_row_inner][vc_column_inner width=&#8221;1\/6&#8243;][mk_image_box title=&#8221;Sociodrama and power&#8221; src=&#8221;https:\/\/8thsociodramaconference.com\/wp-content\/uploads\/2024\/02\/Next-Generation-2.png&#8221; media_width=&#8221;421&#8243; media_height=&#8221;294&#8243; crop=&#8221;false&#8221; image_link=&#8221;url&#8221; url=&#8221;https:\/\/8thsociodramaconference.com\/topic-sociodrama-youth\/&#8221; target=&#8221;_blank&#8221; align=&#8221;center&#8221; rounded_corner=&#8221;true&#8221;][\/mk_image_box][\/vc_column_inner][vc_column_inner width=&#8221;2\/3&#8243;][vc_column_text responsive_align=&#8221;left&#8221;]\n<h5 style=\"text-align: left;\"><b>ID\u0150PONT<\/b><strong>: <\/strong>J\u00fanius 28. p\u00e9ntek, 14:00-16:30<br \/>\n<strong>T\u00c9MA: <\/strong>Szociodr\u00e1ma \u00e9s a j\u00f6v\u0151 gener\u00e1ci\u00f3ja: gyerekek, fiatalok \u00e9s a vel\u00fck foglalkoz\u00f3 szakemberek, int\u00e9zm\u00e9nyek szociodr\u00e1m\u00e1ja<br \/>\n<strong>PROGRAM T\u00cdPUSA: <\/strong>Workshop<br \/>\n<strong>TEREM:<\/strong><br \/>\n<strong>R\u00c9SZTVEV\u0150K SZ\u00c1MA: <\/strong>35<br \/>\n<strong>NYELV:<\/strong> Angol<br \/>\n<strong>C\u00cdMKE: <\/strong><a href=\"https:\/\/8thsociodramaconference.com\/hu\/topic-sociodrama-youth\/\" target=\"_blank\" rel=\"noopener\">Szociodr\u00e1ma \u00e9s fiatalok<\/a>, <a href=\"https:\/\/8thsociodramaconference.com\/hu\/workshops-jun28-afternoon\/\" target=\"_blank\" rel=\"noopener\">Programok j\u00fanius 28-\u00e1n d\u00e9lut\u00e1n<\/a><\/h5>\n[\/vc_column_text][\/vc_column_inner][vc_column_inner width=&#8221;1\/6&#8243;][\/vc_column_inner][\/vc_row_inner][\/vc_column][\/mk_page_section][mk_page_section padding=&#8221;0&#8243;][vc_column][vc_column_text responsive_align=&#8221;left&#8221;]\n<h5 style=\"text-align: center;\"><b>ABSZTRAKT:<\/b><\/h5>\n[\/vc_column_text][vc_column_text responsive_align=&#8221;left&#8221;]<span style=\"font-weight: 400;\">A workshopon szociodr\u00e1ma vezet\u0151k\u00e9nt \u00e9s tan\u00e1rk\u00e9pz\u0151k\u00e9nt v\u00e9gzett munk\u00e1nkat k\u00edv\u00e1njuk gyakorlati m\u00f3don megosztani. A tan\u00e1rk\u00e9pz\u00e9s ter\u00fclet\u00e9n a szociodr\u00e1m\u00e1val, az akci\u00f3- \u00e9s az expressz\u00edv m\u00f3dszerekkel dolgozni sz\u00e1munkra azt jelenti, hogy a t\u00e1rsadalmi igazs\u00e1goss\u00e1g\u00e9rt, a m\u00e9lt\u00e1nyoss\u00e1g\u00e9rt \u00e9s a befogad\u00e1s\u00e9rt dolgozunk az iskol\u00e1kban, szemben\u00e9zve a diverzit\u00e1s, a kirekeszt\u00e9s \u00e9s a kisebbs\u00e9gi csoportok jelenl\u00e9t\u00e9b\u0151l k\u00f6vetkez\u0151 kih\u00edv\u00e1sokkal. A szociodr\u00e1ma lehet\u0151v\u00e9 teszi a r\u00e9szv\u00e9teli \u00e9s demokratikus pedag\u00f3gia meger\u0151s\u00edt\u00e9s\u00e9t. Egy olyan, a r\u00e9szv\u00e9telen alapul\u00f3 demokratikus k\u00f6rnyezet j\u00f6n l\u00e9tre, amelyben a tan\u00e1rok \u00e9s a di\u00e1kok folyamatos dial\u00f3gusban, egy\u00fcttm\u0171k\u00f6dve tanulnak \u00e9s hoznak l\u00e9tre tud\u00e1st. Az ilyen oszt\u00e1lyteremben m\u00e1r nem a tan\u00e1r ker\u00fcl a tud\u00e1s\u00e1tad\u00e1s k\u00f6z\u00e9ppontj\u00e1ba, a kommunik\u00e1ci\u00f3 t\u00f6bb\u00e9 nem egyir\u00e1ny\u00fa. A tanul\u00f3k elk\u00f6telezett\u00e9 v\u00e1lnak a tanul\u00e1si folyamatban, \u00e9s proakt\u00edv szerepet v\u00e1llalnak mind egy\u00e9ni tanul\u00e1si \u00fatjuk, mind a csoport fejl\u0151d\u00e9s\u00e9nek t\u00e1rsas folyamata tekintet\u00e9ben. A tan\u00e1rk\u00e9pz\u00e9sben l\u00e9v\u0151k ilyen szitu\u00e1ci\u00f3kat modellezhetnek \u00e9s elj\u00e1tszhatj\u00e1k j\u00f6v\u0151beli szerepeiket is. Belehelyezkedhetnek a sz\u00fcl\u0151k, az iskolai k\u00f6z\u00f6ss\u00e9g t\u00f6bbi tagja, vagy a koll\u00e9g\u00e1ik szerep\u00e9be is. Ez\u00e1ltal egy izomorf folyamat j\u00f6het l\u00e9tre, amelynek r\u00e9v\u00e9n a leend\u0151 tan\u00e1rok rugalmasabb\u00e1, nyitottabb\u00e1, a t\u00e1mogat\u00f3 figyelmet jobban biztos\u00edt\u00f3 szakemberekk\u00e9 \u00e9s emberekk\u00e9 v\u00e1lnak.<\/span><\/p>\n<p><span style=\"font-weight: 400;\">A workshop tanul\u00e1si c\u00e9ljai a k\u00f6vetkez\u0151ek:<\/span><\/p>\n<ul>\n<li><span style=\"font-weight: 400;\">A csoportvezet\u0151k \u00e1ltal a tan\u00e1rk\u00e9pz\u00e9sben haszn\u00e1lt n\u00e9h\u00e1ny gyakorlat megtapasztal\u00e1sa \u00e9s elsaj\u00e1t\u00edt\u00e1sa.<\/span><\/li>\n<li><span style=\"font-weight: 400;\">A szociodr\u00e1ma \u00e9s az expressz\u00edv akci\u00f3m\u00f3dszerek szerep\u00e9nek meg\u00e9rt\u00e9se a tan\u00e1rk\u00e9pz\u00e9sben \u00e9s az iskol\u00e1ban.<\/span><\/li>\n<\/ul>\n[\/vc_column_text][mk_padding_divider size=&#8221;30&#8243;][vc_column_text responsive_align=&#8221;left&#8221;]\n<h5 style=\"text-align: center;\"><b>AZ EL\u0150AD\u00d3KR\u00d3L:<\/b><\/h5>\n[\/vc_column_text][vc_row_inner][vc_column_inner width=&#8221;1\/4&#8243;][mk_image src=&#8221;https:\/\/8thsociodramaconference.com\/wp-content\/uploads\/2024\/02\/Margarida-Belchior.png&#8221; image_width=&#8221;402&#8243; image_height=&#8221;275&#8243; crop=&#8221;false&#8221; hover=&#8221;false&#8221;][\/vc_column_inner][vc_column_inner width=&#8221;3\/4&#8243;][vc_column_text responsive_align=&#8221;left&#8221;]<span style=\"font-weight: 400;\">Margarida Belchior tan\u00e1r, kutat\u00f3 \u00e9s szociodr\u00e1ma vezet\u0151. Szociodr\u00e1ma k\u00e9pz\u00e9s\u00e9t 2011-ben kezdte (SPP, Portug\u00e1l Pszichodr\u00e1ma Egyes\u00fclet). Ezt k\u00f6vet\u0151en tan\u00e1roknak szervezett szociodr\u00e1ma k\u00e9pz\u00e9seket.\u00a0 A PERFORMERS szociodr\u00e1ma projekt portug\u00e1l st\u00e1bj\u00e1nak vezet\u0151je \u00e9s a projekt eredm\u00e9nyek\u00e9nt sz\u00fcletett k\u00f6nyvek szerz\u0151je volt. L\u00e9trehozta a Public Sociodrama with Art (Nyilv\u00e1nos szociodr\u00e1ma m\u0171v\u00e9szettel) projektet. Nemzetk\u00f6zi szociodr\u00e1ma workshopokat vezetett, p\u00e9ld\u00e1ul a 6. \u00e9s 7. Nemzetk\u00f6zi Szociodr\u00e1ma Konferenci\u00e1n. Tagja a TELE\u2019Dram\u00e1nak. Jelenleg a Lus\u00f3fonai Egyetem inkl\u00fazi\u00f3s \u00e9s expressz\u00edv pedag\u00f3gi\u00e1b\u00f3l doktor\u00e1l, tan\u00edt \u00e9s kutat a pedag\u00f3gia ter\u00fclet\u00e9n.<\/span>[\/vc_column_text][\/vc_column_inner][\/vc_row_inner][vc_row_inner][vc_column_inner width=&#8221;1\/4&#8243;][mk_image src=&#8221;https:\/\/8thsociodramaconference.com\/wp-content\/uploads\/2024\/02\/Luzia-Lima-Rodrigues.png&#8221; image_width=&#8221;402&#8243; image_height=&#8221;275&#8243; crop=&#8221;false&#8221; hover=&#8221;false&#8221;][\/vc_column_inner][vc_column_inner width=&#8221;3\/4&#8243;][vc_column_text responsive_align=&#8221;left&#8221;]<span style=\"font-weight: 400;\">Luzia Lima-Rodrigues az Universidade Lus\u00f3fona \u00e9s a Set\u00fabal Polytechnic Institute School of Education oktat\u00f3ja. Pedag\u00f3gus, pszichopedag\u00f3gus, szociodr\u00e1ma vezet\u0151, az Unicamp\/Brazil Egyetemen pedag\u00f3gi\u00e1b\u00f3l doktor\u00e1lt, \u00e9s posztdoktori fokozatot szerzett a gy\u00f3gypedag\u00f3gia \u00e9s az expressz\u00edv ter\u00e1pi\u00e1k ter\u00fclet\u00e9n (Lisszaboni Egyetem). Tan\u00e1rk\u00e9pz\u00e9ssel, akci\u00f3m\u00f3dszerekkel \u00e9s expressz\u00edv pedag\u00f3gi\u00e1val kapcsolatos kutat\u00e1sokat folytat, \u00e9s sz\u00e1mos tudom\u00e1nyos publik\u00e1ci\u00f3 szerz\u0151je az inkluz\u00edv oktat\u00e1s ter\u00fclet\u00e9n. Vend\u00e9gel\u0151ad\u00f3k\u00e9nt \u00e9s tan\u00e1rk\u00e9pz\u0151k\u00e9nt dolgozik k\u00fcl\u00f6nb\u00f6z\u0151 orsz\u00e1gokban, p\u00e9ld\u00e1ul Finnorsz\u00e1gban, Kazahszt\u00e1nban, Olaszorsz\u00e1gban, Franciaorsz\u00e1gban, K\u00edn\u00e1ban, a Z\u00f6ld-foki szigeteken, Sk\u00f3ci\u00e1ban, Argent\u00edn\u00e1ban \u00e9s Braz\u00edli\u00e1ban.<\/span>[\/vc_column_text][\/vc_column_inner][\/vc_row_inner][\/vc_column][\/mk_page_section]\n<\/section>","protected":false},"excerpt":{"rendered":"<p>[mk_page_section][vc_column][mk_fancy_title tag_name=&#8221;h2&#8243; size=&#8221;40&#8243; line_height=&#8221;50&#8243; font_family=&#8221;Oswald&#8221; font_type=&#8221;google&#8221; margin_bottom=&#8221;0&#8243;] SZOCIODR\u00c1MA A TAN\u00c1RK\u00c9PZ\u00c9SBEN (A workshop nyelve angol) EL\u0150AD\u00d3K: MARGARIDA BELCHIOR &#8211; LUZIA LIMA-RODRIGUES [\/mk_fancy_title][vc_row_inner][vc_column_inner width=&#8221;1\/6&#8243;][mk_image_box title=&#8221;Sociodrama and power&#8221; src=&#8221;https:\/\/8thsociodramaconference.com\/wp-content\/uploads\/2024\/02\/Next-Generation-2.png&#8221; media_width=&#8221;421&#8243; media_height=&#8221;294&#8243; crop=&#8221;false&#8221; image_link=&#8221;url&#8221; url=&#8221;https:\/\/8thsociodramaconference.com\/topic-sociodrama-youth\/&#8221; target=&#8221;_blank&#8221; align=&#8221;center&#8221; rounded_corner=&#8221;true&#8221;][\/mk_image_box][\/vc_column_inner][vc_column_inner width=&#8221;2\/3&#8243;][vc_column_text responsive_align=&#8221;left&#8221;] ID\u0150PONT: J\u00fanius 28. p\u00e9ntek, 14:00-16:30 T\u00c9MA: Szociodr\u00e1ma \u00e9s a j\u00f6v\u0151 gener\u00e1ci\u00f3ja: gyerekek, fiatalok \u00e9s a vel\u00fck foglalkoz\u00f3 szakemberek, int\u00e9zm\u00e9nyek [&hellip;]<\/p>\n","protected":false},"author":4,"featured_media":0,"parent":0,"menu_order":0,"comment_status":"closed","ping_status":"closed","template":"","meta":{"footnotes":""},"class_list":["post-5736","page","type-page","status-publish","hentry"],"_links":{"self":[{"href":"https:\/\/8thsociodramaconference.com\/hu\/wp-json\/wp\/v2\/pages\/5736","targetHints":{"allow":["GET"]}}],"collection":[{"href":"https:\/\/8thsociodramaconference.com\/hu\/wp-json\/wp\/v2\/pages"}],"about":[{"href":"https:\/\/8thsociodramaconference.com\/hu\/wp-json\/wp\/v2\/types\/page"}],"author":[{"embeddable":true,"href":"https:\/\/8thsociodramaconference.com\/hu\/wp-json\/wp\/v2\/users\/4"}],"replies":[{"embeddable":true,"href":"https:\/\/8thsociodramaconference.com\/hu\/wp-json\/wp\/v2\/comments?post=5736"}],"version-history":[{"count":6,"href":"https:\/\/8thsociodramaconference.com\/hu\/wp-json\/wp\/v2\/pages\/5736\/revisions"}],"predecessor-version":[{"id":7786,"href":"https:\/\/8thsociodramaconference.com\/hu\/wp-json\/wp\/v2\/pages\/5736\/revisions\/7786"}],"wp:attachment":[{"href":"https:\/\/8thsociodramaconference.com\/hu\/wp-json\/wp\/v2\/media?parent=5736"}],"curies":[{"name":"wp","href":"https:\/\/api.w.org\/{rel}","templated":true}]}}