{"id":5731,"date":"2024-02-14T20:29:01","date_gmt":"2024-02-14T19:29:01","guid":{"rendered":"https:\/\/8thsociodramaconference.com\/program-kerstin-jurdell\/"},"modified":"2024-05-26T19:43:57","modified_gmt":"2024-05-26T17:43:57","slug":"program-kerstin-jurdell","status":"publish","type":"page","link":"https:\/\/8thsociodramaconference.com\/hu\/program-kerstin-jurdell\/","title":{"rendered":"Program Kerstin Jurdell"},"content":{"rendered":"<section class=\"wpb-content-wrapper\">[mk_page_section][vc_column][mk_fancy_title tag_name=&#8221;h2&#8243; size=&#8221;40&#8243; line_height=&#8221;50&#8243; font_family=&#8221;Oswald&#8221; font_type=&#8221;google&#8221; margin_bottom=&#8221;0&#8243;]\n<h3 style=\"text-align: center;\"><b>VAN EGY \u00c1LMOM!<\/b><\/h3>\n<h5 style=\"text-align: center;\"><em>(A workshop nyelve angol)<\/em><\/h5>\n<h5 style=\"text-align: center;\"><span style=\"color: #800000;\"><strong>EL\u0150AD\u00d3:<\/strong><b> KERSTIN JURDELL<\/b><\/span><\/h5>\n[\/mk_fancy_title][vc_row_inner][vc_column_inner width=&#8221;1\/6&#8243;][mk_image_box title=&#8221;Sociodrama and power&#8221; src=&#8221;https:\/\/8thsociodramaconference.com\/wp-content\/uploads\/2024\/02\/Power-and-Democratic-1.png&#8221; media_width=&#8221;421&#8243; media_height=&#8221;294&#8243; crop=&#8221;false&#8221; image_link=&#8221;url&#8221; url=&#8221;https:\/\/8thsociodramaconference.com\/topic-sociodrama-power\/&#8221; target=&#8221;_blank&#8221; align=&#8221;center&#8221; rounded_corner=&#8221;true&#8221;][\/mk_image_box][\/vc_column_inner][vc_column_inner width=&#8221;2\/3&#8243;][vc_column_text responsive_align=&#8221;left&#8221;]\n<h5 style=\"text-align: left;\"><b>ID\u0150PONT<\/b><strong>: <\/strong>J\u00fanius 28. p\u00e9ntek,\u00a010:00-12:30<br \/>\n<strong>T\u00c9MA: <\/strong>Szociodr\u00e1ma \u00e9s hatalom \u2013 a demokratikus \u00e9rt\u00e9kek j\u00f6v\u0151je<br \/>\n<strong>PROGRAM T\u00cdPUSA: <\/strong>Workshop<br \/>\n<strong>TEREM:<\/strong><br \/>\n<strong>R\u00c9SZTVEV\u0150K SZ\u00c1MA: <\/strong>20<br \/>\nNYELV: Angol<br \/>\n<strong>C\u00cdMKE: <\/strong><a href=\"https:\/\/8thsociodramaconference.com\/hu\/topic-sociodrama-power\/\" target=\"_blank\" rel=\"noopener\">Szociodr\u00e1ma \u00e9s hatalom,<\/a> <a href=\"https:\/\/8thsociodramaconference.com\/hu\/workshops-jun28-morning\/\" target=\"_blank\" rel=\"noopener\">Programok j\u00fanius 28-\u00e1n d\u00e9lel\u0151tt<\/a><\/h5>\n[\/vc_column_text][\/vc_column_inner][vc_column_inner width=&#8221;1\/6&#8243;][\/vc_column_inner][\/vc_row_inner][\/vc_column][\/mk_page_section][mk_page_section padding=&#8221;0&#8243;][vc_column][vc_column_text responsive_align=&#8221;left&#8221;]\n<h5 style=\"text-align: center;\"><b>ABSZTRAKT:<\/b><\/h5>\n[\/vc_column_text][vc_column_text responsive_align=&#8221;left&#8221;]<span style=\"font-weight: 400;\">Ne cs\u00fcggedj\u00fcnk a k\u00e9ts\u00e9gbees\u00e9s v\u00f6lgy\u00e9ben! \u201cMa azt mondom nektek, bar\u00e1taim, hogy a jelen pillanat neh\u00e9zs\u00e9gei \u00e9s csal\u00f3d\u00e1sai ellen\u00e9re van egy \u00e1lmom. Olyan \u00e1lom ez, amely m\u00e9lyen gy\u00f6kerezik az amerikai \u00e1lomba. Van egy \u00e1lmom: egy napon felkel majd ez a nemzet, \u00e9s meg\u00e9li, mit jelent val\u00f3j\u00e1ban az, ami a hitvall\u00e1s\u00e1ban \u00e1ll: Sz\u00e1munkra ezek az igazs\u00e1gok nyilv\u00e1nval\u00f3ak; minden ember egyenl\u0151nek lett teremtve.&#8221; (Martin Luther King). Az er\u0151szakmentess\u00e9g olyan akt\u00edv fell\u00e9p\u00e9s, amelynek c\u00e9lja, hogy a konfliktusokban fegyverek \u00e9s fizikai er\u0151szak n\u00e9lk\u00fcl cselekedj\u00fcnk. Martin Luther King ezt l\u00e9leker\u0151nek nevezte. E l\u00e9leker\u0151 egy olyan er\u0151szakmentess\u00e9get jelent, amely r\u00e9v\u00e9n kil\u00e9p\u00fcnk a hatalom azon f\u00f6l\u00e9- \u00e9s al\u00e1rendelts\u00e9gi dinamik\u00e1ib\u00f3l, ahol ha mi nyer\u00fcnk valaki m\u00e1s vesz\u00edt. Moreno filoz\u00f3fi\u00e1ja a spontaneit\u00e1s \u00e9s a szerepcsere gondolat\u00e1n alapszik, m\u00e9g az ellenf\u00e9leinkkel kapcsolatban is. Ez nem jelenti, hogy ugyanazok az \u00e9rt\u00e9keink vagy elfogadjuk, hogy a m\u00e1siknak van igaza, hanem hogy k\u00e9pesek vagyunk megl\u00e1tni ellenfel\u00fcnket a maga val\u00f3j\u00e1ban, \u00e9s konstrukt\u00edvan cselekedni. <\/span><\/p>\n<p><span style=\"font-weight: 400;\">A workshop sor\u00e1n a r\u00e9sztvev\u0151k tapasztalatot szereznek az er\u0151szakmentes konfliktusmegold\u00e1sr\u00f3l, megismerkednek a l\u00e9leker\u0151 fogalm\u00e1val \u00e9s \u00f6sszekapcsolj\u00e1k azt a moren\u00f3i filoz\u00f3fi\u00e1val.<\/span>[\/vc_column_text][mk_padding_divider size=&#8221;30&#8243;][vc_column_text responsive_align=&#8221;left&#8221;]\n<h5 style=\"text-align: center;\"><b>AZ EL\u0150AD\u00d3R\u00d3L:<\/b><\/h5>\n[\/vc_column_text][vc_row_inner][vc_column_inner width=&#8221;1\/4&#8243;][mk_image src=&#8221;https:\/\/8thsociodramaconference.com\/wp-content\/uploads\/2024\/02\/Kerstin-Jurdell.png&#8221; image_width=&#8221;402&#8243; image_height=&#8221;275&#8243; crop=&#8221;false&#8221; hover=&#8221;false&#8221;][\/vc_column_inner][vc_column_inner width=&#8221;3\/4&#8243;][vc_column_text responsive_align=&#8221;left&#8221;]<span style=\"font-weight: 400;\">Pszichodr\u00e1ma kik\u00e9pz\u0151, 40 \u00e9ves tapasztalattal rendelkezik a pszichodr\u00e1ma \u00e9s a szociodr\u00e1ma ter\u00fclet\u00e9n. Kor\u00e1bban egyetemi tan\u00e1r volt a szoci\u00e1lis munka \u00e9s a vall\u00e1studom\u00e1ny ter\u00fclet\u00e9n. 2007-ben a 2. Nemzetk\u00f6zi Szociodr\u00e1ma Konferencia szervez\u0151je Stockholmban\/Helsinkiben. A FEPTO kor\u00e1bbi eln\u00f6ks\u00e9gi tagja (2017-2019).<\/span>[\/vc_column_text][\/vc_column_inner][\/vc_row_inner][\/vc_column][\/mk_page_section]\n<\/section>","protected":false},"excerpt":{"rendered":"<p>[mk_page_section][vc_column][mk_fancy_title tag_name=&#8221;h2&#8243; size=&#8221;40&#8243; line_height=&#8221;50&#8243; font_family=&#8221;Oswald&#8221; font_type=&#8221;google&#8221; margin_bottom=&#8221;0&#8243;] VAN EGY \u00c1LMOM! (A workshop nyelve angol) EL\u0150AD\u00d3: KERSTIN JURDELL [\/mk_fancy_title][vc_row_inner][vc_column_inner width=&#8221;1\/6&#8243;][mk_image_box title=&#8221;Sociodrama and power&#8221; src=&#8221;https:\/\/8thsociodramaconference.com\/wp-content\/uploads\/2024\/02\/Power-and-Democratic-1.png&#8221; media_width=&#8221;421&#8243; media_height=&#8221;294&#8243; crop=&#8221;false&#8221; image_link=&#8221;url&#8221; url=&#8221;https:\/\/8thsociodramaconference.com\/topic-sociodrama-power\/&#8221; target=&#8221;_blank&#8221; align=&#8221;center&#8221; rounded_corner=&#8221;true&#8221;][\/mk_image_box][\/vc_column_inner][vc_column_inner width=&#8221;2\/3&#8243;][vc_column_text responsive_align=&#8221;left&#8221;] ID\u0150PONT: J\u00fanius 28. p\u00e9ntek,\u00a010:00-12:30 T\u00c9MA: Szociodr\u00e1ma \u00e9s hatalom \u2013 a demokratikus \u00e9rt\u00e9kek j\u00f6v\u0151je PROGRAM T\u00cdPUSA: Workshop TEREM: R\u00c9SZTVEV\u0150K SZ\u00c1MA: 20 NYELV: Angol [&hellip;]<\/p>\n","protected":false},"author":4,"featured_media":0,"parent":0,"menu_order":0,"comment_status":"closed","ping_status":"closed","template":"","meta":{"footnotes":""},"class_list":["post-5731","page","type-page","status-publish","hentry"],"_links":{"self":[{"href":"https:\/\/8thsociodramaconference.com\/hu\/wp-json\/wp\/v2\/pages\/5731","targetHints":{"allow":["GET"]}}],"collection":[{"href":"https:\/\/8thsociodramaconference.com\/hu\/wp-json\/wp\/v2\/pages"}],"about":[{"href":"https:\/\/8thsociodramaconference.com\/hu\/wp-json\/wp\/v2\/types\/page"}],"author":[{"embeddable":true,"href":"https:\/\/8thsociodramaconference.com\/hu\/wp-json\/wp\/v2\/users\/4"}],"replies":[{"embeddable":true,"href":"https:\/\/8thsociodramaconference.com\/hu\/wp-json\/wp\/v2\/comments?post=5731"}],"version-history":[{"count":7,"href":"https:\/\/8thsociodramaconference.com\/hu\/wp-json\/wp\/v2\/pages\/5731\/revisions"}],"predecessor-version":[{"id":7754,"href":"https:\/\/8thsociodramaconference.com\/hu\/wp-json\/wp\/v2\/pages\/5731\/revisions\/7754"}],"wp:attachment":[{"href":"https:\/\/8thsociodramaconference.com\/hu\/wp-json\/wp\/v2\/media?parent=5731"}],"curies":[{"name":"wp","href":"https:\/\/api.w.org\/{rel}","templated":true}]}}