{"id":5728,"date":"2024-02-14T19:12:37","date_gmt":"2024-02-14T18:12:37","guid":{"rendered":"https:\/\/8thsociodramaconference.com\/program-mali-raz-ayala-krizel\/"},"modified":"2024-05-26T15:15:34","modified_gmt":"2024-05-26T13:15:34","slug":"program-mali-raz-ayala-krizel","status":"publish","type":"page","link":"https:\/\/8thsociodramaconference.com\/hu\/program-mali-raz-ayala-krizel\/","title":{"rendered":"Program Mali Raz &#8211; Ayala Krizel"},"content":{"rendered":"<section class=\"wpb-content-wrapper\">[mk_page_section][vc_column][mk_fancy_title tag_name=&#8221;h2&#8243; size=&#8221;40&#8243; line_height=&#8221;50&#8243; font_family=&#8221;Oswald&#8221; font_type=&#8221;google&#8221; margin_bottom=&#8221;0&#8243;]\n<h3 style=\"text-align: center;\"><b>CSOPORTOK &#8211;<br \/>\n\u00d6SSZEK\u00d6TNEK VAGY ELV\u00c1LASZTANAK?<\/b><\/h3>\n<h5 style=\"text-align: center;\"><em>(A workshop nyelve angol)<\/em><\/h5>\n<h5 style=\"text-align: center;\"><span style=\"color: #800000;\"><strong>EL\u0150AD\u00d3K:<\/strong><b> MALI RAZ &#8211; AYALA KRIZEL<\/b><\/span><\/h5>\n[\/mk_fancy_title][vc_row_inner][vc_column_inner width=&#8221;1\/6&#8243;][mk_image_box title=&#8221;Sociodrama and power&#8221; src=&#8221;https:\/\/8thsociodramaconference.com\/wp-content\/uploads\/2024\/02\/Different-Social-Groups-\u2013-the-Strengths-of-Communities-2.png&#8221; media_width=&#8221;421&#8243; media_height=&#8221;294&#8243; crop=&#8221;false&#8221; image_link=&#8221;url&#8221; url=&#8221;https:\/\/8thsociodramaconference.com\/topic-different-social-groups\/&#8221; target=&#8221;_blank&#8221; align=&#8221;center&#8221; rounded_corner=&#8221;true&#8221;][\/mk_image_box][\/vc_column_inner][vc_column_inner width=&#8221;2\/3&#8243;][vc_column_text responsive_align=&#8221;left&#8221;]\n<h5 style=\"text-align: left;\"><b>ID\u0150PONT<\/b><strong>: <\/strong>J\u00fanius 27. cs\u00fct\u00f6rt\u00f6k,\u00a014:00-16:30<br \/>\n<strong>T\u00c9MA: <\/strong>Szociodr\u00e1ma k\u00fcl\u00f6nf\u00e9le t\u00e1rsadalmi sz\u00edntereken \u00e9s csoportokban \u2013 a k\u00f6z\u00f6ss\u00e9gek ereje<br \/>\n<strong>PROGRAM T\u00cdPUSA: <\/strong>Workshop<br \/>\n<strong>TEREM:<\/strong><br \/>\n<strong>R\u00c9SZTVEV\u0150K SZ\u00c1MA: <\/strong>20<br \/>\n<strong>NYELV:<\/strong> Angol<br \/>\n<strong>C\u00cdMKE: <\/strong><a href=\"https:\/\/8thsociodramaconference.com\/hu\/topic-different-social-groups\/\" target=\"_blank\" rel=\"noopener\">V\u00e1ltozatos csoportok,<\/a> <a href=\"https:\/\/8thsociodramaconference.com\/hu\/workshops-jun27-afternoon\/\" target=\"_blank\" rel=\"noopener\">Programok j\u00fanius 27-\u00e9n d\u00e9lut\u00e1n<\/a><\/h5>\n[\/vc_column_text][\/vc_column_inner][vc_column_inner width=&#8221;1\/6&#8243;][\/vc_column_inner][\/vc_row_inner][\/vc_column][\/mk_page_section][mk_page_section padding=&#8221;0&#8243;][vc_column][vc_column_text responsive_align=&#8221;left&#8221;]\n<h5 style=\"text-align: center;\"><b>ABSZTRAKT:<\/b><\/h5>\n[\/vc_column_text][vc_column_text responsive_align=&#8221;left&#8221;]<span style=\"font-weight: 400;\">Terapeutak\u00e9nt \u00e9s csoportvezet\u0151k\u00e9nt \u00e1ltal\u00e1ban az el\u0151nyeit hangs\u00falyozzuk annak, ha valaki egy csoport r\u00e9sz\u00e9v\u00e9 v\u00e1lik. Ezt az\u00e9rt tessz\u00fck, mert ismerj\u00fck a m\u00e9ly folyamatot, amit a csoportok lehet\u0151v\u00e9 tesznek az egy\u00e9n \u00e9s a k\u00f6z\u00f6ss\u00e9g sz\u00e1m\u00e1ra. A csoportot a k\u00edv\u00e1natos v\u00e1ltoz\u00e1s alapvet\u0151 eszk\u00f6z\u00e9nek tekintj\u00fck. De mi t\u00f6rt\u00e9nik az egyes csoportok k\u00f6z\u00f6tt? Eur\u00f3p\u00e1ban \u00e9s az eg\u00e9sz vil\u00e1gon tapasztaljuk, hogy hatalmas \u00f6ssze\u00fctk\u00f6z\u00e9sek vannak politikai, vall\u00e1si, illetve etnikai alapon csoportok k\u00f6z\u00f6tt. Ezen \u00fctk\u00f6z\u00e9sek hat\u00e1sai tsunamikra hasonl\u00edtanak, amelyeket mindenki meg\u00e9rez a saj\u00e1t orsz\u00e1g\u00e1ban, a saj\u00e1t k\u00f6z\u00f6ss\u00e9geiben. A workshopon e gondolatmenet nyomvonal\u00e1t k\u00f6vetj\u00fck, hiszen a csoportok valamikor \u00f6sszehoznak benn\u00fcnket, m\u00e1skor azonban \u00e9pphogy sz\u00e9tszak\u00edtanak \u00e9s elv\u00e1lasztanak egym\u00e1st\u00f3l. A workshop sor\u00e1n a r\u00e9szvev\u0151k k\u00fcl\u00f6nb\u00f6z\u0151 tal\u00e1lkoz\u00e1sok \u00e9s szerepcser\u00e9k r\u00e9v\u00e9n szereznek tapasztalatokat a folyton v\u00e1ltoz\u00f3 poz\u00edci\u00f3kr\u00f3l, amilyen napjaink val\u00f3s\u00e1ga is. A szociometria eszk\u00f6zeit, a spektrogramot \u00e9s szociogramot haszn\u00e1lva, J.L. Moreno nyomdokaiba l\u00e9p\u00fcnk. C\u00e9lunk, hogy cselekv\u00e9sorient\u00e1lt meg\u00e9rt\u00e9sre jussunk azzal kapcsolatban, hogy mik\u00e9pp tudjuk a csoportokban rejl\u0151 potenci\u00e1lt j\u00f3 dolgok l\u00e9trehoz\u00e1s\u00e1ra, kapcsol\u00f3d\u00e1sok megteremt\u00e9s\u00e9re \u00e9s nem megoszt\u00e1sra haszn\u00e1lni. Ehhez spontaneit\u00e1sunk \u00e9s kreativit\u00e1sunk fel\u00e9leszt\u00e9s\u00e9re lesz sz\u00fcks\u00e9g, hiszen, ahogy Moreno mondja: &#8222;a k\u00e9rd\u00e9s, hogy mik\u00e9pp lehet el\u0151hozni a maxim\u00e1lis spontaneit\u00e1st mindenkib\u0151l, annak \u00e9rdek\u00e9ben, hogy a szervez\u0151d\u00e9sek alapjai emberek \u00e9s emberek, illetve emberek \u00e9s dolgok k\u00f6z\u00f6tt felt\u00e1ruljanak\u201d (Moreno 1937). <\/span><\/p>\n<p><span style=\"font-weight: 400;\">A workshop sor\u00e1n a r\u00e9sztvev\u0151k meg\u00e9lhetik a csoport ny\u00fajtotta melegs\u00e9get, ugyanakkor szembes\u00fclnek azokkal vesz\u00e9lyekkel is, amelyet a csoportok az egy\u00e9nek \u00e9s k\u00f6z\u00f6ss\u00e9gek sz\u00e1m\u00e1ra jelenthetnek. Abban b\u00edzunk, hogy a m\u0171helymunka r\u00e9v\u00e9n csoportvezet\u0151kk\u00e9nt, illetve terapeut\u00e1kk\u00e9nt k\u00f6nnyebben azonos\u00edtjuk a csoportok kapcs\u00e1n felmer\u00fcl\u0151 k\u00e1ros, s\u00e9r\u00fcl\u00e9st okoz\u00f3 folyamatokat, \u00e9s ennek r\u00e9v\u00e9n olyan p\u00e1rbesz\u00e9d j\u00f6het l\u00e9tre, amely a csoporthat\u00e1rokon t\u00fal \u00f6sszek\u00f6t egy\u00e9neket \u00e9s t\u00e1rsadalmakat.<\/span>[\/vc_column_text][mk_padding_divider size=&#8221;30&#8243;][vc_column_text responsive_align=&#8221;left&#8221;]\n<h5 style=\"text-align: center;\"><b>AZ EL\u0150AD\u00d3KR\u00d3L:<\/b><\/h5>\n[\/vc_column_text][vc_row_inner][vc_column_inner width=&#8221;1\/4&#8243;][mk_image src=&#8221;https:\/\/8thsociodramaconference.com\/wp-content\/uploads\/2024\/03\/Ayala-Krizel.png&#8221; image_width=&#8221;402&#8243; image_height=&#8221;275&#8243; crop=&#8221;false&#8221; hover=&#8221;false&#8221;][\/vc_column_inner][vc_column_inner width=&#8221;3\/4&#8243;][vc_column_text responsive_align=&#8221;left&#8221;]<span style=\"font-weight: 400;\">Ayala Krizel:<br \/>\nPszichodramatista, M.A Haifai Egyetem. Jungi\u00e1nus pszichoterapeuta. A Kfar Shaul pszichi\u00e1triai k\u00f3rh\u00e1zban dolgozott, ment\u00e1lis betegek rehabilit\u00e1ci\u00f3ja, k\u00f6z\u00f6ss\u00e9gi pszichi\u00e1tria), ezen k\u00edv\u00fcl mag\u00e1npraxisban csoportokkal \u00e9s egy\u00e9nekkel. Szupervizor \u00e9s kik\u00e9pz\u0151 a Haifai Egyetemen.<\/span>[\/vc_column_text][\/vc_column_inner][\/vc_row_inner][vc_row_inner][vc_column_inner width=&#8221;1\/4&#8243;][mk_image src=&#8221;https:\/\/8thsociodramaconference.com\/wp-content\/uploads\/2024\/03\/Mali-Raz.png&#8221; image_width=&#8221;402&#8243; image_height=&#8221;275&#8243; crop=&#8221;false&#8221; hover=&#8221;false&#8221;][\/vc_column_inner][vc_column_inner width=&#8221;3\/4&#8243;][vc_column_text responsive_align=&#8221;left&#8221;]<span style=\"font-weight: 400;\">Mali Raz: M.A. Haifai Egyetem. Jungi\u00e1nus terapeuta. Pszichodr\u00e1ma terapeutak\u00e9nt dolgozott az al\u00e1bbi helyeken: Ifj\u00fas\u00e1gi oszt\u00e1ly, pszichi\u00e1triai k\u00f3rh\u00e1z &#8221; Maale Hacarmel&#8221;, Haifa, \u00e9s izraeli- arab iskol\u00e1kban Jiser Azarka \u00e9s Furadis.<br \/>\n<\/span><span style=\"font-weight: 400;\">A stresszhelyzetek kezel\u00e9s\u00e9nek specialist\u00e1ja.<br \/>\n<\/span><span style=\"font-weight: 400;\">Szuperv\u00edzor \u00e9s kik\u00e9pz\u0151 &#8211; Haifai Egyetem, Haifa, Izrael.<\/span>[\/vc_column_text][\/vc_column_inner][\/vc_row_inner][\/vc_column][\/mk_page_section]\n<\/section>","protected":false},"excerpt":{"rendered":"<p>[mk_page_section][vc_column][mk_fancy_title tag_name=&#8221;h2&#8243; size=&#8221;40&#8243; line_height=&#8221;50&#8243; font_family=&#8221;Oswald&#8221; font_type=&#8221;google&#8221; margin_bottom=&#8221;0&#8243;] CSOPORTOK &#8211; \u00d6SSZEK\u00d6TNEK VAGY ELV\u00c1LASZTANAK? (A workshop nyelve angol) EL\u0150AD\u00d3K: MALI RAZ &#8211; AYALA KRIZEL [\/mk_fancy_title][vc_row_inner][vc_column_inner width=&#8221;1\/6&#8243;][mk_image_box title=&#8221;Sociodrama and power&#8221; src=&#8221;https:\/\/8thsociodramaconference.com\/wp-content\/uploads\/2024\/02\/Different-Social-Groups-\u2013-the-Strengths-of-Communities-2.png&#8221; media_width=&#8221;421&#8243; media_height=&#8221;294&#8243; crop=&#8221;false&#8221; image_link=&#8221;url&#8221; url=&#8221;https:\/\/8thsociodramaconference.com\/topic-different-social-groups\/&#8221; target=&#8221;_blank&#8221; align=&#8221;center&#8221; rounded_corner=&#8221;true&#8221;][\/mk_image_box][\/vc_column_inner][vc_column_inner width=&#8221;2\/3&#8243;][vc_column_text responsive_align=&#8221;left&#8221;] ID\u0150PONT: J\u00fanius 27. cs\u00fct\u00f6rt\u00f6k,\u00a014:00-16:30 T\u00c9MA: Szociodr\u00e1ma k\u00fcl\u00f6nf\u00e9le t\u00e1rsadalmi sz\u00edntereken \u00e9s csoportokban \u2013 a k\u00f6z\u00f6ss\u00e9gek ereje PROGRAM T\u00cdPUSA: [&hellip;]<\/p>\n","protected":false},"author":4,"featured_media":0,"parent":0,"menu_order":0,"comment_status":"closed","ping_status":"closed","template":"","meta":{"footnotes":""},"class_list":["post-5728","page","type-page","status-publish","hentry"],"_links":{"self":[{"href":"https:\/\/8thsociodramaconference.com\/hu\/wp-json\/wp\/v2\/pages\/5728","targetHints":{"allow":["GET"]}}],"collection":[{"href":"https:\/\/8thsociodramaconference.com\/hu\/wp-json\/wp\/v2\/pages"}],"about":[{"href":"https:\/\/8thsociodramaconference.com\/hu\/wp-json\/wp\/v2\/types\/page"}],"author":[{"embeddable":true,"href":"https:\/\/8thsociodramaconference.com\/hu\/wp-json\/wp\/v2\/users\/4"}],"replies":[{"embeddable":true,"href":"https:\/\/8thsociodramaconference.com\/hu\/wp-json\/wp\/v2\/comments?post=5728"}],"version-history":[{"count":8,"href":"https:\/\/8thsociodramaconference.com\/hu\/wp-json\/wp\/v2\/pages\/5728\/revisions"}],"predecessor-version":[{"id":7672,"href":"https:\/\/8thsociodramaconference.com\/hu\/wp-json\/wp\/v2\/pages\/5728\/revisions\/7672"}],"wp:attachment":[{"href":"https:\/\/8thsociodramaconference.com\/hu\/wp-json\/wp\/v2\/media?parent=5728"}],"curies":[{"name":"wp","href":"https:\/\/api.w.org\/{rel}","templated":true}]}}