{"id":5724,"date":"2024-02-14T19:05:03","date_gmt":"2024-02-14T18:05:03","guid":{"rendered":"https:\/\/8thsociodramaconference.com\/program-courtney-meadows-regina-sewell\/"},"modified":"2024-05-26T15:12:41","modified_gmt":"2024-05-26T13:12:41","slug":"program-courtney-meadows-regina-sewell","status":"publish","type":"page","link":"https:\/\/8thsociodramaconference.com\/hu\/program-courtney-meadows-regina-sewell\/","title":{"rendered":"Program Courtney Meadows &#8211; Regina Sewell"},"content":{"rendered":"<section class=\"wpb-content-wrapper\">[mk_page_section][vc_column][mk_fancy_title tag_name=&#8221;h2&#8243; size=&#8221;40&#8243; line_height=&#8221;50&#8243; font_family=&#8221;Oswald&#8221; font_type=&#8221;google&#8221; margin_bottom=&#8221;0&#8243;]\n<h3 style=\"text-align: center;\"><b>EGY SZOCIODRAMATIKUS ER\u0150T\u00c9R MEGALKOT\u00c1SA.<br \/>\nFELHATALMAZ\u00c1S AZ \u00dcLD\u00d6Z\u0150KKEL VAL\u00d3 SZEMBESZ\u00c1LL\u00c1SRA<\/b><\/h3>\n<h5 style=\"text-align: center;\"><em>(A workshop nyelve angol)<\/em><\/h5>\n<h5 style=\"text-align: center;\"><span style=\"color: #800000;\"><strong>EL\u0150AD\u00d3K:<\/strong><b> COURTNEY MEADOWS &#8211; REGINA SEWELL<\/b><\/span><\/h5>\n[\/mk_fancy_title][vc_row_inner][vc_column_inner width=&#8221;1\/6&#8243;][mk_image_box title=&#8221;Sociodrama and power&#8221; src=&#8221;https:\/\/8thsociodramaconference.com\/wp-content\/uploads\/2024\/02\/Creative-Collectives-2.png&#8221; media_width=&#8221;421&#8243; media_height=&#8221;294&#8243; crop=&#8221;false&#8221; image_link=&#8221;url&#8221; url=&#8221;https:\/\/8thsociodramaconference.com\/topic-sociodrama-creative-collectives\/&#8221; target=&#8221;_blank&#8221; align=&#8221;center&#8221; rounded_corner=&#8221;true&#8221;][\/mk_image_box][\/vc_column_inner][vc_column_inner width=&#8221;2\/3&#8243;][vc_column_text responsive_align=&#8221;left&#8221;]\n<h5 style=\"text-align: left;\"><b>ID\u0150PONT<\/b><strong>: <\/strong>J\u00fanius 27. cs\u00fct\u00f6rt\u00f6k, 14:00-16:30<br \/>\n<strong>T\u00c9MA: <\/strong>Alkot\u00f3 szociodr\u00e1ma k\u00f6z\u00f6ss\u00e9gek megteremt\u00e9se \u2013 helyi \u00e9s nemzetk\u00f6zi csoportok \u00e9s h\u00e1l\u00f3zatok<br \/>\n<strong>PROGRAM T\u00cdPUSA: <\/strong>Workshop<br \/>\n<strong>TEREM:<\/strong><br \/>\n<strong>R\u00c9SZTVEV\u0150K SZ\u00c1MA: <\/strong>35<br \/>\n<strong>NYELV:<\/strong> Angol<br \/>\n<strong>C\u00cdMKE: <\/strong><a href=\"https:\/\/8thsociodramaconference.com\/hu\/topic-sociodrama-creative-collectives\/\" target=\"_blank\" rel=\"noopener\">Kreat\u00edv k\u00f6z\u00f6ss\u00e9gek,<\/a>\u00a0<a href=\"https:\/\/8thsociodramaconference.com\/hu\/workshops-jun27-afternoon\/\" target=\"_blank\" rel=\"noopener\">Programok j\u00fanius 27. d\u00e9lut\u00e1n<\/a><\/h5>\n[\/vc_column_text][\/vc_column_inner][vc_column_inner width=&#8221;1\/6&#8243;][\/vc_column_inner][\/vc_row_inner][\/vc_column][\/mk_page_section][mk_page_section padding=&#8221;0&#8243;][vc_column][vc_column_text responsive_align=&#8221;left&#8221;]\n<h5 style=\"text-align: center;\"><b>ABSZTRAKT:<\/b><\/h5>\n[\/vc_column_text][vc_column_text responsive_align=&#8221;left&#8221;]<span style=\"font-weight: 400;\">Az idegrendszer\u00fcnk k\u00e9pes t\u00falterhel\u0151dni a fizikai \u00e9s pszichol\u00f3giai biztons\u00e1gunkat fenyeget\u0151 vesz\u00e9lyekt\u0151l. Hogyan v\u00e1lunk \u00e1ldozatokb\u00f3l er\u0151forr\u00e1sokkal b\u00edr\u00f3 t\u00fal\u00e9l\u0151kk\u00e9? Workshopunk a szomatikus (bottom-up) \u00e9s kapcsolati (top-down) megk\u00f6zel\u00edt\u00e9seket haszn\u00e1lja majd annak \u00e9rdek\u00e9ben, hogy eljussunk ezekhez az er\u0151forr\u00e1sokhoz. K\u00e9t elj\u00e1r\u00e1st fogunk kombin\u00e1lni: a mindfulness-t \u00e9s<\/span><span style=\"font-weight: 400;\"> az er\u0151szakmentes<\/span><span style=\"font-weight: 400;\"> kommunik\u00e1ci\u00f3t. A r\u00e9sztvev\u0151k ezen er\u0151forr\u00e1sokkal alkotnak k\u00f6z\u00f6sen egy szociodr\u00e1m\u00e1t, figyelembe v\u00e9ve, hogy ezek hogyan tapasztalhat\u00f3ak meg a dr\u00e1ma h\u00e1romsz\u00f6g szerepeiben: \u00e1ldozat\/t\u00fal\u00e9l\u0151, megment\u0151, \u00fcld\u00f6z\u0151.<\/span><\/p>\n<p><span style=\"font-weight: 400;\">A workshop tanul\u00e1si c\u00e9ljai, hogy a r\u00e9sztvev\u0151k megismerj\u00e9k e k\u00e9t er\u0151forr\u00e1st a fizikai \u00e9s pszichol\u00f3giai biztons\u00e1g kialak\u00edt\u00e1s\u00e1hoz, illetve, hogy a dr\u00e1ma h\u00e1romsz\u00f6g minden szerep\u00e9r\u0151l tapasztalatot szerezzenek.<\/span>[\/vc_column_text][mk_padding_divider size=&#8221;30&#8243;][vc_column_text responsive_align=&#8221;left&#8221;]\n<h5 style=\"text-align: center;\"><b>AZ EL\u0150AD\u00d3KR\u00d3L:<\/b><\/h5>\n[\/vc_column_text][vc_row_inner][vc_column_inner width=&#8221;1\/4&#8243;][mk_image src=&#8221;https:\/\/8thsociodramaconference.com\/wp-content\/uploads\/2024\/02\/Courtney-Meadows.png&#8221; image_width=&#8221;402&#8243; image_height=&#8221;275&#8243; crop=&#8221;false&#8221; hover=&#8221;false&#8221;][\/vc_column_inner][vc_column_inner width=&#8221;3\/4&#8243;][vc_column_text responsive_align=&#8221;left&#8221;]<span style=\"font-weight: 400;\">Courtney Meadows, klinikai szoci\u00e1lis munk\u00e1s diploma, doktori fokozat (LCSW, RDT), \u00e9s dr\u00e1materapeuta v\u00e9gzetts\u00e9g. Courtney a komplex traum\u00e1k \u00e9s a csal\u00e1don bel\u00fcli er\u0151szak gyermek, serd\u00fcl\u0151 \u00e9s feln\u0151tt t\u00fal\u00e9l\u0151i k\u00f6r\u00e9ben alkalmazza a\u00a0 pszichodr\u00e1ma \u00e9s a szociodr\u00e1ma m\u00f3dszer\u00e9t. Ezen k\u00edv\u00fcl t\u00f6bb mint 20 \u00e9v tapasztalata van a k\u00f6z\u00f6ss\u00e9gi sz\u00ednh\u00e1z ter\u00fclet\u00e9n. Elk\u00f6telezett abban, hogy a j\u00e1t\u00e9koss\u00e1g mindenki sz\u00e1m\u00e1ra, minden \u00e9letkorban meg\u00e9leht\u0151 legyen. Courtney tagja az Amerikai Csoportpszichoter\u00e1pi\u00e1s \u00e9s Pszichodr\u00e1ma T\u00e1rsas\u00e1g (ASGPP) vezet\u0151i tan\u00e1cs\u00e1nak, akt\u00edv k\u00fcl\u00f6nb\u00f6z\u0151\u00a0 k\u00f6z\u00f6ss\u00e9gszervez\u0151 kezdem\u00e9nyez\u00e9sekben \u00e9s saj\u00e1t hitk\u00f6z\u00f6ss\u00e9g\u00e9ben.<\/span>[\/vc_column_text][\/vc_column_inner][\/vc_row_inner][vc_row_inner][vc_column_inner width=&#8221;1\/4&#8243;][mk_image src=&#8221;https:\/\/8thsociodramaconference.com\/wp-content\/uploads\/2024\/02\/Regina-Sewell.png&#8221; image_width=&#8221;402&#8243; image_height=&#8221;275&#8243; crop=&#8221;false&#8221; hover=&#8221;false&#8221;][\/vc_column_inner][vc_column_inner width=&#8221;3\/4&#8243;][vc_column_text responsive_align=&#8221;left&#8221;]<span style=\"font-weight: 400;\">Regina Sewell, <\/span><span style=\"font-weight: 400;\">ment\u00e1lis eg\u00e9szs\u00e9g\u00fcgyi tan\u00e1csad\u00f3 (LMHC), coach (PCC), j\u00e1t\u00e9kterapeuta, szociol\u00f3gus (PhD).<\/span><span style=\"font-weight: 400;\"> 2004 \u00f3ta haszn\u00e1l pszichodr\u00e1m\u00e1t kliensekkel \u00e9s csoportokban, \u00e9s 2005 \u00f3ta oktat szociodr\u00e1m\u00e1t szociol\u00f3gus k\u00e9pz\u00e9sben. Regina az ASGPP titk\u00e1ra \u00e9s a Hudson Valley Pszichodr\u00e1ma Int\u00e9zet tan\u00e1ra.<\/span>[\/vc_column_text][\/vc_column_inner][\/vc_row_inner][\/vc_column][\/mk_page_section]\n<\/section>","protected":false},"excerpt":{"rendered":"<p>[mk_page_section][vc_column][mk_fancy_title tag_name=&#8221;h2&#8243; size=&#8221;40&#8243; line_height=&#8221;50&#8243; font_family=&#8221;Oswald&#8221; font_type=&#8221;google&#8221; margin_bottom=&#8221;0&#8243;] EGY SZOCIODRAMATIKUS ER\u0150T\u00c9R MEGALKOT\u00c1SA. FELHATALMAZ\u00c1S AZ \u00dcLD\u00d6Z\u0150KKEL VAL\u00d3 SZEMBESZ\u00c1LL\u00c1SRA (A workshop nyelve angol) EL\u0150AD\u00d3K: COURTNEY MEADOWS &#8211; REGINA SEWELL [\/mk_fancy_title][vc_row_inner][vc_column_inner width=&#8221;1\/6&#8243;][mk_image_box title=&#8221;Sociodrama and power&#8221; src=&#8221;https:\/\/8thsociodramaconference.com\/wp-content\/uploads\/2024\/02\/Creative-Collectives-2.png&#8221; media_width=&#8221;421&#8243; media_height=&#8221;294&#8243; crop=&#8221;false&#8221; image_link=&#8221;url&#8221; url=&#8221;https:\/\/8thsociodramaconference.com\/topic-sociodrama-creative-collectives\/&#8221; target=&#8221;_blank&#8221; align=&#8221;center&#8221; rounded_corner=&#8221;true&#8221;][\/mk_image_box][\/vc_column_inner][vc_column_inner width=&#8221;2\/3&#8243;][vc_column_text responsive_align=&#8221;left&#8221;] ID\u0150PONT: J\u00fanius 27. cs\u00fct\u00f6rt\u00f6k, 14:00-16:30 T\u00c9MA: Alkot\u00f3 szociodr\u00e1ma k\u00f6z\u00f6ss\u00e9gek megteremt\u00e9se \u2013 helyi \u00e9s [&hellip;]<\/p>\n","protected":false},"author":4,"featured_media":0,"parent":0,"menu_order":0,"comment_status":"closed","ping_status":"closed","template":"","meta":{"footnotes":""},"class_list":["post-5724","page","type-page","status-publish","hentry"],"_links":{"self":[{"href":"https:\/\/8thsociodramaconference.com\/hu\/wp-json\/wp\/v2\/pages\/5724","targetHints":{"allow":["GET"]}}],"collection":[{"href":"https:\/\/8thsociodramaconference.com\/hu\/wp-json\/wp\/v2\/pages"}],"about":[{"href":"https:\/\/8thsociodramaconference.com\/hu\/wp-json\/wp\/v2\/types\/page"}],"author":[{"embeddable":true,"href":"https:\/\/8thsociodramaconference.com\/hu\/wp-json\/wp\/v2\/users\/4"}],"replies":[{"embeddable":true,"href":"https:\/\/8thsociodramaconference.com\/hu\/wp-json\/wp\/v2\/comments?post=5724"}],"version-history":[{"count":8,"href":"https:\/\/8thsociodramaconference.com\/hu\/wp-json\/wp\/v2\/pages\/5724\/revisions"}],"predecessor-version":[{"id":7670,"href":"https:\/\/8thsociodramaconference.com\/hu\/wp-json\/wp\/v2\/pages\/5724\/revisions\/7670"}],"wp:attachment":[{"href":"https:\/\/8thsociodramaconference.com\/hu\/wp-json\/wp\/v2\/media?parent=5724"}],"curies":[{"name":"wp","href":"https:\/\/api.w.org\/{rel}","templated":true}]}}