{"id":5716,"date":"2024-02-18T11:53:09","date_gmt":"2024-02-18T10:53:09","guid":{"rendered":"https:\/\/8thsociodramaconference.com\/program-sergio-guimaraes\/"},"modified":"2024-05-26T15:09:28","modified_gmt":"2024-05-26T13:09:28","slug":"program-sergio-guimaraes","status":"publish","type":"page","link":"https:\/\/8thsociodramaconference.com\/hu\/program-sergio-guimaraes\/","title":{"rendered":"Program S\u00e9rgio Guimar\u00e3es"},"content":{"rendered":"<section class=\"wpb-content-wrapper\">[mk_page_section][vc_column][mk_fancy_title tag_name=&#8221;h2&#8243; size=&#8221;40&#8243; line_height=&#8221;50&#8243; font_family=&#8221;Oswald&#8221; font_type=&#8221;google&#8221; margin_bottom=&#8221;0&#8243;]\n<h3 style=\"text-align: center;\"><b>DOKTOR MORENO, HOL VAN A H\u00cdD,<br \/>\nAMI \u00d6SSZEK\u00d6TI A PSZICHODR\u00c1M\u00c1T \u00c9S A SZOCIODR\u00c1M\u00c1T?<\/b><\/h3>\n<h5 style=\"text-align: center;\"><em>(A workshop nyelve angol)<\/em><\/h5>\n<h5 style=\"text-align: center;\"><span style=\"color: #800000;\"><strong>EL\u0150AD\u00d3:<\/strong><b> S\u00c9RGIO GUIMARAES<\/b><\/span><\/h5>\n[\/mk_fancy_title][vc_row_inner][vc_column_inner width=&#8221;1\/6&#8243;][mk_image_box title=&#8221;Sociodrama and power&#8221; src=&#8221;https:\/\/8thsociodramaconference.com\/wp-content\/uploads\/2024\/02\/Sociodrama-and-More-1.png&#8221; media_width=&#8221;421&#8243; media_height=&#8221;294&#8243; crop=&#8221;false&#8221; image_link=&#8221;url&#8221; url=&#8221;https:\/\/8thsociodramaconference.com\/topic-sociodrama-more\/&#8221; target=&#8221;_blank&#8221; align=&#8221;center&#8221; rounded_corner=&#8221;true&#8221;][\/mk_image_box][\/vc_column_inner][vc_column_inner width=&#8221;2\/3&#8243;][vc_column_text responsive_align=&#8221;left&#8221;]\n<h5 style=\"text-align: left;\"><strong>ID\u0150PONT: <\/strong>J\u00fanius 27. cs\u00fct\u00f6rt\u00f6k,\u00a014:00-16:30<br \/>\n<strong>T\u00c9MA: <\/strong>Szociodr\u00e1ma \u00e9s kapcsol\u00f3d\u00e1sai<span style=\"font-weight: 400;\"><br \/>\n<\/span><strong>PROGRAM T\u00cdPUSA: <\/strong>Workshop<br \/>\n<strong>TEREM:<\/strong><br \/>\n<strong>R\u00c9SZTVEV\u0150K SZ\u00c1MA: <\/strong>korl\u00e1toz\u00e1s n\u00e9lk\u00fcl<br \/>\n<strong>NYELV:<\/strong> Angol<br \/>\n<strong>C\u00cdMKE: <\/strong><a href=\"https:\/\/8thsociodramaconference.com\/hu\/topic-sociodrama-more\/\" target=\"_blank\" rel=\"noopener\">Kitekint\u00e9s,<\/a> <a href=\"https:\/\/8thsociodramaconference.com\/hu\/workshops-jun27-afternoon\/\" target=\"_blank\" rel=\"noopener\">Programok j\u00fanius 27. d\u00e9lut\u00e1n<\/a><\/h5>\n[\/vc_column_text][\/vc_column_inner][vc_column_inner width=&#8221;1\/6&#8243;][\/vc_column_inner][\/vc_row_inner][\/vc_column][\/mk_page_section][mk_page_section padding=&#8221;0&#8243;][vc_column][vc_column_text responsive_align=&#8221;left&#8221;]\n<h5 style=\"text-align: center;\"><b>ABSTRACT:<\/b><\/h5>\n[\/vc_column_text][vc_column_text responsive_align=&#8221;left&#8221;]<span style=\"font-weight: 400;\">Annak ellen\u00e9re, hogy a pszichodr\u00e1ma megalkot\u00f3ja m\u00e1r az 1946-ban megjelent \u201cPsychodrama\u201d c\u00edm\u0171 k\u00f6nyv els\u0151 k\u00f6tet\u00e9ben teljesen egy\u00e9rtelm\u0171en fogalmazott pszichodr\u00e1ma \u00e9s szociodr\u00e1ma elv\u00e1laszthatatlan elm\u00e9leti kapcsolat\u00e1r\u00f3l, e k\u00e9t ter\u00fcletet k\u00fcl\u00f6nv\u00e1laszt\u00e1sa m\u00e9g ma, majd 80 \u00e9vvel k\u00e9s\u0151bb is bevett gyakorlat. Az eml\u00edtett k\u00f6nyv 8. r\u00e9sz\u00e9t Moreno a szociodr\u00e1m\u00e1nak sz\u00e1nja, \u00e9s \u00edgy fogalmaz: \u201cAmikor az egy\u00e9neket k\u00f6z\u00f6ss\u00e9gi szerepeik \u00e9s szerepviszonyaik kollekt\u00edv reprezent\u00e1nsainak tekintj\u00fck \u00e9s nem priv\u00e1t szerepeikkel \u00e9s kapcsolataikkal foglalkozunk, a pszichodr\u00e1ma \u2018szocio-pszichodr\u00e1m\u00e1v\u00e1\u2019 vagy r\u00f6viden \u2018szociodr\u00e1m\u00e1v\u00e1\u2019 v\u00e1lik. Sajnos m\u00e9g a nemzetk\u00f6zi kongresszusok \u00e9s konferenci\u00e1k is f\u00fcggetlenk\u00e9nt kezelik a dr\u00e1ma e k\u00e9t form\u00e1j\u00e1t. Ezt a t\u00e9m\u00e1t nem ker\u00fclhetj\u00fck meg! A workshopon azt tapasztalhatj\u00e1k meg a r\u00e9sztvev\u0151k, hogy egy szem\u00e9lyes pszichodr\u00e1ma j\u00e1t\u00e9k, amit a csoport termel ki egy r\u00e1meleged\u00e9s sor\u00e1n, mik\u00e9pp ford\u00edthat\u00f3 val\u00f3di szociodr\u00e1m\u00e1ba. Arra sz\u00e1m\u00edtunk, hogy e tapasztalat nyom\u00e1n a r\u00e9sztvev\u0151k (a) alapvet\u0151 bel\u00e1t\u00e1sokra jutnak priv\u00e1t \u00e9s a kollekt\u00edv szerepek k\u00fcl\u00f6nbs\u00e9g\u00e9r\u0151l, \u00e9s (b) \u00f6tleteik sz\u00fcletnek, hogy mik\u00e9pp hozz\u00e1k l\u00e9tre azokat a csatorn\u00e1kat, amelyek pszichodr\u00e1m\u00e1t \u00e9s szociodr\u00e1m\u00e1t \u00f6sszek\u00f6tik, \u00e9s lehet\u0151v\u00e9 teszik, hogy k\u00f6z\u00f6ss\u00e9gi szerepeinkben is l\u00e1that\u00f3bb\u00e1 v\u00e1ljunk.<\/span>[\/vc_column_text][mk_padding_divider size=&#8221;30&#8243;][vc_column_text responsive_align=&#8221;left&#8221;]\n<h5 style=\"text-align: center;\"><b>AZ EL\u0150AD\u00d3R\u00d3L:<\/b><\/h5>\n[\/vc_column_text][vc_row_inner][vc_column_inner width=&#8221;1\/4&#8243;][mk_image src=&#8221;https:\/\/8thsociodramaconference.com\/wp-content\/uploads\/2024\/02\/Sergio-Guimaraes.png&#8221; image_width=&#8221;402&#8243; image_height=&#8221;275&#8243; crop=&#8221;false&#8221; hover=&#8221;false&#8221;][\/vc_column_inner][vc_column_inner width=&#8221;3\/4&#8243;][vc_column_text responsive_align=&#8221;left&#8221;]<span style=\"font-weight: 400;\">A Buenos Aires-i Egyetem Pszichol\u00f3giai Tansz\u00e9k\u00e9nek megh\u00edvott professzora. Brazil pszichodr\u00e1ma vezet\u0151 \u00e9s szociopszichodr\u00e1ma kik\u00e9pz\u0151, Zerka T. Morenot\u00f3l tanult Pszichol\u00f3gi\u00e1b\u00f3l doktor\u00e1lt a Buenos Aires-i Egyetemen. Sergio eddig t\u00f6bb mint 300 pszichodr\u00e1ma vide\u00f3t rendezett \u00e9s k\u00e9sz\u00edtett a YouTube-on, ebb\u0151l 31-et Zerka Morenoval k\u00f6z\u00f6sen. Az Amerikai Csoportpszichoter\u00e1pi\u00e1s \u00e9s Pszichodr\u00e1ma T\u00e1rsas\u00e1g (ASGPP) \u00e1ltal oda\u00edt\u00e9lt Zerka T. Moreno-d\u00edj (2018) kit\u00fcntetettje. A Braz\u00edli\u00e1ban k\u00e9t pszichodr\u00e1m\u00e1r\u00f3l sz\u00f3l\u00f3 k\u00f6nyve jelent meg,\u00a0 emellett hat nevel\u00e9sr\u0151l sz\u00f3l\u00f3 k\u00f6nyv t\u00e1rsszerz\u0151je Paulo Freire-vel, a braziliai pedag\u00f3gia emblematikus alakj\u00e1val.<\/span>[\/vc_column_text][\/vc_column_inner][\/vc_row_inner][\/vc_column][\/mk_page_section]\n<\/section>","protected":false},"excerpt":{"rendered":"<p>[mk_page_section][vc_column][mk_fancy_title tag_name=&#8221;h2&#8243; size=&#8221;40&#8243; line_height=&#8221;50&#8243; font_family=&#8221;Oswald&#8221; font_type=&#8221;google&#8221; margin_bottom=&#8221;0&#8243;] DOKTOR MORENO, HOL VAN A H\u00cdD, AMI \u00d6SSZEK\u00d6TI A PSZICHODR\u00c1M\u00c1T \u00c9S A SZOCIODR\u00c1M\u00c1T? (A workshop nyelve angol) EL\u0150AD\u00d3: S\u00c9RGIO GUIMARAES [\/mk_fancy_title][vc_row_inner][vc_column_inner width=&#8221;1\/6&#8243;][mk_image_box title=&#8221;Sociodrama and power&#8221; src=&#8221;https:\/\/8thsociodramaconference.com\/wp-content\/uploads\/2024\/02\/Sociodrama-and-More-1.png&#8221; media_width=&#8221;421&#8243; media_height=&#8221;294&#8243; crop=&#8221;false&#8221; image_link=&#8221;url&#8221; url=&#8221;https:\/\/8thsociodramaconference.com\/topic-sociodrama-more\/&#8221; target=&#8221;_blank&#8221; align=&#8221;center&#8221; rounded_corner=&#8221;true&#8221;][\/mk_image_box][\/vc_column_inner][vc_column_inner width=&#8221;2\/3&#8243;][vc_column_text responsive_align=&#8221;left&#8221;] ID\u0150PONT: J\u00fanius 27. cs\u00fct\u00f6rt\u00f6k,\u00a014:00-16:30 T\u00c9MA: Szociodr\u00e1ma \u00e9s kapcsol\u00f3d\u00e1sai PROGRAM T\u00cdPUSA: Workshop TEREM: [&hellip;]<\/p>\n","protected":false},"author":1,"featured_media":0,"parent":0,"menu_order":0,"comment_status":"closed","ping_status":"closed","template":"","meta":{"footnotes":""},"class_list":["post-5716","page","type-page","status-publish","hentry"],"_links":{"self":[{"href":"https:\/\/8thsociodramaconference.com\/hu\/wp-json\/wp\/v2\/pages\/5716","targetHints":{"allow":["GET"]}}],"collection":[{"href":"https:\/\/8thsociodramaconference.com\/hu\/wp-json\/wp\/v2\/pages"}],"about":[{"href":"https:\/\/8thsociodramaconference.com\/hu\/wp-json\/wp\/v2\/types\/page"}],"author":[{"embeddable":true,"href":"https:\/\/8thsociodramaconference.com\/hu\/wp-json\/wp\/v2\/users\/1"}],"replies":[{"embeddable":true,"href":"https:\/\/8thsociodramaconference.com\/hu\/wp-json\/wp\/v2\/comments?post=5716"}],"version-history":[{"count":6,"href":"https:\/\/8thsociodramaconference.com\/hu\/wp-json\/wp\/v2\/pages\/5716\/revisions"}],"predecessor-version":[{"id":7668,"href":"https:\/\/8thsociodramaconference.com\/hu\/wp-json\/wp\/v2\/pages\/5716\/revisions\/7668"}],"wp:attachment":[{"href":"https:\/\/8thsociodramaconference.com\/hu\/wp-json\/wp\/v2\/media?parent=5716"}],"curies":[{"name":"wp","href":"https:\/\/api.w.org\/{rel}","templated":true}]}}