{"id":5710,"date":"2024-02-14T15:32:04","date_gmt":"2024-02-14T14:32:04","guid":{"rendered":"https:\/\/8thsociodramaconference.com\/program-olena-stupak-olena-kuchynska\/"},"modified":"2024-05-26T14:45:02","modified_gmt":"2024-05-26T12:45:02","slug":"program-olena-stupak-olena-kuchynska","status":"publish","type":"page","link":"https:\/\/8thsociodramaconference.com\/hu\/program-olena-stupak-olena-kuchynska\/","title":{"rendered":"Program Olena Stupak &#8211; Olena Kuchynska"},"content":{"rendered":"<section class=\"wpb-content-wrapper\">[mk_page_section][vc_column][mk_fancy_title tag_name=&#8221;h2&#8243; size=&#8221;40&#8243; line_height=&#8221;50&#8243; font_family=&#8221;Oswald&#8221; font_type=&#8221;google&#8221; margin_bottom=&#8221;0&#8243;]\n<h3 style=\"text-align: center;\"><b>N\u00c9PCSOPORTOK HANGJAI<\/b><\/h3>\n<h5 style=\"text-align: center;\"><em>(A workshop nyelve angol)<\/em><\/h5>\n<h5 style=\"text-align: center;\"><span style=\"color: #800000;\"><strong>EL\u0150AD\u00d3K:<\/strong><b> OLENA STUPAK &#8211; OLENA KUCHYNSKA<\/b><\/span><\/h5>\n[\/mk_fancy_title][vc_row_inner][vc_column_inner width=&#8221;1\/6&#8243;][mk_image_box title=&#8221;Sociodrama and power&#8221; src=&#8221;https:\/\/8thsociodramaconference.com\/wp-content\/uploads\/2024\/02\/Collective-Trauma-and-Social-Healing-2.png&#8221; media_width=&#8221;421&#8243; media_height=&#8221;294&#8243; crop=&#8221;false&#8221; image_link=&#8221;url&#8221; url=&#8221;https:\/\/8thsociodramaconference.com\/topic-sociodrama-social-healing\/&#8221; target=&#8221;_blank&#8221; align=&#8221;center&#8221; rounded_corner=&#8221;true&#8221;][\/mk_image_box][\/vc_column_inner][vc_column_inner width=&#8221;2\/3&#8243;][vc_column_text responsive_align=&#8221;left&#8221;]\n<h5 style=\"text-align: left;\"><strong>ID\u0150PONT: <\/strong>J\u00fanius 27. cs\u00fct\u00f6rt\u00f6k, 14:00-16:30<br \/>\n<strong>T\u00c9MA: <\/strong>Szociodr\u00e1ma \u00e9s t\u00e1rsadalmi gy\u00f3gy\u00edt\u00e1s \u2013 fel\u00e9p\u00fcl\u00e9s a kollekt\u00edv kr\u00edzisekb\u0151l \u00e9s traum\u00e1kb\u00f3l<br \/>\n<strong>PROGRAM T\u00cdPUSA: <\/strong>Workshop<br \/>\n<strong>TEREM:<\/strong><br \/>\n<strong>R\u00c9SZTVEV\u0150K SZ\u00c1MA: <\/strong>korl\u00e1toz\u00e1s n\u00e9lk\u00fcl<br \/>\n<strong>NYELV:<\/strong> Angol<br \/>\n<strong>C\u00cdMKE: <\/strong><a href=\"https:\/\/8thsociodramaconference.com\/hu\/topic-sociodrama-social-healing\/\" target=\"_blank\" rel=\"noopener\">T\u00e1rsadalmi gy\u00f3gy\u00edt\u00e1s,<\/a> <a href=\"https:\/\/8thsociodramaconference.com\/hu\/workshops-jun27-afternoon\/\" target=\"_blank\" rel=\"noopener\">Programok j\u00fanius 27-\u00e9n d\u00e9lut\u00e1n<\/a><\/h5>\n[\/vc_column_text][\/vc_column_inner][vc_column_inner width=&#8221;1\/6&#8243;][\/vc_column_inner][\/vc_row_inner][\/vc_column][\/mk_page_section][mk_page_section padding=&#8221;0&#8243;][vc_column][vc_column_text responsive_align=&#8221;left&#8221;]\n<h5 style=\"text-align: center;\"><b>ABSZTRAKT:<\/b><\/h5>\n[\/vc_column_text][vc_column_text responsive_align=&#8221;left&#8221;]<span style=\"font-weight: 400;\">A h\u00e1bor\u00fa traum\u00e1ja olyan megk\u00fczd\u00e9si mechanizmusokat \u00e9lesztett fel Ukrajn\u00e1ban, amelyek b\u00e9keid\u0151ben l\u00e1thatatlanok voltak az ukr\u00e1n t\u00e1rsadalomban. 2022 m\u00e1rcius\u00e1ban \u00e9s \u00e1prilis\u00e1ban k\u00e9t olyan jelens\u00e9get lehetett megfigyelni, amely r\u00e1vil\u00e1g\u00edtott egy megsemmis\u00edt\u00e9sre \u00edt\u00e9lt nemzet t\u00e1rsadalmi \u00e9s kultur\u00e1lis t\u00fal\u00e9l\u00e9si mechanizmusainak term\u00e9szet\u00e9re.<\/span><\/p>\n<ul>\n<li><span style=\"font-weight: 400;\">A konszolid\u00e1ci\u00f3: olyan csoportok t\u00f6meges kialakul\u00e1sa, amelyek az egym\u00e1s fel\u00e9 fordul\u00e1s \u00e9s a v\u00e9dekez\u00e9s akt\u00edv megszervez\u00e9s\u00e9n alapulnak. Az emberek \u00f6sszefognak, hogy a hadseregnek ell\u00e1t\u00e1st \u00e9s felszerel\u00e9seket biztos\u00edtsanak, hogy a sebes\u00fclteket, az \u00e1ldozatokat, az evaku\u00e1l\u00e1sra ker\u00fcl\u0151ket seg\u00edts\u00e9k, hogy egy v\u00e9d\u0151h\u00e1l\u00f3t alak\u00edtsanak ki.<\/span><\/li>\n<li><span style=\"font-weight: 400;\">A m\u0171v\u00e9szeti kifejez\u00e9sm\u00f3dok megjelen\u00e9se: az el\u0151d\u00f6kt\u0151l \u00f6r\u00f6k\u00f6lt n\u00e9pi hagyom\u00e1nyt a lesz\u00e1rmazottak fel\u00e9lesztik. Manaps\u00e1g sz\u00e1mtalan n\u00e9pdalt \u00e9nekl\u00fcnk, mes\u00e9ket, m\u00edtoszokat mondunk a h\u00e9tk\u00f6znapokban \u00e9s el\u0151ker\u00fcl a l\u00e1tsz\u00f3lag r\u00e9g<\/span> <span style=\"font-weight: 400;\">elfeledett d\u00edsz\u00edt\u00e9s az \u00f6lt\u00f6z\u00e9keinken. A kort\u00e1rs m\u0171v\u00e9szet is er\u0151re kap, hogy meg\u00f6r\u00f6k\u00edtse a k\u00fcszk\u00f6d\u00e9sek tapasztalatait. <\/span><\/li>\n<\/ul>\n<p><span style=\"font-weight: 400;\">E jelens\u00e9gek tal\u00e1n univerz\u00e1lisak: a fenyegetetts\u00e9g id\u0151szak\u00e1ban minden embercsoport a legm\u00e9lyebb<\/span><b>, <\/b><span style=\"font-weight: 400;\">r\u00e9gebbi kultur\u00e1lis mint\u00e1ihoz, narrat\u00edv\u00e1ihoz, m\u00edtoszaihoz ny\u00fal vissza. Az \u00e9let ereje \u00e9s az egys\u00e9g ereje is abban rejlik, hogyan siker\u00fcl kapcsol\u00f3dnunk kult\u00far\u00e1nk gy\u00f6kereihez, hogy mindenkor felismerj\u00fck a nemzetek \u00e9s n\u00e9pcsoportok bels\u0151 erej\u00e9t. Ezen a szociodr\u00e1ma workshopunkon kult\u00far\u00e1ink gy\u00f6kereit vizsg\u00e1ljuk a k\u00fcl\u00f6nb\u00f6z\u0151 nemzetis\u00e9g\u0171 r\u00e9sztvev\u0151kkel. Az alkot\u00e1s r\u00e9v\u00e9n kapcsol\u00f3d\u00e1si pontokat \u00e9s az egys\u00e9get keress\u00fck. K\u00fcl\u00f6nb\u00f6z\u0151 m\u0171v\u00e9szetter\u00e1pi\u00e1s eszk\u00f6z\u00f6ket haszn\u00e1lunk majd, amelyek seg\u00edts\u00e9g\u00e9vel a r\u00e9sztvev\u0151k azonos\u00edthatj\u00e1k a sz\u00e1mukra kapaszkod\u00f3t jelent\u0151 kultur\u00e1lis jellegzetess\u00e9geket, \u00e9s felismerhetik az ezekben el\u0151ker\u00fcl\u0151 hasonl\u00f3s\u00e1gokat \u00e9s a k\u00fcl\u00f6nb\u00f6z\u0151s\u00e9geket.<\/span>[\/vc_column_text][mk_padding_divider size=&#8221;30&#8243;][vc_column_text responsive_align=&#8221;left&#8221;]\n<h5 style=\"text-align: center;\"><b>AZ EL\u0150AD\u00d3KR\u00d3L:<\/b><\/h5>\n[\/vc_column_text][vc_row_inner][vc_column_inner width=&#8221;1\/4&#8243;][mk_image src=&#8221;https:\/\/8thsociodramaconference.com\/wp-content\/uploads\/2024\/02\/Olena-Stupak.png&#8221; image_width=&#8221;402&#8243; image_height=&#8221;275&#8243; crop=&#8221;false&#8221; hover=&#8221;false&#8221;][\/vc_column_inner][vc_column_inner width=&#8221;3\/4&#8243;][vc_column_text responsive_align=&#8221;left&#8221;]<span style=\"font-weight: 400;\">Olena Stupak &#8211;\u00a0<\/span><span style=\"font-weight: 400;\">Az Ukr\u00e1n Pszichoterapeut\u00e1k Sz\u00f6vets\u00e9ge (USP) pszichodr\u00e1ma szekci\u00f3j\u00e1nak vezet\u0151je.\u00a0 Az Ukr\u00e1n Pszichoter\u00e1pi\u00e1s Egyes\u00fclet (UUAP) pszichoterapeut\u00e1ja. Az Ukr\u00e1n Pszichoterapeut\u00e1k Uni\u00f3j\u00e1nak regisztr\u00e1lt pszichodr\u00e1ma terapeut\u00e1ja (az Eur\u00f3pai Pszichoter\u00e1pi\u00e1s Sz\u00f6vets\u00e9g szabv\u00e1nyai szerint), az Ukr\u00e1n Pszichoter\u00e1pi\u00e1s Egyetem tan\u00e1ra.<br \/>\n<\/span><span style=\"font-weight: 400;\">K\u00fcl\u00f6nb\u00f6z\u0151 ter\u00fcleteken alkalmazza a szociodr\u00e1ma m\u00f3dszer\u00e9t a csoportokkal val\u00f3 munk\u00e1ban: pszichodr\u00e1ma k\u00e9pz\u0151 csoport, a M\u00e9lt\u00f3s\u00e1g Forradalma csoport r\u00e9sztvev\u0151ivel, szociodr\u00e1ma kurzusok \u00e1llami szervek szoci\u00e1lis munk\u00e1sai sz\u00e1m\u00e1ra, demonstr\u00e1ci\u00f3s mesterkurzusok konferenci\u00e1kon stb. <\/span>[\/vc_column_text][\/vc_column_inner][\/vc_row_inner][vc_row_inner][vc_column_inner width=&#8221;1\/4&#8243;][mk_image src=&#8221;https:\/\/8thsociodramaconference.com\/wp-content\/uploads\/2024\/02\/Olena-Kuchynska.png&#8221; image_width=&#8221;402&#8243; image_height=&#8221;275&#8243; crop=&#8221;false&#8221; hover=&#8221;false&#8221;][\/vc_column_inner][vc_column_inner width=&#8221;3\/4&#8243;][vc_column_text responsive_align=&#8221;left&#8221;]<span style=\"font-weight: 400;\">Olena Kuchynska<\/span> &#8211; <span style=\"font-weight: 400;\">Pszichodr\u00e1ma terapeuta (Norv\u00e9g Moreno Int\u00e9zet min\u0151s\u00edt\u00e9se), mag\u00e1n ter\u00e1pi\u00e1s gyakorlat.<\/span><br \/>\n<span style=\"font-weight: 400;\">Pszichodr\u00e1ma terapeuta, szoci\u00e1lis \u00e9s pszichol\u00f3giai tr\u00e9ningek tart\u00e1s\u00e1ra min\u0151s\u00edtett kik\u00e9pz\u0151, szociodr\u00e1ma \u00e9s pszichodr\u00e1ma vezet\u0151.<\/span><br \/>\n<span style=\"font-weight: 400;\">K\u00fcl\u00f6nb\u00f6z\u0151 ter\u00fcleteken dolgozik szociodr\u00e1ma vezet\u0151k\u00e9nt: szoci\u00e1lis \u00e9s pszichol\u00f3giai tr\u00e9ningek tart\u00e1sa v\u00e1llalatok sz\u00e1m\u00e1ra, t\u00e1mogat\u00f3 csoportok tan\u00e1roknak, tizen\u00e9veseknek rehabilit\u00e1ci\u00f3s k\u00f6zpontokban.<\/span>[\/vc_column_text][\/vc_column_inner][\/vc_row_inner][\/vc_column][\/mk_page_section]\n<\/section>","protected":false},"excerpt":{"rendered":"<p>[mk_page_section][vc_column][mk_fancy_title tag_name=&#8221;h2&#8243; size=&#8221;40&#8243; line_height=&#8221;50&#8243; font_family=&#8221;Oswald&#8221; font_type=&#8221;google&#8221; margin_bottom=&#8221;0&#8243;] N\u00c9PCSOPORTOK HANGJAI (A workshop nyelve angol) EL\u0150AD\u00d3K: OLENA STUPAK &#8211; OLENA KUCHYNSKA [\/mk_fancy_title][vc_row_inner][vc_column_inner width=&#8221;1\/6&#8243;][mk_image_box title=&#8221;Sociodrama and power&#8221; src=&#8221;https:\/\/8thsociodramaconference.com\/wp-content\/uploads\/2024\/02\/Collective-Trauma-and-Social-Healing-2.png&#8221; media_width=&#8221;421&#8243; media_height=&#8221;294&#8243; crop=&#8221;false&#8221; image_link=&#8221;url&#8221; url=&#8221;https:\/\/8thsociodramaconference.com\/topic-sociodrama-social-healing\/&#8221; target=&#8221;_blank&#8221; align=&#8221;center&#8221; rounded_corner=&#8221;true&#8221;][\/mk_image_box][\/vc_column_inner][vc_column_inner width=&#8221;2\/3&#8243;][vc_column_text responsive_align=&#8221;left&#8221;] ID\u0150PONT: J\u00fanius 27. cs\u00fct\u00f6rt\u00f6k, 14:00-16:30 T\u00c9MA: Szociodr\u00e1ma \u00e9s t\u00e1rsadalmi gy\u00f3gy\u00edt\u00e1s \u2013 fel\u00e9p\u00fcl\u00e9s a kollekt\u00edv kr\u00edzisekb\u0151l \u00e9s traum\u00e1kb\u00f3l PROGRAM T\u00cdPUSA: Workshop [&hellip;]<\/p>\n","protected":false},"author":4,"featured_media":0,"parent":0,"menu_order":0,"comment_status":"closed","ping_status":"closed","template":"","meta":{"footnotes":""},"class_list":["post-5710","page","type-page","status-publish","hentry"],"_links":{"self":[{"href":"https:\/\/8thsociodramaconference.com\/hu\/wp-json\/wp\/v2\/pages\/5710","targetHints":{"allow":["GET"]}}],"collection":[{"href":"https:\/\/8thsociodramaconference.com\/hu\/wp-json\/wp\/v2\/pages"}],"about":[{"href":"https:\/\/8thsociodramaconference.com\/hu\/wp-json\/wp\/v2\/types\/page"}],"author":[{"embeddable":true,"href":"https:\/\/8thsociodramaconference.com\/hu\/wp-json\/wp\/v2\/users\/4"}],"replies":[{"embeddable":true,"href":"https:\/\/8thsociodramaconference.com\/hu\/wp-json\/wp\/v2\/comments?post=5710"}],"version-history":[{"count":10,"href":"https:\/\/8thsociodramaconference.com\/hu\/wp-json\/wp\/v2\/pages\/5710\/revisions"}],"predecessor-version":[{"id":7658,"href":"https:\/\/8thsociodramaconference.com\/hu\/wp-json\/wp\/v2\/pages\/5710\/revisions\/7658"}],"wp:attachment":[{"href":"https:\/\/8thsociodramaconference.com\/hu\/wp-json\/wp\/v2\/media?parent=5710"}],"curies":[{"name":"wp","href":"https:\/\/api.w.org\/{rel}","templated":true}]}}