{"id":5705,"date":"2024-02-14T14:43:35","date_gmt":"2024-02-14T13:43:35","guid":{"rendered":"https:\/\/8thsociodramaconference.com\/program-daisy-martinez-dicarlo\/"},"modified":"2024-03-12T09:11:05","modified_gmt":"2024-03-12T08:11:05","slug":"program-daisy-martinez-dicarlo","status":"publish","type":"page","link":"https:\/\/8thsociodramaconference.com\/hu\/program-daisy-martinez-dicarlo\/","title":{"rendered":"Program Daisy Martinez-DiCarlo"},"content":{"rendered":"<section class=\"wpb-content-wrapper\">[mk_page_section][vc_column][mk_fancy_title tag_name=&#8221;h2&#8243; size=&#8221;40&#8243; line_height=&#8221;50&#8243; font_family=&#8221;Oswald&#8221; font_type=&#8221;google&#8221; margin_bottom=&#8221;0&#8243;]\n<h3 style=\"text-align: center;\"><b>AZ IGAZS\u00c1GOSS\u00c1G GYAKORL\u00c1SA AZ EMBERIS\u00c9G FEJL\u0150D\u00c9S\u00c9\u00c9RT: L\u00c9PJ A SZOMSZ\u00c9DOD CIP\u0150J\u00c9BE!<\/b><\/h3>\n<h5 style=\"text-align: center;\"><span style=\"color: #800000;\"><strong>EL\u0150AD\u00d3K:<\/strong><b> DAISY MARTINEZ-DICARLO &#8211; SHEILA DALLAS-KATZMAN<\/b><\/span><\/h5>\n[\/mk_fancy_title][vc_row_inner][vc_column_inner width=&#8221;1\/6&#8243;][mk_image_box title=&#8221;Sociodrama and power&#8221; src=&#8221;https:\/\/8thsociodramaconference.com\/wp-content\/uploads\/2024\/02\/Power-and-Democratic-1.png&#8221; media_width=&#8221;421&#8243; media_height=&#8221;294&#8243; crop=&#8221;false&#8221; image_link=&#8221;url&#8221; url=&#8221;https:\/\/8thsociodramaconference.com\/topic-sociodrama-power\/&#8221; target=&#8221;_blank&#8221; align=&#8221;center&#8221; rounded_corner=&#8221;true&#8221;][\/mk_image_box][\/vc_column_inner][vc_column_inner width=&#8221;2\/3&#8243;][vc_column_text responsive_align=&#8221;left&#8221;]\n<h5 style=\"text-align: left;\"><b>DATE AND TIME: <\/b>27th of June, Thursday\u00a0 10:00-12:30<br \/>\n<b><\/b><strong>CONFERENCE TOPIC: <\/strong>Sociodrama and power \u2013 the future of democratic values<br \/>\n<strong>TYPE: <\/strong>Workshop<br \/>\n<strong>ROOM:<\/strong><br \/>\n<strong>NUMBER OF PARTICIPANTS:\u00a0<\/strong>25<br \/>\n<strong>TAGS:<\/strong> <a href=\"https:\/\/8thsociodramaconference.com\/topic-sociodrama-power\/\" target=\"_blank\" rel=\"noopener\">Sociodrama and Power<\/a>, <a href=\"https:\/\/8thsociodramaconference.com\/workshops-jun27-morning\/\" target=\"_blank\" rel=\"noopener\">June27 Morning<\/a><\/h5>\n[\/vc_column_text][\/vc_column_inner][vc_column_inner width=&#8221;1\/6&#8243;][\/vc_column_inner][\/vc_row_inner][\/vc_column][\/mk_page_section][mk_page_section padding=&#8221;0&#8243;][vc_column][vc_column_text responsive_align=&#8221;left&#8221;]\n<h5 style=\"text-align: center;\"><b>ABSZTRAKT:<\/b><\/h5>\n[\/vc_column_text][vc_column_text responsive_align=&#8221;left&#8221;]<span style=\"font-weight: 400;\">Moreno az\u00e9rt hozta l\u00e9tre a szociodr\u00e1m\u00e1t, hogy k\u00e9pess\u00e9 v\u00e1ljunk kollekt\u00edv szerepeink k\u00f6z\u00f6s megalkot\u00e1s\u00e1ra. E k\u00f6z\u00f6s szerepek mindannyiunkat reprezent\u00e1lnak. A szociodr\u00e1ma k\u00f6z\u00f6s t\u00e9m\u00e1ink fel\u00e9 visz benn\u00fcnket \u00e9s k\u00e9pess\u00e9 tesz minket k\u00f6z\u00f6s \u00fcgyeink kihangos\u00edt\u00e1s\u00e1ra. A szociodr\u00e1ma abban seg\u00edti a r\u00e9sztvev\u0151ket, hogy kifejezz\u00e9k \u00e9rz\u00e9seiket ezen \u00fcgyekkel, neh\u00e9zs\u00e9gekkel kapcsolatban, \u00e9s \u00faj m\u00f3dokat tal\u00e1ljanak ki ezek kezel\u00e9s\u00e9re.<\/span><\/p>\n<p><span style=\"font-weight: 400;\">A workshop<\/span><\/p>\n<ol>\n<li><span style=\"font-weight: 400;\">a r\u00e9sztvev\u0151ket a mindenki sz\u00e1m\u00e1ra univerz\u00e1lis emberi jogok tanulm\u00e1nyoz\u00e1s\u00e1ra sarkallja majd,<\/span><\/li>\n<li><span style=\"font-weight: 400;\">legal\u00e1bb k\u00e9t szociodramatikus technika alkalmaz\u00e1s\u00e1ra teszi \u0151ket k\u00e9pess\u00e9, amelyek r\u00e9v\u00e9n, megadott szerepek elj\u00e1tsz\u00e1s\u00e1val egy-egy k\u00f6z\u00f6ss\u00e9g t\u00e1rsas helyzet\u00e9t tudj\u00e1k l\u00e1that\u00f3v\u00e1 \u00e9s jav\u00edthat\u00f3v\u00e1 tenni,\u00a0<\/span><\/li>\n<li style=\"text-align: left;\"><span style=\"font-weight: 400;\">olyan \u00fajszer\u0171 megold\u00e1sok kidolgoz\u00e1s\u00e1ban seg\u00edti \u0151ket, amelyek biztos\u00edtj\u00e1k az eg\u00e9sz emberis\u00e9g sz\u00e1m\u00e1ra emberi jogaik v\u00e9delm\u00e9t.<\/span><\/li>\n<\/ol>\n[\/vc_column_text][mk_padding_divider size=&#8221;30&#8243;][vc_column_text responsive_align=&#8221;left&#8221;]\n<h5 style=\"text-align: center;\"><b>ABOUT THE PRESENTERS:<\/b><\/h5>\n[\/vc_column_text][vc_row_inner][vc_column_inner width=&#8221;1\/4&#8243;][mk_image src=&#8221;https:\/\/8thsociodramaconference.com\/wp-content\/uploads\/2024\/02\/Daisy-Martinet-DiCarlo2.png&#8221; image_width=&#8221;402&#8243; image_height=&#8221;275&#8243; crop=&#8221;false&#8221; hover=&#8221;false&#8221;][\/vc_column_inner][vc_column_inner width=&#8221;3\/4&#8243;][vc_column_text responsive_align=&#8221;left&#8221;]\n<p style=\"text-align: left;\"><span style=\"font-weight: 400;\">Daisy Martinez-DiCarlo a Theatre for Social Justice alap\u00edt\u00f3ja, amerikai k\u00e9pes\u00edt\u00e9ssel rendelkezik a pszichodr\u00e1ma, a szociometria \u00e9s a csoportpszichoter\u00e1pia ter\u00fclet\u00e9n. Emellett Florida \u00e1llamban ment\u00e1lhigi\u00e9n\u00e9s tan\u00e1csad\u00f3. T\u00f6bb mint 20 \u00e9ve alkalmazza a pszichodr\u00e1m\u00e1t \u00e9s a szociodr\u00e1m\u00e1t mind ter\u00e1pi\u00e1s, mind oktat\u00e1si keretek k\u00f6z\u00f6tt gyermekekkel, serd\u00fcl\u0151kkel \u00e9s feln\u0151ttekkel. Kik\u00e9pz\u0151 jel\u00f6lt. T\u00e1rsvezet\u0151je volt a Soksz\u00edn\u0171s\u00e9gi F\u00f3rumnak a 81. ASGPP konferenci\u00e1n, amelyet a New York-i Fordham Egyetemen tartottak, ahol az egyik el\u0151ad\u00f3ja volt a &#8222;L\u00e9pj a tin\u00e9dzser cip\u0151j\u00e9be a szociodr\u00e1ma seg\u00edts\u00e9g\u00e9vel&#8221; c\u00edm\u0171 prezent\u00e1ci\u00f3nak. Daisy a Trial Lawyer&#8217;s College-ban tan\u00edt, \u00e9s pszichodr\u00e1ma csoportokat vezet<\/span><span style=\"font-weight: 400;\"> traum\u00e1b\u00f3l \u00e9s f\u00fcgg\u0151s\u00e9gb\u0151l f<\/span><span style=\"font-weight: 400;\">el\u00e9p\u00fcl\u0151 n\u0151k sz\u00e1m\u00e1ra.<\/span><\/p>\n[\/vc_column_text][\/vc_column_inner][\/vc_row_inner][vc_row_inner][vc_column_inner width=&#8221;1\/4&#8243;][mk_image src=&#8221;https:\/\/8thsociodramaconference.com\/wp-content\/uploads\/2024\/02\/Sheila-Dallas-Katzman.png&#8221; image_width=&#8221;402&#8243; image_height=&#8221;275&#8243; crop=&#8221;false&#8221; hover=&#8221;false&#8221;][\/vc_column_inner][vc_column_inner width=&#8221;3\/4&#8243;][vc_column_text responsive_align=&#8221;left&#8221;]\n<p style=\"text-align: left;\">Sheila Dallas-Katzman is a passionate action-method practitioner with over 30 years of experience. She has been studying J.L. Moreno\u2019s methods for over ten years and has over 400 credit hours. She is steeped in the techniques of Augusto Boal\u2019s Theatre of the Oppressed. She has worked in both public and private sector institutions and in places of war with astounding results. She is also a journalist and a former United Nations professional. Sheila has an M.A. in Applied Theatre from the University of Manchester.<\/p>\n[\/vc_column_text][\/vc_column_inner][\/vc_row_inner][\/vc_column][\/mk_page_section]\n<\/section>","protected":false},"excerpt":{"rendered":"<p>[mk_page_section][vc_column][mk_fancy_title tag_name=&#8221;h2&#8243; size=&#8221;40&#8243; line_height=&#8221;50&#8243; font_family=&#8221;Oswald&#8221; font_type=&#8221;google&#8221; margin_bottom=&#8221;0&#8243;] AZ IGAZS\u00c1GOSS\u00c1G GYAKORL\u00c1SA AZ EMBERIS\u00c9G FEJL\u0150D\u00c9S\u00c9\u00c9RT: L\u00c9PJ A SZOMSZ\u00c9DOD CIP\u0150J\u00c9BE! EL\u0150AD\u00d3K: DAISY MARTINEZ-DICARLO &#8211; SHEILA DALLAS-KATZMAN [\/mk_fancy_title][vc_row_inner][vc_column_inner width=&#8221;1\/6&#8243;][mk_image_box title=&#8221;Sociodrama and power&#8221; src=&#8221;https:\/\/8thsociodramaconference.com\/wp-content\/uploads\/2024\/02\/Power-and-Democratic-1.png&#8221; media_width=&#8221;421&#8243; media_height=&#8221;294&#8243; crop=&#8221;false&#8221; image_link=&#8221;url&#8221; url=&#8221;https:\/\/8thsociodramaconference.com\/topic-sociodrama-power\/&#8221; target=&#8221;_blank&#8221; align=&#8221;center&#8221; rounded_corner=&#8221;true&#8221;][\/mk_image_box][\/vc_column_inner][vc_column_inner width=&#8221;2\/3&#8243;][vc_column_text responsive_align=&#8221;left&#8221;] DATE AND TIME: 27th of June, Thursday\u00a0 10:00-12:30 CONFERENCE TOPIC: Sociodrama and power \u2013 the future [&hellip;]<\/p>\n","protected":false},"author":4,"featured_media":0,"parent":0,"menu_order":0,"comment_status":"closed","ping_status":"closed","template":"","meta":{"footnotes":""},"class_list":["post-5705","page","type-page","status-publish","hentry"],"_links":{"self":[{"href":"https:\/\/8thsociodramaconference.com\/hu\/wp-json\/wp\/v2\/pages\/5705","targetHints":{"allow":["GET"]}}],"collection":[{"href":"https:\/\/8thsociodramaconference.com\/hu\/wp-json\/wp\/v2\/pages"}],"about":[{"href":"https:\/\/8thsociodramaconference.com\/hu\/wp-json\/wp\/v2\/types\/page"}],"author":[{"embeddable":true,"href":"https:\/\/8thsociodramaconference.com\/hu\/wp-json\/wp\/v2\/users\/4"}],"replies":[{"embeddable":true,"href":"https:\/\/8thsociodramaconference.com\/hu\/wp-json\/wp\/v2\/comments?post=5705"}],"version-history":[{"count":2,"href":"https:\/\/8thsociodramaconference.com\/hu\/wp-json\/wp\/v2\/pages\/5705\/revisions"}],"predecessor-version":[{"id":5707,"href":"https:\/\/8thsociodramaconference.com\/hu\/wp-json\/wp\/v2\/pages\/5705\/revisions\/5707"}],"wp:attachment":[{"href":"https:\/\/8thsociodramaconference.com\/hu\/wp-json\/wp\/v2\/media?parent=5705"}],"curies":[{"name":"wp","href":"https:\/\/api.w.org\/{rel}","templated":true}]}}