{"id":5702,"date":"2024-02-14T14:06:52","date_gmt":"2024-02-14T13:06:52","guid":{"rendered":"https:\/\/8thsociodramaconference.com\/program-oded-nave\/"},"modified":"2024-05-26T11:27:44","modified_gmt":"2024-05-26T09:27:44","slug":"program-oded-nave","status":"publish","type":"page","link":"https:\/\/8thsociodramaconference.com\/hu\/program-oded-nave\/","title":{"rendered":"Program Oded Nav\u00e9"},"content":{"rendered":"<section class=\"wpb-content-wrapper\">[mk_page_section][vc_column][mk_fancy_title tag_name=&#8221;h2&#8243; size=&#8221;40&#8243; line_height=&#8221;50&#8243; font_family=&#8221;Oswald&#8221; font_type=&#8221;google&#8221; margin_bottom=&#8221;0&#8243;]\n<h3 style=\"text-align: center;\"><b>SZOCIOMETRIA, SZOCIODR\u00c1MA \u00c9S PSZICHODR\u00c1MA \u2013 \u00daT A CSOPORTT\u00d3L AZ EGY\u00c9N FEL\u00c9<\/b><\/h3>\n<h5 style=\"text-align: center;\"><em>(A workshop nyelve angol)<\/em><\/h5>\n<h5 style=\"text-align: center;\"><span style=\"color: #800000;\"><strong>EL\u0150AD\u00d3:<\/strong><b> ODED NAV\u00c9<\/b><\/span><\/h5>\n[\/mk_fancy_title][vc_row_inner][vc_column_inner width=&#8221;1\/6&#8243;][mk_image_box title=&#8221;Sociodrama and power&#8221; src=&#8221;https:\/\/8thsociodramaconference.com\/wp-content\/uploads\/2024\/02\/Sociodrama-and-More-1.png&#8221; media_width=&#8221;421&#8243; media_height=&#8221;294&#8243; crop=&#8221;false&#8221; image_link=&#8221;url&#8221; url=&#8221;https:\/\/8thsociodramaconference.com\/topic-sociodrama-more\/&#8221; target=&#8221;_blank&#8221; align=&#8221;center&#8221; rounded_corner=&#8221;true&#8221;][\/mk_image_box][\/vc_column_inner][vc_column_inner width=&#8221;2\/3&#8243;][vc_column_text responsive_align=&#8221;left&#8221;]\n<h5 style=\"text-align: left;\"><strong>ID\u0150PONT: <\/strong>J\u00fanius 27. cs\u00fct\u00f6rt\u00f6k,\u00a0 10:00-12:30<br \/>\n<strong>T\u00c9MA: <\/strong>Szociodr\u00e1ma \u00e9s kapcsol\u00f3d\u00e1sai<span style=\"font-weight: 400;\"><br \/>\n<\/span><strong>PROGRAM T\u00cdPUSA: <\/strong>Workshop<br \/>\n<strong>TEREM:<\/strong><br \/>\n<strong>R\u00c9SZTVEV\u0150K SZ\u00c1MA: <\/strong>30<br \/>\n<strong>NYELV:<\/strong> Angol<br \/>\n<strong>C\u00cdMKE: <\/strong><a href=\"https:\/\/8thsociodramaconference.com\/hu\/topic-sociodrama-more\/\" target=\"_blank\" rel=\"noopener\">Kitekint\u00e9s,<\/a> <a href=\"https:\/\/8thsociodramaconference.com\/hu\/workshops-jun27-morning\/\" target=\"_blank\" rel=\"noopener\">Programok j\u00fanius 27-\u00e9n d\u00e9lel\u0151tt<\/a><\/h5>\n[\/vc_column_text][\/vc_column_inner][vc_column_inner width=&#8221;1\/6&#8243;][\/vc_column_inner][\/vc_row_inner][\/vc_column][\/mk_page_section][mk_page_section padding=&#8221;0&#8243;][vc_column][vc_column_text responsive_align=&#8221;left&#8221;]\n<h5 style=\"text-align: center;\"><b>ABSZTRAKT:<\/b><\/h5>\n[\/vc_column_text][vc_column_text responsive_align=&#8221;left&#8221;]\n<p style=\"text-align: left;\"><span style=\"font-weight: 400;\">A workshop sor\u00e1n a J. L. Moreno \u00e1ltal kidolgozott h\u00e1rom kapcsol\u00f3d\u00e1si szintet vizsg\u00e1ljuk: a szociometria, a szociodr\u00e1ma \u00e9s a pszichodr\u00e1ma haszn\u00e1lat\u00e1t. A r\u00e9sztvev\u0151k egy csoport\u00e9lm\u00e9ny sor\u00e1n tapasztalj\u00e1k meg e h\u00e1rom, az emberi kapcsolatok ter\u00fclet\u00e9t \u00e9rint\u0151 fontos innov\u00e1ci\u00f3t. A csoport <\/span><span style=\"font-weight: 400;\">telikus <\/span><span style=\"font-weight: 400;\">kapcsolatai &#8211; a k\u00fcl\u00f6nb\u00f6z\u0151 h\u00e1tt\u00e9rrel, t\u00f6rt\u00e9netekkel \u00e9s<\/span><span style=\"font-weight: 400;\"> tervekkel<\/span><span style=\"font-weight: 400;\"> rendelkez\u0151 r\u00e9sztvev\u0151k kapcsol\u00f3d\u00e1sa &#8211;\u00a0 olyan saj\u00e1tos csoportkult\u00far\u00e1t teremtenek az itt \u00e9s mostban, amely egyedi ak\u00e1rcsak valakinek az ujjlenyomata. A workshop sor\u00e1n a csoportl\u00e9t \u00e9s a csoportm\u0171k\u00f6d\u00e9s k\u00e9rd\u00e9seivel foglalkozunk majd, a tudatos \u00e9s tudatalatti m\u0171k\u00f6d\u00e9sekkel, amely r\u00e9v\u00e9n a jelent vizsg\u00e1lhatjuk: Mi j\u00f6n l\u00e9tre az itt \u00e9s mostban? Hogyan termeli ki a t\u00e9m\u00e1it a csoport? Hogyan lesz ennek a hordoz\u00f3ja \u00e9s k\u00e9pvisel\u0151je egy konkr\u00e9t szem\u00e9ly, az aktu\u00e1lis protagonista?<\/span><\/p>\n[\/vc_column_text][mk_padding_divider size=&#8221;30&#8243;][vc_column_text responsive_align=&#8221;left&#8221;]\n<h5 style=\"text-align: center;\"><b>AZ EL\u0150AD\u00d3R\u00d3L:<\/b><\/h5>\n[\/vc_column_text][vc_row_inner][vc_column_inner width=&#8221;1\/4&#8243;][mk_image src=&#8221;https:\/\/8thsociodramaconference.com\/wp-content\/uploads\/2024\/02\/Oded-Nave.png&#8221; image_width=&#8221;402&#8243; image_height=&#8221;275&#8243; crop=&#8221;false&#8221; hover=&#8221;false&#8221;][\/vc_column_inner][vc_column_inner width=&#8221;3\/4&#8243;][vc_column_text responsive_align=&#8221;left&#8221;]<span style=\"font-weight: 400;\">1982-ben kezdte a pszichodr\u00e1ma k\u00e9pz\u00e9s\u00e9t. Oded 1994-ben alap\u00edtotta a Kivunim Int\u00e9zetet Tel Avivban, Izraelben. Az int\u00e9zet egyszerre klinika \u00e9s k\u00e9pz\u00e9si int\u00e9zm\u00e9ny.<\/span><\/p>\n<p><span style=\"font-weight: 400;\">Oded pszichodr\u00e1m\u00e1t tan\u00edtott f\u0151iskol\u00e1kon \u00e9s egyetemeken Izraelben, valamint pszichodr\u00e1ma workshopokat \u00e9s mesterkurzusokat vezetett Szerbi\u00e1ban, Horv\u00e1torsz\u00e1gban, Szlov\u00e9ni\u00e1ban, Maced\u00f3ni\u00e1ban, Angli\u00e1ban, G\u00f6r\u00f6gorsz\u00e1gban, T\u00f6r\u00f6korsz\u00e1gban, Oroszorsz\u00e1gban, Ukrajn\u00e1ban \u00e9s Kazahszt\u00e1nban.<\/span>[\/vc_column_text][\/vc_column_inner][\/vc_row_inner][\/vc_column][\/mk_page_section]\n<\/section>","protected":false},"excerpt":{"rendered":"<p>[mk_page_section][vc_column][mk_fancy_title tag_name=&#8221;h2&#8243; size=&#8221;40&#8243; line_height=&#8221;50&#8243; font_family=&#8221;Oswald&#8221; font_type=&#8221;google&#8221; margin_bottom=&#8221;0&#8243;] SZOCIOMETRIA, SZOCIODR\u00c1MA \u00c9S PSZICHODR\u00c1MA \u2013 \u00daT A CSOPORTT\u00d3L AZ EGY\u00c9N FEL\u00c9 (A workshop nyelve angol) EL\u0150AD\u00d3: ODED NAV\u00c9 [\/mk_fancy_title][vc_row_inner][vc_column_inner width=&#8221;1\/6&#8243;][mk_image_box title=&#8221;Sociodrama and power&#8221; src=&#8221;https:\/\/8thsociodramaconference.com\/wp-content\/uploads\/2024\/02\/Sociodrama-and-More-1.png&#8221; media_width=&#8221;421&#8243; media_height=&#8221;294&#8243; crop=&#8221;false&#8221; image_link=&#8221;url&#8221; url=&#8221;https:\/\/8thsociodramaconference.com\/topic-sociodrama-more\/&#8221; target=&#8221;_blank&#8221; align=&#8221;center&#8221; rounded_corner=&#8221;true&#8221;][\/mk_image_box][\/vc_column_inner][vc_column_inner width=&#8221;2\/3&#8243;][vc_column_text responsive_align=&#8221;left&#8221;] ID\u0150PONT: J\u00fanius 27. cs\u00fct\u00f6rt\u00f6k,\u00a0 10:00-12:30 T\u00c9MA: Szociodr\u00e1ma \u00e9s kapcsol\u00f3d\u00e1sai PROGRAM T\u00cdPUSA: Workshop TEREM: R\u00c9SZTVEV\u0150K [&hellip;]<\/p>\n","protected":false},"author":4,"featured_media":0,"parent":0,"menu_order":0,"comment_status":"closed","ping_status":"closed","template":"","meta":{"footnotes":""},"class_list":["post-5702","page","type-page","status-publish","hentry"],"_links":{"self":[{"href":"https:\/\/8thsociodramaconference.com\/hu\/wp-json\/wp\/v2\/pages\/5702","targetHints":{"allow":["GET"]}}],"collection":[{"href":"https:\/\/8thsociodramaconference.com\/hu\/wp-json\/wp\/v2\/pages"}],"about":[{"href":"https:\/\/8thsociodramaconference.com\/hu\/wp-json\/wp\/v2\/types\/page"}],"author":[{"embeddable":true,"href":"https:\/\/8thsociodramaconference.com\/hu\/wp-json\/wp\/v2\/users\/4"}],"replies":[{"embeddable":true,"href":"https:\/\/8thsociodramaconference.com\/hu\/wp-json\/wp\/v2\/comments?post=5702"}],"version-history":[{"count":7,"href":"https:\/\/8thsociodramaconference.com\/hu\/wp-json\/wp\/v2\/pages\/5702\/revisions"}],"predecessor-version":[{"id":7634,"href":"https:\/\/8thsociodramaconference.com\/hu\/wp-json\/wp\/v2\/pages\/5702\/revisions\/7634"}],"wp:attachment":[{"href":"https:\/\/8thsociodramaconference.com\/hu\/wp-json\/wp\/v2\/media?parent=5702"}],"curies":[{"name":"wp","href":"https:\/\/api.w.org\/{rel}","templated":true}]}}