{"id":5697,"date":"2024-02-14T14:01:42","date_gmt":"2024-02-14T13:01:42","guid":{"rendered":"https:\/\/8thsociodramaconference.com\/program-antonio-zanardo\/"},"modified":"2024-05-26T11:26:25","modified_gmt":"2024-05-26T09:26:25","slug":"program-antonio-zanardo","status":"publish","type":"page","link":"https:\/\/8thsociodramaconference.com\/hu\/program-antonio-zanardo\/","title":{"rendered":"Program Antonio Zanardo"},"content":{"rendered":"<section class=\"wpb-content-wrapper\">[mk_page_section][vc_column][mk_fancy_title tag_name=&#8221;h2&#8243; size=&#8221;40&#8243; line_height=&#8221;50&#8243; font_family=&#8221;Oswald&#8221; font_type=&#8221;google&#8221; margin_bottom=&#8221;0&#8243;]\n<h3 style=\"text-align: center;\"><strong><b>A SZOCIODR\u00c1MA, MINT A SZAKMAI SZEREPEK FEJLESZT\u00c9S\u00c9NEK ESZK\u00d6ZE A SZERVEZETEKBEN<\/b><\/strong><\/h3>\n<h5 style=\"text-align: center;\"><em>(A workshop nyelve angol)<\/em><\/h5>\n<h5 style=\"text-align: center;\"><span style=\"color: #800000;\"><strong>EL\u0150AD\u00d3: ANTONIO ZANARDO<\/strong><\/span><\/h5>\n[\/mk_fancy_title][vc_row_inner][vc_column_inner width=&#8221;1\/6&#8243;][mk_image_box title=&#8221;Sociodrama and power&#8221; src=&#8221;https:\/\/8thsociodramaconference.com\/wp-content\/uploads\/2024\/02\/Organisational-Dev-2.png&#8221; media_width=&#8221;421&#8243; media_height=&#8221;294&#8243; crop=&#8221;false&#8221; image_link=&#8221;url&#8221; url=&#8221;https:\/\/8thsociodramaconference.com\/topic-organisational-development\/&#8221; target=&#8221;_blank&#8221; align=&#8221;center&#8221; rounded_corner=&#8221;true&#8221;][\/mk_image_box][\/vc_column_inner][vc_column_inner width=&#8221;2\/3&#8243;][vc_column_text responsive_align=&#8221;left&#8221;]\n<h5 style=\"text-align: left;\"><b>ID\u0150PONT: <\/b>J\u00fanius 27. cs\u00fct\u00f6rt\u00f6k,\u00a010:00-12:30<br \/>\n<b><\/b><strong>T\u00c9MA: <\/strong>Szociodr\u00e1ma a szervezetfejleszt\u00e9sben, coachingban \u00e9s tr\u00e9ningekben<br \/>\n<b>PROGRAM T\u00cdPUSA:<\/b> Workshop<br \/>\n<strong>TEREM:<\/strong><br \/>\n<strong>R\u00c9SZTVEV\u0150K SZ\u00c1MA: <\/strong>20<br \/>\n<strong>NYELV:<\/strong> Angol<br \/>\n<strong>C\u00cdMKE: <\/strong><a href=\"https:\/\/8thsociodramaconference.com\/hu\/topic-organisational-development\/\" target=\"_blank\" rel=\"noopener\">Szervezetfejleszt\u00e9s,<\/a> <a href=\"https:\/\/8thsociodramaconference.com\/hu\/workshops-jun27-morning\/\" target=\"_blank\" rel=\"noopener\">Programok j\u00fanius 27-\u00e9n d\u00e9lel\u0151tt<\/a><\/h5>\n[\/vc_column_text][\/vc_column_inner][vc_column_inner width=&#8221;1\/6&#8243;][\/vc_column_inner][\/vc_row_inner][\/vc_column][\/mk_page_section][mk_page_section padding=&#8221;0&#8243;][vc_column][vc_column_text responsive_align=&#8221;left&#8221;]\n<h5 style=\"text-align: center;\"><b>ABSZTRAKT:<\/b><\/h5>\n[\/vc_column_text][vc_column_text responsive_align=&#8221;left&#8221;]<span style=\"font-weight: 400;\">A nonprofit vagy for-profit szervezetekben a szociodramatikus beavatkoz\u00e1s egyik f\u0151 c\u00e9lja a szakmai szerepek \u00e9s az azokhoz kapcsol\u00f3d\u00f3 jelent\u00e9sek form\u00e1l\u00e1sa lehet. A form\u00e1lis strukt\u00fara sosem egyezik a t\u00e9nyleges szervezeti m\u0171k\u00f6d\u00e9ssel<\/span><b>, <\/b><span style=\"font-weight: 400;\">\u00edgy az emberek folyamatosan konfliktust \u00e9lnek meg, ez pedig \u00f6nv\u00e9delemre k\u00e9nyszer\u00edti \u0151ket. A munkahelyi k\u00f6z\u00f6ss\u00e9gek k\u00e9pesek egy\u00fcttm\u0171k\u00f6dni, kommunik\u00e1lni, megbirk\u00f3zni a mindennapi feladatokkal, de kev\u00e9s a lehet\u0151s\u00e9g a megoszt\u00e1sra, az integr\u00e1ci\u00f3 megteremt\u00e9s\u00e9re. A szimbolikus nyelv \u00e9s a szociodramatikus megjelen\u00edt\u00e9s r\u00e9v\u00e9n az int\u00e9zm\u00e9nyi szerepl\u0151k \u00faj kapcsol\u00f3d\u00e1si m\u00f3dokat tapasztalnak meg, amelyek seg\u00edtik \u0151ket, hogy \u00faj v\u00e1laszaik legyenek az felmer\u00fcl\u0151 neh\u00e9zs\u00e9gekre \u00e9s konfliktusokra. A\u00a0 szervezetekben a szociodr\u00e1ma feladata az lehet, hogy seg\u00edtsen<\/span> <span style=\"font-weight: 400;\">a priv\u00e1t \u00e9s kollekt\u00edv szerepek \u00f6sszehangol\u00e1s\u00e1ban,\u00a0 a t\u00e1rsas \u00e9s szem\u00e9lyes j\u00f3ll\u00e9t el\u00e9r\u00e9s\u00e9ben \u00e9s egy \u201cpozit\u00edv tele\u201d kialak\u00edt\u00e1s\u00e1ban.<\/span><\/p>\n<p><span style=\"font-weight: 400;\">A workshop r\u00e9v\u00e9n a r\u00e9sztvev\u0151k:<\/span><\/p>\n<ul>\n<li><span style=\"font-weight: 400;\">tudatosabban reflekt\u00e1lnak szerepalak\u00edt\u00e1saikra \u00e9s hogy milyen ig\u00e9nyeket fogalmaz meg k\u00f6zeg\u00fck ezzel kapcsolatban,\u00a0<\/span><\/li>\n<li><span style=\"font-weight: 400;\">vil\u00e1gosabban l\u00e1tj\u00e1k a csoportdinamik\u00e1t \u00e9s az abb\u00f3l ered\u0151 konfliktusokat.<\/span><\/li>\n<\/ul>\n[\/vc_column_text][mk_padding_divider size=&#8221;30&#8243;][vc_column_text responsive_align=&#8221;left&#8221;]\n<h5 style=\"text-align: center;\"><b>AZ EL\u0150AD\u00d3R\u00d3L:<\/b><\/h5>\n[\/vc_column_text][vc_row_inner][vc_column_inner width=&#8221;1\/4&#8243;][mk_image src=&#8221;https:\/\/8thsociodramaconference.com\/wp-content\/uploads\/2024\/02\/Antonio-Zanardo.png&#8221; image_width=&#8221;402&#8243; image_height=&#8221;275&#8243; crop=&#8221;false&#8221; hover=&#8221;false&#8221;][\/vc_column_inner][vc_column_inner width=&#8221;3\/4&#8243;][vc_column_text responsive_align=&#8221;left&#8221;]\n<p style=\"text-align: left;\"><span style=\"font-weight: 400;\">Antonio Zanardo olasz pedag\u00f3gus, tr\u00e9ner \u00e9s pszichodramatista. Szabad\u00fasz\u00f3k\u00e9nt dolgozik c\u00e9geknek \u00e9s nonprofit szervezeteknek, k\u00e9pz\u00e9si \u00e9s szuperv\u00edzi\u00f3s foglalkoz\u00e1sokat tart. Mintegy 20 \u00e9ve tan\u00edt a mil\u00e1n\u00f3i Paola De Leonardis Centro Studi Psicodramma nev\u0171 int\u00e9zm\u00e9nyben.<\/span><\/p>\n[\/vc_column_text][\/vc_column_inner][\/vc_row_inner][\/vc_column][\/mk_page_section]\n<\/section>","protected":false},"excerpt":{"rendered":"<p>[mk_page_section][vc_column][mk_fancy_title tag_name=&#8221;h2&#8243; size=&#8221;40&#8243; line_height=&#8221;50&#8243; font_family=&#8221;Oswald&#8221; font_type=&#8221;google&#8221; margin_bottom=&#8221;0&#8243;] A SZOCIODR\u00c1MA, MINT A SZAKMAI SZEREPEK FEJLESZT\u00c9S\u00c9NEK ESZK\u00d6ZE A SZERVEZETEKBEN (A workshop nyelve angol) EL\u0150AD\u00d3: ANTONIO ZANARDO [\/mk_fancy_title][vc_row_inner][vc_column_inner width=&#8221;1\/6&#8243;][mk_image_box title=&#8221;Sociodrama and power&#8221; src=&#8221;https:\/\/8thsociodramaconference.com\/wp-content\/uploads\/2024\/02\/Organisational-Dev-2.png&#8221; media_width=&#8221;421&#8243; media_height=&#8221;294&#8243; crop=&#8221;false&#8221; image_link=&#8221;url&#8221; url=&#8221;https:\/\/8thsociodramaconference.com\/topic-organisational-development\/&#8221; target=&#8221;_blank&#8221; align=&#8221;center&#8221; rounded_corner=&#8221;true&#8221;][\/mk_image_box][\/vc_column_inner][vc_column_inner width=&#8221;2\/3&#8243;][vc_column_text responsive_align=&#8221;left&#8221;] ID\u0150PONT: J\u00fanius 27. cs\u00fct\u00f6rt\u00f6k,\u00a010:00-12:30 T\u00c9MA: Szociodr\u00e1ma a szervezetfejleszt\u00e9sben, coachingban \u00e9s tr\u00e9ningekben PROGRAM T\u00cdPUSA: Workshop TEREM: [&hellip;]<\/p>\n","protected":false},"author":4,"featured_media":0,"parent":0,"menu_order":0,"comment_status":"closed","ping_status":"closed","template":"","meta":{"footnotes":""},"class_list":["post-5697","page","type-page","status-publish","hentry"],"_links":{"self":[{"href":"https:\/\/8thsociodramaconference.com\/hu\/wp-json\/wp\/v2\/pages\/5697","targetHints":{"allow":["GET"]}}],"collection":[{"href":"https:\/\/8thsociodramaconference.com\/hu\/wp-json\/wp\/v2\/pages"}],"about":[{"href":"https:\/\/8thsociodramaconference.com\/hu\/wp-json\/wp\/v2\/types\/page"}],"author":[{"embeddable":true,"href":"https:\/\/8thsociodramaconference.com\/hu\/wp-json\/wp\/v2\/users\/4"}],"replies":[{"embeddable":true,"href":"https:\/\/8thsociodramaconference.com\/hu\/wp-json\/wp\/v2\/comments?post=5697"}],"version-history":[{"count":7,"href":"https:\/\/8thsociodramaconference.com\/hu\/wp-json\/wp\/v2\/pages\/5697\/revisions"}],"predecessor-version":[{"id":7633,"href":"https:\/\/8thsociodramaconference.com\/hu\/wp-json\/wp\/v2\/pages\/5697\/revisions\/7633"}],"wp:attachment":[{"href":"https:\/\/8thsociodramaconference.com\/hu\/wp-json\/wp\/v2\/media?parent=5697"}],"curies":[{"name":"wp","href":"https:\/\/api.w.org\/{rel}","templated":true}]}}