{"id":5694,"date":"2024-02-14T11:51:30","date_gmt":"2024-02-14T10:51:30","guid":{"rendered":"https:\/\/8thsociodramaconference.com\/program-manuela-maciel\/"},"modified":"2024-05-26T11:31:55","modified_gmt":"2024-05-26T09:31:55","slug":"program-manuela-maciel","status":"publish","type":"page","link":"https:\/\/8thsociodramaconference.com\/hu\/program-manuela-maciel\/","title":{"rendered":"Program Manuela Maciel"},"content":{"rendered":"<section class=\"wpb-content-wrapper\">[mk_page_section][vc_column][mk_fancy_title tag_name=&#8221;h2&#8243; size=&#8221;40&#8243; line_height=&#8221;50&#8243; font_family=&#8221;Oswald&#8221; font_type=&#8221;google&#8221; margin_bottom=&#8221;0&#8243;]\n<h3 style=\"text-align: center;\"><b>TRANSZGENER\u00c1CI\u00d3S SZOCIODR\u00c1MA WORKSHOP<\/b><\/h3>\n<h5 style=\"text-align: center;\"><em>(A workshop nyelve angol, magyar nyelv\u0171 tolm\u00e1csol\u00e1ssal)<\/em><\/h5>\n<h5 style=\"text-align: center;\"><span style=\"color: #800000;\"><strong>EL\u0150AD\u00d3:<\/strong><b> MANUELA MACIEL<\/b><\/span><\/h5>\n[\/mk_fancy_title][vc_row_inner][vc_column_inner width=&#8221;1\/6&#8243;][mk_image_box title=&#8221;Sociodrama and power&#8221; src=&#8221;https:\/\/8thsociodramaconference.com\/wp-content\/uploads\/2024\/02\/Collective-Trauma-and-Social-Healing-2.png&#8221; media_width=&#8221;421&#8243; media_height=&#8221;294&#8243; crop=&#8221;false&#8221; image_link=&#8221;url&#8221; url=&#8221;https:\/\/8thsociodramaconference.com\/topic-sociodrama-social-healing\/&#8221; target=&#8221;_blank&#8221; align=&#8221;center&#8221; rounded_corner=&#8221;true&#8221;][\/mk_image_box][\/vc_column_inner][vc_column_inner width=&#8221;2\/3&#8243;][vc_column_text responsive_align=&#8221;left&#8221;]\n<h5 style=\"text-align: left;\"><b>ID\u0150PONT: <\/b>J\u00fanius 27. cs\u00fct\u00f6rt\u00f6k,\u00a010:00-13:00<br \/>\n<b><\/b><strong>T\u00c9MA: <\/strong>Szociodr\u00e1ma \u00e9s t\u00e1rsadalmi gy\u00f3gy\u00edt\u00e1s \u2013 fel\u00e9p\u00fcl\u00e9s a kollekt\u00edv kr\u00edzisekb\u0151l \u00e9s traum\u00e1kb\u00f3l<br \/>\n<b>PROGRAM T\u00cdPUSA:<\/b> Workshop<br \/>\n<strong>TEREM:<\/strong><br \/>\n<strong>R\u00c9SZTVEV\u0150K SZ\u00c1MA:<br \/>\n<\/strong><strong>NYELV:<\/strong> Angol, magyar nyelv\u0171 tolm\u00e1csol\u00e1ssal<br \/>\n<strong>C\u00cdMKE: <\/strong><a href=\"https:\/\/8thsociodramaconference.com\/hu\/topic-sociodrama-social-healing\/\" target=\"_blank\" rel=\"noopener\">T\u00e1rsadalmi gy\u00f3gy\u00edt\u00e1s,<\/a> <a href=\"https:\/\/8thsociodramaconference.com\/hu\/workshops-jun27-morning\/\" target=\"_blank\" rel=\"noopener\">Programok j\u00fanius 27-\u00e9n d\u00e9lel\u0151tt<\/a><\/h5>\n[\/vc_column_text][\/vc_column_inner][vc_column_inner width=&#8221;1\/6&#8243;][\/vc_column_inner][\/vc_row_inner][\/vc_column][\/mk_page_section][mk_page_section padding=&#8221;0&#8243;][vc_column][vc_column_text responsive_align=&#8221;left&#8221;]\n<h5 style=\"text-align: center;\"><b>ABSZTRAKT:<\/b><\/h5>\n[\/vc_column_text][vc_column_text responsive_align=&#8221;left&#8221;]<span style=\"font-weight: 400;\">Miut\u00e1n a csoport azonos\u00edtott n\u00e9h\u00e1ny kollekt\u00edv transzgener\u00e1ci\u00f3s traum\u00e1t, egy adott mint\u00e1zatot v\u00e1lasztunk ki \u00e9s vizsg\u00e1lunk meg ezeket k\u00f6z\u00fcl. A c\u00e9l, hogy\u00a0 jobban meg\u00e9rthess\u00fck a kollekt\u00edv s\u00e9r\u00fcl\u00e9sek term\u00e9szet\u00e9t \u00e9s a transzgener\u00e1ci\u00f3s esem\u00e9nyeket, amelyek ezekhez vezetnek. K\u00f6zben azonos\u00edtunk, megfogalmazunk \u00e9s meger\u0151s\u00edt\u00fcnk kollekt\u00edv er\u0151forr\u00e1sokat is. N\u00e9h\u00e1ny terhelt szitu\u00e1ci\u00f3 szociodramatikus lej\u00e1tsz\u00e1s\u00e1t k\u00f6vet\u0151en ezen er\u0151forr\u00e1sokat haszn\u00e1lva egy t\u00f6bbletrealit\u00e1st teremt\u00fcnk, hogy k\u00fcl\u00f6nb\u00f6z\u0151 lez\u00e1r\u00e1si form\u00e1kat tal\u00e1ljunk \u00e9s alkossunk meg az eddig befejezetlen t\u00f6rt\u00e9neteinknek. A csoport k\u00fcl\u00f6nb\u00f6z\u0151 megold\u00e1sokat teremt az adott kollekt\u00edv trauma \u00e1tdolgoz\u00e1s\u00e1ra, \u00e9s reflekt\u00e1l az egyes v\u00e1ltozatokra. Az alkalom r\u00e9szvev\u0151i k\u00e9pess\u00e9 v\u00e1lnak a szociodr\u00e1ma \u00e9s a szociometria alapvet\u0151 koncepci\u00f3inak azonos\u00edt\u00e1s\u00e1ra \u00e9s n\u00e9h\u00e1ny technika alkalmaz\u00e1s\u00e1ra.<\/span>[\/vc_column_text][mk_padding_divider size=&#8221;30&#8243;][vc_column_text responsive_align=&#8221;left&#8221;]\n<h5 style=\"text-align: center;\"><b>AZ EL\u0150AD\u00d3R\u00d3L:<\/b><\/h5>\n[\/vc_column_text][vc_row_inner][vc_column_inner width=&#8221;1\/4&#8243;][mk_image src=&#8221;https:\/\/8thsociodramaconference.com\/wp-content\/uploads\/2024\/02\/Manuela-Maciel.png&#8221; image_width=&#8221;402&#8243; image_height=&#8221;275&#8243; crop=&#8221;false&#8221; hover=&#8221;false&#8221;][\/vc_column_inner][vc_column_inner width=&#8221;3\/4&#8243;][vc_column_text responsive_align=&#8221;left&#8221;]<span style=\"font-weight: 400;\">Manuela Maciel (Portug\u00e1lia) klinikai \u00e9s szociopszichol\u00f3gus, pszichodramatikus, EMDR terapeuta, \u00e9s a Nemzetk\u00f6zi Szociodr\u00e1ma Konferencia alap\u00edt\u00f3ja (2007). Tapasztalt egy\u00e9ni, csoportos \u00e9s oktat\u00e1si terapeuta. Az IAGP &#8211; International Association of Group Psychotherapy and Group Processes (Nemzetk\u00f6zi Csoportpszichoter\u00e1pi\u00e1s \u00e9s Csoportfolyamatok Sz\u00f6vets\u00e9ge) pszichodr\u00e1ma szekci\u00f3j\u00e1nak eln\u00f6ke volt (2003-2009). A Portug\u00e1l Pszichodr\u00e1ma T\u00e1rsas\u00e1g (SPP) eln\u00f6ks\u00e9gi tagja, szuperv\u00edzora \u00e9s tan\u00e1ra. Manuela pszichogenetikai k\u00e9pz\u00e9sben r\u00e9szes\u00fclt, Yaacoov Naorral \u00e9s Leandra Perrotta-val egy\u00fctt t\u00e1rsalap\u00edt\u00f3ja az Anne Ancelin Sch\u00fctzenberger Nemzetk\u00f6zi Transzgener\u00e1ci\u00f3s Ter\u00e1pi\u00e1s Iskol\u00e1nak. Az EMDR Portugal alap\u00edt\u00f3ja \u00e9s eln\u00f6ke, valamint a Nemzetk\u00f6zi Szociodr\u00e1ma Konferencia alap\u00edt\u00f3ja \u00e9s l\u00e9trehoz\u00f3ja (2007-2023). Sz\u00e1mos cikket \u00e9s fejezetet \u00edrt a pszichodr\u00e1ma, a szociodr\u00e1ma \u00e9s a transzgener\u00e1ci\u00f3s ter\u00e1pia t\u00e9mak\u00f6r\u00e9ben.<\/span>[\/vc_column_text][\/vc_column_inner][\/vc_row_inner][\/vc_column][\/mk_page_section]\n<\/section>","protected":false},"excerpt":{"rendered":"<p>[mk_page_section][vc_column][mk_fancy_title tag_name=&#8221;h2&#8243; size=&#8221;40&#8243; line_height=&#8221;50&#8243; font_family=&#8221;Oswald&#8221; font_type=&#8221;google&#8221; margin_bottom=&#8221;0&#8243;] TRANSZGENER\u00c1CI\u00d3S SZOCIODR\u00c1MA WORKSHOP (A workshop nyelve angol, magyar nyelv\u0171 tolm\u00e1csol\u00e1ssal) EL\u0150AD\u00d3: MANUELA MACIEL [\/mk_fancy_title][vc_row_inner][vc_column_inner width=&#8221;1\/6&#8243;][mk_image_box title=&#8221;Sociodrama and power&#8221; src=&#8221;https:\/\/8thsociodramaconference.com\/wp-content\/uploads\/2024\/02\/Collective-Trauma-and-Social-Healing-2.png&#8221; media_width=&#8221;421&#8243; media_height=&#8221;294&#8243; crop=&#8221;false&#8221; image_link=&#8221;url&#8221; url=&#8221;https:\/\/8thsociodramaconference.com\/topic-sociodrama-social-healing\/&#8221; target=&#8221;_blank&#8221; align=&#8221;center&#8221; rounded_corner=&#8221;true&#8221;][\/mk_image_box][\/vc_column_inner][vc_column_inner width=&#8221;2\/3&#8243;][vc_column_text responsive_align=&#8221;left&#8221;] ID\u0150PONT: J\u00fanius 27. cs\u00fct\u00f6rt\u00f6k,\u00a010:00-13:00 T\u00c9MA: Szociodr\u00e1ma \u00e9s t\u00e1rsadalmi gy\u00f3gy\u00edt\u00e1s \u2013 fel\u00e9p\u00fcl\u00e9s a kollekt\u00edv kr\u00edzisekb\u0151l \u00e9s traum\u00e1kb\u00f3l PROGRAM T\u00cdPUSA: Workshop [&hellip;]<\/p>\n","protected":false},"author":4,"featured_media":0,"parent":0,"menu_order":0,"comment_status":"closed","ping_status":"closed","template":"","meta":{"footnotes":""},"class_list":["post-5694","page","type-page","status-publish","hentry"],"_links":{"self":[{"href":"https:\/\/8thsociodramaconference.com\/hu\/wp-json\/wp\/v2\/pages\/5694","targetHints":{"allow":["GET"]}}],"collection":[{"href":"https:\/\/8thsociodramaconference.com\/hu\/wp-json\/wp\/v2\/pages"}],"about":[{"href":"https:\/\/8thsociodramaconference.com\/hu\/wp-json\/wp\/v2\/types\/page"}],"author":[{"embeddable":true,"href":"https:\/\/8thsociodramaconference.com\/hu\/wp-json\/wp\/v2\/users\/4"}],"replies":[{"embeddable":true,"href":"https:\/\/8thsociodramaconference.com\/hu\/wp-json\/wp\/v2\/comments?post=5694"}],"version-history":[{"count":9,"href":"https:\/\/8thsociodramaconference.com\/hu\/wp-json\/wp\/v2\/pages\/5694\/revisions"}],"predecessor-version":[{"id":7637,"href":"https:\/\/8thsociodramaconference.com\/hu\/wp-json\/wp\/v2\/pages\/5694\/revisions\/7637"}],"wp:attachment":[{"href":"https:\/\/8thsociodramaconference.com\/hu\/wp-json\/wp\/v2\/media?parent=5694"}],"curies":[{"name":"wp","href":"https:\/\/api.w.org\/{rel}","templated":true}]}}