{"id":5691,"date":"2024-02-14T11:29:46","date_gmt":"2024-02-14T10:29:46","guid":{"rendered":"https:\/\/8thsociodramaconference.com\/program-mirjana-stankovic-bojana-glusac-draslar-daniela-simmons\/"},"modified":"2024-05-26T11:23:43","modified_gmt":"2024-05-26T09:23:43","slug":"program-mirjana-stankovic-bojana-glusac-draslar-daniela-simmons","status":"publish","type":"page","link":"https:\/\/8thsociodramaconference.com\/hu\/program-mirjana-stankovic-bojana-glusac-draslar-daniela-simmons\/","title":{"rendered":"Program Mirjana Stankovi\u0107 &#8211; Bojana Glu\u0161ac Draslar &#8211; Daniela Simmons"},"content":{"rendered":"<section class=\"wpb-content-wrapper\">[mk_page_section][vc_column][mk_fancy_title tag_name=&#8221;h2&#8243; size=&#8221;40&#8243; line_height=&#8221;50&#8243; font_family=&#8221;Oswald&#8221; font_type=&#8221;google&#8221; margin_bottom=&#8221;0&#8243;]\n<h3 style=\"text-align: center;\"><strong><b>A SZ\u00c9THULLOTT T\u00c9RS\u00c9GEK, T\u00c1RSADALMAK, \u00c9S \u00c9RT\u00c9KRENDSZEREK POSZT-IGAZS\u00c1GAI: A NACIONALIZMUS (HARC), A NOSZTALGIA (MENEK\u00dcL\u00c9S) \u00c9S AZ AP\u00c1TIA (LEFAGY\u00c1S)<\/b><\/strong><\/h3>\n<h5 style=\"text-align: center;\"><em>(A workshop nyelve angol)<\/em><\/h5>\n<h5 style=\"text-align: center;\"><span style=\"color: #800000;\"><strong>EL\u0150AD\u00d3K:\u00a0<\/strong><b> MIRJANA STANKOVI\u0106 &#8211; BOJANA GLU\u0160AC DRASLAR &#8211; DANIELA SIMMONS<\/b><\/span><\/h5>\n[\/mk_fancy_title][vc_row_inner][vc_column_inner width=&#8221;1\/6&#8243;][mk_image_box title=&#8221;Sociodrama and power&#8221; src=&#8221;https:\/\/8thsociodramaconference.com\/wp-content\/uploads\/2024\/02\/Collective-Trauma-and-Social-Healing-2.png&#8221; media_width=&#8221;421&#8243; media_height=&#8221;294&#8243; crop=&#8221;false&#8221; image_link=&#8221;url&#8221; url=&#8221;https:\/\/8thsociodramaconference.com\/topic-sociodrama-social-healing\/&#8221; target=&#8221;_blank&#8221; align=&#8221;center&#8221; rounded_corner=&#8221;true&#8221;][\/mk_image_box][\/vc_column_inner][vc_column_inner width=&#8221;2\/3&#8243;][vc_column_text responsive_align=&#8221;left&#8221;]\n<h5 style=\"text-align: left;\"><b>ID\u0150PONT: <\/b>J\u00fanius 27. cs\u00fct\u00f6rt\u00f6k, 10:00-12:30<br \/>\n<b><\/b><strong>T\u00c9MA: <\/strong>Szociodr\u00e1ma \u00e9s t\u00e1rsadalmi gy\u00f3gy\u00edt\u00e1s \u2013 fel\u00e9p\u00fcl\u00e9s a kollekt\u00edv kr\u00edzisekb\u0151l \u00e9s traum\u00e1kb\u00f3l<br \/>\n<b>PROGRAM T\u00cdPUSA:<\/b> Workshop<br \/>\n<strong>TEREM:<\/strong><br \/>\n<strong>R\u00c9SZTVEV\u0150K SZ\u00c1MA: <\/strong>30<br \/>\n<strong>NYELV:<\/strong> Angol<br \/>\n<strong>C\u00cdMKE: <\/strong><a href=\"https:\/\/8thsociodramaconference.com\/hu\/topic-sociodrama-social-healing\/\" target=\"_blank\" rel=\"noopener\">T\u00e1rsadalmi gy\u00f3gy\u00edt\u00e1s<\/a>, <a href=\"https:\/\/8thsociodramaconference.com\/hu\/workshops-jun27-morning\/\" target=\"_blank\" rel=\"noopener\">Programok j\u00fanius 27-\u00e9n d\u00e9lel\u0151tt<\/a><\/h5>\n[\/vc_column_text][\/vc_column_inner][vc_column_inner width=&#8221;1\/6&#8243;][\/vc_column_inner][\/vc_row_inner][\/vc_column][\/mk_page_section][mk_page_section padding=&#8221;0&#8243;][vc_column][vc_column_text responsive_align=&#8221;left&#8221;]\n<h5 style=\"text-align: center;\"><b>ABSZTRAKT:<\/b><\/h5>\n[\/vc_column_text][vc_column_text responsive_align=&#8221;left&#8221;]<span style=\"font-weight: 400;\">A XX. sz\u00e1zad v\u00e9g\u00e9n, a kommunista rendszerek buk\u00e1s\u00e1t k\u00f6vet\u0151en, a t\u00e1rsadalmak messze vannak egy dinamikus egyens\u00falyi \u00e1llapot (egyfajta homeoszt\u00e1zis) el\u00e9r\u00e9s\u00e9t\u0151l. A t\u00e1rsadalmi konfliktusok \u00e9s az elveszett rem\u00e9nyek kollekt\u00edv traum\u00e1kkal j\u00e1rtak \u00e9s polariz\u00e1ci\u00f3t teremtettek, r\u00e1ad\u00e1sul a \u201cpost-truth\u201d kommunik\u00e1ci\u00f3s m\u0171k\u00f6d\u00e9s \u00e9s a manipul\u00e1ci\u00f3 (gaslighting) e t\u00e1rsadalmakat folyamatosan \u00fajra-traumatiz\u00e1lja. Hipot\u00e9zis\u00fcnk, hogy a poszt-igazs\u00e1gok \u00e9s manipul\u00e1ci\u00f3 \u00e1ldozataiv\u00e1 v\u00e1l\u00f3 egy\u00e9nek hajlamosak olyan csoportokhoz csatlakozni, melyben a saj\u00e1tjukhoz hasonl\u00f3 zsigeri, ment\u00e1lis, \u00e9s \u00e9rzelmi tapasztalatokra tehetnek szert. E tapasztalatok megfeleltethet\u0151ek az idegrendszer produk\u00e1lta m\u0171k\u00f6d\u00e9snek is: \u201charcolj, menek\u00fclj vagy fagyj meg\u201d.<\/span><\/p>\n<ul>\n<li><span style=\"font-weight: 400;\"> A nacionalist\u00e1k: d\u00fch\u00f6sek, zaklatottak, k\u00e9szenl\u00e9tben \u00e1llnak a nemzet v\u00e9delm\u00e9re<\/span> <span style=\"font-weight: 400;\">\u00e9s a v\u00e9lt ellens\u00e9ggel val\u00f3 k\u00fczdelemre.<\/span><\/li>\n<li><span style=\"font-weight: 400;\"> A nosztalgikusok: a m\u00falt idealiz\u00e1l\u00e1s\u00e1ba menek\u00fclnek, gy\u00e1szolj\u00e1k az elveszett kommunista paradicsomot.<\/span><\/li>\n<li><span style=\"font-weight: 400;\"> Az apatikusok: dermedts\u00e9g, tompas\u00e1g uralkodik rajtuk, bez\u00e1rk\u00f3znak, s\u0151t ak\u00e1r bele is halnak, mert k\u00e9ptelenek megbirk\u00f3zni a megv\u00e1ltozott k\u00f6r\u00fclm\u00e9nyekkel.<\/span><\/li>\n<\/ul>\n<p><span style=\"font-weight: 400;\">A workshop egy szociometrikus gyakorlattal indul majd, ahol megjelenik ez a h\u00e1rom csoport, ezut\u00e1n egy szociodramatikus kibont\u00e1s k\u00f6vetkezik, amelyben poz\u00edci\u00f3cser\u00e9kkel \u00e9s a szerepeket elm\u00e9ly\u00edt\u0151 dupl\u00e1z\u00f3 technik\u00e1kkal dolgozunk, majd kil\u00e9p\u00fcnk a szerepekb\u0151l \u00e9s egy <\/span><span style=\"font-weight: 400;\">szoci\u00e1triai <\/span><span style=\"font-weight: 400;\">intervenci\u00f3val z\u00e1rjuk le a folyamatot.<\/span><\/p>\n<p><span style=\"font-weight: 400;\">A 90 perces workshop lehet\u0151v\u00e9 teszi a r\u00e9sztvev\u0151knek:<\/span><\/p>\n<ul>\n<li><span style=\"font-weight: 400;\">hogy felfedezz\u00e9k a kollekt\u00edv re-traumatiz\u00e1ci\u00f3 jelens\u00e9g\u00e9t \u00e9s az erre adott egy\u00e9ni v\u00e1laszokat a sz\u00e9tesett t\u00e1rsadalmakban,<\/span><\/li>\n<li><span style=\"font-weight: 400;\">hogy azonos\u00edts\u00e1k a k\u00fcl\u00f6nb\u00f6z\u0151 t\u00e1rsadalmi alcsoportok form\u00e1l\u00f3d\u00e1s\u00e1nak m\u00f3djait, \u00e9s azok \u00f6sszef\u00fcgg\u00e9s\u00e9t az egy\u00e9ni idegrendszeri v\u00e1laszokkal, illetve<\/span><\/li>\n<li><span style=\"font-weight: 400;\">hogy megismerjenek n\u00e9h\u00e1ny megval\u00f3s\u00edthat\u00f3 t\u00e1rsadalmi gy\u00f3gy\u00edt\u00e1si technik\u00e1t.<\/span><\/li>\n<\/ul>\n[\/vc_column_text][mk_padding_divider size=&#8221;30&#8243;][vc_column_text responsive_align=&#8221;left&#8221;]\n<h5 style=\"text-align: center;\"><b>AZ EL\u0150AD\u00d3KR\u00d3L:<\/b><\/h5>\n[\/vc_column_text][vc_row_inner][vc_column_inner width=&#8221;1\/4&#8243;][mk_image src=&#8221;https:\/\/8thsociodramaconference.com\/wp-content\/uploads\/2024\/02\/MIRJANA-STANKOVIC.png&#8221; image_width=&#8221;402&#8243; image_height=&#8221;275&#8243; crop=&#8221;false&#8221; hover=&#8221;false&#8221;][\/vc_column_inner][vc_column_inner width=&#8221;3\/4&#8243;][vc_column_text responsive_align=&#8221;left&#8221;]Mirjana Stankovi\u0107<span style=\"font-weight: 400;\">\u00a0a Nemzetk\u00f6zi Tele&#8217;Dr\u00e1ma Int\u00e9zet (ITI) tagjak\u00e9nt \u00e9s az ASGPP tagjak\u00e9nt 16 \u00e9ves tapasztalattal rendelkezik a pszichodr\u00e1ma \u00e9s a szociodr\u00e1ma ter\u00fclet\u00e9n, szakter\u00fclete az online \u00e9s hibrid t\u00edpus\u00fa csoportmunka nemzetk\u00f6zi k\u00f6rnyezetben.<\/span>[\/vc_column_text][\/vc_column_inner][\/vc_row_inner][vc_row_inner][vc_column_inner width=&#8221;1\/4&#8243;][mk_image src=&#8221;https:\/\/8thsociodramaconference.com\/wp-content\/uploads\/2024\/02\/Bojana-Glusac.png&#8221; image_width=&#8221;402&#8243; image_height=&#8221;275&#8243; crop=&#8221;false&#8221; hover=&#8221;false&#8221;][\/vc_column_inner][vc_column_inner width=&#8221;3\/4&#8243;][vc_column_text responsive_align=&#8221;left&#8221;]\n<p style=\"text-align: left;\"><span style=\"font-weight: 400;\">Bojana Glu\u0161ac Draslar pszichoterapeuta (EAP, Eur\u00f3pai Pszichoter\u00e1pis Tan\u00fas\u00edtv\u00e1ny), pszichodr\u00e1ma kik\u00e9pz\u0151 \u00e9s szuperv\u00edzor az ITI-n\u00e9l, a Tele&#8217;Drama Serbia igazgat\u00f3ja, az EAP tagja.<\/span><\/p>\n[\/vc_column_text][\/vc_column_inner][\/vc_row_inner][vc_row_inner][vc_column_inner width=&#8221;1\/4&#8243;][mk_image src=&#8221;https:\/\/8thsociodramaconference.com\/wp-content\/uploads\/2024\/02\/daniela-simmons.png&#8221; image_width=&#8221;402&#8243; image_height=&#8221;275&#8243; crop=&#8221;false&#8221; hover=&#8221;false&#8221;][\/vc_column_inner][vc_column_inner width=&#8221;3\/4&#8243;][vc_column_text responsive_align=&#8221;left&#8221;]\n<p style=\"text-align: left;\"><span style=\"font-weight: 400;\">Daniela Simmons nemzetk\u00f6zi kik\u00e9pz\u0151 \u00e9s szuperv\u00edzor, a Tele&#8217;Drama m\u00f3dszer megalkot\u00f3ja, az International Tele\u2019Drama Institute (Nemzetk\u00f6zi Tele\u2019Drama Int\u00e9zet)\u00a0 alap\u00edt\u00f3ja \u00e9s igazgat\u00f3ja. A Tele&#8217;Drama megalkot\u00e1s\u00e1\u00e9rt 2022-ben az ASGPP Innov\u00e1tor-d\u00edjjal t\u00fcntette ki.<\/span><\/p>\n[\/vc_column_text][\/vc_column_inner][\/vc_row_inner][\/vc_column][\/mk_page_section]\n<\/section>","protected":false},"excerpt":{"rendered":"<p>[mk_page_section][vc_column][mk_fancy_title tag_name=&#8221;h2&#8243; size=&#8221;40&#8243; line_height=&#8221;50&#8243; font_family=&#8221;Oswald&#8221; font_type=&#8221;google&#8221; margin_bottom=&#8221;0&#8243;] A SZ\u00c9THULLOTT T\u00c9RS\u00c9GEK, T\u00c1RSADALMAK, \u00c9S \u00c9RT\u00c9KRENDSZEREK POSZT-IGAZS\u00c1GAI: A NACIONALIZMUS (HARC), A NOSZTALGIA (MENEK\u00dcL\u00c9S) \u00c9S AZ AP\u00c1TIA (LEFAGY\u00c1S) (A workshop nyelve angol) EL\u0150AD\u00d3K:\u00a0 MIRJANA STANKOVI\u0106 &#8211; BOJANA GLU\u0160AC DRASLAR &#8211; DANIELA SIMMONS [\/mk_fancy_title][vc_row_inner][vc_column_inner width=&#8221;1\/6&#8243;][mk_image_box title=&#8221;Sociodrama and power&#8221; src=&#8221;https:\/\/8thsociodramaconference.com\/wp-content\/uploads\/2024\/02\/Collective-Trauma-and-Social-Healing-2.png&#8221; media_width=&#8221;421&#8243; media_height=&#8221;294&#8243; crop=&#8221;false&#8221; image_link=&#8221;url&#8221; url=&#8221;https:\/\/8thsociodramaconference.com\/topic-sociodrama-social-healing\/&#8221; target=&#8221;_blank&#8221; align=&#8221;center&#8221; rounded_corner=&#8221;true&#8221;][\/mk_image_box][\/vc_column_inner][vc_column_inner width=&#8221;2\/3&#8243;][vc_column_text responsive_align=&#8221;left&#8221;] ID\u0150PONT: [&hellip;]<\/p>\n","protected":false},"author":4,"featured_media":0,"parent":0,"menu_order":0,"comment_status":"closed","ping_status":"closed","template":"","meta":{"footnotes":""},"class_list":["post-5691","page","type-page","status-publish","hentry"],"_links":{"self":[{"href":"https:\/\/8thsociodramaconference.com\/hu\/wp-json\/wp\/v2\/pages\/5691","targetHints":{"allow":["GET"]}}],"collection":[{"href":"https:\/\/8thsociodramaconference.com\/hu\/wp-json\/wp\/v2\/pages"}],"about":[{"href":"https:\/\/8thsociodramaconference.com\/hu\/wp-json\/wp\/v2\/types\/page"}],"author":[{"embeddable":true,"href":"https:\/\/8thsociodramaconference.com\/hu\/wp-json\/wp\/v2\/users\/4"}],"replies":[{"embeddable":true,"href":"https:\/\/8thsociodramaconference.com\/hu\/wp-json\/wp\/v2\/comments?post=5691"}],"version-history":[{"count":11,"href":"https:\/\/8thsociodramaconference.com\/hu\/wp-json\/wp\/v2\/pages\/5691\/revisions"}],"predecessor-version":[{"id":7631,"href":"https:\/\/8thsociodramaconference.com\/hu\/wp-json\/wp\/v2\/pages\/5691\/revisions\/7631"}],"wp:attachment":[{"href":"https:\/\/8thsociodramaconference.com\/hu\/wp-json\/wp\/v2\/media?parent=5691"}],"curies":[{"name":"wp","href":"https:\/\/api.w.org\/{rel}","templated":true}]}}