{"id":5687,"date":"2024-02-14T11:20:44","date_gmt":"2024-02-14T10:20:44","guid":{"rendered":"https:\/\/8thsociodramaconference.com\/program-marjut-partanen-hertell\/"},"modified":"2024-05-26T11:16:27","modified_gmt":"2024-05-26T09:16:27","slug":"program-marjut-partanen-hertell","status":"publish","type":"page","link":"https:\/\/8thsociodramaconference.com\/hu\/program-marjut-partanen-hertell\/","title":{"rendered":"Program Marjut Partanen-Hertell"},"content":{"rendered":"<section class=\"wpb-content-wrapper\">[mk_page_section][vc_column][mk_fancy_title tag_name=&#8221;h2&#8243; size=&#8221;40&#8243; line_height=&#8221;50&#8243; font_family=&#8221;Oswald&#8221; font_type=&#8221;google&#8221; margin_bottom=&#8221;0&#8243;]\n<h3 style=\"text-align: center;\"><strong><b>BIZTONS\u00c1GOS \u00c9S IGAZS\u00c1GOS F\u00d6LD AZ ANTROPOC\u00c9N KORBAN<br \/>\n\u2013 MIT JELENT AZ \u00d6KOL\u00d3GIAI IGAZS\u00c1GOSS\u00c1G?\u00a0<\/b><\/strong><\/h3>\n<h5 style=\"text-align: center;\"><em>(A workshop nyelve angol, magyar nyelv\u0171 tolm\u00e1csol\u00e1ssal)<\/em><\/h5>\n<h5 style=\"text-align: center;\"><span style=\"color: #800000;\"><strong>EL\u0150AD\u00d3:<\/strong><b> MARJUT PARTANEN-HERTELL<\/b><\/span><\/h5>\n[\/mk_fancy_title][vc_row_inner][vc_column_inner width=&#8221;1\/6&#8243;][mk_image_box title=&#8221;Sociodrama and power&#8221; src=&#8221;https:\/\/8thsociodramaconference.com\/wp-content\/uploads\/2024\/02\/Ecology-2.png&#8221; media_width=&#8221;421&#8243; media_height=&#8221;294&#8243; crop=&#8221;false&#8221; image_link=&#8221;url&#8221; url=&#8221;https:\/\/8thsociodramaconference.com\/topic-sociodrama-ecology\/&#8221; target=&#8221;_blank&#8221; align=&#8221;center&#8221; rounded_corner=&#8221;true&#8221;][\/mk_image_box][\/vc_column_inner][vc_column_inner width=&#8221;2\/3&#8243;][vc_column_text responsive_align=&#8221;left&#8221;]\n<h5 style=\"text-align: left;\"><b>ID\u0150PONT: <\/b>J\u00fanius 27. cs\u00fct\u00f6rt\u00f6k,\u00a0 11:00-13:00<br \/>\n<b><\/b><strong>T\u00c9MA: <\/strong>Szociodr\u00e1ma \u00e9s \u00f6kol\u00f3gia \u2013 k\u00f6rnyezeti k\u00e9rd\u00e9sek, kapcsol\u00f3d\u00e1sok az \u00e9l\u0151vil\u00e1gban, az ember \u00e9s a term\u00e9szeti k\u00f6rnyezet viszonya<br \/>\n<b>PROGRAM T\u00cdPUSA: <\/b>El\u0151ad\u00e1s \u00e9s demonstr\u00e1ci\u00f3<br \/>\n<strong>TEREM:<\/strong><br \/>\n<strong>R\u00c9SZTVEV\u0150K SZ\u00c1MA: <\/strong>24<br \/>\n<strong>NYELV:<\/strong> Angol, magyar nyelv\u0171 tolm\u00e1csol\u00e1ssal<br \/>\n<strong>C\u00cdMKE: <\/strong><a href=\"https:\/\/8thsociodramaconference.com\/hu\/topic-sociodrama-ecology\/\" target=\"_blank\" rel=\"noopener\">Szociodr\u00e1ma \u00e9s \u00f6kol\u00f3gia<\/a>, <a href=\"https:\/\/8thsociodramaconference.com\/hu\/workshops-jun27-morning\/\" target=\"_blank\" rel=\"noopener\">Programok j\u00fanius 27-\u00e9n d\u00e9lel\u0151tt<\/a><\/h5>\n[\/vc_column_text][\/vc_column_inner][vc_column_inner width=&#8221;1\/6&#8243;][\/vc_column_inner][\/vc_row_inner][\/vc_column][\/mk_page_section][mk_page_section padding=&#8221;0&#8243;][vc_column][vc_column_text responsive_align=&#8221;left&#8221;]\n<h5 style=\"text-align: center;\"><b>ABSZTRAKT:<\/b><\/h5>\n[\/vc_column_text][vc_column_text responsive_align=&#8221;left&#8221;]<span style=\"font-weight: 400;\">Az alkalmon a tudom\u00e1nyos \u00f6kol\u00f3giai t\u00e9nyeket egy kreat\u00edv folyamattal k\u00f6tj\u00fck \u00f6ssze, mely szociodramatikus- \u00e9s egy\u00e9b akci\u00f3gyakorlatokat \u00f6tv\u00f6z. A workshop r\u00e9v\u00e9n a r\u00e9sztvev\u0151k k\u00e9pesek lesznek arra, hogy:<\/span><\/p>\n<ul>\n<li><span style=\"font-weight: 400;\">felt\u00e9rk\u00e9pezz\u00e9k, demonstr\u00e1lj\u00e1k, \u00e1t\u00e9lhet\u0151v\u00e9 tegy\u00e9k a tudom\u00e1nyos t\u00e9nyeket az akci\u00f3m\u00f3dszerek \u00e9s a szociodr\u00e1ma eszk\u00f6zeivel;<\/span><\/li>\n<li>meg tudj\u00e1k hat\u00e1rozni a jelen k\u00f6rnyezeti \u00e1llapot\u00e1t, \u00e9s meg\u00e1llap\u00edts\u00e1k saj\u00e1t szerep\u00fcket ebben;<\/li>\n<li>meg tudj\u00e1k hat\u00e1rozni<b>,<\/b> mi az \u00f6kol\u00f3giai igazs\u00e1goss\u00e1g, \u00e9s meg\u00e1llap\u00edts\u00e1k ehhez kapcsol\u00f3d\u00f3 szerep\u00fcket;<\/li>\n<li>meg tudj\u00e1k hat\u00e1rozni az \u00f6kol\u00f3giai vit\u00e1k r\u00e9sztvev\u0151it, az \u00e9rintettek k\u00fcl\u00f6nb\u00f6z\u0151 k\u00f6reit \u00e9s az uralkod\u00f3 \u00e1ll\u00e1spontok egy r\u00e9sz\u00e9t;<\/li>\n<li>\u00faj k\u00e9pess\u00e9geik birtok\u00e1ban nagyobb felel\u0151ss\u00e9get tudnak v\u00e1llalni a ma ismert vil\u00e1g meg\u0151rz\u00e9s\u00e9rt.<\/li>\n<\/ul>\n[\/vc_column_text][mk_padding_divider size=&#8221;30&#8243;][vc_column_text responsive_align=&#8221;left&#8221;]\n<h5 style=\"text-align: center;\"><b>AZ EL\u0150AD\u00d3R\u00d3L:<\/b><\/h5>\n[\/vc_column_text][vc_row_inner][vc_column_inner width=&#8221;1\/4&#8243;][mk_image src=&#8221;https:\/\/8thsociodramaconference.com\/wp-content\/uploads\/2024\/02\/Marjut-Partanen-Hertell.png&#8221; image_width=&#8221;402&#8243; image_height=&#8221;275&#8243; crop=&#8221;false&#8221; hover=&#8221;false&#8221;][\/vc_column_inner][vc_column_inner width=&#8221;3\/4&#8243;][vc_column_text responsive_align=&#8221;left&#8221;]<span style=\"font-weight: 400;\">K\u00f6rnyezetv\u00e9delmi m\u00e9rn\u00f6k, informatikus, pszichodr\u00e1ma \u00e9s szociodr\u00e1ma kik\u00e9pz\u0151 (Nordic Board of Examiners), szuperv\u00edzor (Finn Szuperv\u00edzorok Sz\u00f6vets\u00e9ge), a Tele\u2018Drama tagja, ASGPP \u00e9s IAGP tag. A Finn Pszichodr\u00e1ma Tr\u00e9nerek kor\u00e1bbi eln\u00f6ke, a FEPTO k\u00f6rnyezetv\u00e9delmi csoportj\u00e1nak tagja, a Finn \u00c9p\u00edt\u0151m\u00e9rn\u00f6k\u00f6k Sz\u00f6vets\u00e9g\u00e9nek kor\u00e1bbi vezet\u0151s\u00e9g\u00e9nek tagja, a Helsinki Pszichodr\u00e1ma Int\u00e9zet kik\u00e9pz\u0151je \u00e9s vizsg\u00e1ztat\u00f3ja.<\/span><\/p>\n<p><span style=\"font-weight: 400;\">K\u00f6rnyezetv\u00e9delmi m\u00e9rn\u00f6kk\u00e9nt \u00e9s szociodramatistak\u00e9nt Marjut 40 \u00e9vig dolgozott a Finn K\u00f6rnyezetv\u00e9delmi Int\u00e9zetben region\u00e1lis \u00e9s nemzetk\u00f6zi projekteken. Kor\u00e1bban a HELCOM balti-tengeri t\u00e9rs\u00e9gben m\u0171k\u00f6d\u0151, a k\u00f6zv\u00e9lem\u00e9ny tudatos\u00edt\u00e1s\u00e1val \u00e9s k\u00f6rnyezeti nevel\u00e9ssel foglalkoz\u00f3 korm\u00e1nyk\u00f6zi munkacsoportj\u00e1nak eln\u00f6ke volt, valamint Finnorsz\u00e1got k\u00e9pviselte az EU\/LIFE k\u00f6rnyezetv\u00e9delmi p\u00e9nz\u00fcgyi eszk\u00f6z ir\u00e1ny\u00edt\u00f3bizotts\u00e1g\u00e1ban. Nemzetk\u00f6zi konferenci\u00e1kon tart el\u0151ad\u00e1sokat, \u00e9s t\u00f6bb k\u00f6nyv szerz\u0151je vagy t\u00e1rsszerz\u0151je, a legut\u00f3bbi a Sociodrama in a Changing World (2011). Jelenleg a F\u00f6ld \u00f6kol\u00f3giai v\u00e1ltoz\u00e1s\u00e1val foglalkozik.<\/span>[\/vc_column_text][\/vc_column_inner][\/vc_row_inner][\/vc_column][\/mk_page_section]\n<\/section>","protected":false},"excerpt":{"rendered":"<p>[mk_page_section][vc_column][mk_fancy_title tag_name=&#8221;h2&#8243; size=&#8221;40&#8243; line_height=&#8221;50&#8243; font_family=&#8221;Oswald&#8221; font_type=&#8221;google&#8221; margin_bottom=&#8221;0&#8243;] BIZTONS\u00c1GOS \u00c9S IGAZS\u00c1GOS F\u00d6LD AZ ANTROPOC\u00c9N KORBAN \u2013 MIT JELENT AZ \u00d6KOL\u00d3GIAI IGAZS\u00c1GOSS\u00c1G?\u00a0 (A workshop nyelve angol, magyar nyelv\u0171 tolm\u00e1csol\u00e1ssal) EL\u0150AD\u00d3: MARJUT PARTANEN-HERTELL [\/mk_fancy_title][vc_row_inner][vc_column_inner width=&#8221;1\/6&#8243;][mk_image_box title=&#8221;Sociodrama and power&#8221; src=&#8221;https:\/\/8thsociodramaconference.com\/wp-content\/uploads\/2024\/02\/Ecology-2.png&#8221; media_width=&#8221;421&#8243; media_height=&#8221;294&#8243; crop=&#8221;false&#8221; image_link=&#8221;url&#8221; url=&#8221;https:\/\/8thsociodramaconference.com\/topic-sociodrama-ecology\/&#8221; target=&#8221;_blank&#8221; align=&#8221;center&#8221; rounded_corner=&#8221;true&#8221;][\/mk_image_box][\/vc_column_inner][vc_column_inner width=&#8221;2\/3&#8243;][vc_column_text responsive_align=&#8221;left&#8221;] ID\u0150PONT: J\u00fanius 27. cs\u00fct\u00f6rt\u00f6k,\u00a0 11:00-13:00 T\u00c9MA: Szociodr\u00e1ma \u00e9s \u00f6kol\u00f3gia [&hellip;]<\/p>\n","protected":false},"author":4,"featured_media":0,"parent":0,"menu_order":0,"comment_status":"closed","ping_status":"closed","template":"","meta":{"footnotes":""},"class_list":["post-5687","page","type-page","status-publish","hentry"],"_links":{"self":[{"href":"https:\/\/8thsociodramaconference.com\/hu\/wp-json\/wp\/v2\/pages\/5687","targetHints":{"allow":["GET"]}}],"collection":[{"href":"https:\/\/8thsociodramaconference.com\/hu\/wp-json\/wp\/v2\/pages"}],"about":[{"href":"https:\/\/8thsociodramaconference.com\/hu\/wp-json\/wp\/v2\/types\/page"}],"author":[{"embeddable":true,"href":"https:\/\/8thsociodramaconference.com\/hu\/wp-json\/wp\/v2\/users\/4"}],"replies":[{"embeddable":true,"href":"https:\/\/8thsociodramaconference.com\/hu\/wp-json\/wp\/v2\/comments?post=5687"}],"version-history":[{"count":11,"href":"https:\/\/8thsociodramaconference.com\/hu\/wp-json\/wp\/v2\/pages\/5687\/revisions"}],"predecessor-version":[{"id":7626,"href":"https:\/\/8thsociodramaconference.com\/hu\/wp-json\/wp\/v2\/pages\/5687\/revisions\/7626"}],"wp:attachment":[{"href":"https:\/\/8thsociodramaconference.com\/hu\/wp-json\/wp\/v2\/media?parent=5687"}],"curies":[{"name":"wp","href":"https:\/\/api.w.org\/{rel}","templated":true}]}}