{"id":5679,"date":"2024-02-13T13:15:31","date_gmt":"2024-02-13T12:15:31","guid":{"rendered":"https:\/\/8thsociodramaconference.com\/program-stylianos-lagarakis\/"},"modified":"2024-05-26T11:20:50","modified_gmt":"2024-05-26T09:20:50","slug":"program-stylianos-lagarakis","status":"publish","type":"page","link":"https:\/\/8thsociodramaconference.com\/hu\/program-stylianos-lagarakis\/","title":{"rendered":"Program Stylianos N. Lagarakis"},"content":{"rendered":"<section class=\"wpb-content-wrapper\">[mk_page_section][vc_column][mk_fancy_title tag_name=&#8221;h2&#8243; size=&#8221;40&#8243; line_height=&#8221;50&#8243; font_family=&#8221;Oswald&#8221; font_type=&#8221;google&#8221; margin_bottom=&#8221;0&#8243;]\n<h3 style=\"text-align: center;\"><strong><b>A TRAUMATIZ\u00c1LT DEMOKR\u00c1CI\u00c1K VIL\u00c1GA<\/b><br \/>\n<\/strong><\/h3>\n<h5 style=\"text-align: center;\"><em>(A workshop nyelve angol)<\/em><\/h5>\n<h5 style=\"text-align: center;\"><span style=\"color: #800000;\"><strong>EL\u0150AD\u00d3:<\/strong><b> STYLIANOS N. LAGARAKIS<\/b><\/span><\/h5>\n[\/mk_fancy_title][vc_row_inner][vc_column_inner width=&#8221;1\/6&#8243;][mk_image_box title=&#8221;Sociodrama and power&#8221; src=&#8221;https:\/\/8thsociodramaconference.com\/wp-content\/uploads\/2024\/02\/Power-and-Democratic-1.png&#8221; media_width=&#8221;421&#8243; media_height=&#8221;294&#8243; crop=&#8221;false&#8221; image_link=&#8221;url&#8221; url=&#8221;https:\/\/8thsociodramaconference.com\/topic-sociodrama-power\/&#8221; target=&#8221;_blank&#8221; align=&#8221;center&#8221; rounded_corner=&#8221;true&#8221;][\/mk_image_box][\/vc_column_inner][vc_column_inner width=&#8221;2\/3&#8243;][vc_column_text responsive_align=&#8221;left&#8221;]\n<h5 style=\"text-align: left;\"><b>ID\u0150PONT: J\u00fanius 27. cs\u00fct\u00f6rt\u00f6k,<\/b>\u00a0 10:00-12:30<br \/>\n<strong>T\u00c9MA: <\/strong>Szociodr\u00e1ma \u00e9s hatalom \u2013 a demokratikus \u00e9rt\u00e9kek j\u00f6v\u0151je<br \/>\n<b>PROGRAM T\u00cdPUSA:<\/b> Workshop<br \/>\n<strong>TEREM:<\/strong><br \/>\n<strong>R\u00c9SZTVEV\u0150K SZ\u00c1MA: <\/strong>Korl\u00e1toz\u00e1s n\u00e9lk\u00fcl<br \/>\n<strong>NYELV:<\/strong> Angol<br \/>\n<strong>C\u00cdMKE: <\/strong><a href=\"https:\/\/8thsociodramaconference.com\/hu\/topic-sociodrama-power\/\" target=\"_blank\" rel=\"noopener\">Szociodr\u00e1ma \u00e9s hatalom,<\/a> <a href=\"https:\/\/8thsociodramaconference.com\/hu\/workshops-jun27-morning\/\" target=\"_blank\" rel=\"noopener\">Programok j\u00fanius 27-\u00e9n d\u00e9lel\u0151tt<\/a><\/h5>\n[\/vc_column_text][\/vc_column_inner][vc_column_inner width=&#8221;1\/6&#8243;][\/vc_column_inner][\/vc_row_inner][\/vc_column][\/mk_page_section][mk_page_section padding=&#8221;0&#8243;][vc_column][vc_column_text responsive_align=&#8221;left&#8221;]\n<h5 style=\"text-align: center;\"><b>ABSZTRAKT:<\/b><\/h5>\n[\/vc_column_text][vc_column_text responsive_align=&#8221;left&#8221;]<span style=\"font-weight: 400;\">Melyek a demokr\u00e1cia \u00e9rt\u00e9kei? A tisztelet. Az emberi m\u00e9lt\u00f3s\u00e1g \u00e9s az egyetemes emberi jogok tiszteletben tart\u00e1sa. Tolerancia. A k\u00fcl\u00f6nb\u00f6z\u0151s\u00e9g \u00e9s a mi\u00e9nkt\u0151l elt\u00e9r\u0151 eszm\u00e9k elfogad\u00e1sa. A m\u00e9lt\u00e1nyoss\u00e1g \u00e9s egyenrang\u00fas\u00e1g. Az emberek megbecs\u00fcl\u00e9se \u00e9s t\u00e1mogat\u00e1sa abban, hogy kibontakoztass\u00e1k a benn\u00fck rejl\u0151 lehet\u0151s\u00e9geket. A sz\u00f3l\u00e1s-, egyes\u00fcl\u00e9s-, mozg\u00f3s\u00edt\u00e1s- \u00e9s vall\u00e1sszabads\u00e1g biztos\u00edt\u00e1sa. Vajon kapcsol\u00f3dunk-e a demokr\u00e1cia ezen alap\u00e9rt\u00e9keihez a v\u00e1rosainkban, orsz\u00e1gainkban? A t\u00e1rsadalmi traum\u00e1k visszahatnak a demokr\u00e1cia \u00e9rt\u00e9keire.<\/span><\/p>\n<p><span style=\"font-weight: 400;\">A workshopon a morenoi szociodr\u00e1ma \u00e9s az \u00f3kori demokr\u00e1cia \u00e9rt\u00e9keit elemezz\u00fck a demokr\u00e1ci\u00e1hoz f\u0171z\u0151d\u0151 kapcsolataink t\u00fckr\u00e9ben. Megvizsg\u00e1ljuk, hogy mik\u00e9pp jav\u00edthatunk vil\u00e1gunkon, egy k\u00f6z\u00f6s j\u00f6v\u0151 \u00e9rdek\u00e9ben az\u00e1ltal, hogy teret nyitunk a szabads\u00e1g \u00e9s a t\u00e1rsadalmi egyenl\u0151s\u00e9g kreat\u00edv hangjainak.<\/span>[\/vc_column_text][mk_padding_divider size=&#8221;30&#8243;][vc_column_text responsive_align=&#8221;left&#8221;]\n<h5 style=\"text-align: center;\"><b>AZ EL\u0150AD\u00d3R\u00d3L:<\/b><\/h5>\n[\/vc_column_text][vc_row_inner][vc_column_inner width=&#8221;1\/4&#8243;][mk_image src=&#8221;https:\/\/8thsociodramaconference.com\/wp-content\/uploads\/2024\/04\/Stylianos-Lagarakis.png&#8221; image_width=&#8221;402&#8243; image_height=&#8221;275&#8243; crop=&#8221;false&#8221; hover=&#8221;false&#8221;][\/vc_column_inner][vc_column_inner width=&#8221;3\/4&#8243;][vc_column_text responsive_align=&#8221;left&#8221;]<span style=\"font-weight: 400;\">Tanulm\u00e1nyait a pszichi\u00e1tria, a csoport anal\u00edzis \u00e9s a pszichodr\u00e1ma ter\u00fcletein v\u00e9gezte. 1999 \u00f3ta csoportpszichoterapeuta. Akt\u00edvan r\u00e9szt vett a g\u00f6r\u00f6gorsz\u00e1gi Leros Pszichi\u00e1triai Elmegy\u00f3gyint\u00e9zet int\u00e9zm\u00e9nytelen\u00edt\u00e9s\u00e9ben. Pszichoterapeuta a g\u00f6r\u00f6gorsz\u00e1gi Salamina Tenger\u00e9szeti K\u00f3rh\u00e1z ter\u00e1pi\u00e1s k\u00f6z\u00f6ss\u00e9g\u00e9ben. Csoportos intervenci\u00f3kon dolgozott a g\u00f6r\u00f6gorsz\u00e1gi Nafplion b\u00f6rt\u00f6nben. A pand\u00e9mia idej\u00e9n ingyenes online t\u00e1mogat\u00f3 csoportokat szervezett. Szuperv\u00edzor K\u00edna t\u00f6bb egyetemi v\u00e1ros\u00e1ban. Alap\u00edt\u00f3ja Ath\u00e9ni Pszichodramatikus Encounter K\u00f6zpontnak (CAPE) \u00e9s a G\u00f6r\u00f6g Ny\u00e1ri Pszichodr\u00e1ma Akad\u00e9mi\u00e1nak az alap\u00edt\u00f3ja. Pszichodr\u00e1ma terapeuta \u00e9s tr\u00e9ner. Az IAGP tags\u00e1gi bizotts\u00e1g\u00e1nak eln\u00f6ke. Egy szerkeszt\u00e9s alatt \u00e1ll\u00f3 pszichodr\u00e1ma k\u00f6nyv szerz\u0151je.<\/span>[\/vc_column_text][\/vc_column_inner][\/vc_row_inner][\/vc_column][\/mk_page_section]\n<\/section>","protected":false},"excerpt":{"rendered":"<p>[mk_page_section][vc_column][mk_fancy_title tag_name=&#8221;h2&#8243; size=&#8221;40&#8243; line_height=&#8221;50&#8243; font_family=&#8221;Oswald&#8221; font_type=&#8221;google&#8221; margin_bottom=&#8221;0&#8243;] A TRAUMATIZ\u00c1LT DEMOKR\u00c1CI\u00c1K VIL\u00c1GA (A workshop nyelve angol) EL\u0150AD\u00d3: STYLIANOS N. LAGARAKIS [\/mk_fancy_title][vc_row_inner][vc_column_inner width=&#8221;1\/6&#8243;][mk_image_box title=&#8221;Sociodrama and power&#8221; src=&#8221;https:\/\/8thsociodramaconference.com\/wp-content\/uploads\/2024\/02\/Power-and-Democratic-1.png&#8221; media_width=&#8221;421&#8243; media_height=&#8221;294&#8243; crop=&#8221;false&#8221; image_link=&#8221;url&#8221; url=&#8221;https:\/\/8thsociodramaconference.com\/topic-sociodrama-power\/&#8221; target=&#8221;_blank&#8221; align=&#8221;center&#8221; rounded_corner=&#8221;true&#8221;][\/mk_image_box][\/vc_column_inner][vc_column_inner width=&#8221;2\/3&#8243;][vc_column_text responsive_align=&#8221;left&#8221;] ID\u0150PONT: J\u00fanius 27. cs\u00fct\u00f6rt\u00f6k,\u00a0 10:00-12:30 T\u00c9MA: Szociodr\u00e1ma \u00e9s hatalom \u2013 a demokratikus \u00e9rt\u00e9kek j\u00f6v\u0151je PROGRAM T\u00cdPUSA: Workshop TEREM: R\u00c9SZTVEV\u0150K SZ\u00c1MA: [&hellip;]<\/p>\n","protected":false},"author":1,"featured_media":0,"parent":0,"menu_order":0,"comment_status":"closed","ping_status":"closed","template":"","meta":{"footnotes":""},"class_list":["post-5679","page","type-page","status-publish","hentry"],"_links":{"self":[{"href":"https:\/\/8thsociodramaconference.com\/hu\/wp-json\/wp\/v2\/pages\/5679","targetHints":{"allow":["GET"]}}],"collection":[{"href":"https:\/\/8thsociodramaconference.com\/hu\/wp-json\/wp\/v2\/pages"}],"about":[{"href":"https:\/\/8thsociodramaconference.com\/hu\/wp-json\/wp\/v2\/types\/page"}],"author":[{"embeddable":true,"href":"https:\/\/8thsociodramaconference.com\/hu\/wp-json\/wp\/v2\/users\/1"}],"replies":[{"embeddable":true,"href":"https:\/\/8thsociodramaconference.com\/hu\/wp-json\/wp\/v2\/comments?post=5679"}],"version-history":[{"count":11,"href":"https:\/\/8thsociodramaconference.com\/hu\/wp-json\/wp\/v2\/pages\/5679\/revisions"}],"predecessor-version":[{"id":7629,"href":"https:\/\/8thsociodramaconference.com\/hu\/wp-json\/wp\/v2\/pages\/5679\/revisions\/7629"}],"wp:attachment":[{"href":"https:\/\/8thsociodramaconference.com\/hu\/wp-json\/wp\/v2\/media?parent=5679"}],"curies":[{"name":"wp","href":"https:\/\/api.w.org\/{rel}","templated":true}]}}