{"id":5674,"date":"2024-02-18T15:56:56","date_gmt":"2024-02-18T14:56:56","guid":{"rendered":"https:\/\/8thsociodramaconference.com\/program-luigi-lafasciano\/"},"modified":"2024-06-01T06:13:06","modified_gmt":"2024-06-01T04:13:06","slug":"program-luigi-lafasciano","status":"publish","type":"page","link":"https:\/\/8thsociodramaconference.com\/hu\/program-luigi-lafasciano\/","title":{"rendered":"Program Luigi Lafasciano"},"content":{"rendered":"<section class=\"wpb-content-wrapper\">[mk_page_section][vc_column][mk_fancy_title tag_name=&#8221;h2&#8243; size=&#8221;40&#8243; line_height=&#8221;50&#8243; font_family=&#8221;Oswald&#8221; font_type=&#8221;google&#8221; margin_bottom=&#8221;0&#8243;]\n<h3 style=\"text-align: center;\"><b>AZ \u0150SI R\u00cdTUSOK \u00c9S A KORT\u00c1RS SZOCIODR\u00c1MA \u00d6SSZEKAPCSOL\u00c1SA:<br \/>\nT\u00d6RT\u00c9NELMI PERSPEKT\u00cdVA<\/b><\/h3>\n<h5 style=\"text-align: center;\"><em>(Az el\u0151ad\u00e1s nyelve angol<\/em><em style=\"font-size: 16px;\">)<\/em><\/h5>\n<h5 style=\"text-align: center;\"><span style=\"color: #800000;\"><strong>EL\u0150AD\u00d3:<\/strong><b> LUIGI LAFASCIANO<\/b><\/span><\/h5>\n[\/mk_fancy_title][vc_row_inner][vc_column_inner width=&#8221;1\/6&#8243;][mk_image_box title=&#8221;Sociodrama and power&#8221; src=&#8221;https:\/\/8thsociodramaconference.com\/wp-content\/uploads\/2024\/02\/Creative-Collectives-2.png&#8221; media_width=&#8221;421&#8243; media_height=&#8221;294&#8243; crop=&#8221;false&#8221; image_link=&#8221;url&#8221; url=&#8221;https:\/\/8thsociodramaconference.com\/topic-sociodrama-creative-collectives\/&#8221; target=&#8221;_blank&#8221; align=&#8221;center&#8221; rounded_corner=&#8221;true&#8221;][\/mk_image_box][\/vc_column_inner][vc_column_inner width=&#8221;2\/3&#8243;][vc_column_text responsive_align=&#8221;left&#8221;]\n<h5 style=\"text-align: left;\"><b>ID\u0150PONT<\/b><strong>: <\/strong>J\u00fanius 29. szombat, 9:00-9:50<br \/>\n<strong>T\u00c9MA: <\/strong>Alkot\u00f3 szociodr\u00e1ma k\u00f6z\u00f6ss\u00e9gek megteremt\u00e9se \u2013 helyi \u00e9s nemzetk\u00f6zi csoportok \u00e9s h\u00e1l\u00f3zatok<br \/>\n<strong>PROGRAM T\u00cdPUSA: <\/strong>Prezent\u00e1ci\u00f3<br \/>\n<strong>TEREM:<\/strong><br \/>\n<strong>R\u00c9SZTVEV\u0150K SZ\u00c1MA: <\/strong>70<br \/>\n<strong>NYELV<\/strong>: Angol<br \/>\n<strong>C\u00cdMKE: <\/strong><a href=\"https:\/\/8thsociodramaconference.com\/hu\/topic-sociodrama-creative-collectives\/\" target=\"_blank\" rel=\"noopener\">Kreat\u00edv k\u00f6z\u00f6ss\u00e9gek, <\/a><a href=\"https:\/\/8thsociodramaconference.com\/hu\/presentations-jun29-morning\/\" target=\"_blank\" rel=\"noopener\">Prezent\u00e1ci\u00f3k j\u00fanius 29-\u00e9n d\u00e9lel\u0151tt<\/a><\/h5>\n<h5 style=\"text-align: left;\"><\/h5>\n[\/vc_column_text][\/vc_column_inner][vc_column_inner width=&#8221;1\/6&#8243;][\/vc_column_inner][\/vc_row_inner][\/vc_column][\/mk_page_section][mk_page_section padding=&#8221;0&#8243;][vc_column][vc_column_text responsive_align=&#8221;left&#8221;]\n<h5 style=\"text-align: center;\"><b>ABSZTRAKT:<\/b><\/h5>\n[\/vc_column_text][vc_column_text responsive_align=&#8221;left&#8221;]<span style=\"font-weight: 400;\">Az el\u0151ad\u00e1s az \u0151si performat\u00edv gy\u00f3gy\u00edt\u00f3 r\u00edtusokra f\u00f3kusz\u00e1l\u00f3 t\u00f6rt\u00e9nelmi kutat\u00e1sok illetve a pszichodr\u00e1ma \u00e9s szociodr\u00e1ma kort\u00e1rs gyakorlatainak \u00e1tfed\u00e9seit mutatja be, r\u00e1vil\u00e1g\u00edtva t\u00f6rt\u00e9n\u00e9szek \u00e9s terapeut\u00e1k k\u00f6z\u00f6s ter\u00fcleteire.<\/span><\/p>\n<p><span style=\"font-weight: 400;\">Munk\u00e1m sor\u00e1n az \u0151si ter\u00e1pi\u00e1s ritu\u00e1l\u00e9k fejl\u0151d\u00e9s\u00e9t vizsg\u00e1lom. Figyelemre m\u00e9lt\u00f3 p\u00e9ld\u00e1ul Aszkl\u00e9piosz, a gy\u00f3gy\u00edt\u00e1s g\u00f6r\u00f6g isten\u00e9nek kultusza. Aszkl\u00e9piosz r\u00edtus\u00e1nak<\/span> <span style=\"font-weight: 400;\">k\u00f6z\u00e9ppontj\u00e1ban a ter\u00e1pi\u00e1s inkub\u00e1ci\u00f3, azaz a ritu\u00e1lis \u00e1loml\u00e1t\u00e1s \u00e1llt. A l\u00e1tom\u00e1sokon kereszt\u00fcl a h\u00edv\u0151k az isteni beavatkoz\u00e1st \u00e9s gy\u00f3gyul\u00e1st kerest\u00e9k.<\/span> A r\u00edtusok<span style=\"font-weight: 400;\"> kialakul\u00e1sa szorosan kapcsol\u00f3dik a sz\u00ednh\u00e1zhoz, hiszen a sz\u00ednh\u00e1zakban tartott szakr\u00e1lis el\u0151ad\u00e1sok k\u00e9sz\u00edtett\u00e9k el\u0151 a h\u00edv\u0151ket az isteni \u00e9lm\u00e9nyek befogad\u00e1s\u00e1ra<\/span><span style=\"font-weight: 400;\">. E bevett gyakorlat azont\u00fal, hogy az egy\u00e9ni k\u00e9pzel\u0151er\u0151t fejlesztette, r\u00e1ad\u00e1sul ter\u00e1pi\u00e1s k\u00f6z\u00f6ss\u00e9geket hozott l\u00e9tre. Az isteni \u00e9s a l\u00e1thatatlan er\u0151k vil\u00e1g\u00e1val val\u00f3 bens\u0151s\u00e9ges kapcsol\u00f3d\u00e1s meger\u0151s\u00edtette a l\u00e1tom\u00e1sokban gy\u00f3gyul\u00e1st keres\u0151 h\u00edv\u0151k t\u00e1rsadalmi szerep\u00e9t is.<\/span><\/p>\n<p><span style=\"font-weight: 400;\">A pszichodr\u00e1m\u00e1val \u00e9s szociodr\u00e1m\u00e1val foglalkoz\u00f3 szakemberek \u00e9s a t\u00f6rt\u00e9neti kutat\u00f3k munk\u00e1j\u00e1nak dial\u00f3gusa<\/span> <span style=\"font-weight: 400;\">k\u00f6lcs\u00f6n\u00f6s gazdagod\u00e1st tesz lehet\u0151v\u00e9. M\u00edg a t\u00f6rt\u00e9nelmi szempontok hozz\u00e1j\u00e1rulhatnak a modern ter\u00e1pia innovat\u00edv megk\u00f6zel\u00edt\u00e9seihez, addig a terapeut\u00e1k \u00e9rt\u00e9kes perspekt\u00edv\u00e1kat k\u00edn\u00e1lhatnak az \u0151si ter\u00e1pi\u00e1s r\u00edtusok dinamik\u00e1j\u00e1nak m\u00e9lyebb meg\u00e9rt\u00e9s\u00e9hez. Ez a szinergia hozz\u00e1seg\u00edthet a performativit\u00e1s \u00e9s ter\u00e1pia bonyolult k\u00f6lcs\u00f6nhat\u00e1s\u00e1nak m\u00e9lyebb, korszakokon \u00e1t\u00edvel\u0151 meg\u00e9rt\u00e9s\u00e9hez.<\/span><\/p>\n<p><span style=\"font-weight: 400;\">\u00a0Tanul\u00e1si c\u00e9lok:<\/span><\/p>\n<ul>\n<li><span style=\"font-weight: 400;\"> \u00a0 <\/span> <span style=\"font-weight: 400;\">A r\u00e9sztvev\u0151k megismerik az \u0151si performat\u00edv trad\u00edci\u00f3k \u00e9s a kort\u00e1rs pszichodr\u00e1ma, szociodr\u00e1ma ter\u00e1pi\u00e1s m\u00f3dszerei k\u00f6z\u00f6tti jelent\u0151s \u00f6sszef\u00fcgg\u00e9seket.<\/span><\/li>\n<li><span style=\"font-weight: 400;\"> \u00a0 <\/span> <span style=\"font-weight: 400;\">A r\u00e9sztvev\u0151k k\u00e9szs\u00e9gei kieg\u00e9sz\u00fclnek t\u00f6rt\u00e9neti ismeretekkel a performansz ter\u00e1pi\u00e1s m\u00f3dszerk\u00e9nt val\u00f3 alkalmaz\u00e1s\u00e1val kapcsolatban.<\/span><\/li>\n<\/ul>\n[\/vc_column_text][mk_padding_divider size=&#8221;30&#8243;][vc_column_text responsive_align=&#8221;left&#8221;]\n<h5 style=\"text-align: center;\"><b>AZ EL\u0150AD\u00d3R\u00d3L:<\/b><\/h5>\n[\/vc_column_text][vc_row_inner][vc_column_inner width=&#8221;1\/4&#8243;][mk_image src=&#8221;https:\/\/8thsociodramaconference.com\/wp-content\/uploads\/2024\/02\/Luigi-Lafasciano.png&#8221; image_width=&#8221;402&#8243; image_height=&#8221;275&#8243; crop=&#8221;false&#8221; hover=&#8221;false&#8221;][\/vc_column_inner][vc_column_inner width=&#8221;3\/4&#8243;][vc_column_text responsive_align=&#8221;left&#8221;]<span style=\"font-weight: 400;\">Egyed\u00fcl\u00e1ll\u00f3 r\u00e9g\u00e9szeti \u00e9s vall\u00e1si antropol\u00f3giai h\u00e1tt\u00e9rrel rendelkezem. K\u00f6nyvben \u00e9s sz\u00e1mos cikkben publik\u00e1lt kutat\u00e1som az \u0151si el\u0151ad\u00e1s-orient\u00e1lt gy\u00f3gy\u00edt\u00f3 ritu\u00e1l\u00e9kat \u00e9s a sz\u00ednh\u00e1zi \u00e9s ritu\u00e1lis el\u0151ad\u00e1sok k\u00f6z\u00f6tti bonyolult kapcsolatot vizsg\u00e1lja a ritu\u00e1lisan induk\u00e1lt ter\u00e1pi\u00e1s \u00e1loml\u00e1tom\u00e1sokban. A Diakron Int\u00e9zet, egy nemzetk\u00f6zi, kult\u00far\u00e1k k\u00f6z\u00f6tti perspekt\u00edv\u00e1kat el\u0151seg\u00edt\u0151 civil szervezet alap\u00edt\u00f3jak\u00e9nt \u00e9s igazgat\u00f3jak\u00e9nt multiszenzoros oktat\u00e1si programokat vezettem Eur\u00f3pa-szerte. B\u00e1r k\u00f6zvetlen tapasztalatom nincs a pszichodr\u00e1ma \u00e9s a szociodr\u00e1ma ter\u00e9n, sz\u00edvesen veszek r\u00e9szt a ter\u00fclet szakembereivel val\u00f3 egy\u00fcttm\u0171k\u00f6d\u00e9sben, hogy gazdag\u00edtsam kutat\u00e1si \u00e9s oktat\u00e1si kezdem\u00e9nyez\u00e9seimet.<\/span>[\/vc_column_text][\/vc_column_inner][\/vc_row_inner][\/vc_column][\/mk_page_section]\n<\/section>","protected":false},"excerpt":{"rendered":"<p>[mk_page_section][vc_column][mk_fancy_title tag_name=&#8221;h2&#8243; size=&#8221;40&#8243; line_height=&#8221;50&#8243; font_family=&#8221;Oswald&#8221; font_type=&#8221;google&#8221; margin_bottom=&#8221;0&#8243;] AZ \u0150SI R\u00cdTUSOK \u00c9S A KORT\u00c1RS SZOCIODR\u00c1MA \u00d6SSZEKAPCSOL\u00c1SA: T\u00d6RT\u00c9NELMI PERSPEKT\u00cdVA (Az el\u0151ad\u00e1s nyelve angol) EL\u0150AD\u00d3: LUIGI LAFASCIANO [\/mk_fancy_title][vc_row_inner][vc_column_inner width=&#8221;1\/6&#8243;][mk_image_box title=&#8221;Sociodrama and power&#8221; src=&#8221;https:\/\/8thsociodramaconference.com\/wp-content\/uploads\/2024\/02\/Creative-Collectives-2.png&#8221; media_width=&#8221;421&#8243; media_height=&#8221;294&#8243; crop=&#8221;false&#8221; image_link=&#8221;url&#8221; url=&#8221;https:\/\/8thsociodramaconference.com\/topic-sociodrama-creative-collectives\/&#8221; target=&#8221;_blank&#8221; align=&#8221;center&#8221; rounded_corner=&#8221;true&#8221;][\/mk_image_box][\/vc_column_inner][vc_column_inner width=&#8221;2\/3&#8243;][vc_column_text responsive_align=&#8221;left&#8221;] ID\u0150PONT: J\u00fanius 29. szombat, 9:00-9:50 T\u00c9MA: Alkot\u00f3 szociodr\u00e1ma k\u00f6z\u00f6ss\u00e9gek megteremt\u00e9se \u2013 helyi \u00e9s nemzetk\u00f6zi csoportok [&hellip;]<\/p>\n","protected":false},"author":4,"featured_media":0,"parent":0,"menu_order":0,"comment_status":"closed","ping_status":"closed","template":"","meta":{"footnotes":""},"class_list":["post-5674","page","type-page","status-publish","hentry"],"_links":{"self":[{"href":"https:\/\/8thsociodramaconference.com\/hu\/wp-json\/wp\/v2\/pages\/5674","targetHints":{"allow":["GET"]}}],"collection":[{"href":"https:\/\/8thsociodramaconference.com\/hu\/wp-json\/wp\/v2\/pages"}],"about":[{"href":"https:\/\/8thsociodramaconference.com\/hu\/wp-json\/wp\/v2\/types\/page"}],"author":[{"embeddable":true,"href":"https:\/\/8thsociodramaconference.com\/hu\/wp-json\/wp\/v2\/users\/4"}],"replies":[{"embeddable":true,"href":"https:\/\/8thsociodramaconference.com\/hu\/wp-json\/wp\/v2\/comments?post=5674"}],"version-history":[{"count":10,"href":"https:\/\/8thsociodramaconference.com\/hu\/wp-json\/wp\/v2\/pages\/5674\/revisions"}],"predecessor-version":[{"id":8137,"href":"https:\/\/8thsociodramaconference.com\/hu\/wp-json\/wp\/v2\/pages\/5674\/revisions\/8137"}],"wp:attachment":[{"href":"https:\/\/8thsociodramaconference.com\/hu\/wp-json\/wp\/v2\/media?parent=5674"}],"curies":[{"name":"wp","href":"https:\/\/api.w.org\/{rel}","templated":true}]}}