{"id":5665,"date":"2024-02-23T07:42:13","date_gmt":"2024-02-23T06:42:13","guid":{"rendered":"https:\/\/8thsociodramaconference.com\/program-agnes-blasko-jana-damjanov-zsofia-kollanyi-orsolya-lelkes-sarah-jane-lennie-gyorgy-meszaros-vedrana-mirkovic-eszter-neumann-leyla-safta-zecheria-szabolcs-szamado\/"},"modified":"2024-05-27T05:00:32","modified_gmt":"2024-05-27T03:00:32","slug":"program-agnes-blasko-jana-damjanov-lucy-davies-zsofia-kollanyi-orsolya-lelkes-sarah-jane-lennie-eszter-neumann-leyla-safta-zecheria","status":"publish","type":"page","link":"https:\/\/8thsociodramaconference.com\/hu\/program-agnes-blasko-jana-damjanov-lucy-davies-zsofia-kollanyi-orsolya-lelkes-sarah-jane-lennie-eszter-neumann-leyla-safta-zecheria\/","title":{"rendered":"Program \u00c1gnes Blask\u00f3 &#8211; Jana Damjanov &#8211; Lucy Davies &#8211; Zs\u00f3fia Koll\u00e1nyi &#8211; Orsolya Lelkes -Sarah-Jane Lennie &#8211; Eszter Neumann &#8211; Leyla Safta-Zecheria"},"content":{"rendered":"<section class=\"wpb-content-wrapper\">[mk_page_section][vc_column][mk_fancy_title tag_name=&#8221;h2&#8243; size=&#8221;40&#8243; line_height=&#8221;50&#8243; font_family=&#8221;Oswald&#8221; font_type=&#8221;google&#8221; margin_bottom=&#8221;0&#8243;]\n<h3 style=\"text-align: center;\"><b>AZ \u201cITT \u00c9S MOST\u201d-ON T\u00daL &#8211; A SZOCIODR\u00c1M\u00c1BAN L\u00c9TREHOZOTT TUD\u00c1S:<br \/>\nH\u00cdD A SZEM\u00c9LYES MEG\u00c9L\u00c9SEK \u00c9S A T\u00c1RSADALMI VAL\u00d3S\u00c1G K\u00d6Z\u00d6TT<\/b><\/h3>\n<h5 style=\"text-align: center;\"><em>(A program nyelve angol)<\/em><\/h5>\n<h5 style=\"text-align: center;\"><span style=\"color: #800000;\"><strong>EL\u0150AD\u00d3K: BLASK\u00d3 <b>\u00c1GNES &#8211; JANA DAMJANOV &#8211; LUCY DAVIES &#8211; KOLL\u00c1NYI ZS\u00d3FIA &#8211; LELKES ORSOLYA &#8211; SARAH-JANE LENNIE\u00a0 &#8211; NEUMANN ESZTER &#8211; LEYLA SAFTA-ZECHERIA<\/b><\/strong><\/span><\/h5>\n[\/mk_fancy_title][vc_row_inner][vc_column_inner width=&#8221;1\/6&#8243;][mk_image_box title=&#8221;Sociodrama and power&#8221; src=&#8221;https:\/\/8thsociodramaconference.com\/wp-content\/uploads\/2024\/02\/Sociodrama-and-More-1.png&#8221; media_width=&#8221;421&#8243; media_height=&#8221;294&#8243; crop=&#8221;false&#8221; image_link=&#8221;url&#8221; url=&#8221;https:\/\/8thsociodramaconference.com\/topic-sociodrama-more\/&#8221; target=&#8221;_blank&#8221; align=&#8221;center&#8221; rounded_corner=&#8221;true&#8221;][\/mk_image_box][\/vc_column_inner][vc_column_inner width=&#8221;2\/3&#8243;][vc_column_text responsive_align=&#8221;left&#8221;]\n<h5 style=\"text-align: left;\"><b>ID\u0150PONT: <\/b>J\u00fanius 29. szombat,\u00a0 9:00-12:30<br \/>\n<b><\/b><strong>T\u00c9MA: <\/strong>Szociodr\u00e1ma \u00e9s kapcsol\u00f3d\u00e1sai<br \/>\n<b>PROGRAM T\u00cdPUSA:<\/b> workshop<br \/>\n<strong>TEREM:<\/strong><br \/>\n<strong>R\u00c9SZTVEV\u0150K SZ\u00c1MA: <\/strong>20<br \/>\n<strong>NYELV:<\/strong> Angol<br \/>\n<strong>C\u00cdMKE: <\/strong><a href=\"https:\/\/8thsociodramaconference.com\/hu\/topic-sociodrama-more\/\" target=\"_blank\" rel=\"noopener\">Kitekint\u00e9s<\/a>, <a href=\"https:\/\/8thsociodramaconference.com\/hu\/workshops-jun29-morning\/\" target=\"_blank\" rel=\"noopener\">Programok j\u00fanius 29-\u00e9n d\u00e9lel\u0151tt<\/a><\/h5>\n[\/vc_column_text][\/vc_column_inner][vc_column_inner width=&#8221;1\/6&#8243;][\/vc_column_inner][\/vc_row_inner][\/vc_column][\/mk_page_section][mk_page_section padding=&#8221;0&#8243;][vc_column][vc_column_text responsive_align=&#8221;left&#8221;]\n<h5 style=\"text-align: center;\"><b>ABSZTRAKT:<\/b><\/h5>\n[\/vc_column_text][vc_column_text responsive_align=&#8221;left&#8221;]<span style=\"font-weight: 400;\">Moreno \u00fagy tekintett a szociodr\u00e1m\u00e1ra, mint a t\u00e1rsadalomkutat\u00e1s kit\u00fcntetett eszk\u00f6z\u00e9re. A m\u00f3dszer v\u00e1ltozatos h\u00e1tter\u0171 t\u00e1rsadalmi csoportokban val\u00f3, sz\u00e9lesk\u00f6r\u0171 alkalmazhat\u00f3s\u00e1g\u00e1t megtapasztal\u00f3 dramatist\u00e1k jelent\u0151s r\u00e9sze osztja ezt a meggy\u0151z\u0151d\u00e9st. A kor\u00e1bban jellemz\u0151, a m\u00f3dszert\u0151l mag\u00e1t\u00f3l alapvet\u0151en f\u00fcggetlen, k\u00fcl\u00f6nb\u00f6z\u0151 tudom\u00e1nyt\u00f6rt\u00e9neti okokhoz k\u00f6thet\u0151 k\u00e9sleked\u00e9s ellen\u00e9re, az akad\u00e9miai szf\u00e9ra is egyre nyitottabb\u00e1 v\u00e1lik a dramatikus eszk\u00f6z\u00f6k kvalitat\u00edv kutat\u00e1si m\u00f3dszerk\u00e9nt val\u00f3 haszn\u00e1lat\u00e1ra.<\/span><\/p>\n<p><span style=\"font-weight: 400;\">A Drama as Academic Research (DAR) Kutat\u00f3csoport egy nemzetk\u00f6zi csoport, amely k\u00fcl\u00f6nb\u00f6z\u0151 tudom\u00e1nyter\u00fcletek kutat\u00f3ib\u00f3l \u00e1ll, akik maguk is gyakorl\u00f3 dramatist\u00e1k. A DAR tagjai arra h\u00edvj\u00e1k az \u00e9rdekl\u0151d\u0151 akad\u00e9miai kutat\u00f3kat \u00e9s dramatist\u00e1kat, hogy a dr\u00e1ma seg\u00edts\u00e9g\u00e9vel k\u00f6z\u00f6sen t\u00e1rj\u00e1k fel a tud\u00e1stermel\u00e9s lehet\u0151s\u00e9geit, felt\u00e9teleit \u00e9s k\u00fcl\u00f6nf\u00e9le m\u00f3dszertani k\u00e9rd\u00e9seit. A m\u0171helymunka c\u00e9lja felt\u00e9rk\u00e9pzeni, hogyan akn\u00e1zhat\u00f3k ki a t\u00e1rsadalomtudom\u00e1ny sz\u00e1m\u00e1ra a dr\u00e1ma k\u00edn\u00e1lta lehet\u0151s\u00e9gek a t\u00e1rsadalmi val\u00f3s\u00e1g meg\u00e9rt\u00e9s\u00e9ben.<\/span><\/p>\n<p><span style=\"font-weight: 400;\">A workshop a dr\u00e1m\u00e1b\u00f3l nyerhet\u0151 tud\u00e1s ismeretelm\u00e9leti k\u00e9rd\u00e9seivel foglalkozik: \u00e9rv\u00e9nyess\u00e9gi, etikai, a kutat\u00f3i szerepk\u00f6rh\u00f6z k\u00f6t\u0151d\u0151 k\u00e9rd\u00e9sekre keress\u00fck a v\u00e1laszt. \u00d6sszegy\u0171jtj\u00fck mindazokat a dilemm\u00e1kkal, amelyekkel a dr\u00e1m\u00e1nak mint adatgy\u0171jt\u00e9si eszk\u00f6znek a haszn\u00e1lata sor\u00e1n tal\u00e1lkozhatunk, \u00e9s felt\u00e9rk\u00e9pezz\u00fck azokat a ter\u00fcleteket, amelyeken a dramatikus m\u00f3dszerek elt\u00e9rnek a hagyom\u00e1nyos kutat\u00e1sm\u00f3dszertani gyakorlatokt\u00f3l.<\/span><\/p>\n<p><span style=\"font-weight: 400;\">Szeretettel v\u00e1runk mindenkit, aki csatlakozna hozz\u00e1nk ebben az egy\u00fcttm\u0171k\u00f6d\u00e9sben!<\/span><\/p>\n<p><span style=\"font-weight: 400;\">Tanul\u00e1si c\u00e9lok: A r\u00e9sztvev\u0151k meg\u00e9rtik a dr\u00e1mam\u00f3dszerekkel kapcsolatos akad\u00e9miai kutat\u00e1s sz\u00fcks\u00e9gleteit \u00e9s felt\u00e9teleit, \u00e9s betekint\u00e9st nyernek a dr\u00e1ma mint kutat\u00e1si eszk\u00f6z kih\u00edv\u00e1saiba \u00e9s lehet\u0151s\u00e9geibe az adatok \u00e9rv\u00e9nyess\u00e9ge, a kutat\u00e1si etika, az \u00e1tvihet\u0151s\u00e9g, \u00e9s egy\u00e9b szempontokb\u00f3l.<\/span>[\/vc_column_text][mk_padding_divider size=&#8221;30&#8243;][vc_column_text responsive_align=&#8221;left&#8221;]\n<h5 style=\"text-align: center;\"><b>AZ EL\u0150AD\u00d3KR\u00d3L:<\/b><\/h5>\n[\/vc_column_text][vc_row_inner][vc_column_inner width=&#8221;1\/4&#8243;][mk_image src=&#8221;https:\/\/8thsociodramaconference.com\/wp-content\/uploads\/2024\/04\/DAR-1.png&#8221; image_width=&#8221;402&#8243; image_height=&#8221;275&#8243; crop=&#8221;false&#8221; hover=&#8221;false&#8221;][\/vc_column_inner][vc_column_inner width=&#8221;3\/4&#8243;][vc_column_text responsive_align=&#8221;left&#8221;]A Drama as Academic Research Group (DAR-RG) 2023-ban alakult azzal a c\u00e9llal, hogy felt\u00e1rja a dramatikus m\u00f3dszerek tudom\u00e1nyos kutat\u00e1si eszk\u00f6zk\u00e9nt t\u00f6rt\u00e9n\u0151 alkalmaz\u00e1s\u00e1nak lehet\u0151s\u00e9g\u00e9t. A DAR-RG alap\u00edt\u00f3i \u00e9s k\u00f6zrem\u0171k\u00f6d\u0151i egyszerre k\u00fcl\u00f6nf\u00e9le tudom\u00e1nyter\u00fcletek akad\u00e9miai kutat\u00f3, \u00e9s k\u00fcl\u00f6nb\u00f6z\u0151 dramatikus m\u00f3dszerek \u2013 pszichodr\u00e1ma, szociodr\u00e1ma, f\u00f3rumsz\u00ednh\u00e1z, stb. \u2013 gyakorl\u00f3i.<\/p>\n<p>&nbsp;<\/p>\n[\/vc_column_text][\/vc_column_inner][\/vc_row_inner][vc_row_inner][vc_column_inner width=&#8221;1\/4&#8243;][mk_image src=&#8221;https:\/\/8thsociodramaconference.com\/wp-content\/uploads\/2024\/02\/Agi-Blasko.png&#8221; image_width=&#8221;402&#8243; image_height=&#8221;275&#8243; crop=&#8221;false&#8221; hover=&#8221;false&#8221;][\/vc_column_inner][vc_column_inner width=&#8221;3\/4&#8243;][vc_column_text responsive_align=&#8221;left&#8221;]\u00c1gnes Blask\u00f3, HU<br \/>\nKik\u00e9pz\u0151 szociodr\u00e1ma vezet\u0151, t\u00e1rsadalomtud\u00f3s,<br \/>\nBudapesti M\u0171szaki \u00e9s Gazdas\u00e1gtudom\u00e1nyi Egyetem Szociol\u00f3gia \u00e9s Kommunik\u00e1ci\u00f3 Tansz\u00e9k\u00e9nek oktat\u00f3ja.[\/vc_column_text][\/vc_column_inner][\/vc_row_inner][vc_row_inner][vc_column_inner width=&#8221;1\/4&#8243;][mk_image src=&#8221;https:\/\/8thsociodramaconference.com\/wp-content\/uploads\/2024\/02\/jana-damjanov-1.png&#8221; image_width=&#8221;402&#8243; image_height=&#8221;275&#8243; crop=&#8221;false&#8221; hover=&#8221;false&#8221;][\/vc_column_inner][vc_column_inner width=&#8221;3\/4&#8243;][vc_column_text responsive_align=&#8221;left&#8221;]Jana Damjanov, RS<br \/>\nKlinikai pszichol\u00f3gus, szociodr\u00e1ma \u00e9s pszichodr\u00e1ma vezet\u0151, kik\u00e9pz\u0151 \u00e9s szuperv\u00edzor, pszichodr\u00e1ma terapeuta,<br \/>\na Regional Association for Psychodrama and Integrative Psychotherapy tagja \u00e9s a Center for Sociopsychodrama and Research munkat\u00e1rsa[\/vc_column_text][\/vc_column_inner][\/vc_row_inner][vc_row_inner][vc_column_inner width=&#8221;1\/4&#8243;][mk_image src=&#8221;https:\/\/8thsociodramaconference.com\/wp-content\/uploads\/2024\/04\/Davies-Lucy.png&#8221; image_width=&#8221;402&#8243; image_height=&#8221;275&#8243; crop=&#8221;false&#8221; hover=&#8221;false&#8221;][\/vc_column_inner][vc_column_inner width=&#8221;3\/4&#8243;][vc_column_text responsive_align=&#8221;left&#8221;]Lucy Davies, UK<br \/>\nPhD hallgat\u00f3, Open University[\/vc_column_text][\/vc_column_inner][\/vc_row_inner][vc_row_inner][vc_column_inner width=&#8221;1\/4&#8243;][mk_image src=&#8221;https:\/\/8thsociodramaconference.com\/wp-content\/uploads\/2024\/04\/Kollanyi-Zsofia.png&#8221; image_width=&#8221;402&#8243; image_height=&#8221;275&#8243; crop=&#8221;false&#8221; hover=&#8221;false&#8221;][\/vc_column_inner][vc_column_inner width=&#8221;3\/4&#8243;][vc_column_text responsive_align=&#8221;left&#8221;]Zs\u00f3fia Koll\u00e1nyi, HU<br \/>\nSzoci\u00e1lpolitikus \u00e9s k\u00f6zgazd\u00e1sz,<br \/>\naz E\u00f6tv\u00f6s Lor\u00e1nd Tudom\u00e1nyegyetem T\u00e1rsadalomtudom\u00e1nyi Kar\u00e1nak oktat\u00f3ja[\/vc_column_text][\/vc_column_inner][\/vc_row_inner][vc_row_inner][vc_column_inner width=&#8221;1\/4&#8243;][mk_image src=&#8221;https:\/\/8thsociodramaconference.com\/wp-content\/uploads\/2024\/04\/Lelkes-Orsolya.png&#8221; image_width=&#8221;402&#8243; image_height=&#8221;275&#8243; crop=&#8221;false&#8221; hover=&#8221;false&#8221;][\/vc_column_inner][vc_column_inner width=&#8221;3\/4&#8243;][vc_column_text responsive_align=&#8221;left&#8221;]Orsolya Lelkes, AT<br \/>\nPszichodr\u00e1ma facilit\u00e1tor \u00e9s coach, t\u00e1rsadalomtud\u00f3s[\/vc_column_text][\/vc_column_inner][\/vc_row_inner][vc_row_inner][vc_column_inner width=&#8221;1\/4&#8243;][mk_image src=&#8221;https:\/\/8thsociodramaconference.com\/wp-content\/uploads\/2024\/04\/Lennie-Sarah-Jane.png&#8221; image_width=&#8221;402&#8243; image_height=&#8221;275&#8243; crop=&#8221;false&#8221; hover=&#8221;false&#8221;][\/vc_column_inner][vc_column_inner width=&#8221;3\/4&#8243;][vc_column_text responsive_align=&#8221;left&#8221;]Sarah-Jane Lennie, UK<br \/>\nCharter pszichol\u00f3gus,<br \/>\na Brit Pszichol\u00f3giai T\u00e1rsas\u00e1g tagja, az Open Egyetem oktat\u00f3ja.[\/vc_column_text][\/vc_column_inner][\/vc_row_inner][vc_row_inner][vc_column_inner width=&#8221;1\/4&#8243;][mk_image src=&#8221;https:\/\/8thsociodramaconference.com\/wp-content\/uploads\/2024\/04\/Neumann-Eszter.png&#8221; image_width=&#8221;402&#8243; image_height=&#8221;275&#8243; crop=&#8221;false&#8221; hover=&#8221;false&#8221;][\/vc_column_inner][vc_column_inner width=&#8221;3\/4&#8243;][vc_column_text responsive_align=&#8221;left&#8221;]Eszter Neumann, HU<br \/>\nSzociol\u00f3gus<br \/>\na HUN-REN T\u00e1rsadalomtudom\u00e1nyi Kutat\u00f3k\u00f6zpont munkat\u00e1rsa[\/vc_column_text][\/vc_column_inner][\/vc_row_inner][vc_row_inner][vc_column_inner width=&#8221;1\/4&#8243;][mk_image src=&#8221;https:\/\/8thsociodramaconference.com\/wp-content\/uploads\/2024\/04\/Safta-Zecheria-Leyla.png&#8221; image_width=&#8221;402&#8243; image_height=&#8221;275&#8243; crop=&#8221;false&#8221; hover=&#8221;false&#8221;][\/vc_column_inner][vc_column_inner width=&#8221;3\/4&#8243;][vc_column_text responsive_align=&#8221;left&#8221;]Leyla Safta-Zecheria, RO<br \/>\nT\u00e1rsadalomtud\u00f3s<br \/>\nTemesv\u00e1ri Nyugati Egyetem, Demokr\u00e1cia Int\u00e9zet tagja[\/vc_column_text][\/vc_column_inner][\/vc_row_inner][\/vc_column][\/mk_page_section]\n<\/section>","protected":false},"excerpt":{"rendered":"<p>[mk_page_section][vc_column][mk_fancy_title tag_name=&#8221;h2&#8243; size=&#8221;40&#8243; line_height=&#8221;50&#8243; font_family=&#8221;Oswald&#8221; font_type=&#8221;google&#8221; margin_bottom=&#8221;0&#8243;] AZ \u201cITT \u00c9S MOST\u201d-ON T\u00daL &#8211; A SZOCIODR\u00c1M\u00c1BAN L\u00c9TREHOZOTT TUD\u00c1S: H\u00cdD A SZEM\u00c9LYES MEG\u00c9L\u00c9SEK \u00c9S A T\u00c1RSADALMI VAL\u00d3S\u00c1G K\u00d6Z\u00d6TT (A program nyelve angol) EL\u0150AD\u00d3K: BLASK\u00d3 \u00c1GNES &#8211; JANA DAMJANOV &#8211; LUCY DAVIES &#8211; KOLL\u00c1NYI ZS\u00d3FIA &#8211; LELKES ORSOLYA &#8211; SARAH-JANE LENNIE\u00a0 &#8211; NEUMANN ESZTER &#8211; LEYLA SAFTA-ZECHERIA [\/mk_fancy_title][vc_row_inner][vc_column_inner [&hellip;]<\/p>\n","protected":false},"author":4,"featured_media":0,"parent":0,"menu_order":0,"comment_status":"closed","ping_status":"closed","template":"","meta":{"footnotes":""},"class_list":["post-5665","page","type-page","status-publish","hentry"],"_links":{"self":[{"href":"https:\/\/8thsociodramaconference.com\/hu\/wp-json\/wp\/v2\/pages\/5665","targetHints":{"allow":["GET"]}}],"collection":[{"href":"https:\/\/8thsociodramaconference.com\/hu\/wp-json\/wp\/v2\/pages"}],"about":[{"href":"https:\/\/8thsociodramaconference.com\/hu\/wp-json\/wp\/v2\/types\/page"}],"author":[{"embeddable":true,"href":"https:\/\/8thsociodramaconference.com\/hu\/wp-json\/wp\/v2\/users\/4"}],"replies":[{"embeddable":true,"href":"https:\/\/8thsociodramaconference.com\/hu\/wp-json\/wp\/v2\/comments?post=5665"}],"version-history":[{"count":13,"href":"https:\/\/8thsociodramaconference.com\/hu\/wp-json\/wp\/v2\/pages\/5665\/revisions"}],"predecessor-version":[{"id":7810,"href":"https:\/\/8thsociodramaconference.com\/hu\/wp-json\/wp\/v2\/pages\/5665\/revisions\/7810"}],"wp:attachment":[{"href":"https:\/\/8thsociodramaconference.com\/hu\/wp-json\/wp\/v2\/media?parent=5665"}],"curies":[{"name":"wp","href":"https:\/\/api.w.org\/{rel}","templated":true}]}}