{"id":5622,"date":"2024-02-14T15:10:21","date_gmt":"2024-02-14T14:10:21","guid":{"rendered":"https:\/\/8thsociodramaconference.com\/program-rebecca-walters\/"},"modified":"2024-05-26T11:19:00","modified_gmt":"2024-05-26T09:19:00","slug":"program-rebecca-walters","status":"publish","type":"page","link":"https:\/\/8thsociodramaconference.com\/hu\/program-rebecca-walters\/","title":{"rendered":"Program Rebecca Walters"},"content":{"rendered":"<section class=\"wpb-content-wrapper\">[mk_page_section][vc_column][mk_fancy_title tag_name=&#8221;h2&#8243; size=&#8221;40&#8243; line_height=&#8221;50&#8243; font_family=&#8221;Oswald&#8221; font_type=&#8221;google&#8221; margin_bottom=&#8221;0&#8243;]\n<h3 style=\"text-align: center;\"><b>SZOCIODR\u00c1MA CSOPORTOK GYERMEKEKKEL AZ OSZT\u00c1LYTEREMBEN \u00c9S TER\u00c1PI\u00c1BAN<\/b><\/h3>\n<h5 style=\"text-align: center;\"><em>(A workshop nyelve angol, magyar nyelv\u0171 tolm\u00e1csol\u00e1ssal)<\/em><\/h5>\n<h5 style=\"text-align: center;\"><span style=\"color: #800000;\"><strong>EL\u0150AD\u00d3:<\/strong><b> REBECCA WALTERS<\/b><\/span><\/h5>\n[\/mk_fancy_title][vc_row_inner][vc_column_inner width=&#8221;1\/6&#8243;][mk_image_box title=&#8221;Sociodrama and power&#8221; src=&#8221;https:\/\/8thsociodramaconference.com\/wp-content\/uploads\/2024\/02\/Next-Generation-2.png&#8221; media_width=&#8221;421&#8243; media_height=&#8221;294&#8243; crop=&#8221;false&#8221; image_link=&#8221;url&#8221; url=&#8221;https:\/\/8thsociodramaconference.com\/topic-sociodrama-youth\/&#8221; target=&#8221;_blank&#8221; align=&#8221;center&#8221; rounded_corner=&#8221;true&#8221;][\/mk_image_box][\/vc_column_inner][vc_column_inner width=&#8221;2\/3&#8243;][vc_column_text responsive_align=&#8221;left&#8221;]\n<h5 style=\"text-align: left;\"><strong>ID\u0150PONT:<\/strong> J\u00fanius 27. cs\u00fct\u00f6rt\u00f6k, 10:00-12:30<br \/>\n<strong>T\u00c9MA: <\/strong>Szociodr\u00e1ma \u00e9s a j\u00f6v\u0151 gener\u00e1ci\u00f3ja: gyerekek, fiatalok \u00e9s a vel\u00fck foglalkoz\u00f3 szakemberek, int\u00e9zm\u00e9nyek szociodr\u00e1m\u00e1ja<br \/>\n<strong>PROGRAM T\u00cdPUSA: <\/strong>Workshop<br \/>\n<strong>TEREM:<\/strong><br \/>\n<strong>R\u00c9SZTVEV\u0150K SZ\u00c1MA: <\/strong>22<br \/>\n<strong>NYELV:<\/strong> Angol, magyar nyelv\u0171 tolm\u00e1csol\u00e1ssal<br \/>\n<strong>C\u00cdMKE: <\/strong><a href=\"https:\/\/8thsociodramaconference.com\/hu\/topic-sociodrama-youth\/\" target=\"_blank\" rel=\"noopener\">Szociodr\u00e1ma \u00e9s fiatalok,<\/a> <a href=\"https:\/\/8thsociodramaconference.com\/hu\/workshops-jun27-morning\/\" target=\"_blank\" rel=\"noopener\">Programok j\u00fanius 27-\u00e9n d\u00e9lel\u0151tt<\/a><\/h5>\n[\/vc_column_text][\/vc_column_inner][vc_column_inner width=&#8221;1\/6&#8243;][\/vc_column_inner][\/vc_row_inner][\/vc_column][\/mk_page_section][mk_page_section padding=&#8221;0&#8243;][vc_column][vc_column_text responsive_align=&#8221;left&#8221;]\n<h5 style=\"text-align: center;\"><b>ABSZTRAKT:<\/b><\/h5>\n[\/vc_column_text][vc_column_text responsive_align=&#8221;left&#8221;]<span style=\"font-weight: 400;\">A gyerekek sz\u00e1m\u00e1ra a szociodr\u00e1ma hat\u00e9kony \u00e9s j\u00e1t\u00e9kos m\u00f3dszer, amely seg\u00edti \u0151ket neh\u00e9zs\u00e9geik kezel\u00e9s\u00e9ben, \u00faj szerepek \u00e9s viselked\u00e9sm\u00f3dok kipr\u00f3b\u00e1l\u00e1s\u00e1ban. A szociodr\u00e1ma egyebek mellett t\u00e1mogathatja \u0151ket az \u00f6nszab\u00e1lyoz\u00e1sban, impulzusaik kezel\u00e9s\u00e9nek tanul\u00e1s\u00e1ban \u00e9s az \u00e9rz\u00e9seik megfelel\u0151 kifejez\u00e9s\u00e9ben. A szociodr\u00e1ma m\u00f3dszer\u00e9t olyan, az oszt\u00e1lyteremben \u00e9s egy\u00e9b k\u00f6z\u00f6ss\u00e9gekben felmer\u00fcl\u0151 t\u00e1rsas konfliktusok kezel\u00e9s\u00e9re lehet haszn\u00e1lni, mint p\u00e9ld\u00e1ul a lop\u00e1sok vagy egym\u00e1s el nem fogad\u00e1sa \u00e9s b\u00e1nt\u00e1sa.\u00a0<\/span><\/p>\n<p><span style=\"font-weight: 400;\">Ugyanakkor a szociodr\u00e1ma alkalmazhat\u00f3 gyerekeknek tartott foglalkoz\u00e1sokon \u00e9s ter\u00e1pi\u00e1s csoportokban is, hogy olyan t\u00e9m\u00e1kon dolgozzunk, mint az er\u0151szakos testv\u00e9ri kapcsolatok, a csal\u00e1db\u00f3l val\u00f3 kiszorul\u00e1s vagy kiemel\u00e9s, a sz\u00fcl\u0151k hi\u00e1nya vagy t\u00e1voll\u00e9te, hal\u00e1leset, v\u00e1l\u00e1s vagy b\u00f6rt\u00f6nb\u00fcntet\u00e9s. A szociodramatikus t\u00f6rt\u00e9netek alkalmaz\u00e1sa lehet\u0151s\u00e9get teremt arra, hogy a gyerekekkel a neh\u00e9z \u00e9rz\u00e9seken \u00e9s dilemm\u00e1kon dolgozzunk. A r\u00e9sztvev\u0151k akt\u00edv bevon\u00e1s\u00e1t c\u00e9lz\u00f3 workshopunkon olyan szociodramatikus form\u00e1kat mutatok meg, amelyek j\u00f3l m\u0171k\u00f6dnek 6-12 \u00e9ves gyerekekkel, mint p\u00e9ld\u00e1ul az \u201c\u00fcres sz\u00e9k\u201d, a \u201ct\u00fcnd\u00e9rmese\u201d, a \u201cszociodramatikus h\u0151s\u201d vagy a \u201cszereptr\u00e9ning \u00faj viselked\u00e9shez\u201d.<\/span><\/p>\n<p><span style=\"font-weight: 400;\">A workshop r\u00e9sztvev\u0151i:<\/span><\/p>\n<ul>\n<li><span style=\"font-weight: 400;\">k\u00e9pesek lesznek k\u00fcl\u00f6nbs\u00e9get tenni a gyermekpszichodr\u00e1ma \u00e9s a gyerekszociodr\u00e1ma k\u00f6z\u00f6tt \u00e9s eld\u00f6nteni, hogy mikor melyiket \u00e9rdemes alkalmazni,<\/span><\/li>\n<li><span style=\"font-weight: 400;\">megtanulnak legal\u00e1bb k\u00e9t szociodramatikus form\u00e1t, amely gyermekcsoportokban alkalmazhat\u00f3.<\/span><\/li>\n<\/ul>\n[\/vc_column_text][mk_padding_divider size=&#8221;30&#8243;][vc_column_text responsive_align=&#8221;left&#8221;]\n<h5 style=\"text-align: center;\"><b>AZ EL\u0150AD\u00d3R\u00d3L:<\/b><\/h5>\n[\/vc_column_text][vc_row_inner][vc_column_inner width=&#8221;1\/4&#8243;][mk_image src=&#8221;https:\/\/8thsociodramaconference.com\/wp-content\/uploads\/2024\/02\/Rebecca-Walters.png&#8221; image_width=&#8221;402&#8243; image_height=&#8221;275&#8243; crop=&#8221;false&#8221; hover=&#8221;false&#8221;][\/vc_column_inner][vc_column_inner width=&#8221;3\/4&#8243;][vc_column_text responsive_align=&#8221;left&#8221;]\n<p style=\"text-align: left;\"><span style=\"font-weight: 400;\">Rebecca a Hudson Valley Pszichodr\u00e1ma Int\u00e9zet igazgat\u00f3ja 1989 \u00f3ta. A pszichodr\u00e1ma <\/span><span style=\"font-weight: 400;\">szakcsoport<\/span> <span style=\"font-weight: 400;\">igazgat\u00f3ja volt a Four Winds Pszichi\u00e1triai K\u00f3rh\u00e1zban, ahol huszon\u00f6t \u00e9ven kereszt\u00fcl pszichodr\u00e1ma \u00e9s szociodr\u00e1ma csoportokat vezetett fekv\u0151- \u00e9s j\u00e1r\u00f3beteg gyermek, serd\u00fcl\u0151 \u00e9s feln\u0151tt oszt\u00e1lyokon. T\u00f6bb mint negyven \u00e9ven \u00e1t alkalmazta a szociodr\u00e1m\u00e1t ter\u00e1pi\u00e1ban \u00e9s rehabilit\u00e1ci\u00f3s csoportokban, oktat\u00e1sban \u00e9s k\u00e9pz\u00e9sben. Rebecca vil\u00e1gszerte tan\u00edtott szociodr\u00e1m\u00e1t \u00e9s pszichodr\u00e1m\u00e1t. 2018-ban megkapta az Amerikai Csoportpszichoter\u00e1pia \u00e9s Pszichodr\u00e1ma T\u00e1rsas\u00e1g (ASGPP) JL Moreno-d\u00edj\u00e1t \u00e9letm\u0171v\u00e9\u00e9rt.<\/span><\/p>\n[\/vc_column_text][\/vc_column_inner][\/vc_row_inner][\/vc_column][\/mk_page_section]\n<\/section>","protected":false},"excerpt":{"rendered":"<p>[mk_page_section][vc_column][mk_fancy_title tag_name=&#8221;h2&#8243; size=&#8221;40&#8243; line_height=&#8221;50&#8243; font_family=&#8221;Oswald&#8221; font_type=&#8221;google&#8221; margin_bottom=&#8221;0&#8243;] SZOCIODR\u00c1MA CSOPORTOK GYERMEKEKKEL AZ OSZT\u00c1LYTEREMBEN \u00c9S TER\u00c1PI\u00c1BAN (A workshop nyelve angol, magyar nyelv\u0171 tolm\u00e1csol\u00e1ssal) EL\u0150AD\u00d3: REBECCA WALTERS [\/mk_fancy_title][vc_row_inner][vc_column_inner width=&#8221;1\/6&#8243;][mk_image_box title=&#8221;Sociodrama and power&#8221; src=&#8221;https:\/\/8thsociodramaconference.com\/wp-content\/uploads\/2024\/02\/Next-Generation-2.png&#8221; media_width=&#8221;421&#8243; media_height=&#8221;294&#8243; crop=&#8221;false&#8221; image_link=&#8221;url&#8221; url=&#8221;https:\/\/8thsociodramaconference.com\/topic-sociodrama-youth\/&#8221; target=&#8221;_blank&#8221; align=&#8221;center&#8221; rounded_corner=&#8221;true&#8221;][\/mk_image_box][\/vc_column_inner][vc_column_inner width=&#8221;2\/3&#8243;][vc_column_text responsive_align=&#8221;left&#8221;] ID\u0150PONT: J\u00fanius 27. cs\u00fct\u00f6rt\u00f6k, 10:00-12:30 T\u00c9MA: Szociodr\u00e1ma \u00e9s a j\u00f6v\u0151 gener\u00e1ci\u00f3ja: gyerekek, fiatalok \u00e9s a [&hellip;]<\/p>\n","protected":false},"author":4,"featured_media":0,"parent":0,"menu_order":0,"comment_status":"closed","ping_status":"closed","template":"","meta":{"footnotes":""},"class_list":["post-5622","page","type-page","status-publish","hentry"],"_links":{"self":[{"href":"https:\/\/8thsociodramaconference.com\/hu\/wp-json\/wp\/v2\/pages\/5622","targetHints":{"allow":["GET"]}}],"collection":[{"href":"https:\/\/8thsociodramaconference.com\/hu\/wp-json\/wp\/v2\/pages"}],"about":[{"href":"https:\/\/8thsociodramaconference.com\/hu\/wp-json\/wp\/v2\/types\/page"}],"author":[{"embeddable":true,"href":"https:\/\/8thsociodramaconference.com\/hu\/wp-json\/wp\/v2\/users\/4"}],"replies":[{"embeddable":true,"href":"https:\/\/8thsociodramaconference.com\/hu\/wp-json\/wp\/v2\/comments?post=5622"}],"version-history":[{"count":8,"href":"https:\/\/8thsociodramaconference.com\/hu\/wp-json\/wp\/v2\/pages\/5622\/revisions"}],"predecessor-version":[{"id":7628,"href":"https:\/\/8thsociodramaconference.com\/hu\/wp-json\/wp\/v2\/pages\/5622\/revisions\/7628"}],"wp:attachment":[{"href":"https:\/\/8thsociodramaconference.com\/hu\/wp-json\/wp\/v2\/media?parent=5622"}],"curies":[{"name":"wp","href":"https:\/\/api.w.org\/{rel}","templated":true}]}}