{"id":53,"date":"2023-01-19T21:50:19","date_gmt":"2023-01-19T20:50:19","guid":{"rendered":"https:\/\/8thsociodramaconference.com\/general-informations\/"},"modified":"2024-02-25T17:11:05","modified_gmt":"2024-02-25T16:11:05","slug":"general-informations","status":"publish","type":"page","link":"https:\/\/8thsociodramaconference.com\/hu\/general-informations\/","title":{"rendered":"\u00c1ltal\u00e1nos inform\u00e1ci\u00f3k"},"content":{"rendered":"[mk_page_section][vc_column][vc_column_text responsive_align=&#8221;left&#8221;]\n<h4><b>BUDAPEST 2024. J\u00fanius 26-30.<\/b><\/h4>\n<h4><span style=\"font-weight: 400;\">VIII. Nemzetk\u00f6zi Szociodr\u00e1ma Konferencia <\/span><\/h4>\n<h2><b><span style=\"color: #800000;\">TEREMT\u0150 K\u00d6Z\u00d6SS\u00c9GEK &#8211; A T\u00c1RSADALMI K\u00c9PZEL\u0150ER\u0150 FEL\u00c9LESZT\u00c9SE<\/span><br \/>\n<\/b><\/h2>\n<p><span style=\"font-weight: 400;\">A Nemzetk\u00f6zi Szociodr\u00e1ma H\u00e1l\u00f3zat nyolcadik konferenci\u00e1ja 2024 j\u00fanius\u00e1ban ker\u00fcl megrendez\u00e9sre Budapesten. A vil\u00e1g minden t\u00e1j\u00e1r\u00f3l \u00e9rkeznek szakemberek akik a Moreno-f\u00e9le m\u00f3dszertant alkalmazz\u00e1k k\u00fcl\u00f6nf\u00e9le k\u00f6z\u00f6ss\u00e9gi, int\u00e9zm\u00e9nyi \u00e9s t\u00e1rsadalmi beavatkoz\u00e1sokban. Az\u00e9rt tal\u00e1lkozunk, hogy megosszuk egym\u00e1ssal m\u00f3dszereinket, tanuljunk egym\u00e1st\u00f3l, eszm\u00e9t cser\u00e9lj\u00fcnk, bekapcsol\u00f3djunk a helyi akci\u00f3kba, illetve hogy szociodramatikusan v\u00e1laszokat keress\u00fcnk a konferencia f\u0151 k\u00e9rd\u00e9s\u00e9re: <\/span>[\/vc_column_text][vc_accordions open_toggle=&#8221;-1&#8243; responsive=&#8221;false&#8221;][vc_accordion_tab icon=&#8221;mk-icon-chevron-down&#8221; icon_color=&#8221;#a82719&#8243; title=&#8221;&#8222;Hogyan v\u00e1lunk k\u00e9pess\u00e9 kollekt\u00edv j\u00f6v\u0151k\u00e9pek megalkot\u00e1s\u00e1ra \u00e9s kollekt\u00edv cselekv\u00e9sre?\u201d &#8211; B\u0151vebben a t\u00e9m\u00e1r\u00f3l\u2026&#8221;][vc_column_text responsive_align=&#8221;left&#8221;]<span style=\"font-weight: 400;\">A konferencia c\u00e9lja, hogy reag\u00e1ljon arra a glob\u00e1lis kr\u00edzis\u00e1llapotra, amelyben \u00e9l\u00fcnk \u00e9s amely megk\u00e9rd\u0151jelezi rutinjainkat, rem\u00e9nyeinket \u00e9s kor\u00e1bbi c\u00e9ljainkat. \u00dagy t\u0171nik, hogy ebben a helyzetben kor\u00e1bbi tapasztalataink, narrat\u00edv\u00e1ink, megold\u00e1saink m\u00e1r nem tudnak\u00a0 modellk\u00e9nt, ir\u00e1nyt\u0171k\u00e9nt szolg\u00e1lni a j\u00f6v\u0151re n\u00e9zve. S\u0151t, azt \u00e9lj\u00fck meg, hogy az alapvet\u0151 trendek, a r\u00e9g\u00f3ta k\u00f6vetett \u00e9s bevett norm\u00e1k k\u00f6zvetlen okai a mai v\u00e1ls\u00e1goknak \u00e9s az \u00f6sszeoml\u00e1snak, amit\u0151l tartunk. Sokunk sz\u00e1m\u00e1ra nincsenek pozit\u00edv forgat\u00f3k\u00f6nyvek a j\u00f6v\u0151t illet\u0151en, \u00e9s ami el\u0151tt\u00fcnk \u00e1ll fenyeget\u0151nek \u00e9s kif\u00fcrk\u00e9szhetetlennek t\u0171nik. A m\u00e9ly t\u00e1rsadalmi megosztotts\u00e1g, t\u00e1rsadalmak t\u00f6redezetts\u00e9ge, az atomiz\u00e1l\u00f3d\u00e1s egyre nehezebb\u00e9 teszi a k\u00f6z\u00f6s \u00e9rtelmez\u00e9sek kialak\u00edt\u00e1s\u00e1t, a j\u00f6v\u0151r\u0151l \u00e9s a k\u00f6z\u00f6s cselekv\u00e9sr\u0151l alkotott elk\u00e9pzel\u00e9sek kidolgoz\u00e1s\u00e1t. E nagyon \u00faj \u00e9s \u00f6sszetett helyzet t\u00f6k\u00e9letes terep az autoriter rezsimeknek, amelyek az alapvet\u0151 f\u00e9lelmekre apell\u00e1lnak, k\u00e9zzelfoghat\u00f3 ellens\u00e9geket jel\u00f6lnek meg a v\u00e1ls\u00e1gok okaik\u00e9nt, \u00e9s a kr\u00edzist r\u00f6vid t\u00e1v\u00fa, hatalmi c\u00e9ljaik \u00e9rdek\u00e9ben haszn\u00e1lj\u00e1k ki. Felmer\u00fcl a k\u00e9rd\u00e9s: hogyan tudnak a nyugati demokr\u00e1ci\u00e1k gondoskodni bolyg\u00f3nkr\u00f3l \u00e9s annak t\u00e1rsadalmair\u00f3l?\u00a0 Mit tudnak kezdeni az individualiz\u00e1ci\u00f3, az atomiz\u00e1lt t\u00e1rsadalmi viszonyok k\u00f6vetkezm\u00e9nyeivel? A kollektivit\u00e1s milyen form\u00e1ira lenne sz\u00fcks\u00e9g? Hogyan m\u0171k\u00f6dn\u00e9nek\u00a0 \u00e9s hogyan kapcsol\u00f3dn\u00e1nak azok a k\u00f6z\u00f6ss\u00e9gek, milyen lenne az az emberis\u00e9g, amely k\u00e9pes megbirk\u00f3zni az \u00faj kih\u00edv\u00e1sokkal? Milyen \u00faj gazdas\u00e1gi, politikai \u00e9s gondoskod\u00e1si form\u00e1kra lenne sz\u00fcks\u00e9g\u00fcnk a t\u00fal\u00e9l\u00e9shez? Mindannyian tudjuk, hogy mai cselekedeteink alapvet\u0151en meghat\u00e1rozz\u00e1k majd a j\u00f6v\u0151nket.\u00a0<\/span><\/p>\n<p><span style=\"font-weight: 400;\">Moreno, m\u00f3dszerei &#8211; k\u00f6zt\u00fck a szociodr\u00e1ma &#8211; olyan eszk\u00f6z\u00f6k, amelyek seg\u00edts\u00e9g\u00e9vel megval\u00f3sulhat a t\u00e1rsadalmi viszonyok \u00e9s e viszonyok \u00e1talak\u00edthat\u00f3s\u00e1g\u00e1nak kollekt\u00edv vizsg\u00e1lata. A szociodramatikus gondolkod\u00e1s k\u00f6z\u00e9ppontj\u00e1ban a &#8222;szuperdinamikus&#8221; kollekt\u00edv\u00e1k \u00e9s h\u00e1l\u00f3zatok k\u00f6z\u00f6s l\u00e9trehoz\u00e1s\u00e1nak gondolata \u00e1ll, amelyek k\u00e9pesek meg\u00faj\u00edtani a &#8222;kultur\u00e1lis \u00e9s t\u00e1rsadalmi konzerveket&#8221; \u00e9s saj\u00e1t kor\u00e1bbi m\u0171k\u00f6d\u00e9s\u00fcket is. A kapcsol\u00f3d\u00e1sok \u00faj m\u00f3djainak felt\u00e1r\u00e1s\u00e1val, viszonyaink \u00e9s viszonyul\u00e1saink meg\u00faj\u00edt\u00e1s\u00e1val a \u00faj felismer\u00e9sek sz\u00fcletnek a kollekt\u00edv cselekv\u00e9s sz\u00e1m\u00e1ra. A budapesti Szociodr\u00e1ma Konferencia ezt a moreno-i t\u00f6rekv\u00e9st k\u00f6veti, \u00e9s a j\u00f6v\u0151 k\u00f6z\u00f6s megalkot\u00e1s\u00e1ra h\u00edvja az \u00e9rdekl\u0151d\u0151ket. Vegy\u00fcnk r\u00e9szt egy\u00fctt e k\u00f6z\u00f6s szociodramatikus kutat\u00e1sban, hogy mindannyian hozz\u00e1tegy\u00fck ehhez k\u00f6z\u00f6ss\u00e9geink \u00e9rt\u00e9keit \u00e9s tud\u00e1s\u00e1t!\u00a0<\/span>[\/vc_column_text][\/vc_accordion_tab][\/vc_accordions][vc_column_text responsive_align=&#8221;left&#8221;]<span style=\"font-weight: 400;\"><strong>A konferencia f\u00f3kusz\u00e1ba kilenc olyan ter\u00fclet ker\u00fclt,\u00a0 amelyeken a szociodr\u00e1ma hat\u00e1ssal lehet a j\u00f6v\u0151 alak\u00edt\u00e1s\u00e1ra.<\/strong><br \/>\nE t\u00e9m\u00e1kban v\u00e1rj\u00e1k a szervez\u0151k az absztraktokat \u00e9s ezek ment\u00e9n szervez\u0151dik a konferencia programja is.<\/span><\/p>\n<ol>\n<li style=\"font-weight: 400;\" aria-level=\"1\"><span style=\"font-weight: 400;\">Alkot\u00f3 szociodr\u00e1ma k\u00f6z\u00f6ss\u00e9gek megteremt\u00e9se &#8211; helyi \u00e9s nemzetk\u00f6zi csoportok \u00e9s h\u00e1l\u00f3zatok<\/span><\/li>\n<li style=\"font-weight: 400;\" aria-level=\"1\"><span style=\"font-weight: 400;\">Szociodr\u00e1ma \u00e9s t\u00e1rsadalmi gy\u00f3gy\u00edt\u00e1s &#8211; fel\u00e9p\u00fcl\u00e9s a kollekt\u00edv kr\u00edzisekb\u0151l \u00e9s traum\u00e1kb\u00f3l\u00a0<\/span><\/li>\n<li style=\"font-weight: 400;\" aria-level=\"1\"><span style=\"font-weight: 400;\">Szociodr\u00e1ma \u00e9s \u00f6kol\u00f3gia &#8211; k\u00f6rnyezeti k\u00e9rd\u00e9sek, kapcsol\u00f3d\u00e1sok az \u00e9l\u0151vil\u00e1gban, az ember \u00e9s a term\u00e9szeti k\u00f6rnyezet viszonya<\/span><\/li>\n<li style=\"font-weight: 400;\" aria-level=\"1\"><span style=\"font-weight: 400;\">Szociodr\u00e1ma \u00e9s oktat\u00e1s &#8211; a k\u00f6vetkez\u0151 gener\u00e1ci\u00f3 felnevel\u00e9se: gyerekek, fiatalok \u00e9s a vel\u00fck foglalkoz\u00f3 szakemberek \u00e9s int\u00e9zm\u00e9nyek szociodr\u00e1m\u00e1ja<\/span><\/li>\n<li style=\"font-weight: 400;\" aria-level=\"1\"><span style=\"font-weight: 400;\">Szociodr\u00e1ma \u00e9s hatalom &#8211; a demokratikus \u00e9rt\u00e9kek j\u00f6v\u0151je<\/span><\/li>\n<li style=\"font-weight: 400;\" aria-level=\"1\"><span style=\"font-weight: 400;\">Szociodr\u00e1ma k\u00fcl\u00f6nb\u00f6z\u0151 t\u00e1rsadalmi csoportokban &#8211; a k\u00f6z\u00f6ss\u00e9gek ereje<\/span><\/li>\n<li style=\"font-weight: 400;\" aria-level=\"1\"><span style=\"font-weight: 400;\">Szociodr\u00e1ma a szervezetfejleszt\u00e9sben, coachingban \u00e9s tr\u00e9ningekben\u00a0<\/span><\/li>\n<li style=\"font-weight: 400;\" aria-level=\"1\"><span style=\"font-weight: 400;\">Szociodr\u00e1ma \u00e9s technol\u00f3gia &#8211;\u00a0 a j\u00f6v\u0151 kapcsol\u00f3d\u00e1si form\u00e1i?<\/span><\/li>\n<li style=\"font-weight: 400;\" aria-level=\"1\"><span style=\"font-weight: 400;\">Szociodr\u00e1ma \u00e9s\u2026. <\/span><i><span style=\"font-weight: 400;\">egy\u00e9b javaslatok!<\/span><\/i><\/li>\n<\/ol>\n[\/vc_column_text][vc_accordions open_toggle=&#8221;-1&#8243; responsive=&#8221;false&#8221;][vc_accordion_tab icon=&#8221;mk-icon-chevron-down&#8221; icon_color=&#8221;#a82719&#8243; title=&#8221;Konferenci\u00e1t megel\u0151z\u0151 m\u0171helymunk\u00e1k&#8221;][vc_column_text responsive_align=&#8221;left&#8221;]<span style=\"font-weight: 400;\">2023. december \u00e9s 2024. j\u00fanius k\u00f6z\u00f6tt a konferencia felevezet\u00e9sek\u00e9nt online \u00e9s szem\u00e9lyes r\u00e9szv\u00e9tel\u0171 szociodr\u00e1ma workshopokra ker\u00fcl sor a konferencia f\u0151 t\u00e9m\u00e1iban nemzetk\u00f6zi szociodramatist\u00e1k vezet\u00e9s\u00e9vel.\u00a0 <\/span>[\/vc_column_text][\/vc_accordion_tab][vc_accordion_tab icon=&#8221;mk-icon-chevron-down&#8221; icon_color=&#8221;#a82719&#8243; title=&#8221;Online konferencia&#8221;][vc_column_text responsive_align=&#8221;left&#8221;]<span style=\"font-weight: 400;\">Minden egyes konferencia napon egy adott id\u0151s\u00e1vot az online programnak szentel\u00fcnk, hogy azok is tudjanak csatlakozni az esem\u00e9nyhez, akik nem tudnak szem\u00e9lyesen r\u00e9szt venni a konferenci\u00e1n.<\/span>[\/vc_column_text][\/vc_accordion_tab][vc_accordion_tab icon=&#8221;mk-icon-chevron-down&#8221; icon_color=&#8221;#a82719&#8243; title=&#8221;F\u0151 konferencia program&#8221;][vc_column_text responsive_align=&#8221;left&#8221;]<span style=\"font-weight: 400;\">2024. j\u00fanius 26. \u00e9s 30. k\u00f6z\u00f6tt a Budapesti Eur\u00f3pai Ifj\u00fas\u00e1gi K\u00f6zpont ad otthont a konferencia f\u0151 esem\u00e9nyeinek A konferenci\u00e1ra a vil\u00e1g minden t\u00e1j\u00e1r\u00f3l \u00e9rkeznek szociodr\u00e1ma szak\u00e9rt\u0151k, akik el\u0151ad\u00e1sokat, nagycsoportos foglalkoz\u00e1sokat \u00e9s workshopokat tartanak. A szakmai programot t\u00f6bb k\u00f6z\u00f6s t\u00e1rsas esem\u00e9ny k\u00f6veti majd.<\/span>[\/vc_column_text][\/vc_accordion_tab][vc_accordion_tab icon=&#8221;mk-icon-chevron-down&#8221; icon_color=&#8221;#a82719&#8243; title=&#8221;Esem\u00e9nyek a helyi k\u00f6z\u00f6ss\u00e9gekben&#8221;][vc_column_text responsive_align=&#8221;left&#8221;]<span style=\"font-weight: 400;\">2024. j\u00fanius 26. \u00e9s 30. k\u00f6z\u00f6tt, a Budapesti Eur\u00f3pai Ifj\u00fas\u00e1gi K\u00f6zpontban zajl\u00f3 konferencia f\u0151 programj\u00e1val p\u00e1rhuzamosan sz\u00e1mos szociodr\u00e1ma esem\u00e9ny szervez\u0151dik v\u00e1rosszerte a helyi k\u00f6z\u00f6ss\u00e9gekben. A konferencia r\u00e9sztvev\u0151inek lehet\u0151s\u00e9g\u00fck lesz csatlakozni ezekhez a csoportokhoz.<\/span>[\/vc_column_text][\/vc_accordion_tab][\/vc_accordions][vc_column_text responsive_align=&#8221;left&#8221;]<span style=\"font-weight: 400;\">A konferencia f\u0151 helysz\u00edne a Budapesti Eur\u00f3pai Ifj\u00fas\u00e1gi K\u00f6zpont: 1024 Budapest Zivatar utca 1.<\/span><\/p>\n<p>Az \u00e9p\u00fclet t\u00e1rgyal\u00f3- \u00e9s konferenciatermeivel, \u00e9tterm\u00e9vel \u00e9s h\u00e1l\u00f3szob\u00e1ival ak\u00e1r 300 f\u0151s rendezv\u00e9nyek lebonyol\u00edt\u00e1s\u00e1ra, \u00e9s 140 sz\u00e1ll\u00f3vend\u00e9g befogad\u00e1s\u00e1ra alkalmas.<\/p>\n<p><span style=\"font-weight: 400;\">A Szociodr\u00e1ma Konferencia non-profit rendezv\u00e9ny. A regisztr\u00e1ci\u00f3s d\u00edjak a konferencia szervez\u00e9si k\u00f6lts\u00e9geit fedezik. <\/span>[\/vc_column_text][\/vc_column][\/mk_page_section]\n","protected":false},"excerpt":{"rendered":"<p>[mk_page_section][vc_column][vc_column_text responsive_align=&#8221;left&#8221;] BUDAPEST 2024. J\u00fanius 26-30. VIII. Nemzetk\u00f6zi Szociodr\u00e1ma Konferencia TEREMT\u0150 K\u00d6Z\u00d6SS\u00c9GEK &#8211; A T\u00c1RSADALMI K\u00c9PZEL\u0150ER\u0150 FEL\u00c9LESZT\u00c9SE A Nemzetk\u00f6zi Szociodr\u00e1ma H\u00e1l\u00f3zat nyolcadik konferenci\u00e1ja 2024 j\u00fanius\u00e1ban ker\u00fcl megrendez\u00e9sre Budapesten. A vil\u00e1g minden t\u00e1j\u00e1r\u00f3l \u00e9rkeznek szakemberek akik a Moreno-f\u00e9le m\u00f3dszertant alkalmazz\u00e1k k\u00fcl\u00f6nf\u00e9le k\u00f6z\u00f6ss\u00e9gi, int\u00e9zm\u00e9nyi \u00e9s t\u00e1rsadalmi beavatkoz\u00e1sokban. Az\u00e9rt tal\u00e1lkozunk, hogy megosszuk egym\u00e1ssal m\u00f3dszereinket, tanuljunk egym\u00e1st\u00f3l, eszm\u00e9t cser\u00e9lj\u00fcnk, [&hellip;]<\/p>\n","protected":false},"author":1,"featured_media":0,"parent":0,"menu_order":0,"comment_status":"closed","ping_status":"closed","template":"","meta":{"footnotes":""},"class_list":["post-53","page","type-page","status-publish","hentry"],"_links":{"self":[{"href":"https:\/\/8thsociodramaconference.com\/hu\/wp-json\/wp\/v2\/pages\/53","targetHints":{"allow":["GET"]}}],"collection":[{"href":"https:\/\/8thsociodramaconference.com\/hu\/wp-json\/wp\/v2\/pages"}],"about":[{"href":"https:\/\/8thsociodramaconference.com\/hu\/wp-json\/wp\/v2\/types\/page"}],"author":[{"embeddable":true,"href":"https:\/\/8thsociodramaconference.com\/hu\/wp-json\/wp\/v2\/users\/1"}],"replies":[{"embeddable":true,"href":"https:\/\/8thsociodramaconference.com\/hu\/wp-json\/wp\/v2\/comments?post=53"}],"version-history":[{"count":15,"href":"https:\/\/8thsociodramaconference.com\/hu\/wp-json\/wp\/v2\/pages\/53\/revisions"}],"predecessor-version":[{"id":4883,"href":"https:\/\/8thsociodramaconference.com\/hu\/wp-json\/wp\/v2\/pages\/53\/revisions\/4883"}],"wp:attachment":[{"href":"https:\/\/8thsociodramaconference.com\/hu\/wp-json\/wp\/v2\/media?parent=53"}],"curies":[{"name":"wp","href":"https:\/\/api.w.org\/{rel}","templated":true}]}}