{"id":51,"date":"2023-01-21T09:46:00","date_gmt":"2023-01-21T08:46:00","guid":{"rendered":"https:\/\/8thsociodramaconference.com\/?page_id=51"},"modified":"2024-07-01T19:38:21","modified_gmt":"2024-07-01T17:38:21","slug":"rolunk","status":"publish","type":"page","link":"https:\/\/8thsociodramaconference.com\/hu\/rolunk\/","title":{"rendered":"R\u00f3lunk"},"content":{"rendered":"<section class=\"wpb-content-wrapper\">[mk_page_section][vc_column][mk_fancy_title tag_name=&#8221;h2&#8243; size=&#8221;40&#8243; line_height=&#8221;50&#8243; font_family=&#8221;Oswald&#8221; font_type=&#8221;google&#8221; margin_bottom=&#8221;40&#8243;]R\u00d3LUNK[\/mk_fancy_title][vc_column_text responsive_align=&#8221;left&#8221;][\/vc_column_text][\/vc_column][\/mk_page_section][vc_row][vc_column][vc_column_text]<span style=\"font-weight: 400;\">Az \u201cInternational Sociodrama Conference\u201d egy nemzetk\u00f6zi szociodr\u00e1ma network, amely 2007-ben j\u00f6tt l\u00e9tre portug\u00e1l szakemberek kezdem\u00e9nyez\u00e9sre. Az ISC k\u00e9t-h\u00e1rom \u00e9venk\u00e9nt rendezi meg aktu\u00e1lis konferenci\u00e1j\u00e1t Eur\u00f3pa, s\u0151t a vil\u00e1g k\u00fcl\u00f6nb\u00f6z\u0151 r\u00e9szein (Portug\u00e1lia, Sv\u00e9dorsz\u00e1g, Olaszorsz\u00e1g, Braz\u00edlia, G\u00f6r\u00f6gorsz\u00e1g). A nemzetk\u00f6zi szociodr\u00e1ma k\u00f6z\u00f6ss\u00e9g minden alkalommal egy helyi szervez\u0151 st\u00e1bbal egy\u00fcttm\u0171k\u00f6d\u00e9sben szervezi az esem\u00e9nyt.\u00a0<\/span><\/p>\n<p><span style=\"font-weight: 400;\">2024-ben, a nyolcadik konferenci\u00e1nak Budapest ad otthont, a Magyar Pszichodr\u00e1ma Egyes\u00fclet az \u00f6tnapos rendezv\u00e9ny h\u00e1zigazd\u00e1ja.<\/span><\/p>\n<h3 style=\"text-align: center;\"><b>MAGYAR PSZICHODR\u00c1MA EGYES\u00dcLET<\/b><\/h3>\n<p><span style=\"font-weight: 400;\">A Magyar Pszichodr\u00e1ma Egyes\u00fclet (MPE) 1989-ben alakult, a pszichodr\u00e1ma k\u00e9pz\u00e9s \u00e9s k\u00f6z\u00e9let \u00f6sszefog\u00f3jak\u00e9nt Magyarorsz\u00e1gon. Tagja a FEPTO-nak \u00e9s az IAGP-nek. A Szociodr\u00e1ma Szekci\u00f3 2012-ben alakult. 2016-ban az MPE konzorciumi vezet\u00e9s\u00e9vel elindult a PERFORMERS nev\u0171 szociodr\u00e1ma projekt Erasmus+ t\u00e1mogat\u00e1ssal. Az\u00f3ta az MPE-ben elindult a szociodr\u00e1ma k\u00e9pz\u00e9s \u00e9s sz\u00e1mos m\u0171helymunka val\u00f3sult meg, melyek c\u00e9lja a szociodr\u00e1ma m\u00f3dszer kidolgoz\u00e1sa \u00e9s implement\u00e1l\u00e1sa k\u00fcl\u00f6nb\u00f6z\u0151 szektorokban (oktat\u00e1s, szoci\u00e1lis ell\u00e1t\u00e1s, eg\u00e9szs\u00e9g\u00fcgy, k\u00f6z\u00f6ss\u00e9gfejleszt\u00e9s).\u00a0<\/span><\/p>\n<hr \/>\n<h3 style=\"text-align: center;\"><b>KONFERENCIA SZERVEZ\u0150BIZOTTS\u00c1G<\/b><\/h3>\n<p><span style=\"font-weight: 400;\">A Konferencia Szervez\u0151bizotts\u00e1g<\/span> <span style=\"font-weight: 400;\">biztos\u00edtja a konferencia szakmai \u00e9s operat\u00edv h\u00e1tter\u00e9t. A konferencia megval\u00f3s\u00edt\u00e1sa \u00e9rdek\u00e9ben egy\u00fcttm\u0171k\u00f6dik a Nemzetk\u00f6zi \u00e9s Helyi Szakmai Bizotts\u00e1ggal, f\u00f3rumot l\u00e9tes\u00edt a szakmai gondolkod\u00e1sra. Felkeresi a potenci\u00e1lis r\u00e9sztvev\u0151ket, egy\u00fcttm\u0171k\u00f6dik helyi \u00e9s nemzetk\u00f6zi szervezetekkel.\u00a0<\/span><\/p>\n<h4 style=\"text-align: center;\"><strong>TAGJAI<\/strong><\/h4>\n[\/vc_column_text][\/vc_column][\/vc_row][vc_row][vc_column width=&#8221;1\/4&#8243;][mk_image src=&#8221;https:\/\/8thsociodramaconference.com\/wp-content\/uploads\/2023\/09\/24.png&#8221; crop=&#8221;false&#8221; hover=&#8221;false&#8221;][mk_image src=&#8221;https:\/\/8thsociodramaconference.com\/wp-content\/uploads\/2024\/05\/About-us.png&#8221; crop=&#8221;false&#8221; hover=&#8221;false&#8221;][\/vc_column][vc_column width=&#8221;1\/4&#8243;][mk_image src=&#8221;https:\/\/8thsociodramaconference.com\/wp-content\/uploads\/2023\/09\/25.png&#8221; crop=&#8221;false&#8221; hover=&#8221;false&#8221;][\/vc_column][vc_column width=&#8221;1\/4&#8243;][mk_image src=&#8221;https:\/\/8thsociodramaconference.com\/wp-content\/uploads\/2023\/12\/About-us.png&#8221; crop=&#8221;false&#8221; hover=&#8221;false&#8221;][\/vc_column][vc_column width=&#8221;1\/4&#8243;][mk_image src=&#8221;https:\/\/8thsociodramaconference.com\/wp-content\/uploads\/2023\/11\/About-us-1.png&#8221; crop=&#8221;false&#8221; hover=&#8221;false&#8221;][\/vc_column][\/vc_row][vc_row][vc_column][vc_column_text]\n<hr \/>\n<h3 style=\"text-align: center;\"><b><br \/>\nHELYI SZAKMAI BIZOTTS\u00c1G<\/b><\/h3>\n<p><span style=\"font-weight: 400;\">A Helyi Szakmai Bizotts\u00e1g tagjai a Magyar Pszichodr\u00e1ma Egyes\u00fclet pszichodr\u00e1ma \u00e9s szociodr\u00e1ma szakemberei. <\/span><span style=\"font-weight: 400;\">Sz\u00e9lesk\u00f6r\u0171 tud\u00e1sukkal t\u00e1mogatj\u00e1k a konferencia koncepci\u00f3 \u00e9s program kital\u00e1l\u00e1s\u00e1t. A bizotts\u00e1g fontos feladata a magyarorsz\u00e1gi r\u00e9sztvev\u0151k bevon\u00e1sa, a speci\u00e1lisan helyi programok kidolgoz\u00e1sa tov\u00e1bb\u00e1 azok nemzetk\u00f6zi kerethez val\u00f3 illeszt\u00e9se.\u00a0\u00a0\u00a0<\/span><\/p>\n<h4 style=\"text-align: center;\"><strong>TAGJAI<\/strong><\/h4>\n[\/vc_column_text][\/vc_column][\/vc_row][vc_row][vc_column width=&#8221;1\/4&#8243;][mk_image src=&#8221;https:\/\/8thsociodramaconference.com\/wp-content\/uploads\/2023\/09\/1-1.png&#8221; crop=&#8221;false&#8221; hover=&#8221;false&#8221;][mk_image src=&#8221;https:\/\/8thsociodramaconference.com\/wp-content\/uploads\/2023\/09\/5-3.png&#8221; crop=&#8221;false&#8221; hover=&#8221;false&#8221;][mk_image src=&#8221;https:\/\/8thsociodramaconference.com\/wp-content\/uploads\/2023\/11\/9.png&#8221; crop=&#8221;false&#8221; hover=&#8221;false&#8221;][\/vc_column][vc_column width=&#8221;1\/4&#8243;][mk_image src=&#8221;https:\/\/8thsociodramaconference.com\/wp-content\/uploads\/2023\/09\/2-5.png&#8221; crop=&#8221;false&#8221; hover=&#8221;false&#8221;][mk_image src=&#8221;https:\/\/8thsociodramaconference.com\/wp-content\/uploads\/2023\/09\/6-5.png&#8221; crop=&#8221;false&#8221; hover=&#8221;false&#8221;][\/vc_column][vc_column width=&#8221;1\/4&#8243;][mk_image src=&#8221;https:\/\/8thsociodramaconference.com\/wp-content\/uploads\/2023\/09\/3-4.png&#8221; crop=&#8221;false&#8221; hover=&#8221;false&#8221;][mk_image src=&#8221;https:\/\/8thsociodramaconference.com\/wp-content\/uploads\/2023\/09\/7-6.png&#8221; crop=&#8221;false&#8221; hover=&#8221;false&#8221;][\/vc_column][vc_column width=&#8221;1\/4&#8243;][mk_image src=&#8221;https:\/\/8thsociodramaconference.com\/wp-content\/uploads\/2023\/09\/4-7.png&#8221; crop=&#8221;false&#8221; hover=&#8221;false&#8221;][mk_image src=&#8221;https:\/\/8thsociodramaconference.com\/wp-content\/uploads\/2023\/09\/8-3.png&#8221; crop=&#8221;false&#8221; hover=&#8221;false&#8221;][\/vc_column][\/vc_row][vc_row][vc_column][vc_column_text]\n<hr \/>\n<h3 style=\"text-align: center;\"><b><br \/>\nNEMZETK\u00d6ZI SZAKMAI BIZOTTS\u00c1G<\/b><\/h3>\n<p><span style=\"font-weight: 400;\">Tagjai sz\u00e9les k\u00f6rben elismert nemzetk\u00f6zi pszichodr\u00e1ma \u00e9s szociodr\u00e1ma szakemberek.<br \/>\n<\/span><span style=\"font-weight: 400;\">Konferencia alap\u00edt\u00f3 tagok. T\u00f6bb \u00e9vtizedes konferencia szervez\u00e9si tapasztalattal rendelkeznek.<\/span><\/p>\n<h4 style=\"text-align: center;\"><strong>TAGJAI<\/strong><\/h4>\n[\/vc_column_text][\/vc_column][\/vc_row][vc_row][vc_column width=&#8221;1\/4&#8243;][mk_image src=&#8221;https:\/\/8thsociodramaconference.com\/wp-content\/uploads\/2023\/09\/10-3.png&#8221; crop=&#8221;false&#8221; hover=&#8221;false&#8221;][mk_image src=&#8221;https:\/\/8thsociodramaconference.com\/wp-content\/uploads\/2023\/09\/14-3.png&#8221; crop=&#8221;false&#8221; hover=&#8221;false&#8221;][\/vc_column][vc_column width=&#8221;1\/4&#8243;][mk_image src=&#8221;https:\/\/8thsociodramaconference.com\/wp-content\/uploads\/2023\/09\/11-3.png&#8221; crop=&#8221;false&#8221; hover=&#8221;false&#8221;][mk_image src=&#8221;https:\/\/8thsociodramaconference.com\/wp-content\/uploads\/2023\/09\/15-3.png&#8221; crop=&#8221;false&#8221; hover=&#8221;false&#8221;][\/vc_column][vc_column width=&#8221;1\/4&#8243;][mk_image src=&#8221;https:\/\/8thsociodramaconference.com\/wp-content\/uploads\/2023\/09\/12-4.png&#8221; crop=&#8221;false&#8221; hover=&#8221;false&#8221;][mk_image src=&#8221;https:\/\/8thsociodramaconference.com\/wp-content\/uploads\/2023\/09\/16-1.png&#8221; crop=&#8221;false&#8221; hover=&#8221;false&#8221;][\/vc_column][vc_column width=&#8221;1\/4&#8243;][mk_image src=&#8221;https:\/\/8thsociodramaconference.com\/wp-content\/uploads\/2023\/09\/13-3.png&#8221; crop=&#8221;false&#8221; hover=&#8221;false&#8221;][\/vc_column][\/vc_row][vc_row][vc_column][vc_column_text]\n<hr \/>\n<h3 style=\"text-align: center;\"><b><br \/>\nTUDOM\u00c1NYOS PROGRAMBIZOTTS\u00c1G<\/b><\/h3>\n<p><span style=\"font-weight: 400;\">A Tudom\u00e1nyos programbizotts\u00e1g legf\u0151bb szerepe a konferencia absztraktok elb\u00edr\u00e1l\u00e1s\u00e1ban van.\u00a0<\/span><\/p>\n<h4 style=\"text-align: center;\"><strong>TAGJAI<\/strong><\/h4>\n[\/vc_column_text][\/vc_column][\/vc_row][vc_row][vc_column width=&#8221;1\/4&#8243;][mk_image src=&#8221;https:\/\/8thsociodramaconference.com\/wp-content\/uploads\/2023\/09\/17-1.png&#8221; crop=&#8221;false&#8221; hover=&#8221;false&#8221;][mk_image src=&#8221;https:\/\/8thsociodramaconference.com\/wp-content\/uploads\/2023\/09\/21.png&#8221; crop=&#8221;false&#8221; hover=&#8221;false&#8221;][\/vc_column][vc_column width=&#8221;1\/4&#8243;][mk_image src=&#8221;https:\/\/8thsociodramaconference.com\/wp-content\/uploads\/2023\/09\/About-us.png&#8221; crop=&#8221;false&#8221; hover=&#8221;false&#8221;][mk_image src=&#8221;https:\/\/8thsociodramaconference.com\/wp-content\/uploads\/2023\/09\/22.png&#8221; crop=&#8221;false&#8221; hover=&#8221;false&#8221;][\/vc_column][vc_column width=&#8221;1\/4&#8243;][mk_image src=&#8221;https:\/\/8thsociodramaconference.com\/wp-content\/uploads\/2023\/09\/18-1.png&#8221; crop=&#8221;false&#8221; hover=&#8221;false&#8221;][mk_image src=&#8221;https:\/\/8thsociodramaconference.com\/wp-content\/uploads\/2023\/11\/20.png&#8221; crop=&#8221;false&#8221; hover=&#8221;false&#8221;][\/vc_column][vc_column width=&#8221;1\/4&#8243;][mk_image src=&#8221;https:\/\/8thsociodramaconference.com\/wp-content\/uploads\/2023\/09\/20-1.png&#8221; crop=&#8221;false&#8221; hover=&#8221;false&#8221;][mk_image src=&#8221;https:\/\/8thsociodramaconference.com\/wp-content\/uploads\/2023\/09\/23.png&#8221; crop=&#8221;false&#8221; hover=&#8221;false&#8221;][\/vc_column][\/vc_row][vc_row][vc_column][vc_column_text]\n<hr \/>\n<h3 style=\"text-align: center;\"><b><br \/>\nETIKAI BIZOTTS\u00c1G<\/b><\/h3>\n<p style=\"font-weight: 400;\">A konferenci\u00e1ra alakult Etikai Bizotts\u00e1g a Magyar Pszichodr\u00e1ma Egyes\u00fclet Etikai Bizotts\u00e1ga \u00e9s a Helyi Szervez\u0151 St\u00e1b kezdem\u00e9nyez\u00e9se ment\u00e9n j\u00f6tt l\u00e9tre, tov\u00e1bbi koopt\u00e1lt tagok r\u00e9szv\u00e9tel\u00e9vel. A konferencia el\u0151tt \u00e9s alatt ehhez a szervezethez lehet fordulni etikai k\u00e9rd\u00e9sekkel \u00e9s felmer\u00fcl\u0151 dilemm\u00e1kkal, \u00fcgyekkel, esetleges panaszokkal.<br \/>\nEmail: <a href=\"mailto:conferenceethics@gmail.com\" target=\"_blank\" rel=\"noopener\">conferenceethics@gmail.com<\/a><\/p>\n<h4 style=\"text-align: center;\"><strong>TAGJAI<\/strong><\/h4>\n[\/vc_column_text][\/vc_column][\/vc_row][vc_row][vc_column width=&#8221;1\/4&#8243;][mk_image src=&#8221;https:\/\/8thsociodramaconference.com\/wp-content\/uploads\/2024\/03\/About-us.png&#8221; crop=&#8221;false&#8221; hover=&#8221;false&#8221;][mk_image src=&#8221;https:\/\/8thsociodramaconference.com\/wp-content\/uploads\/2024\/03\/About-us-2.png&#8221; crop=&#8221;false&#8221; hover=&#8221;false&#8221;][\/vc_column][vc_column width=&#8221;1\/4&#8243;][mk_image src=&#8221;https:\/\/8thsociodramaconference.com\/wp-content\/uploads\/2024\/03\/Hunya-Csilla.png&#8221; crop=&#8221;false&#8221; hover=&#8221;false&#8221;][\/vc_column][vc_column width=&#8221;1\/4&#8243;][mk_image src=&#8221;https:\/\/8thsociodramaconference.com\/wp-content\/uploads\/2024\/03\/About-us-1.png&#8221; crop=&#8221;false&#8221; hover=&#8221;false&#8221;][\/vc_column][vc_column width=&#8221;1\/4&#8243;][mk_image src=&#8221;https:\/\/8thsociodramaconference.com\/wp-content\/uploads\/2024\/05\/About-us-1.png&#8221; crop=&#8221;false&#8221; hover=&#8221;false&#8221;][\/vc_column][\/vc_row][vc_row][vc_column][vc_column_text]\n<hr \/>\n<h3 style=\"text-align: center;\"><b><br \/>\nTOLM\u00c1CSOK<\/b><\/h3>\n<p style=\"font-weight: 400;\">A 2016 nyar\u00e1n megalakult SZOFT \u00faj sz\u00ednt \u00e9s \u00faj hangot hozott a hazai szabad\u00fasz\u00f3 ford\u00edt\u00f3k \u00e9s tolm\u00e1csok k\u00f6z\u00f6ss\u00e9g\u00e9be. \u00d6n\u00e1ll\u00f3, nyitott, kreat\u00edv nyelvi szakemberek k\u00f6z\u00f6ss\u00e9ge, ahol a sokf\u00e9les\u00e9g \u00e9rt\u00e9k, mert min\u00e9l t\u00f6bbf\u00e9l\u00e9k vagyunk, ann\u00e1l t\u00f6bbet tanulhatunk egym\u00e1st\u00f3l. Tud\u00e1smegoszt\u00f3 programjaink az \u00f6r\u00f6k\u00f6s k\u00edv\u00e1ncsis\u00e1got, a lelkiismeretes, ig\u00e9nyes munk\u00e1t d\u00edjazza. Sz\u00edv\u00fcgy\u00fcnk a szakm\u00e1nk \u00e9rdekk\u00e9pviselete \u00e9s a t\u00e1rsadalmi felel\u0151ss\u00e9gv\u00e1llal\u00e1s. Minden lehet\u0151s\u00e9get megragadunk arra is, hogy seg\u00edts\u00fcnk, amikor a nyelvi szakemberek tud\u00e1s\u00e1ra \u00e9s k\u00e9pess\u00e9geire \u00e9p\u00edtve lehet picivel jobb\u00e1 tenni a vil\u00e1got.<\/p>\n<h4 style=\"text-align: center;\"><strong>TAGJAI<\/strong><\/h4>\n[\/vc_column_text][\/vc_column][\/vc_row][vc_row][vc_column width=&#8221;1\/4&#8243;][mk_image src=&#8221;https:\/\/8thsociodramaconference.com\/wp-content\/uploads\/2024\/06\/3-1.png&#8221; crop=&#8221;false&#8221; hover=&#8221;false&#8221;][mk_image src=&#8221;https:\/\/8thsociodramaconference.com\/wp-content\/uploads\/2024\/06\/2-1.png&#8221; crop=&#8221;false&#8221; hover=&#8221;false&#8221;][mk_image src=&#8221;https:\/\/8thsociodramaconference.com\/wp-content\/uploads\/2024\/07\/7.png&#8221; crop=&#8221;false&#8221; hover=&#8221;false&#8221;][\/vc_column][vc_column width=&#8221;1\/4&#8243;][mk_image src=&#8221;https:\/\/8thsociodramaconference.com\/wp-content\/uploads\/2024\/06\/1.png&#8221; crop=&#8221;false&#8221; hover=&#8221;false&#8221;][mk_image src=&#8221;https:\/\/8thsociodramaconference.com\/wp-content\/uploads\/2024\/07\/4.png&#8221; crop=&#8221;false&#8221; hover=&#8221;false&#8221;][\/vc_column][vc_column width=&#8221;1\/4&#8243;][mk_image src=&#8221;https:\/\/8thsociodramaconference.com\/wp-content\/uploads\/2024\/06\/2.png&#8221; crop=&#8221;false&#8221; hover=&#8221;false&#8221;][mk_image src=&#8221;https:\/\/8thsociodramaconference.com\/wp-content\/uploads\/2024\/07\/5.png&#8221; crop=&#8221;false&#8221; hover=&#8221;false&#8221;][\/vc_column][vc_column width=&#8221;1\/4&#8243;][mk_image src=&#8221;https:\/\/8thsociodramaconference.com\/wp-content\/uploads\/2024\/06\/3.png&#8221; crop=&#8221;false&#8221; hover=&#8221;false&#8221;][mk_image src=&#8221;https:\/\/8thsociodramaconference.com\/wp-content\/uploads\/2024\/07\/6.png&#8221; crop=&#8221;false&#8221; hover=&#8221;false&#8221;][\/vc_column][\/vc_row][vc_row][vc_column][vc_column_text][\/vc_column_text][vc_column_text]\n<hr \/>\n<h3 style=\"text-align: center;\"><b><br \/>\nHELYI PARTNEREK<\/b><\/h3>\n[\/vc_column_text][\/vc_column][\/vc_row][vc_row][vc_column width=&#8221;1\/5&#8243;][mk_image src=&#8221;https:\/\/8thsociodramaconference.com\/wp-content\/uploads\/2024\/05\/parforum.png&#8221; crop=&#8221;false&#8221; custom_url=&#8221;http:\/\/www.sajatszinhaz.org\/&#8221;][mk_image src=&#8221;https:\/\/8thsociodramaconference.com\/wp-content\/uploads\/2024\/05\/2-2.png&#8221; crop=&#8221;false&#8221; custom_url=&#8221;https:\/\/www.essrg.hu\/hu\/&#8221;][mk_image src=&#8221;https:\/\/8thsociodramaconference.com\/wp-content\/uploads\/2024\/05\/sarretkozossegiter.png&#8221; crop=&#8221;false&#8221; custom_url=&#8221;https:\/\/zuglo.helio.hu\/projektek\/sarret-kozossegi-ter\/&#8221;][\/vc_column][vc_column width=&#8221;1\/5&#8243;][mk_image src=&#8221;https:\/\/8thsociodramaconference.com\/wp-content\/uploads\/2024\/05\/1.png&#8221; crop=&#8221;false&#8221; custom_url=&#8221;https:\/\/sajatszinhaz-szivhang.org\/&#8221;][mk_image src=&#8221;https:\/\/8thsociodramaconference.com\/wp-content\/uploads\/2024\/05\/okopszichologiai-intezet.png&#8221; crop=&#8221;false&#8221; custom_url=&#8221;https:\/\/ecopsychology.hu\/&#8221;][mk_image src=&#8221;https:\/\/8thsociodramaconference.com\/wp-content\/uploads\/2024\/05\/10_1.png&#8221; crop=&#8221;false&#8221; custom_url=&#8221;https:\/\/belvarosikozossegiter.hu\/&#8221;][\/vc_column][vc_column width=&#8221;1\/5&#8243;][mk_image src=&#8221;https:\/\/8thsociodramaconference.com\/wp-content\/uploads\/2024\/05\/5-1.png&#8221; crop=&#8221;false&#8221; custom_url=&#8221;https:\/\/nane.hu\/&#8221;][mk_image src=&#8221;https:\/\/8thsociodramaconference.com\/wp-content\/uploads\/2024\/05\/8.png&#8221; crop=&#8221;false&#8221; hover=&#8221;false&#8221;][mk_image src=&#8221;https:\/\/8thsociodramaconference.com\/wp-content\/uploads\/2024\/05\/RIM_logo.png&#8221; crop=&#8221;false&#8221; custom_url=&#8221;https:\/\/radnotiszinhaz.hu\/rim\/&#8221;][\/vc_column][vc_column width=&#8221;1\/5&#8243;][mk_image src=&#8221;https:\/\/8thsociodramaconference.com\/wp-content\/uploads\/2024\/05\/szomaro.png&#8221; crop=&#8221;false&#8221; custom_url=&#8221;https:\/\/www.facebook.com\/search\/top?q=szomolyai%20magyar%20roma%20egyes%C3%BClet&#8221;][mk_image src=&#8221;https:\/\/8thsociodramaconference.com\/wp-content\/uploads\/2024\/05\/9.png&#8221; crop=&#8221;false&#8221; custom_url=&#8221;https:\/\/www.facebook.com\/okopszichologia.hu\/&#8221;][mk_image src=&#8221;https:\/\/8thsociodramaconference.com\/wp-content\/uploads\/2024\/05\/5.png&#8221; crop=&#8221;false&#8221; custom_url=&#8221;https:\/\/www.watsoncoaching.hu\/&#8221;][\/vc_column][vc_column width=&#8221;1\/5&#8243;][mk_image src=&#8221;https:\/\/8thsociodramaconference.com\/wp-content\/uploads\/2024\/05\/2-1.png&#8221; crop=&#8221;false&#8221; custom_url=&#8221;https:\/\/www.pszichodrama.hu\/megtarto-ero-projekt\/&#8221;][mk_image src=&#8221;https:\/\/8thsociodramaconference.com\/wp-content\/uploads\/2024\/05\/logo.png&#8221; crop=&#8221;false&#8221; custom_url=&#8221;https:\/\/www.szoft-egyesulet.hu\/&#8221;][mk_image src=&#8221;https:\/\/8thsociodramaconference.com\/wp-content\/uploads\/2024\/05\/KIA-logo.png&#8221; crop=&#8221;false&#8221; custom_url=&#8221;https:\/\/kozeletiskolaja.hu\/&#8221;][\/vc_column][\/vc_row]\n<\/section>","protected":false},"excerpt":{"rendered":"<p>[mk_page_section][vc_column][mk_fancy_title tag_name=&#8221;h2&#8243; size=&#8221;40&#8243; line_height=&#8221;50&#8243; font_family=&#8221;Oswald&#8221; font_type=&#8221;google&#8221; margin_bottom=&#8221;40&#8243;]R\u00d3LUNK[\/mk_fancy_title][vc_column_text responsive_align=&#8221;left&#8221;][\/vc_column_text][\/vc_column][\/mk_page_section][vc_row][vc_column][vc_column_text]Az \u201cInternational Sociodrama Conference\u201d egy nemzetk\u00f6zi szociodr\u00e1ma network, amely 2007-ben j\u00f6tt l\u00e9tre portug\u00e1l szakemberek kezdem\u00e9nyez\u00e9sre. Az ISC k\u00e9t-h\u00e1rom \u00e9venk\u00e9nt rendezi meg aktu\u00e1lis konferenci\u00e1j\u00e1t Eur\u00f3pa, s\u0151t a vil\u00e1g k\u00fcl\u00f6nb\u00f6z\u0151 r\u00e9szein (Portug\u00e1lia, Sv\u00e9dorsz\u00e1g, Olaszorsz\u00e1g, Braz\u00edlia, G\u00f6r\u00f6gorsz\u00e1g). A nemzetk\u00f6zi szociodr\u00e1ma k\u00f6z\u00f6ss\u00e9g minden alkalommal egy helyi szervez\u0151 st\u00e1bbal egy\u00fcttm\u0171k\u00f6d\u00e9sben szervezi az esem\u00e9nyt.\u00a0 [&hellip;]<\/p>\n","protected":false},"author":1,"featured_media":0,"parent":0,"menu_order":0,"comment_status":"closed","ping_status":"closed","template":"","meta":{"footnotes":""},"class_list":["post-51","page","type-page","status-publish","hentry"],"_links":{"self":[{"href":"https:\/\/8thsociodramaconference.com\/hu\/wp-json\/wp\/v2\/pages\/51","targetHints":{"allow":["GET"]}}],"collection":[{"href":"https:\/\/8thsociodramaconference.com\/hu\/wp-json\/wp\/v2\/pages"}],"about":[{"href":"https:\/\/8thsociodramaconference.com\/hu\/wp-json\/wp\/v2\/types\/page"}],"author":[{"embeddable":true,"href":"https:\/\/8thsociodramaconference.com\/hu\/wp-json\/wp\/v2\/users\/1"}],"replies":[{"embeddable":true,"href":"https:\/\/8thsociodramaconference.com\/hu\/wp-json\/wp\/v2\/comments?post=51"}],"version-history":[{"count":25,"href":"https:\/\/8thsociodramaconference.com\/hu\/wp-json\/wp\/v2\/pages\/51\/revisions"}],"predecessor-version":[{"id":8667,"href":"https:\/\/8thsociodramaconference.com\/hu\/wp-json\/wp\/v2\/pages\/51\/revisions\/8667"}],"wp:attachment":[{"href":"https:\/\/8thsociodramaconference.com\/hu\/wp-json\/wp\/v2\/media?parent=51"}],"curies":[{"name":"wp","href":"https:\/\/api.w.org\/{rel}","templated":true}]}}