{"id":3296,"date":"2023-12-11T18:14:36","date_gmt":"2023-12-11T17:14:36","guid":{"rendered":"https:\/\/8thsociodramaconference.com\/focusing-safe-just-earth\/"},"modified":"2024-04-23T10:15:07","modified_gmt":"2024-04-23T08:15:07","slug":"focusing-safe-just-earth","status":"publish","type":"page","link":"https:\/\/8thsociodramaconference.com\/hu\/focusing-safe-just-earth\/","title":{"rendered":"Workshop A F\u00f6ld biztons\u00e1gos \u00e9s igazs\u00e1gos haszn\u00e1lata"},"content":{"rendered":"<section class=\"wpb-content-wrapper\">[vc_row][vc_column][mk_fancy_title font_family=&#8221;none&#8221;]\n<h3 style=\"text-align: center;\">El\u0151konferencia Workshop \/\/ 2024. \u00c1prilis<\/h3>\n[\/mk_fancy_title][mk_divider][\/vc_column][\/vc_row][vc_row][vc_column width=&#8221;1\/2&#8243;][mk_image src=&#8221;https:\/\/8thsociodramaconference.com\/wp-content\/uploads\/2024\/04\/HUN_fbpost_website_program.png&#8221; crop=&#8221;false&#8221; hover=&#8221;false&#8221; align=&#8221;center&#8221;][mk_padding_divider][vc_btn title=&#8221;REGISZTR\u00c1CI\u00d3 \u00c9S BANKI UTAL\u00c1S&#8221; color=&#8221;peacoc&#8221; size=&#8221;lg&#8221; align=&#8221;center&#8221; button_block=&#8221;true&#8221; link=&#8221;url:https%3A%2F%2Fforms.gle%2F87ZwDNdHV41hPhk29|target:_blank&#8221;][vc_btn title=&#8221;REGISZTR\u00c1CI\u00d3 \u00c9S FIZET\u00c9S BANKK\u00c1RTY\u00c1VAL&#8221; color=&#8221;peacoc&#8221; size=&#8221;lg&#8221; align=&#8221;center&#8221; button_block=&#8221;true&#8221; link=&#8221;url:https%3A%2F%2F8thsociodramaconference.com%2Fhu%2Fitems%2Felokonferencia-workshop-fold-biztonsagos-hasznalata-apr27-28%2F|target:_blank&#8221;][vc_message message_box_color=&#8221;grey&#8221;]<b>D\u00c1TUM: <\/b>2024. \u00e1prilis 27.<br \/>\n<strong>ID\u0150PONT:<\/strong>\u00a0 9:30-18:00 (m\u00e1sf\u00e9l\u00f3ra eb\u00e9dsz\u00fcnettel)<br \/>\n<b>HELYSZ\u00cdN:<\/b> Valyo B\u00e1zis, 1114 Budapest, Kosztol\u00e1nyi Dezs\u0151 t\u00e9r 7.<br \/>\n<b>R\u00c9SZV\u00c9TELI D\u00cdJ: <\/b>20.000 Ft<br \/>\n<strong>NYELV:<\/strong> A workshop nyelve angol, tolm\u00e1csol\u00e1st biztos\u00edtunk<br \/>\n<strong>BESZ\u00c1M\u00cdTHAT\u00d3S\u00c1G PSZICHODR\u00c1MA K\u00c9PZ\u00c9SBE:<\/strong><br \/>\nA workshopon val\u00f3 r\u00e9szv\u00e9tel 20 pontban besz\u00e1m\u00edthat\u00f3 nem k\u00f6telez\u0151 t\u00e9m\u00e1j\u00fa workshopk\u00e9nt fels\u0151fok\u00fa pszichodr\u00e1ma k\u00e9pz\u00e9sbe.[\/vc_message][\/vc_column][vc_column width=&#8221;1\/2&#8243;][vc_column_text]\n<h4 style=\"text-align: center;\"><b>A F\u00f6ld biztons\u00e1gos \u00e9s igazs\u00e1gos haszn\u00e1lata az &#8222;ember alkotta k\u00f6rnyezet&#8221; kor\u00e1ban<br \/>\n&#8211; mi a dolgunk, mi a feladatunk ma?<\/b><\/h4>\n<p style=\"text-align: center;\"><b>Eg\u00e9sznapos el\u0151konferencia workshop Marjut Partanen-Hertell \u00e9s Reijo Kauppila vezet\u00e9s\u00e9vel<\/b><\/p>\n<p><span style=\"font-weight: 400;\">Workshopunkon a tudom\u00e1nyos megk\u00f6zel\u00edt\u00e9seket kombin\u00e1ljuk a szociodr\u00e1m\u00e1n, az axiodr\u00e1m\u00e1n \u00e9s a szociometri\u00e1n alapul\u00f3, kreat\u00edv elj\u00e1r\u00e1sokkal. Ennek r\u00e9v\u00e9n a r\u00e9sztvev\u0151k<\/span><\/p>\n<ul>\n<li style=\"font-weight: 400;\" aria-level=\"1\"><span style=\"font-weight: 400;\">k\u00f6zelebb ker\u00fclhetnek a jelen \u00f6kol\u00f3giai helyzet \u00e9s a j\u00f6v\u0151beli lehets\u00e9ges kimenetek meg\u00e9rt\u00e9s\u00e9hez<\/span><\/li>\n<li style=\"font-weight: 400;\" aria-level=\"1\"><span style=\"font-weight: 400;\">saj\u00e1t jelenl\u00e9t\u00fckre \u00e9s szerep\u00fckre mint a F\u00f6ld \u00f6kol\u00f3giai rendszer\u00e9nek egy elem\u00e9re tekinthetnek r\u00e1<\/span><\/li>\n<li style=\"font-weight: 400;\" aria-level=\"1\"><span style=\"font-weight: 400;\">azonos\u00edthatj\u00e1k azokat az \u00e9rz\u00e9seket, \u00e9rt\u00e9keket, attit\u0171d\u00f6ket, amelyek a f\u00f6ldlak\u00f3 identit\u00e1sukhoz kapcsol\u00f3dnak,<\/span><\/li>\n<li style=\"font-weight: 400;\" aria-level=\"1\"><span style=\"font-weight: 400;\">meger\u0151s\u00edthetik felel\u0151ss\u00e9gv\u00e1llal\u00e1si k\u00e9pess\u00e9g\u00fcket \u00e9s megtal\u00e1lhatj\u00e1k er\u0151forr\u00e1saikat a minket k\u00f6r\u00fclvev\u0151 vil\u00e1g v\u00e9delm\u00e9ben.<\/span><\/li>\n<\/ul>\n<p><span style=\"font-weight: 400;\">A workshop olyan konkr\u00e9t eszk\u00f6z\u00f6k kidolgoz\u00e1s\u00e1ban seg\u00edti a r\u00e9sztvev\u0151ket, amelyek lehet\u0151v\u00e9 teszik fenntarthat\u00f3bb \u00e9letforma kialak\u00edt\u00e1s\u00e1t k\u00f6zvetlen \u00e9s t\u00e1gabb k\u00f6rnyezet\u00fckben egyar\u00e1nt.\u00a0<\/span>[\/vc_column_text][\/vc_column][\/vc_row][mk_page_section][vc_column][vc_toggle title=&#8221;A M\u0170HELY VEZET\u0150I (ENG)&#8221;]<b>Marjut Partanen-Hertell-Reijo Kauppila<\/b><\/p>\n<div id=\":1zz\" class=\"Ar Au Ao\">\n<div id=\":1zv\" class=\"Am aiL Al editable LW-avf tS-tW tS-tY\" tabindex=\"1\" role=\"textbox\" contenteditable=\"true\" spellcheck=\"false\" aria-label=\"Message Body\" aria-multiline=\"true\" aria-owns=\":22v\" aria-controls=\":22v\" aria-expanded=\"false\">\n<p><b>Marjut Partanen-Hertell<br \/>\n<\/b><span style=\"font-weight: 400;\">Helsinki, Finland<br \/>\n<\/span><span style=\"font-weight: 400;\">M.S. (Env Tech), Information Scientist, Psychodrama and sociodrama trainer TEP (Nordic Board of Examiners), Supervisor STOry (Finnish Association of Supervisors), Tele \u2019Drama Practitioner (CTP \u2013 L3), Member of ASGPP and IAGP, former chair of the Finnish Psychodrama Trainers MOPSI,<\/span> <span style=\"font-weight: 400;\">FEPTO Network Group for Climate Change,<\/span><span style=\"font-weight: 400;\"> former Member on the Board of the Finnish Association of Civil Engineers RIL, Trainer and examiner at the Helsinki Psychodrama Institute.\u00a0<\/span><\/p>\n<p><span style=\"font-weight: 400;\">As environmental engineer and sociodramatist Marjut Partanen-Hertell worked in the Finnish Environment Institute for 40 years with regional development and international projects supported by the European Union and the World Bank. She is former chair of the inter-governmental working group on Public Awareness and Environmental Education of HELCOM in the Baltic Sea area, facilitating co-operation between 14 countries and various NGOs, and Finland\u2019s former Representative on the Management Committee of the environmental financial instrument EU\/LIFE. She lectures in international conferences and is an author and co-author of several books, latest Sociodrama in a Changing World (2011).<\/span> <span style=\"font-weight: 400;\">She supervises private and public clients. <\/span><span style=\"font-weight: 400;\">At present her focus is on the ecological change on the Earth.<\/span><\/p>\n<p><b>Reijo Kauppila<br \/>\n<\/b><span style=\"font-weight: 400;\">Tammisaari, Finland<br \/>\n<\/span><span style=\"font-weight: 400;\">Master of Adult education, Psychodrama trainer TEP (Nordic-Baltic Board of Examiners), Supervisor and supervisor trainer, certified business coach.\u00a0<\/span><\/p>\n<p><span style=\"font-weight: 400;\">Reijo Kauppila is the director and main trainer at Helsinki Psychodrama Institute, Finland. He educates psychodramatists and psychodrama trainers in psychodrama, sociodrama and sociometry and their applications e.g. in the context of organisation and adult education. He works with adult learning (individuals and groups) in both public organisations and private companies. His field of speciality is learning and development of adults in sociometry and psychodrama. Reijo has been coordinator and co-creator in projects funded by EU, in which applications and processes of psycho- and sociodrama, and sociometry have been applied and implemented in wider contexts in Europe and neighbouring countries. Such projects are for example Enhancing social relations in adult learning (From I to We-project 2021-2023), and Evidence Based Trauma Stabilisation of families (EBTS-project 2017-2019). Reijo is former chair of training in the FEPTO Council (2023-2019), and the president of NBBE <\/span><a href=\"http:\/\/www.nbbe.eu\"><span style=\"font-weight: 400;\">www.nbbe.eu<\/span><\/a><span style=\"font-weight: 400;\"> (2019-2023). At present he is interested in values and beliefs and their connection to learning for action.<\/span><\/p>\n<p>&nbsp;<\/p>\n<\/div>\n<\/div>\n[\/vc_toggle][vc_column_text][\/vc_column_text][\/vc_column][\/mk_page_section]\n<\/section>","protected":false},"excerpt":{"rendered":"<p>[vc_row][vc_column][mk_fancy_title font_family=&#8221;none&#8221;] El\u0151konferencia Workshop \/\/ 2024. \u00c1prilis [\/mk_fancy_title][mk_divider][\/vc_column][\/vc_row][vc_row][vc_column width=&#8221;1\/2&#8243;][mk_image src=&#8221;https:\/\/8thsociodramaconference.com\/wp-content\/uploads\/2024\/04\/HUN_fbpost_website_program.png&#8221; crop=&#8221;false&#8221; hover=&#8221;false&#8221; align=&#8221;center&#8221;][mk_padding_divider][vc_btn title=&#8221;REGISZTR\u00c1CI\u00d3 \u00c9S BANKI UTAL\u00c1S&#8221; color=&#8221;peacoc&#8221; size=&#8221;lg&#8221; align=&#8221;center&#8221; button_block=&#8221;true&#8221; link=&#8221;url:https%3A%2F%2Fforms.gle%2F87ZwDNdHV41hPhk29|target:_blank&#8221;][vc_btn title=&#8221;REGISZTR\u00c1CI\u00d3 \u00c9S FIZET\u00c9S BANKK\u00c1RTY\u00c1VAL&#8221; color=&#8221;peacoc&#8221; size=&#8221;lg&#8221; align=&#8221;center&#8221; button_block=&#8221;true&#8221; link=&#8221;url:https%3A%2F%2F8thsociodramaconference.com%2Fhu%2Fitems%2Felokonferencia-workshop-fold-biztonsagos-hasznalata-apr27-28%2F|target:_blank&#8221;][vc_message message_box_color=&#8221;grey&#8221;]D\u00c1TUM: 2024. \u00e1prilis 27. ID\u0150PONT:\u00a0 9:30-18:00 (m\u00e1sf\u00e9l\u00f3ra eb\u00e9dsz\u00fcnettel) HELYSZ\u00cdN: Valyo B\u00e1zis, 1114 Budapest, Kosztol\u00e1nyi Dezs\u0151 t\u00e9r 7. R\u00c9SZV\u00c9TELI D\u00cdJ: 20.000 Ft NYELV: A workshop [&hellip;]<\/p>\n","protected":false},"author":1,"featured_media":0,"parent":0,"menu_order":0,"comment_status":"closed","ping_status":"closed","template":"","meta":{"footnotes":""},"class_list":["post-3296","page","type-page","status-publish","hentry"],"_links":{"self":[{"href":"https:\/\/8thsociodramaconference.com\/hu\/wp-json\/wp\/v2\/pages\/3296","targetHints":{"allow":["GET"]}}],"collection":[{"href":"https:\/\/8thsociodramaconference.com\/hu\/wp-json\/wp\/v2\/pages"}],"about":[{"href":"https:\/\/8thsociodramaconference.com\/hu\/wp-json\/wp\/v2\/types\/page"}],"author":[{"embeddable":true,"href":"https:\/\/8thsociodramaconference.com\/hu\/wp-json\/wp\/v2\/users\/1"}],"replies":[{"embeddable":true,"href":"https:\/\/8thsociodramaconference.com\/hu\/wp-json\/wp\/v2\/comments?post=3296"}],"version-history":[{"count":15,"href":"https:\/\/8thsociodramaconference.com\/hu\/wp-json\/wp\/v2\/pages\/3296\/revisions"}],"predecessor-version":[{"id":6761,"href":"https:\/\/8thsociodramaconference.com\/hu\/wp-json\/wp\/v2\/pages\/3296\/revisions\/6761"}],"wp:attachment":[{"href":"https:\/\/8thsociodramaconference.com\/hu\/wp-json\/wp\/v2\/media?parent=3296"}],"curies":[{"name":"wp","href":"https:\/\/api.w.org\/{rel}","templated":true}]}}