{"id":3255,"date":"2024-01-19T12:00:06","date_gmt":"2024-01-19T11:00:06","guid":{"rendered":"https:\/\/8thsociodramaconference.com\/?page_id=3255"},"modified":"2024-05-17T05:24:21","modified_gmt":"2024-05-17T03:24:21","slug":"kepzes-kreditpont","status":"publish","type":"page","link":"https:\/\/8thsociodramaconference.com\/hu\/kepzes-kreditpont\/","title":{"rendered":"Fels\u0151fok\u00fa k\u00e9pz\u00e9s"},"content":{"rendered":"<section class=\"wpb-content-wrapper\">[mk_page_section][vc_column][mk_fancy_title tag_name=&#8221;h2&#8243; size=&#8221;40&#8243; line_height=&#8221;50&#8243; font_family=&#8221;Oswald&#8221; font_type=&#8221;google&#8221; margin_bottom=&#8221;40&#8243;]KREDITPONTOK FELS\u0150FOK\u00da PSZICHODR\u00c1MA K\u00c9PZ\u00c9SBEN R\u00c9SZTVEV\u0150KNEK[\/mk_fancy_title][vc_column_text responsive_align=&#8221;left&#8221;][\/vc_column_text][\/vc_column][\/mk_page_section][vc_row][vc_column][vc_column_text]<span style=\"font-weight: 400;\">A VIII. Nemzetk\u00f6zi Szociodr\u00e1ma Konferenci\u00e1n, az el\u0151konferencia workshopokon \u00e9s a konferenci\u00e1t k\u00f6vet\u0151 szociodr\u00e1ma m\u0171helyen val\u00f3 r\u00e9szv\u00e9tel besz\u00e1m\u00edthat\u00f3 a pszichodr\u00e1ma fels\u0151fok\u00fa k\u00e9pz\u00e9sbe nem k\u00f6telez\u0151 t\u00e9m\u00e1j\u00fa workshopk\u00e9nt az al\u00e1bbiak szerint:<\/span><\/p>\n<h4 style=\"text-align: center;\"><b>F\u0150 KONFERENCIA: 2024. J\u00daNIUS 26-30.\u00a0<\/b><\/h4>\n<p><span style=\"font-weight: 400;\">A VIII. Nemzetk\u00f6zi Szociodr\u00e1ma Konferencia (2024. j\u00fanius 26-30) k\u00e9t napj\u00e1n val\u00f3 r\u00e9szv\u00e9tel a nem k\u00f6telez\u0151 t\u00e9m\u00e1j\u00fa workshopok k\u00f6z\u00e9 <strong>20 pontban besz\u00e1m\u00edthat\u00f3<\/strong><br \/>\n<\/span><\/p>\n<hr \/>\n<h4 style=\"text-align: center;\"><b><br \/>\n10 \u00d3R\u00c1S EL\u0150KONFERENCIA M\u0170HELYEK<\/b><\/h4>\n<p style=\"text-align: left;\"><span style=\"font-weight: 400;\">Az el\u0151konferencia workshopok eset\u00e9n 1 db 10 \u00f3r\u00e1s el\u0151konferencia workshopon val\u00f3 r\u00e9szv\u00e9tel <strong>10 pontban<\/strong> <strong>besz\u00e1m\u00edthat\u00f3<\/strong> nem k\u00f6telez\u0151 t\u00e9m\u00e1j\u00fa workshopk\u00e9nt<\/span><\/p>\n<p style=\"text-align: center;\"><strong>V\u00c1LASZTHAT\u00d3 WORKSHOP-OK<\/strong><\/p>\n[\/vc_column_text][\/vc_column][\/vc_row][vc_row][vc_column width=&#8221;1\/3&#8243;][mk_image src=&#8221;https:\/\/8thsociodramaconference.com\/wp-content\/uploads\/2024\/01\/Biztonsagerzet-es-reziliencia.png&#8221; crop=&#8221;false&#8221; custom_url=&#8221;https:\/\/8thsociodramaconference.com\/hu\/kreativ-akciomodszerek\/&#8221;][\/vc_column][vc_column width=&#8221;1\/3&#8243;][mk_image src=&#8221;https:\/\/8thsociodramaconference.com\/wp-content\/uploads\/2024\/01\/HUN_fbpost_website_program.png&#8221; crop=&#8221;false&#8221; custom_url=&#8221;https:\/\/8thsociodramaconference.com\/hu\/transgenerational-sociodrama\/&#8221;][\/vc_column][vc_column width=&#8221;1\/3&#8243;][mk_image src=&#8221;https:\/\/8thsociodramaconference.com\/wp-content\/uploads\/2024\/04\/FOLD-BIZTONSAGOS-IGAZSAGOS-HASZNALATA.png&#8221; crop=&#8221;false&#8221; custom_url=&#8221;https:\/\/8thsociodramaconference.com\/hu\/focusing-safe-just-earth\/&#8221;][\/vc_column][\/vc_row][vc_row][vc_column][vc_column_text]\n<hr \/>\n<h4 style=\"text-align: center;\"><b><br \/>\n2&#215;10 \u00d3R\u00c1S SZOCIODR\u00c1MA M\u0170HELY<\/b><\/h4>\n<p>Az szociodr\u00e1ma workshopok eset\u00e9n 1 db 2&#215;10 \u00f3r\u00e1s el\u0151konferencia workshopon val\u00f3 r\u00e9szv\u00e9tel <strong>20 pontban<\/strong> besz\u00e1m\u00edthat\u00f3 nem k\u00f6telez\u0151 t\u00e9m\u00e1j\u00fa workshopk\u00e9nt<\/p>\n<p style=\"text-align: center;\"><strong>V\u00c1LASZTHAT\u00d3 WORKSHOP<\/strong><b><\/b><\/p>\n[\/vc_column_text][\/vc_column][\/vc_row][vc_row][vc_column width=&#8221;1\/3&#8243;][mk_image src=&#8221;https:\/\/8thsociodramaconference.com\/wp-content\/uploads\/2024\/04\/PSZICHODRAMA-es-SZOCIATRIA.png&#8221; crop=&#8221;false&#8221; hover=&#8221;false&#8221;][mk_padding_divider][\/vc_column][vc_column width=&#8221;1\/3&#8243;][\/vc_column][vc_column width=&#8221;1\/3&#8243;][\/vc_column][\/vc_row][vc_row][vc_column][mk_divider divider_color=&#8221;#000000&#8243;][vc_message message_box_color=&#8221;alert-info&#8221; icon_fontawesome=&#8221;fas fa-exclamation&#8221;]Az \u00f6sszes konferencia \u00e9s el\u0151konkoneferencia r\u00e9szv\u00e9tel mind\u00f6sszesen legfeljebb <strong>20 pontk\u00e9nt<\/strong> sz\u00e1m\u00edthat\u00f3 be.[\/vc_message][\/vc_column][\/vc_row][vc_row][vc_column][\/vc_column][\/vc_row]\n<\/section>","protected":false},"excerpt":{"rendered":"<p>[mk_page_section][vc_column][mk_fancy_title tag_name=&#8221;h2&#8243; size=&#8221;40&#8243; line_height=&#8221;50&#8243; font_family=&#8221;Oswald&#8221; font_type=&#8221;google&#8221; margin_bottom=&#8221;40&#8243;]KREDITPONTOK FELS\u0150FOK\u00da PSZICHODR\u00c1MA K\u00c9PZ\u00c9SBEN R\u00c9SZTVEV\u0150KNEK[\/mk_fancy_title][vc_column_text responsive_align=&#8221;left&#8221;][\/vc_column_text][\/vc_column][\/mk_page_section][vc_row][vc_column][vc_column_text]A VIII. Nemzetk\u00f6zi Szociodr\u00e1ma Konferenci\u00e1n, az el\u0151konferencia workshopokon \u00e9s a konferenci\u00e1t k\u00f6vet\u0151 szociodr\u00e1ma m\u0171helyen val\u00f3 r\u00e9szv\u00e9tel besz\u00e1m\u00edthat\u00f3 a pszichodr\u00e1ma fels\u0151fok\u00fa k\u00e9pz\u00e9sbe nem k\u00f6telez\u0151 t\u00e9m\u00e1j\u00fa workshopk\u00e9nt az al\u00e1bbiak szerint: F\u0150 KONFERENCIA: 2024. J\u00daNIUS 26-30.\u00a0 A VIII. Nemzetk\u00f6zi Szociodr\u00e1ma Konferencia (2024. j\u00fanius 26-30) k\u00e9t napj\u00e1n val\u00f3 [&hellip;]<\/p>\n","protected":false},"author":1,"featured_media":0,"parent":0,"menu_order":0,"comment_status":"closed","ping_status":"closed","template":"","meta":{"footnotes":""},"class_list":["post-3255","page","type-page","status-publish","hentry"],"_links":{"self":[{"href":"https:\/\/8thsociodramaconference.com\/hu\/wp-json\/wp\/v2\/pages\/3255","targetHints":{"allow":["GET"]}}],"collection":[{"href":"https:\/\/8thsociodramaconference.com\/hu\/wp-json\/wp\/v2\/pages"}],"about":[{"href":"https:\/\/8thsociodramaconference.com\/hu\/wp-json\/wp\/v2\/types\/page"}],"author":[{"embeddable":true,"href":"https:\/\/8thsociodramaconference.com\/hu\/wp-json\/wp\/v2\/users\/1"}],"replies":[{"embeddable":true,"href":"https:\/\/8thsociodramaconference.com\/hu\/wp-json\/wp\/v2\/comments?post=3255"}],"version-history":[{"count":16,"href":"https:\/\/8thsociodramaconference.com\/hu\/wp-json\/wp\/v2\/pages\/3255\/revisions"}],"predecessor-version":[{"id":7016,"href":"https:\/\/8thsociodramaconference.com\/hu\/wp-json\/wp\/v2\/pages\/3255\/revisions\/7016"}],"wp:attachment":[{"href":"https:\/\/8thsociodramaconference.com\/hu\/wp-json\/wp\/v2\/media?parent=3255"}],"curies":[{"name":"wp","href":"https:\/\/api.w.org\/{rel}","templated":true}]}}