{"id":3205,"date":"2024-01-10T19:29:00","date_gmt":"2024-01-10T18:29:00","guid":{"rendered":"https:\/\/8thsociodramaconference.com\/?page_id=3205"},"modified":"2024-05-17T05:26:05","modified_gmt":"2024-05-17T03:26:05","slug":"jelentkezz-onkentesnek","status":"publish","type":"page","link":"https:\/\/8thsociodramaconference.com\/hu\/jelentkezz-onkentesnek\/","title":{"rendered":"Jelentkezz \u00f6nk\u00e9ntesnek!"},"content":{"rendered":"<section class=\"wpb-content-wrapper\">[mk_page_section][vc_column][mk_fancy_title tag_name=&#8221;h2&#8243; size=&#8221;40&#8243; line_height=&#8221;50&#8243; font_family=&#8221;Oswald&#8221; font_type=&#8221;google&#8221; margin_bottom=&#8221;40&#8243;]JELENTKEZZ \u00d6NK\u00c9NTESNEK![\/mk_fancy_title][vc_column_text responsive_align=&#8221;left&#8221;][\/vc_column_text][\/vc_column][\/mk_page_section][vc_row][vc_column][vc_column_text]\n<h3 style=\"text-align: center;\"><b>A VIII. NEMZETK\u00d6ZI SZOCIODR\u00c1MA KONFERENCIA V\u00c1RJA \u00d6NK\u00c9NTESEK JELENTKEZ\u00c9S\u00c9T!<\/b><\/h3>\n<div id=\":2j6\" class=\"Ar Au Ao\">\n<div id=\":2ja\" class=\"Am aiL Al editable LW-avf tS-tW tS-tY\" tabindex=\"1\" role=\"textbox\" contenteditable=\"true\" spellcheck=\"true\" aria-label=\"Message Body\" aria-multiline=\"true\" aria-owns=\":2ve\" aria-controls=\":2ve\" aria-expanded=\"false\">\n<p>A konferencia megrendez\u00e9se \u00e9s lebonyol\u00edt\u00e1sa jelent\u0151s h\u00e1tt\u00e9rmunk\u00e1val val\u00f3sul meg. Az \u00f6nk\u00e9ntesek munk\u00e1ja n\u00e9lk\u00fcl\u00f6zhetetlen ahhoz, hogy az esem\u00e9ny g\u00f6rd\u00fcl\u00e9keny \u00e9s sikeres legyen.<\/p>\n<p>V\u00e1rjuk mindazok jelentkez\u00e9s\u00e9t, akik csatlakozn\u00e1nak egy nemzetk\u00f6zi szakmai k\u00f6z\u00f6ss\u00e9ghez \u00e9s r\u00e9szt venn\u00e9nek a konferencia el\u0151k\u00e9sz\u00edt\u00e9s\u00e9ben, szervez\u00e9s\u00e9ben, illetve helysz\u00edni lebonyol\u00edt\u00e1s\u00e1ban.<\/p>\n<\/div>\n<\/div>\n<p>Amit az \u00f6nk\u00e9ntes munk\u00e1\u00e9rt cser\u00e9be aj\u00e1nlani tudunk:<\/p>\n<ul>\n<li>R\u00e9szv\u00e9tel a nemzetk\u00f6zi szociodr\u00e1ma szakmai k\u00f6z\u00f6ss\u00e9g munk\u00e1j\u00e1ban<\/li>\n<li>Lehet\u0151s\u00e9g a kapcsolati h\u00e1l\u00f3 b\u0151v\u00edt\u00e9s\u00e9re<\/li>\n<li>R\u00e9szv\u00e9tel egy szakmai programon vagy workshopon minden nap a konferencia ideje alatt<\/li>\n<li>Tud\u00e1sszerz\u00e9si lehet\u0151s\u00e9g a konferencia t\u00e9m\u00e1j\u00e1ban \u00e9s ismeretb\u0151v\u00edt\u00e9s a szociodr\u00e1ma \u00e9s akci\u00f3m\u00f3dszerek ter\u00e9n<\/li>\n<li>Tapasztalatszerz\u00e9s \u00e9s fejl\u0151d\u00e9si lehet\u0151s\u00e9g a rendezv\u00e9nyszervez\u00e9s ter\u00fclet\u00e9n<\/li>\n<\/ul>\n<p><span style=\"font-weight: 400;\">A VIII. Nemzetk\u00f6zi Szociodr\u00e1ma Konferenci\u00e1n val\u00f3 r\u00e9szv\u00e9tel besz\u00e1m\u00edthat\u00f3 20 pontban a pszichodr\u00e1ma fels\u0151fok\u00fa k\u00e9pz\u00e9sbe, nem k\u00f6telez\u0151 t\u00e9m\u00e1j\u00fa workshopk\u00e9nt.<\/span><\/p>\n<h4 style=\"text-align: center;\"><\/h4>\n[\/vc_column_text][\/vc_column][\/vc_row][vc_row][vc_column][vc_btn title=&#8221;JELENTKEZEM \u00d6NK\u00c9NTESNEK!&#8221; style=&#8221;gradient-custom&#8221; gradient_custom_color_1=&#8221;#6b1302&#8243; gradient_custom_color_2=&#8221;#d88a02&#8243; size=&#8221;lg&#8221; align=&#8221;center&#8221; i_icon_fontawesome=&#8221;fas fa-hand-pointer&#8221; button_block=&#8221;true&#8221; add_icon=&#8221;true&#8221; link=&#8221;url:https%3A%2F%2Fforms.gle%2FgSjVqGaVh7AgGp6n9|target:_blank&#8221;][\/vc_column][\/vc_row][vc_row][vc_column][vc_column_text]<span style=\"font-weight: 400;\">Az al\u00e1bbi ter\u00fcletekre v\u00e1rjuk \u00f6nk\u00e9ntesek jelentkez\u00e9s\u00e9t:<br \/>\n<\/span><\/p>\n<ul>\n<li>El\u0151-konferencia helysz\u00edni feladatok (r\u00e9sztvev\u0151k fogad\u00e1sa, regisztr\u00e1ci\u00f3ja)<\/li>\n<li>Kommunik\u00e1ci\u00f3s feladatok (h\u00edrlev\u00e9l \u00f6ssze\u00e1ll\u00edt\u00e1sa, k\u00f6z\u00f6ss\u00e9gi m\u00e9dia post-ok \u00edr\u00e1sa, terjeszt\u00e9se)<\/li>\n<li>Helysz\u00edni feladatok a konferenci\u00e1n (regisztr\u00e1ci\u00f3, workshop-tart\u00f3k\/r\u00e9sztvev\u0151k eligaz\u00edt\u00e1sa, terem-fel\u00fcgyelet)<\/li>\n<li>Esem\u00e9nyek fot\u00f3z\u00e1sa<\/li>\n<li>Vide\u00f3z\u00e1s<\/li>\n<li>Tolm\u00e1csol\u00e1s<\/li>\n<li>Konferenci\u00e1hoz kapcsol\u00f3d\u00f3 kutat\u00e1sban val\u00f3 r\u00e9szv\u00e9tel<\/li>\n<\/ul>\n[\/vc_column_text][\/vc_column][\/vc_row]\n<\/section>","protected":false},"excerpt":{"rendered":"<p>[mk_page_section][vc_column][mk_fancy_title tag_name=&#8221;h2&#8243; size=&#8221;40&#8243; line_height=&#8221;50&#8243; font_family=&#8221;Oswald&#8221; font_type=&#8221;google&#8221; margin_bottom=&#8221;40&#8243;]JELENTKEZZ \u00d6NK\u00c9NTESNEK![\/mk_fancy_title][vc_column_text responsive_align=&#8221;left&#8221;][\/vc_column_text][\/vc_column][\/mk_page_section][vc_row][vc_column][vc_column_text] A VIII. NEMZETK\u00d6ZI SZOCIODR\u00c1MA KONFERENCIA V\u00c1RJA \u00d6NK\u00c9NTESEK JELENTKEZ\u00c9S\u00c9T! A konferencia megrendez\u00e9se \u00e9s lebonyol\u00edt\u00e1sa jelent\u0151s h\u00e1tt\u00e9rmunk\u00e1val val\u00f3sul meg. Az \u00f6nk\u00e9ntesek munk\u00e1ja n\u00e9lk\u00fcl\u00f6zhetetlen ahhoz, hogy az esem\u00e9ny g\u00f6rd\u00fcl\u00e9keny \u00e9s sikeres legyen. V\u00e1rjuk mindazok jelentkez\u00e9s\u00e9t, akik csatlakozn\u00e1nak egy nemzetk\u00f6zi szakmai k\u00f6z\u00f6ss\u00e9ghez \u00e9s r\u00e9szt venn\u00e9nek a konferencia el\u0151k\u00e9sz\u00edt\u00e9s\u00e9ben, szervez\u00e9s\u00e9ben, illetve [&hellip;]<\/p>\n","protected":false},"author":1,"featured_media":0,"parent":0,"menu_order":0,"comment_status":"closed","ping_status":"closed","template":"","meta":{"footnotes":""},"class_list":["post-3205","page","type-page","status-publish","hentry"],"_links":{"self":[{"href":"https:\/\/8thsociodramaconference.com\/hu\/wp-json\/wp\/v2\/pages\/3205","targetHints":{"allow":["GET"]}}],"collection":[{"href":"https:\/\/8thsociodramaconference.com\/hu\/wp-json\/wp\/v2\/pages"}],"about":[{"href":"https:\/\/8thsociodramaconference.com\/hu\/wp-json\/wp\/v2\/types\/page"}],"author":[{"embeddable":true,"href":"https:\/\/8thsociodramaconference.com\/hu\/wp-json\/wp\/v2\/users\/1"}],"replies":[{"embeddable":true,"href":"https:\/\/8thsociodramaconference.com\/hu\/wp-json\/wp\/v2\/comments?post=3205"}],"version-history":[{"count":17,"href":"https:\/\/8thsociodramaconference.com\/hu\/wp-json\/wp\/v2\/pages\/3205\/revisions"}],"predecessor-version":[{"id":7017,"href":"https:\/\/8thsociodramaconference.com\/hu\/wp-json\/wp\/v2\/pages\/3205\/revisions\/7017"}],"wp:attachment":[{"href":"https:\/\/8thsociodramaconference.com\/hu\/wp-json\/wp\/v2\/media?parent=3205"}],"curies":[{"name":"wp","href":"https:\/\/api.w.org\/{rel}","templated":true}]}}